{"id":179,"date":"2013-02-27T16:21:34","date_gmt":"2013-02-27T16:21:34","guid":{"rendered":"https:\/\/webs.uab.cat\/islamolatina\/alcoranus-latinus-1698\/"},"modified":"2013-02-27T16:21:34","modified_gmt":"2013-02-27T16:21:34","slug":"alcoranus-latinus-1698","status":"publish","type":"page","link":"https:\/\/webs.uab.cat\/islamolatina\/alcoranus-latinus-1698\/","title":{"rendered":"Alcoranus Latinus, 1698"},"content":{"rendered":"<p><strong>Sura I<\/strong><\/p>\n<p>Ofrece dos versiones:<\/p>\n<p>[1] (2) Laus Deo, Domino Mundorum, (3) Miseratori, Misericordi, (4) Regnanti diei Iudicii. (5) Te adoramus et opem tuam imploramus. (6) Dirige nos in uiam rectam, (7) uiam illorum, erga quos benficus fuisti, non eorum in quos iram exercuisti, neque eorum qui errauerunt.<\/p>\n<p>(1) In nomine Dei Miseratoris, Misericordis.<\/p>\n<p>(2) Laus Deo, Domino Mundorum, (3) Miseratori, Misericordi, (4) Regnanti diei Iudicii. (5) Te colimus et te in auxilium imploramus. (6) Dirige nos in uiam rectam, (7) uiam illorum, erga quos benficus fuisti, non actum iracunde contra eos, et non Errantium.<\/p>\n<p>&nbsp;Tomado de la edici\u00f3n de Marracci<em>, Refutatio Alcorani, in qua ad Mahumeticae superstitionis radicem securis apponitur; et Mahumetus ipse gladio suo iugulatur; Sacrae Caesareae Maiestati Leopoldi I, Magni Romanorum Imperatoris, dictata ab auctore Ludovico Marracio Lucensi, e congregatione clericorum regularium Matris Dei, Innocentium XI gloriosissimae memoriae olim confessario<\/em>. Patavii, 1698, t. I-II.<\/p>\n<p><span style=\"color: #660000;\">Puede verse el ejemplar del <em>Alcorani textus universus<\/em> en : <a href=\"http:\/\/gallica.bnf.fr\/ark:\/12148\/bpt6k5698206k.r=marracci.langES\">http:\/\/gallica.bnf.fr\/ark:\/12148\/bpt6k5698206k.r=marracci.langES<\/a><\/span><a href=\"http:\/\/gallica.bnf.fr\/ark:\/12148\/bpt6k5698206k.r=marracci.langES\"><span style=\"color: #660000;\"> (tomado de la Biblioth\u00e8que Nationale de France)<\/span><\/a><\/p>\n<p><span style=\"color: #660000;\">Puede verse el ejemplar de la <em>Refutatio Alcorani<\/em> en: <a href=\"http:\/\/gallica.bnf.fr\/ark:\/12148\/bpt6k5698394h.r=marracci.langES\">http:\/\/gallica.bnf.fr\/ark:\/12148\/bpt6k5698394h.r=marracci.langES<\/a><\/span><span><a href=\"http:\/\/gallica.bnf.fr\/ark:\/12148\/bpt6k5698206k.r=marracci.langES\"><span style=\"color: #660000;\"> (tomado de la Biblioth\u00e8que Nationale de France)<\/span><\/a><\/span><\/p>\n<p>Adem\u00e1s, la versi\u00f3n de Marracci goz\u00f3 de una reimpresi\u00f3n en &#8220;edici\u00f3n de bolsillo&#8221; por mano del orientalista M. Christianus Reinecius, Leipzig, 1721: Mohammedis Filii Abdall\u00e6 Fides Islamatica, I. E. Al-Coranus Ex Idiomate Arabico : Quo Primum A Mohammede Conscriptus Est, Latine Versus Per Ludovicum Marracium E Congregatione Cleric. Reg. Matris Dei Et Innocentii XI. Pap\u00e6 Confessionarum, [&#8230;] \/ Cura Et Opera M. Christiani Reinecciii SS. Theol. Bacc. Lipsi\u00e6 : Lanckisch, 1721. <a href=\"http:\/\/digitale.bibliothek.uni-halle.de\/vd18\/content\/structure\/1657351\">Puede consultarse en la Biblioteca Digital de la Univ. de Halle<\/a>.<\/p>\n<p><strong>BIBLIOGRAF\u00cdA<\/strong><\/p>\n<p>M. Borrmans, et al., <em>Il Corano. Traduzioni, traduttori e lettori in Italia<\/em>, Centro Ambrosiano di Documentazione per le Religioni (CADR), Milano, 2000.<\/p>\n","protected":false},"excerpt":{"rendered":"<p>Sura I Ofrece dos versiones: [1] (2) Laus Deo, Domino Mundorum, (3) Miseratori, Misericordi, (4) Regnanti diei Iudicii. (5) Te adoramus et opem tuam imploramus. (6) Dirige nos in uiam rectam, (7) uiam illorum, erga quos benficus fuisti, non eorum in quos iram exercuisti, neque eorum qui errauerunt. (1) In nomine Dei Miseratoris, Misericordis. (2) [&hellip;]<\/p>\n","protected":false},"author":14,"featured_media":0,"parent":0,"menu_order":0,"comment_status":"closed","ping_status":"closed","template":"","meta":{"footnotes":""},"class_list":["post-179","page","type-page","status-publish","hentry"],"_links":{"self":[{"href":"https:\/\/webs.uab.cat\/islamolatina\/wp-json\/wp\/v2\/pages\/179","targetHints":{"allow":["GET"]}}],"collection":[{"href":"https:\/\/webs.uab.cat\/islamolatina\/wp-json\/wp\/v2\/pages"}],"about":[{"href":"https:\/\/webs.uab.cat\/islamolatina\/wp-json\/wp\/v2\/types\/page"}],"author":[{"embeddable":true,"href":"https:\/\/webs.uab.cat\/islamolatina\/wp-json\/wp\/v2\/users\/14"}],"replies":[{"embeddable":true,"href":"https:\/\/webs.uab.cat\/islamolatina\/wp-json\/wp\/v2\/comments?post=179"}],"version-history":[{"count":0,"href":"https:\/\/webs.uab.cat\/islamolatina\/wp-json\/wp\/v2\/pages\/179\/revisions"}],"wp:attachment":[{"href":"https:\/\/webs.uab.cat\/islamolatina\/wp-json\/wp\/v2\/media?parent=179"}],"curies":[{"name":"wp","href":"https:\/\/api.w.org\/{rel}","templated":true}]}}