{"id":272,"date":"2014-04-11T11:03:48","date_gmt":"2014-04-11T11:03:48","guid":{"rendered":"https:\/\/webs.uab.cat\/islamolatina\/nuria-gomez-llauger\/"},"modified":"2024-10-18T10:16:40","modified_gmt":"2024-10-18T10:16:40","slug":"nuria-gomez-llauger","status":"publish","type":"page","link":"https:\/\/webs.uab.cat\/islamolatina\/nuria-gomez-llauger\/","title":{"rendered":"N\u00faria G\u00f3mez Llauger"},"content":{"rendered":"\n<div class=\"wp-block-media-text is-stacked-on-mobile\" style=\"grid-template-columns:35% auto\"><figure class=\"wp-block-media-text__media\"><img loading=\"lazy\" decoding=\"async\" width=\"150\" height=\"138\" src=\"https:\/\/webs.uab.cat\/islamolatina\/wp-content\/uploads\/sites\/382\/2019\/04\/nuriagomez.png\" alt=\"\" class=\"wp-image-429 size-full\" \/><\/figure><div class=\"wp-block-media-text__content\">\n<p><a href=\"mailto:nuriagllauger@gmail.com\">N\u00faria G\u00f3mez Llauger<\/a><\/p>\n\n\n\n<p><strong>Investigadora<\/strong><br>Profesora Contratada Doctora<br>Facultad de Filosof\u00eda La Salle &#8211; Universidad Ramon Llull (URL)<br><\/p>\n<\/div><\/div>\n\n\n\n<p><span style=\"font-size: revert;letter-spacing: 0.05rem\">La Dra. N\u00faria G\u00f3mez Llauger se doctor\u00f3 en el a\u00f1o 2009 en la Universitat Aut\u00f2noma de Barcelona con una tesis sobre un tratado latino de Ramon Llull (Ramon Llull, <\/span><em style=\"font-size: revert;letter-spacing: 0.05rem\">Liber de potentia, obiecto et actu<\/em><span style=\"font-size: revert;letter-spacing: 0.05rem\">. Edici\u00f3 cr\u00edtica, estudi introductori i traducci\u00f3), tesis que en 2014 ha recibido el Premio Extraordinario de l&#8217;Escola de Doctorat de la UAB a propuesta del Departament de Ci\u00e8ncies de l&#8217;Antiguitat i de l&#8217;Edat Mitjana de la misma Universidad.<\/span><\/p>\n\n\n\n<p>Ha trabajado como Profesora Asociada en el Departament de Ci\u00e8ncies de l\u2019Antiguitat i l\u2019Edat Mitjana de la UAB desde el a\u00f1o 2005 hasta el 2011 y actualmente es Profesora Adjunta en la Universitat Abat Oliba CEU.<\/p>\n\n\n\n<p>Desde el a\u00f1o 2008 forma parte de los proyectos de investigaci\u00f3n, dirigidos por el Profesor Jos\u00e9 Mart\u00ednez G\u00e1zquez y la Profesora C\u00e1ndida Ferrero, siguientes:<\/p>\n\n\n\n<p>&#8211; 2008- 2011 &#8220;La percepci\u00f3n del Islam en la Europa cristiana. Traducciones latinas del Cor\u00e1n y literatura de controversia islamo-cristiana&#8221;.[Ref. FFI2008-06919-C02-02\/FILO]<br>&#8211; 2011-2014 &#8220;La construcci\u00f3n de la identidad europea occidental: Textos, Contextos y Discursos de controversia frente al Islam y el Juda\u00edsmo&#8221;. Investigador principal: C\u00e1ndida Ferrero Hern\u00e1ndez [FFI2011-29696-C02-02]. Coordinado con el proyecto &#8220;Desaf\u00edos de la autorrepresentaci\u00f3n: Estrategias discursivas para la construcci\u00f3n de identidades en la multiconfesionalidad del SE. Europeo&#8221; [FFI2011-29696-C02-01], dirigido por Pedro B\u00e1denas de la Pe\u00f1a del CSIC (Madrid) [PBadenas@filol.csic.es].<\/p>\n\n\n\n<p>Adem\u00e1s, es la investigadora principal del proyecto de investigaci\u00f3n (modalidad de micro-grupos, 2013-2014) financiado por la fundaci\u00f3n CEU-Banco Santander:<\/p>\n\n\n\n<p>&#8211; &#8220;Edici\u00f3n y an\u00e1lisis del ms. 100 de la Biblioteca de Catalunya: estudio del c\u00f3dice en el marco de la literatura de controversia religiosa y del humanismo incipiente en la Corona de Arag\u00f3n (s. XIV-XV)&#8221;.<\/p>\n\n\n\n<p>Desde el a\u00f1o 2012, es miembro del Institut d\u2019Estudis Medievals, de la UAB: http:\/\/centresderecerca.uab.cat\/iem\/<\/p>\n\n\n\n<p>Tanto durante su etapa pre-doctoral como post-doctoral, ha realizado las estancias de investigaci\u00f3n en centros extranjeros siguientes<span style=\"line-height: 20px\">:<\/span><\/p>\n\n\n\n<p>&#8211; \u00c9cole Practique des Hautes \u00c9tudes y IRHT (Par\u00eds) durante los a\u00f1os 2004-2005 y 2009 (esta \u00faltima con una beca BE del Agaur)<br>&#8211; University of Cambridge (septiembre 2010)<br>&#8211; Harvard University (julio-septiembre 2013)<\/p>\n","protected":false},"excerpt":{"rendered":"<p>N\u00faria G\u00f3mez Llauger InvestigadoraProfesora Contratada DoctoraFacultad de Filosof\u00eda La Salle &#8211; Universidad Ramon Llull (URL) La Dra. N\u00faria G\u00f3mez Llauger se doctor\u00f3 en el a\u00f1o 2009 en la Universitat Aut\u00f2noma de Barcelona con una tesis sobre un tratado latino de Ramon Llull (Ramon Llull, Liber de potentia, obiecto et actu. Edici\u00f3 cr\u00edtica, estudi introductori i [&hellip;]<\/p>\n","protected":false},"author":14,"featured_media":0,"parent":0,"menu_order":0,"comment_status":"closed","ping_status":"closed","template":"","meta":{"footnotes":""},"class_list":["post-272","page","type-page","status-publish","hentry"],"_links":{"self":[{"href":"https:\/\/webs.uab.cat\/islamolatina\/wp-json\/wp\/v2\/pages\/272","targetHints":{"allow":["GET"]}}],"collection":[{"href":"https:\/\/webs.uab.cat\/islamolatina\/wp-json\/wp\/v2\/pages"}],"about":[{"href":"https:\/\/webs.uab.cat\/islamolatina\/wp-json\/wp\/v2\/types\/page"}],"author":[{"embeddable":true,"href":"https:\/\/webs.uab.cat\/islamolatina\/wp-json\/wp\/v2\/users\/14"}],"replies":[{"embeddable":true,"href":"https:\/\/webs.uab.cat\/islamolatina\/wp-json\/wp\/v2\/comments?post=272"}],"version-history":[{"count":4,"href":"https:\/\/webs.uab.cat\/islamolatina\/wp-json\/wp\/v2\/pages\/272\/revisions"}],"predecessor-version":[{"id":1162,"href":"https:\/\/webs.uab.cat\/islamolatina\/wp-json\/wp\/v2\/pages\/272\/revisions\/1162"}],"wp:attachment":[{"href":"https:\/\/webs.uab.cat\/islamolatina\/wp-json\/wp\/v2\/media?parent=272"}],"curies":[{"name":"wp","href":"https:\/\/api.w.org\/{rel}","templated":true}]}}