{"id":273,"date":"2014-04-11T11:21:14","date_gmt":"2014-04-11T11:21:14","guid":{"rendered":"https:\/\/webs.uab.cat\/islamolatina\/publicaciones-de-nuria-gomez-llauger\/"},"modified":"2023-09-13T13:37:29","modified_gmt":"2023-09-13T13:37:29","slug":"publicaciones-de-nuria-gomez-llauger","status":"publish","type":"page","link":"https:\/\/webs.uab.cat\/islamolatina\/publicaciones-de-nuria-gomez-llauger\/","title":{"rendered":"Publicaciones de N\u00faria G\u00f3mez Llauger"},"content":{"rendered":"\n<div class=\"wp-block-media-text is-stacked-on-mobile has-primary-background-color has-background\" style=\"grid-template-columns:35% auto\"><figure class=\"wp-block-media-text__media\"><img decoding=\"async\" src=\"http:\/\/grupsderecerca.uab.cat\/islamolatina\/sites\/grupsderecerca.uab.cat.islamolatina\/files\/images\/ocruz.gif\" alt=\"\" \/><\/figure><div class=\"wp-block-media-text__content\">\n<p class=\"has-large-font-size\"><a href=\"http:\/\/webs.uab.cat\/islamolatina\/nuria-gomez-llauger\/\" data-type=\"URL\" data-id=\"webs.uab.cat\/islamolatina\/nuria-gomez-llauger\/\">Ver perfil<\/a><\/p>\n<\/div><\/div>\n\n\n\n<h2 class=\"wp-block-heading\"><strong>Libros<\/strong><\/h2>\n\n\n\n<ul class=\"wp-block-list\">\n<li>Ramon Llull, <em>Liber de potentia, obiecto et actu<\/em>, Op.68, Ed. N\u00faria G\u00f3mez Llauger, Corpus Christianorum, Continuatio Mediaevalis, Brepols, Turnhout (en preparaci\u00f3n: publicaci\u00f3n prevista para 2017)<\/li>\n\n\n\n<li>Ramon Llull, <em>Llibre de la pot\u00e8ncia, l\u2019objecte i l\u2019acte<\/em>, Edici\u00f3, traducci\u00f3 i notes de N\u00faria G\u00f3mez Llauger, Barcelona: Obrador Ed\u00e8ndum [en preparaci\u00f3n: publicaci\u00f3n prevista para 2014].<\/li>\n\n\n\n<li>&#8212; et Enric Serra Casals, <em>100 Llatinades<\/em>, Barcelona: Cosset\u00e0nia, 2014.<\/li>\n\n\n\n<li>Cicer\u00f3, <em>Les lleis<\/em>, edici\u00f3 cr\u00edtica, introducci\u00f3, traducci\u00f3 i notes de N\u00faria G\u00f3mez Llauger, Barcelona: Fundaci\u00f3 Bernat Metge, 2013.<\/li>\n\n\n\n<li>Petrarca, <em>Elogi de la vida solit\u00e0ria<\/em>, edici\u00f3 i introducci\u00f3 de Jordi Llovet, traducci\u00f3 catalana de N\u00faria G\u00f3mez Llauger, Barcelona: Angle Editorial, 2011.<\/li>\n\n\n\n<li>S\u00e8neca, <em>La vida feli\u00e7<\/em>, traducci\u00f3 catalana i introducci\u00f3 de N\u00faria G\u00f3mez Llauger, Barcelona: Angle Editorial, 2009.<\/li>\n<\/ul>\n\n\n\n<h2 class=\"wp-block-heading\"><strong>Art\u00edculos<\/strong><\/h2>\n\n\n\n<ul class=\"wp-block-list\">\n<li>&#8212; et C\u00e1ndida Ferrero Hern\u00e1ndez, &#8220;Pol\u00e9mica y raz\u00f3n cristiana en el <em>Zelus Christi contra Iudaeos, Sarracenos et Infideles<\/em> de Pedro de la Cavaller\u00eda&#8221;, <em>Iberia Judaica<\/em> 5 (2013), 195-205.<\/li>\n\n\n\n<li>\u201cTradici\u00f3 manuscrita i proc\u00e9s editorial del Liber de potentia, obiecto et actu de Ramon Llull\u201d, <em>Studia Lulliana<\/em>, 50 (2010), 51-72.<\/li>\n\n\n\n<li>\u201cEstudi dels Termes \u2018Potentia\u2019, \u2018Obiectum\u2019 i \u2018Actus\u2019 a partir del <em>Liber de potentia, obiecto et actu<\/em> de Ramon Llull\u201d, <em>Revista Internacional d\u2019Humanitats<\/em>, ANO XIII, N. 19 (2010), 17-28.<\/li>\n\n\n\n<li>\u201cS\u00edntesi del contingut del <em>Liber de potentia, obiecto et actu<\/em> de Ramon Llull\u201d, <em>Faventia<\/em> (2007) 29\/1-2, 107-119.<\/li>\n<\/ul>\n\n\n\n<h2 class=\"wp-block-heading\"><strong>Rese\u00f1as<\/strong><\/h2>\n\n\n\n<ul class=\"wp-block-list\">\n<li>Higuera Rubio, Jos\u00e9, \u201cPensamiento diagram\u00e1tico: antecedentes medievales y renacentistas\u201d, <em>Medievalia<\/em> 15 (2012), 57-60 y \u201cEl lenguaje fi\u00edsico en el Arte Luliano: modelos de cuantifiaci\u00f3n y representaci\u00f3n geom\u00e9trica\u201d, <em>XI Congreso de la Sociedad Espa\u00f1ola de Historia de las ciencias y de las t\u00e9cnicas<\/em>, Palacio de Insausti (Azkoitia, Gipuzkoa), 8-10 de septiembre de 2011, ed. Jos\u00e9 Mar\u00eda Urkia, (Donostia-San Sebasti\u00e1n, 2012), 747-758, <em>Studia Lulliana<\/em> 54 (2014), 184-185.<\/li>\n\n\n\n<li>Higuera Rubio, Jos\u00e9, &#8220;Aspectos L\u00f3gico-gramaticales del l\u00e9xico luliano: los correlativos y la polisemia de la constituci\u00f3n sustancial&#8221;, <em>Estudios de lat\u00edn medieval hisp\u00e1nico<\/em>, Actas del V congreso de de lat\u00edn medieval hisp\u00e1nico, Barcelona septiembre 7-10 de 2009, ed. Jos\u00e9 Mart\u00ednez G\u00e1zquez, \u00d3scar de la Cruz Palma i C\u00e1ndida Ferrero Hern\u00e1ndez, (Flor\u00e8ncia, SISMEL-Edizioni del Galluzo, 2011), 231-241. <em>Studia Lulliana<\/em> 54 (2014), 183-184.<\/li>\n\n\n\n<li>Bordoy, Antoni, &#8220;El coneixement de l&#8217;ess\u00e8ncia de D\u00e9u. Una aplicaci\u00f3 de les tesis d&#8217;A. Bonner a la cr\u00edtica de Ramon Llull a l&#8217;aristotelisme&#8221;, <em>Ramon Llull i el lul\u00b7lisme: pensament i llenguatge<\/em>. Actes de les jornades en homenatge a J.N. Hillgarth i A. Bonner, ed. Maria Isabel Ripoll i Margalida Tortella, &#8220;Col\u00b7leccio Blaquerna&#8221; 10 (Palma\/Barcelona: Universitat de les Illes Balears \/ Universitat de Barcelona, 2012), pp. 255-271.<em>Studia Lulliana<\/em> 54 (2014), 155-156.<\/li>\n\n\n\n<li>Fernando Dom\u00ednguez: \u00abL&#8217;edizione dell&#8217;<em>Ars amativa boni<\/em>\u00bb, Il mediterraneo del &#8216;300: Raimondo Lullo e Federico III d&#8217;Aragona, re di Sicilia. Omaggio a Fernando Dom\u00ednguez Reboiras, ed. Alessandro Musco i Marta M.M. Romano, &#8220;Subsidia Lulliana&#8221; 3 (Turnhout: Brepols, 2008), 383-8.<em>Studia Lulliana<\/em> (2010), 154.<\/li>\n\n\n\n<li>C\u00e1ndida Ferrero Hern\u00e1ndez: \u00abLas dos redacciones latinas del <em>De consolatione eremitae-eremitarum<\/em> (op. 214)\u00bb, Il mediterraneo del &#8216;300: Raimondo Lullo e Federico III d&#8217;Aragona, re di Sicilia. Omaggio a Fernando Dom\u00ednguez Reboiras, ed. Alessandro Musco i Marta M.M. Romano, &#8220;Subsidia Lulliana&#8221; 3 (Turnhout: Brepols, 2008), 135-177.<em>Studia Lulliana<\/em> (2010), 129.<\/li>\n\n\n\n<li>Sebasti\u00e0 Giralt (ed.): <em>Arnaldi de Villanova Opera Medica Omnia<\/em> VII.1. <em>Epistola de reprobacione nigromantice ficcionis (De improbatione maleficiorum)<\/em>, Barcelona: Consell Superior d\u2019Investigacions cient\u00edfiques (Instituci\u00f3 Mil\u00e0 i Fontanals. Departament d\u2019Hist\u00f2ria de la Ci\u00e8ncia de Barcelona). 289 p. ISBN 84-9779-369-2. <em>Faventia<\/em> 29\/2 (2007). 211-213.<\/li>\n<\/ul>\n\n\n\n<h2 class=\"wp-block-heading\"><strong>Comunicaciones en Congresos<\/strong><\/h2>\n\n\n\n<ul class=\"wp-block-list\">\n<li>&#8220;Reprobatio et refutatio Sectae Machometicae en el Zelus Christi contra Iudaeos, Sarracenos et infideles de Pedro de la Cavaller\u00eda (s. XV)&#8221;, XIV Congreso de Estudios cl\u00e1sicos, ECLA &#8211; Sociedad Espa\u00f1ola de Estudios Cl\u00e1sicos, Barcelona, 2015.<\/li>\n\n\n\n<li>&#8220;Las primeras sistematizaciones del estudio luliano sobre la potencia, el objeto y el acto en el Liber contemplationis y el Arbor scientiae&#8221;, Ars artium sive ars magna: the Roots of Llull\u2019s Artistic Project (Ramon Llull\u2019s 700th Anniversary), TL Medieval &amp; Early Modern Philosphy of the Instituto de Filosofia da Universidade do Porto, Porto (Portugal), 2015.<\/li>\n\n\n\n<li>&#8220;Zelus Christi contra Iudaeos, Sarracenos et infideles, de Pedro de la Cavaller\u00eda (s. XV): texto, contexto y patrones narrativos.&#8221;, IV Seminario Internacional Islamolatina &#8216;Autorrepresentaci\u00f3n y controversia en el mundo ortodoxo y latino. Balance de una investigaci\u00f3n&#8217;. UNAU &#8211; Universitat Aut\u00f2noma de Barcelona (UAB), Barcelona, 27 d&#8217;octubre de 2015.<\/li>\n\n\n\n<li>\u201cEstudi del Ms. 100 de la Biblioteca de Catalunya en el proc\u00e9s d\u2019edici\u00f3 del <em>Zelus Christi contra Iudadeos, Sarracenos et infideles<\/em> de Pedro de la Cavaller\u00eda (s. XV)\u201d, VI Congr\u00e9s de Llat\u00ed Medieval Hisp\u00e0nic, Alacant, 22 de novembre de 2013.<\/li>\n\n\n\n<li>\u201cNicolai Klimii iter subterraneum: rastres de l&#8217;imaginari cl\u00e0ssic en una novel\u00b7la del segle XVIII\u201d, Apocalipsi, mil\u2022lenarisme i viatges a l\u2019infram\u00f3n: d\u2019Odisseu a Bernat Metge, Val\u00e8ncia, 25 i 26 d\u2019abril de 2013.<\/li>\n\n\n\n<li>\u201cThe <em>Zelus Christi contra iudaeos, sarracenos et infideles<\/em> by Pedro de la Cavaller\u00eda (15th. Century): a model of controversial literature according to Christian tradition\u201d, International Medieval Congress, Leeds 9-12 July 2012.<\/li>\n\n\n\n<li>\u201cEl \u2018fracaso\u2019 textual y literario del tratado <em>De legibus<\/em> de Cicer\u00f3n, International Symposium \u201cThe Failed Text\u201d, Granada, April 18-20, 2012.<\/li>\n\n\n\n<li>&#8212; et C\u00e1ndida Ferrero Hern\u00e1ndez, \u201cEl enigma de las fuentes doctrinales del <em>Zelus Christi contra Iudaeos Saracenos et Infideles<\/em> de Pedro de la Cavaller\u00eda\u201d, en XIII Congreso Espa\u00f1ol de Estudios Cl\u00e1sicos, Logro\u00f1o, del 18 al 22 de julio de 2011. (en prensa)<\/li>\n\n\n\n<li>\u201cAproximaciones al <em>Liber de potentia, obiecto et actu<\/em> de Ramon Llull\u201d, Soci\u00e9t\u00e9 Internationale pour l\u2019\u00c9tude de la Philosophie M\u00e9di\u00e9vale (S.I.E.P.M). Universalit\u00e0 della Ragione. Pluralit\u00e0 delle Filosofie nel Medioevo = Universalit\u00e9 de la Raison. Pluralit\u00e9 des Philosophies au Moyen \u00c2ge = Universality of Reason. Plurality of Philosophies in the Middle Ages : 12. Congresso Internazionale di Filosofia Medievale: Palermo, 17-22 settembre 2007. Officina di Studi Medievali, Palermo, 2012, vol. II.2, 1119-1127.<\/li>\n\n\n\n<li>\u201cLes oracions subordinades substantives al <em>Liber de potentia, obiecto et actu<\/em> de Ramon Llull\u201d, V Congreso Internacional de Lat\u00edn Medieval Hisp\u00e1nico, Universitat Aut\u00f2noma de Barcelona \u2013 Universitat de Barcelona, 7-10 de setembre de 2009.<\/li>\n\n\n\n<li>\u201cAuctor et auctoritas en el tratado <em>Zelus Christi contra Iudaeos, Saracenos et Infideles<\/em> de Pedro de la Cavaller\u00eda\u201d, Auctor et auctoritas in Latinis Medii Aevi litteris, VI Convegno dell\u2019Internationales Mittellateiner Komitee, Napoli &#8211; Benevento, 10-14 de novembre de 2010.<\/li>\n\n\n\n<li>\u201cLa edici\u00f3n glosada de Venecia (1592) del <em>Zelus Christi contra Iudaeos, Saracenos et Infideles<\/em> de Pedro de la Cavaller\u00eda como muestra de su tradici\u00f3n\u201d, V Congreso Internacional de Humanismo y Pervivencia del Mundo Cl\u00e1sico. Homenaje al Profesor Juan Gil, Alca\u00f1iz, Teruel, 18-22 d\u2019octubre de 2010.<\/li>\n<\/ul>\n","protected":false},"excerpt":{"rendered":"<p>Ver perfil Libros Art\u00edculos Rese\u00f1as Comunicaciones en Congresos<\/p>\n","protected":false},"author":14,"featured_media":0,"parent":0,"menu_order":0,"comment_status":"closed","ping_status":"closed","template":"","meta":{"footnotes":""},"class_list":["post-273","page","type-page","status-publish","hentry"],"_links":{"self":[{"href":"https:\/\/webs.uab.cat\/islamolatina\/wp-json\/wp\/v2\/pages\/273","targetHints":{"allow":["GET"]}}],"collection":[{"href":"https:\/\/webs.uab.cat\/islamolatina\/wp-json\/wp\/v2\/pages"}],"about":[{"href":"https:\/\/webs.uab.cat\/islamolatina\/wp-json\/wp\/v2\/types\/page"}],"author":[{"embeddable":true,"href":"https:\/\/webs.uab.cat\/islamolatina\/wp-json\/wp\/v2\/users\/14"}],"replies":[{"embeddable":true,"href":"https:\/\/webs.uab.cat\/islamolatina\/wp-json\/wp\/v2\/comments?post=273"}],"version-history":[{"count":2,"href":"https:\/\/webs.uab.cat\/islamolatina\/wp-json\/wp\/v2\/pages\/273\/revisions"}],"predecessor-version":[{"id":881,"href":"https:\/\/webs.uab.cat\/islamolatina\/wp-json\/wp\/v2\/pages\/273\/revisions\/881"}],"wp:attachment":[{"href":"https:\/\/webs.uab.cat\/islamolatina\/wp-json\/wp\/v2\/media?parent=273"}],"curies":[{"name":"wp","href":"https:\/\/api.w.org\/{rel}","templated":true}]}}