{"id":290,"date":"2015-03-19T15:35:12","date_gmt":"2015-03-19T15:35:12","guid":{"rendered":"https:\/\/webs.uab.cat\/islamolatina\/07-05-2014\/"},"modified":"2015-03-19T15:35:12","modified_gmt":"2015-03-19T15:35:12","slug":"07-05-2014","status":"publish","type":"page","link":"https:\/\/webs.uab.cat\/islamolatina\/07-05-2014\/","title":{"rendered":"Investidura del Profesor Jos\u00e9 Mart\u00ednez G\u00e1zquez por la Universidad Friedrich-Alexander de Erlangen-N\u00fcrnberg"},"content":{"rendered":"<hr>\n<p style=\"text-align: justify;\"><strong><span style=\"color: #006600;\">Investidura del Profesor Jos\u00e9 Mart\u00ednez G\u00e1zquez por la Universidad Friedrich-Alexander de Erlangen-N\u00fcrnberg<\/span><\/strong><\/p>\n<p style=\"text-align: justify;\">El grupo de Investigaci\u00f3n Islamolatina felicita al Profesor Jos\u00e9 Mart\u00ednez G\u00e1zquez por haber recibido el reconocimiento de investidura del t\u00edtulo de Doctor Honoris Causa por la Universidad Friedrich-Alexander de Erlangen-N\u00fcrnberg. Los que trabajamos cerca del Profesor Mart\u00ednez nos sentimos honrados y agradecidos por la decisi\u00f3n que ha tomado la citada Universidad. Nuestra alegr\u00eda por tal nombramiento es exultante.<\/p>\n<div align=\"justify\">Los miembros de la misma Universidad difunden la noticia y el programa del modo siguiente: <\/p>\n<p>La cattedra di latino medievale e umanistico della Friedrich-Alexander-Universit\u00e4t festeggia i 50 anni della fondazione con una manifestazione pubblica il 7 maggio 2014. In quest\u2019occasione verr\u00e0 conferito anche il dottorato honoris causa della Facolt\u00e0 di filosofia al collega Jos\u00e9 Mart\u00ednez G\u00e1zquez (Barcellona). Tutte le persone interessate sono cordialmente invitate a partecipare. [Michele C. Ferrari] <\/p>\n<p>[PROGRAMA]<br \/> 50 Jahre Mittellatein in Erlangen Erlangen, Orangerie, Mittwoch, 7. Mai 2014, <br \/>17.00-19.00 Prof. Dr. Renate Wittern-Sterzel, Altvizepr\u00e4sidentin Gru\u00dfwort der Universit\u00e4tsleitung <br \/>Prof. Dr. Rainer Trinczek, Dekan Gru\u00dfwort der Philosophischen Fakult\u00e4t <br \/>Prof. Dr. Michele C. Ferrari Gru\u00dfwort der Erlanger Mittellateiner <br \/>Dr. Stefan Weber Einf\u00fchrung <em>Fidelis Rotula<\/em> (Fidel R\u00e4dle) Mittellatein in Erlangen Zoltan Kod\u00e1ly (1882-1967) <em>Cohors generosa<\/em> Vokalensemble anDante, Erlangen <\/p>\n<p>Prof. Dr. Michele C. Ferrari Laudatio auf Prof. Dr. Jos\u00e9 Mart\u00ednez G\u00e1zquez <\/p>\n<p>Prof. Dr. Rainer Trinczek, Dekan der Philosophischen Fakult\u00e4t <br \/>Prof. Dr. Christine Lubkoll, Vorsitzende des Promotionsausschusses \u00dcberreichung der Ehrenpromotionsurkunde an Prof. Dr. Jos\u00e9 Mart\u00ednez G\u00e1zquez Dankeswort des Geehrten Orlando di Lasso (1532-1594) <em>Tityre, tu patulae<\/em> (1560) Vokalensemble andante <\/p>\n<p>Prof. Dr. Michele C. Ferrari Vorstellung des Referenten <\/p>\n<p>Prof. Dr. Jan Ziolkowski (Dumbarton Oaks) Die Br\u00fcder Grimm und die Geburt der Mittellateinischen Philologie Festvortrag Orlando di Lasso (1532-1594) <em>Ad primum morsum<\/em>(1560) Vokalensemble andante.<\/p>\n<p> La Facultad de Filosof\u00eda y Letras de la Universitat Aut\u00f2noma de Barcelona ha publicado la noticia en los t\u00e9rminos siguientes: <\/p>\n<p>El professor Jos\u00e9 Mart\u00ednez G\u00e1zquez, catedr\u00e0tic de filologia llatina del departament de Ci\u00e8ncies de l&#8217;Antiguitat i de l&#8217;Edat Mitjana, ha estat proposat com a Doctor Honoris Causa per la Facultat de Lletres i Teologia de la Universitat Alexander d&#8217;Erlangen-N\u00fcrenberg. L&#8217;acte d&#8217;investidura tindr\u00e0 lloc el pr\u00f2xim 7 de maig a la universitat alemanya. \u00c9s un honor i una satisfacci\u00f3 per a la nostra facultat que el professor Mart\u00ednez G\u00e1zquez, expert internacional en filologia llatina medieval, rebi un dels m\u00e0xims reconeixements que l&#8217;Acad\u00e8mica pot concedir. <br \/>FELICIDADES<\/p>\n<p style=\"text-align: justify;\">&nbsp;<\/p>\n","protected":false},"excerpt":{"rendered":"<p>Investidura del Profesor Jos\u00e9 Mart\u00ednez G\u00e1zquez por la Universidad Friedrich-Alexander de Erlangen-N\u00fcrnberg El grupo de Investigaci\u00f3n Islamolatina felicita al Profesor Jos\u00e9 Mart\u00ednez G\u00e1zquez por haber recibido el reconocimiento de investidura del t\u00edtulo de Doctor Honoris Causa por la Universidad Friedrich-Alexander de Erlangen-N\u00fcrnberg. Los que trabajamos cerca del Profesor Mart\u00ednez nos sentimos honrados y agradecidos por [&hellip;]<\/p>\n","protected":false},"author":14,"featured_media":0,"parent":0,"menu_order":0,"comment_status":"closed","ping_status":"closed","template":"","meta":{"footnotes":""},"class_list":["post-290","page","type-page","status-publish","hentry"],"_links":{"self":[{"href":"https:\/\/webs.uab.cat\/islamolatina\/wp-json\/wp\/v2\/pages\/290","targetHints":{"allow":["GET"]}}],"collection":[{"href":"https:\/\/webs.uab.cat\/islamolatina\/wp-json\/wp\/v2\/pages"}],"about":[{"href":"https:\/\/webs.uab.cat\/islamolatina\/wp-json\/wp\/v2\/types\/page"}],"author":[{"embeddable":true,"href":"https:\/\/webs.uab.cat\/islamolatina\/wp-json\/wp\/v2\/users\/14"}],"replies":[{"embeddable":true,"href":"https:\/\/webs.uab.cat\/islamolatina\/wp-json\/wp\/v2\/comments?post=290"}],"version-history":[{"count":0,"href":"https:\/\/webs.uab.cat\/islamolatina\/wp-json\/wp\/v2\/pages\/290\/revisions"}],"wp:attachment":[{"href":"https:\/\/webs.uab.cat\/islamolatina\/wp-json\/wp\/v2\/media?parent=290"}],"curies":[{"name":"wp","href":"https:\/\/api.w.org\/{rel}","templated":true}]}}