{"id":444,"date":"2019-04-10T04:53:45","date_gmt":"2019-04-10T04:53:45","guid":{"rendered":"https:\/\/webs.uab.cat\/islamolatina\/ulisse-cecini\/"},"modified":"2024-11-11T10:48:04","modified_gmt":"2024-11-11T10:48:04","slug":"ulisse-cecini","status":"publish","type":"page","link":"https:\/\/webs.uab.cat\/islamolatina\/ulisse-cecini\/","title":{"rendered":"Ulisse Cecini"},"content":{"rendered":"\n<div class=\"wp-block-media-text is-stacked-on-mobile\" style=\"grid-template-columns:35% auto\"><figure class=\"wp-block-media-text__media\"><img loading=\"lazy\" decoding=\"async\" width=\"110\" height=\"140\" src=\"https:\/\/webs.uab.cat\/islamolatina\/wp-content\/uploads\/sites\/382\/2023\/07\/cecini1.png\" alt=\"\" class=\"wp-image-822 size-full\" \/><\/figure><div class=\"wp-block-media-text__content\">\n<p><a href=\"mailto:ulisse.cecini@uab.cat\">Ulisse Cecini<\/a><\/p>\n\n\n\n<p><strong>Investigador<\/strong> <strong>postdoctoral Ram\u00f3n y Cajal<\/strong><br>Universidad Aut\u00f3noma de Barcelona<br>Facultad de Filosof\u00eda y Letras &#8211; Ciencias de la Antig\u00fcedad y Edad Media<br>Tel.\u00a0935868796<\/p>\n<\/div><\/div>\n\n\n\n<h2 class=\"wp-block-heading\">M\u00e1s informaci\u00f3n<\/h2>\n\n\n\n<p>2004 Licenciado en \u201cLettere Classiche\u201d por la Universit\u00e0 Cattolica del Sacro Cuore en Mil\u00e1n con una tesis sobre poes\u00eda latina hagiogr\u00e1fica del siglo X (Flodoardo de Reims).<\/p>\n\n\n\n<p>2010 Doctorado en Lat\u00edn Medieval (beca de la&nbsp;<em>Deutsche Forschungsgemeinschaft&nbsp;<\/em>[DFG]) en la Universidad de Erlangen-Nuremberg. Tesis sobre traducciones latinas del Cor\u00e1n en los siglos XII y XIII en la pen\u00ednsula ib\u00e9rica.<\/p>\n\n\n\n<p>Investigador contratado para el proyecto interuniversitario alem\u00e1n de la DFG (SPP 1173) \u201cIntegration and Disintegration of Civilizations in the European Middle Ages\u201d. Trabajo sobre el tema de la identidad cristiana en la C\u00f3rdoba musulmana del siglo IX, analizando la obra pol\u00e9mica de \u00c1lvaro de C\u00f3rdoba en la \u00e9poca de los as\u00ed llamados \u201cm\u00e1rtires voluntarios\u201d.<\/p>\n\n\n\n<p>2011-2014 Colaborador del K\u00e4te-Hamburger-Kolleg \u201cDynamics in the history of religions\u201d en la Ruhr-Universit\u00e4t Bochum, financiado por el ministerio de educaci\u00f3n alem\u00e1n. Trabajando sobre el texto religioso \u00e1rabe en forma de di\u00e1logo&nbsp;<em>Mas\u0101<\/em><em>\u02beil Abdall<\/em><em>\u0101h Ibn Sal<\/em><em>\u0101m (traducido al lat<\/em><em>\u00edn en el siglo XII como <\/em><em>\u201cDoctrina Machumet<\/em><em>\u201d)<\/em>, del cual prepara la edici\u00f3n cr\u00edtica, de inminente aparici\u00f3n (2019).<\/p>\n\n\n\n<p>2014-2018 Colaborador del proyecto del consejo europeo de la recerca (ERC) \u201cThe Latin Talmud and Its Influence on Christian-Jewish Polemic\u201d en la Universidad Aut\u00f2noma de Barcelona (UAB). Prepara la edici\u00f3n cr\u00edtica (publicada en el&nbsp;<em>Corpus Christianorum<\/em>, 2018) y&nbsp;varios estudios de la traducci\u00f3n latina del Talmud (1245).<\/p>\n\n\n\n<p>2018-2022 Dirige el proyecto de investigaci\u00f3n (Programa TALENT, UAB) sobre la obra exeg\u00e9tica del franciscano Poncio Carbonell (fl. 1315-35) y sus fuentes hebreas en relaci\u00f3n con el discurso apocal\u00edptico de la \u00e9poca.<\/p>\n\n\n\n<p>2019 Colabora con el proyecto del consejo europeo de la recerca (ERC-Synergy Grant) \u201cThe European Qur\u2019an\u201d<\/p>\n\n\n\n<p>2021-2024: Colaborador del proyecto <a>\u201cEl Talmud Latino: Edicion y estudio del dossier\u201d del Ministerio de Ciencia, Innovaci\u00f3n y Universidades (PID 2020-112592 GB-I00)<\/a>.<\/p>\n\n\n\n<p>2022 Colaborador del proyecto \u201cIslamolatina. Dimensions interculturals del pensament medieval i modern\u201d, financiado por el AGAUR (2021 SGR 00152).<\/p>\n\n\n\n<p>2022- Investigador Ram\u00f3n y Cajal (RYC2020-029328-I\/ AEI \/ 10.13039\/501100011033), trabajando en la edici\u00f3n de las glosas \u00e1rabes en la traducci\u00f3n latina del Cor\u00e1n de Germ\u00e1n de Silesia (1650-1670).<\/p>\n\n\n\n<p>2023- Dirige el proyecto de investigaci\u00f3n INVESTIGO (2023 INV-2 00076), financiado por el AGAUR.<\/p>\n\n\n\n<p>Sus intereses son: la relaciones entre cristianos, musulmanes y jud\u00edos en la Edad Media. Estudio de lenguas y culturas orientales en Europa en la Edad Media y en la primera Edad Moderna. Traducciones del \u00e1rabe\/hebreo al lat\u00edn y las influencias interculturales que conllevan.<\/p>\n","protected":false},"excerpt":{"rendered":"<p>Ulisse Cecini Investigador postdoctoral Ram\u00f3n y CajalUniversidad Aut\u00f3noma de BarcelonaFacultad de Filosof\u00eda y Letras &#8211; Ciencias de la Antig\u00fcedad y Edad MediaTel.\u00a0935868796 M\u00e1s informaci\u00f3n 2004 Licenciado en \u201cLettere Classiche\u201d por la Universit\u00e0 Cattolica del Sacro Cuore en Mil\u00e1n con una tesis sobre poes\u00eda latina hagiogr\u00e1fica del siglo X (Flodoardo de Reims). 2010 Doctorado en Lat\u00edn [&hellip;]<\/p>\n","protected":false},"author":14,"featured_media":0,"parent":0,"menu_order":0,"comment_status":"closed","ping_status":"closed","template":"","meta":{"footnotes":""},"class_list":["post-444","page","type-page","status-publish","hentry"],"_links":{"self":[{"href":"https:\/\/webs.uab.cat\/islamolatina\/wp-json\/wp\/v2\/pages\/444","targetHints":{"allow":["GET"]}}],"collection":[{"href":"https:\/\/webs.uab.cat\/islamolatina\/wp-json\/wp\/v2\/pages"}],"about":[{"href":"https:\/\/webs.uab.cat\/islamolatina\/wp-json\/wp\/v2\/types\/page"}],"author":[{"embeddable":true,"href":"https:\/\/webs.uab.cat\/islamolatina\/wp-json\/wp\/v2\/users\/14"}],"replies":[{"embeddable":true,"href":"https:\/\/webs.uab.cat\/islamolatina\/wp-json\/wp\/v2\/comments?post=444"}],"version-history":[{"count":5,"href":"https:\/\/webs.uab.cat\/islamolatina\/wp-json\/wp\/v2\/pages\/444\/revisions"}],"predecessor-version":[{"id":1167,"href":"https:\/\/webs.uab.cat\/islamolatina\/wp-json\/wp\/v2\/pages\/444\/revisions\/1167"}],"wp:attachment":[{"href":"https:\/\/webs.uab.cat\/islamolatina\/wp-json\/wp\/v2\/media?parent=444"}],"curies":[{"name":"wp","href":"https:\/\/api.w.org\/{rel}","templated":true}]}}