{"id":454,"date":"2019-07-08T12:34:36","date_gmt":"2019-07-08T12:34:36","guid":{"rendered":"https:\/\/webs.uab.cat\/islamolatina\/roser_puig\/"},"modified":"2023-09-13T13:47:21","modified_gmt":"2023-09-13T13:47:21","slug":"roser_puig","status":"publish","type":"page","link":"https:\/\/webs.uab.cat\/islamolatina\/roser_puig\/","title":{"rendered":"Roser Puig Aguilar"},"content":{"rendered":"\n<div class=\"wp-block-media-text is-stacked-on-mobile\" style=\"grid-template-columns:35% auto\"><figure class=\"wp-block-media-text__media\"><img loading=\"lazy\" decoding=\"async\" width=\"1536\" height=\"1432\" src=\"https:\/\/webs.uab.cat\/islamolatina\/wp-content\/uploads\/sites\/382\/2019\/04\/roser_puig_image.jpg\" alt=\"\" class=\"wp-image-434 size-full\" \/><\/figure><div class=\"wp-block-media-text__content\">\n<p><a href=\"mailto:roserpuig@ub.edu\">Roser Puig Aguilar<\/a><\/p>\n\n\n\n<p><strong>Investigadora<\/strong><br>Profesora titular<br>Universidad de Barcelona &#8211; Facultad de Filolog\u00eda y\u00a0 Comunicaci\u00f3n<br>Secci\u00f3n de \u00c1rabe del Departamento de Filolog\u00eda Cl\u00e1sica, Rom\u00e1nica i Sem\u00edtica<br>Tel. 934035608<\/p>\n<\/div><\/div>\n\n\n\n<p>Doctora en Filologia Sem\u00edtica: \u00c0rab i Islam (1985). Ha estat professora ajudant de la Universitat de Bagdad (Iraq, 1980-1982), professora titular de la Universitat de Granada (1987-1988) i des de 1988 \u00e9s professora titular de la Universitat de Barcelona. Imparteix doc\u00e8ncia en hist\u00f2ria de la llengua \u00e0rab i la seva tradici\u00f3 ling\u00fc\u00edstica: gramatical i lexicogr\u00e0fica, i en diversos aspectes del llibre \u00e0rab manuscrit: cal\u00b7ligrafia, codicologia i ecd\u00f2tica.<\/p>\n\n\n\n<p>Ha investigat sobre la ci\u00e8ncia i la t\u00e8cnica \u00e0rab medievals i la seva repercussi\u00f3 en el context europeu i mediterrani, especialment en el camp de l\u2019astronomia i els seus instruments. Ha publicat dos llibres, articles acad\u00e8mics i cap\u00edtols de llibre i d\u2019enciclop\u00e8dies cient\u00edfiques.<\/p>\n\n\n\n<p>Des de 1983 ha col\u00b7laborat de manera ininterrompuda en els projectes del \u00abGrup \u201cMill\u00e0s Vallicrosa\u201d d\u2019Hist\u00f2ria de la Ci\u00e8ncia \u00c0rab\u00bb i en va ser investigador principal el per\u00edode 2004-2008. Ha fet estades de recerca en Universitats i Biblioteques de Damasc (S\u00edria), Tunis (Tunisia) i Alger (Alg\u00e8ria).&nbsp;<\/p>\n\n\n\n<p>L\u2019any 1995 va ser Medalla Koyr\u00e9 com a membre de l\u2019\u00abEscola de Barcelona d\u2019Hist\u00f2ria de la Ci\u00e8ncia \u00c0rab\u00bb encap\u00e7alada pels professors Joan Vernet i Julio Sams\u00f3. Ha estat vocal del Consell directiu de la Societat Catalana d\u2019Hist\u00f2ria de la Ci\u00e8ncia i de la T\u00e8cnica (1995-2011) i vicepresidenta de la Sociedad Espa\u00f1ola de Estudios \u00c1rabes (2002-2005). Acad\u00e8mica corresponent des de 1997 de l\u2019Acad\u00e9mie Internationale d\u2019Histoire des Sciences, amb seu a Paris, n\u2019\u00e9s acad\u00e8mica numer\u00e0ria des de l\u2019any 2002.<\/p>\n","protected":false},"excerpt":{"rendered":"<p>Roser Puig Aguilar InvestigadoraProfesora titularUniversidad de Barcelona &#8211; Facultad de Filolog\u00eda y\u00a0 Comunicaci\u00f3nSecci\u00f3n de \u00c1rabe del Departamento de Filolog\u00eda Cl\u00e1sica, Rom\u00e1nica i Sem\u00edticaTel. 934035608 Doctora en Filologia Sem\u00edtica: \u00c0rab i Islam (1985). Ha estat professora ajudant de la Universitat de Bagdad (Iraq, 1980-1982), professora titular de la Universitat de Granada (1987-1988) i des de 1988 [&hellip;]<\/p>\n","protected":false},"author":14,"featured_media":0,"parent":0,"menu_order":0,"comment_status":"closed","ping_status":"closed","template":"","meta":{"footnotes":""},"class_list":["post-454","page","type-page","status-publish","hentry"],"_links":{"self":[{"href":"https:\/\/webs.uab.cat\/islamolatina\/wp-json\/wp\/v2\/pages\/454","targetHints":{"allow":["GET"]}}],"collection":[{"href":"https:\/\/webs.uab.cat\/islamolatina\/wp-json\/wp\/v2\/pages"}],"about":[{"href":"https:\/\/webs.uab.cat\/islamolatina\/wp-json\/wp\/v2\/types\/page"}],"author":[{"embeddable":true,"href":"https:\/\/webs.uab.cat\/islamolatina\/wp-json\/wp\/v2\/users\/14"}],"replies":[{"embeddable":true,"href":"https:\/\/webs.uab.cat\/islamolatina\/wp-json\/wp\/v2\/comments?post=454"}],"version-history":[{"count":2,"href":"https:\/\/webs.uab.cat\/islamolatina\/wp-json\/wp\/v2\/pages\/454\/revisions"}],"predecessor-version":[{"id":891,"href":"https:\/\/webs.uab.cat\/islamolatina\/wp-json\/wp\/v2\/pages\/454\/revisions\/891"}],"wp:attachment":[{"href":"https:\/\/webs.uab.cat\/islamolatina\/wp-json\/wp\/v2\/media?parent=454"}],"curies":[{"name":"wp","href":"https:\/\/api.w.org\/{rel}","templated":true}]}}