{"id":455,"date":"2019-07-08T12:39:48","date_gmt":"2019-07-08T12:39:48","guid":{"rendered":"https:\/\/webs.uab.cat\/islamolatina\/roser_puig_publications\/"},"modified":"2023-09-13T13:48:47","modified_gmt":"2023-09-13T13:48:47","slug":"roser_puig_publications","status":"publish","type":"page","link":"https:\/\/webs.uab.cat\/islamolatina\/roser_puig_publications\/","title":{"rendered":"Roser Puig Aguilar"},"content":{"rendered":"\n<div class=\"wp-block-media-text is-stacked-on-mobile has-primary-background-color has-background\" style=\"grid-template-columns:35% auto\"><figure class=\"wp-block-media-text__media\"><img decoding=\"async\" src=\"http:\/\/grupsderecerca.uab.cat\/islamolatina\/sites\/grupsderecerca.uab.cat.islamolatina\/files\/images\/ocruz.gif\" alt=\"\" \/><\/figure><div class=\"wp-block-media-text__content\">\n<p class=\"has-large-font-size\"><a href=\"https:\/\/webs.uab.cat\/islamolatina\/wp-admin\/post.php?post=454&amp;action=edit\">Ver perfil<\/a><\/p>\n<\/div><\/div>\n\n\n\n<h2 class=\"wp-block-heading\"><strong>Publicacions<\/strong><\/h2>\n\n\n\n<p>\u201cEl uso de la azafea de Azarquiel en la predicci\u00f3n de la visibilidad del creciente lunar\u201d.<br>A Aguiar, M.; Cabo, A.M.; i Monferrer, J.P. (coords.) Labore et constantia. Estudios<br>andalus\u00edes: ensayos selectos, C\u00f3rdoba, 2022, p\u00e0gs. 617 \u2013 637.<\/p>\n\n\n\n<p>\u201cAnw\u0101\u00b4 and timekeeping (m\u012bq\u0101t) in calendars of the societies of al-Andalus and the far Maghrib\u201d. A Brentjes, S (ed.), Routledge handbook on the sciences in islamicate<br>societies, London and New York, 2023, p\u00e0gs. 595-607.<\/p>\n\n\n\n<p>Puig, R.: &#8220;Un instrument&nbsp;\u00e0rab medieval per a predir la visibilitat del creixent&#8221;. A F.X. Barca-Salom&nbsp;<em>et alt.<\/em>&nbsp;(eds.),&nbsp;<em>Del cel i de l&#8217;aire. Estudis sobre hist\u00f2ria de l&#8217;astronomia i de la meteorologia<\/em>, Vic, 2021, pp. 149-165.<\/p>\n\n\n\n<p>Puig, R. : &#8220;La versi\u00f3n simple del instrumento&nbsp;<em>al-sarrajiyya<\/em>: comentarios textuales y t\u00e9cnicos&#8221;,&nbsp;<em>Al-Qantara<\/em>, XLI, 1(2020), pp. 219-254<\/p>\n\n\n\n<p>Puig, R.: \u201cLe <em>Kit\u0101b al-mustaw`ib al-k\u0101f\u012b wa-l-muqni` al-sh\u0101f\u012b<\/em> d\u2019Ibn Khalaf al-Umaw\u012b al-Qur\u1e6dub\u012b (m. 1206) d\u2019apr\u00e8s le manuscrit <em>A\u1e25madiyya<\/em> 11925\/12 de la Biblioth\u00e8que Nationale de Tunis\u201d. A: M. Abdeljaouad i H. Hedfi (eds.), <em>Actes du XIII\u00e8me Colloque Maghr\u00e9bin sur l\u2019Histoire des Math\u00e9matiques Arabes (COMHISMA 13)<\/em>, Tunis 2018, pp. 267-281.<\/p>\n\n\n\n<p>Puig, R.: \u201cEls llibres d\u2019<em>anw\u0101\u00b4<\/em> a l\u2019Orient i l\u2019Occident isl\u00e0mic: un estat de la q\u00fcesti\u00f3\u201d. A: F.X. Barca-Salom, J. Batll\u00f3, P. Bernat i C. Puig-Pla (eds.), <em>Mirant al cel. Estudis sobre hist\u00f2ria de l\u2019astronomia i de la meteorologia<\/em>, Barcelona 2018, pp. 131-148.<\/p>\n\n\n\n<p>Rius, M.; Puig, R.: \u201cAl-Asfi\u2019s description of the z\u0101wiya Nasiriyya: the use of buildings as astronomical tools\u201d, <em>Journal for the History of Astronomy<\/em>, 46, 3 (2015), p. 327.<\/p>\n\n\n\n<p>Calvo, E.; Puig, R.: \u201cThe universal plate revisited\u201d. A: Muzaffar Iqbal (ed.), <em>New Perspectives on the History of Islamic Science<\/em>, vol. 3, Ashgate Publishing LTD, London 2012, pp. 411-455.<\/p>\n\n\n\n<p>Puig, R.; Bejarano, I. (eds.): <em>Geografies \/ Jugrafiyyat. Homenatge a Francesc Castell\u00f3<\/em>, Publicacions i Edicions UB, Barcelona 2012.<\/p>\n\n\n\n<p>Puig, R.: \u201cNota sobre un punt fonamental de l\u2019astronomia isl\u00e0mica: predir la visi\u00f3 del creixent lunar\u201d, <em>Ausa<\/em>, XXV, 169 (2012), pp. 717-723.<\/p>\n\n\n\n<p>Calvo, E.; Comes, M.; Puig, R.; Rius, M. (eds.): <em>A Shared Legacy. Islamic Science East and West<\/em>, Publicacions i Edicions UB, Barcelona 2008.<\/p>\n\n\n\n<p>Puig, R.: \u201cUn mar de arena, un mar de estrellas y un mar para navegar: \u00e1rabes y navegaci\u00f3n\u201d, <em>Cuadernos del CEMYR<\/em>, 15 (2007), pp.77-90<\/p>\n\n\n\n<p>Puig, R.: \u201cThree astronomical treatises on the safiha of the Andalusian astronomer Ibn al-Zarqalluh (d.1100) at the al-Asad National Library in Damascus\u201d, <em>Journal for the History of Arabic Sciences<\/em>, vol. 13, 1-2 (2005), pp. 3-20.<\/p>\n\n\n\n<p>Puig, R.: \u201cEl filohelenismo abbas\u00ed en ciencias y filosof\u00eda\u201d. A: J. Signes et alt. (eds.): <em>Antiquae Lectiones. El legado cl\u00e1ssico desde la antig\u00fcedad hasta la revoluci\u00f3n francesa<\/em>, ed. C\u00e1tedra, Madrid 2005, pp. 203-209.<\/p>\n","protected":false},"excerpt":{"rendered":"<p>Ver perfil Publicacions \u201cEl uso de la azafea de Azarquiel en la predicci\u00f3n de la visibilidad del creciente lunar\u201d.A Aguiar, M.; Cabo, A.M.; i Monferrer, J.P. (coords.) Labore et constantia. Estudiosandalus\u00edes: ensayos selectos, C\u00f3rdoba, 2022, p\u00e0gs. 617 \u2013 637. \u201cAnw\u0101\u00b4 and timekeeping (m\u012bq\u0101t) in calendars of the societies of al-Andalus and the far Maghrib\u201d. A [&hellip;]<\/p>\n","protected":false},"author":14,"featured_media":0,"parent":0,"menu_order":0,"comment_status":"closed","ping_status":"closed","template":"","meta":{"footnotes":""},"class_list":["post-455","page","type-page","status-publish","hentry"],"_links":{"self":[{"href":"https:\/\/webs.uab.cat\/islamolatina\/wp-json\/wp\/v2\/pages\/455","targetHints":{"allow":["GET"]}}],"collection":[{"href":"https:\/\/webs.uab.cat\/islamolatina\/wp-json\/wp\/v2\/pages"}],"about":[{"href":"https:\/\/webs.uab.cat\/islamolatina\/wp-json\/wp\/v2\/types\/page"}],"author":[{"embeddable":true,"href":"https:\/\/webs.uab.cat\/islamolatina\/wp-json\/wp\/v2\/users\/14"}],"replies":[{"embeddable":true,"href":"https:\/\/webs.uab.cat\/islamolatina\/wp-json\/wp\/v2\/comments?post=455"}],"version-history":[{"count":3,"href":"https:\/\/webs.uab.cat\/islamolatina\/wp-json\/wp\/v2\/pages\/455\/revisions"}],"predecessor-version":[{"id":892,"href":"https:\/\/webs.uab.cat\/islamolatina\/wp-json\/wp\/v2\/pages\/455\/revisions\/892"}],"wp:attachment":[{"href":"https:\/\/webs.uab.cat\/islamolatina\/wp-json\/wp\/v2\/media?parent=455"}],"curies":[{"name":"wp","href":"https:\/\/api.w.org\/{rel}","templated":true}]}}