{"id":459,"date":"2019-07-22T12:41:51","date_gmt":"2019-07-22T12:41:51","guid":{"rendered":"https:\/\/webs.uab.cat\/islamolatina\/josep_casulleras_publications\/"},"modified":"2023-03-11T06:55:10","modified_gmt":"2023-03-11T06:55:10","slug":"josep_casulleras_publications","status":"publish","type":"page","link":"https:\/\/webs.uab.cat\/islamolatina\/josep_casulleras_publications\/","title":{"rendered":"Josep Casulleras Closa"},"content":{"rendered":"\n<div class=\"wp-block-media-text is-stacked-on-mobile has-primary-background-color has-background\" style=\"grid-template-columns:35% auto\"><figure class=\"wp-block-media-text__media\"><img decoding=\"async\" src=\"http:\/\/grupsderecerca.uab.cat\/islamolatina\/sites\/grupsderecerca.uab.cat.islamolatina\/files\/astrolabi_bcn1.gif\" alt=\"\"\/><\/figure><div class=\"wp-block-media-text__content\">\n<p><a href=\"mailto:jcasulleras@ub.edu\">Josep Casulleras Closa<\/a><\/p>\n\n\n\n<p><strong>Investigador<\/strong><br>Profesor agregado<br>Universidad de Barcelona &#8211; Facultad d Filolog\u00eda y Comunicaci\u00f3n<br>Secci\u00f3 d\u2019\u00c0rab del Departament de Filologia Cl\u00e0ssica, Rom\u00e0nica i Sem\u00edtica<br>Tel. 934035609<\/p>\n<\/div><\/div>\n\n\n\n<h2 class=\"wp-block-heading\">Publicaciones seleccionadas<\/h2>\n\n\n\n<p>1.- La astrolog\u00eda de los matem\u00e1ticos. La matem\u00e1tica aplicada a la astrolog\u00eda a trav\u00e9s de la obra de Ibn Mu\u0101\u1e0f de Ja\u00e9n, Universitat de Barcelona, 2010, 356 p\u00e0gs. ISBN: 978-84-475-3441-8.<\/p>\n\n\n\n<p>Monograf\u00eda cient\u00edfica dentro del \u00e1mbito de la matem\u00e1tica aplicada. Se ocupa de los c\u00e1lculos que intevienen en la resoluci\u00f3n de los problemas fundamentales de la astrolog\u00eda, para los que se requieren procedimientos espec\u00edficos, distintos de los que se aplican a la astronom\u00eda de posici\u00f3n.<\/p>\n\n\n\n<p>2.- (con Jan P. Hogendijk) \u201cProgressions, Rays and Houses in Medieval Islamic Astrology: A Mathematical Classification\u201d, Suhayl. International Journal for the History of the Exact and Natural Sciences in Islamic Civilisation, 11 (2012: International Union of the History and Philosophy of Science \u2013 Commission on History of Science and Technology in Islamic Societies \u2013 University of Barcelona), 33-102.<\/p>\n\n\n\n<p>Clasificaci\u00f3n matem\u00e1tica exhaustiva de los procedimientos y modos de resoluci\u00f3n que los matem\u00e1ticos dise\u00f1aron para como herramientas de c\u00e1lculo para la pr\u00e1ctica de la astrolog\u00eda.<\/p>\n\n\n\n<p>3.- \u201cThe Contents of Q\u0101sim ibn Mu\u00d0\u0101rrif al-Qa\u00d0\u00d0\u0101n&#8217;s Kit\u0101b al-hay&#8217;a\u201d, The formation of the Classical Islamic World. The formation of al-Andalus. Part 2: Language, Religion, Culture and the Sciences, Ashgate VARIORUM (Aldershot \u2013 Brookfield USA \u2013 Singapore &#8211; Sydney), 1998, 339-358. ISBN: 0-86078-709-5.<\/p>\n\n\n\n<p>S\u00edntesis de los contenidos de una tratado de astronom\u00eda del siglo X. Representa la primera evidencia del conocimiento de Ptolomeo en Europa, que aparece junto a otras tradiciones cient\u00edficas de origen indio y peninsular. Referencia imprescindible para entender la g\u00e9nesis de la ciencia en al-Andalus.<\/p>\n\n\n\n<p>4.- \u201cEl \u00faltimo cap\u00edtulo del Kit\u0101b al-asr\u0101r f\u00f7 nat\u0101\u00ffi\u00a5 al-afk\u0101r\u201d, From Baghdad to Barcelona. Studies in the Islamic Exact Sciences in Honour of Prof. Juan Vernet, Universitat de Barcelona, 1996, vol. 2, 613-654. Dip\u00f2sit legal: B. 31311 \u2013 1996.<\/p>\n\n\n\n<p>An\u00e1lisis de la descripci\u00f3n de un curioso reloj de sol que aparece en un tratado andalus\u00ed de mec\u00e1nica copiado en la corte de Alfonso el Sabio. Es el primero de una serie de trabajos dedicados a la ingenier\u00eda mec\u00e1nica medieval:<\/p>\n\n\n\n<p>&#8211; \u201cTecnologia e meccanica: al-Mur\u0101d\u012b e la tradizione andalusa\u201d, Storia della Scienza Treccani, a cura di Sandro Petruccioli e altri, vol. 3 (Roma, 2002), 686-688; \u201cIbn Jalaf al-Mur\u0101d\u012b\u201d, Biblioteca de al-Andalus. Enciclopedia de la Cultura Andalus\u00ed, vol. III (Almer\u00eda, 2004), 569-570; \u201cMechanics and Engineering\u201d, The Oxford Encyclopedia of Islam and Philosophy, Science and Technology, Oxford University Press (2014), 537-542.<\/p>\n\n\n\n<p>5.- \u201cLas Tablas Astron\u00f3micas de Pedro Alfonso\u201d, Estudios sobre Pedro Alfonso de Huesca, CSIC &#8211; Instituto de Estudios Altoaragoneses, 1996, 349-366. ISBN: 84-8127-047-4.<\/p>\n\n\n\n<p>An\u00e1lisis de la adaptaci\u00f3n al calendario cristiano de las tablas astron\u00f3micas de al-Jw\u00d7r\u00f7zm\u00f7 realizada por el jud\u00edo converso Pedro Alfonso de Huesca.<\/p>\n","protected":false},"excerpt":{"rendered":"<p>Josep Casulleras Closa InvestigadorProfesor agregadoUniversidad de Barcelona &#8211; Facultad d Filolog\u00eda y Comunicaci\u00f3nSecci\u00f3 d\u2019\u00c0rab del Departament de Filologia Cl\u00e0ssica, Rom\u00e0nica i Sem\u00edticaTel. 934035609 Publicaciones seleccionadas 1.- La astrolog\u00eda de los matem\u00e1ticos. La matem\u00e1tica aplicada a la astrolog\u00eda a trav\u00e9s de la obra de Ibn Mu\u0101\u1e0f de Ja\u00e9n, Universitat de Barcelona, 2010, 356 p\u00e0gs. ISBN: 978-84-475-3441-8. [&hellip;]<\/p>\n","protected":false},"author":14,"featured_media":0,"parent":0,"menu_order":0,"comment_status":"closed","ping_status":"closed","template":"","meta":{"footnotes":""},"class_list":["post-459","page","type-page","status-publish","hentry"],"_links":{"self":[{"href":"https:\/\/webs.uab.cat\/islamolatina\/wp-json\/wp\/v2\/pages\/459","targetHints":{"allow":["GET"]}}],"collection":[{"href":"https:\/\/webs.uab.cat\/islamolatina\/wp-json\/wp\/v2\/pages"}],"about":[{"href":"https:\/\/webs.uab.cat\/islamolatina\/wp-json\/wp\/v2\/types\/page"}],"author":[{"embeddable":true,"href":"https:\/\/webs.uab.cat\/islamolatina\/wp-json\/wp\/v2\/users\/14"}],"replies":[{"embeddable":true,"href":"https:\/\/webs.uab.cat\/islamolatina\/wp-json\/wp\/v2\/comments?post=459"}],"version-history":[{"count":1,"href":"https:\/\/webs.uab.cat\/islamolatina\/wp-json\/wp\/v2\/pages\/459\/revisions"}],"predecessor-version":[{"id":690,"href":"https:\/\/webs.uab.cat\/islamolatina\/wp-json\/wp\/v2\/pages\/459\/revisions\/690"}],"wp:attachment":[{"href":"https:\/\/webs.uab.cat\/islamolatina\/wp-json\/wp\/v2\/media?parent=459"}],"curies":[{"name":"wp","href":"https:\/\/api.w.org\/{rel}","templated":true}]}}