{"id":462,"date":"2019-12-03T12:24:47","date_gmt":"2019-12-03T12:24:47","guid":{"rendered":"https:\/\/webs.uab.cat\/islamolatina\/ivana_arsic\/"},"modified":"2024-09-30T16:31:41","modified_gmt":"2024-09-30T16:31:41","slug":"ivana_arsic","status":"publish","type":"page","link":"https:\/\/webs.uab.cat\/islamolatina\/ivana_arsic\/","title":{"rendered":"Ivana N. Arsi\u0107"},"content":{"rendered":"\n<div class=\"wp-block-media-text is-stacked-on-mobile\" style=\"grid-template-columns:35% auto\"><figure class=\"wp-block-media-text__media\"><img loading=\"lazy\" decoding=\"async\" width=\"400\" height=\"400\" src=\"https:\/\/webs.uab.cat\/islamolatina\/wp-content\/uploads\/sites\/382\/2024\/09\/1584042627340.jpeg\" alt=\"\" class=\"wp-image-1153 size-full\" srcset=\"https:\/\/webs.uab.cat\/islamolatina\/wp-content\/uploads\/sites\/382\/2024\/09\/1584042627340.jpeg 400w, https:\/\/webs.uab.cat\/islamolatina\/wp-content\/uploads\/sites\/382\/2024\/09\/1584042627340-300x300.jpeg 300w, https:\/\/webs.uab.cat\/islamolatina\/wp-content\/uploads\/sites\/382\/2024\/09\/1584042627340-150x150.jpeg 150w\" sizes=\"auto, (max-width: 400px) 100vw, 400px\" \/><\/figure><div class=\"wp-block-media-text__content\">\n<p><a href=\"mailto:ivana.arsic@upf.edu\" data-type=\"mailto\" data-id=\"mailto:ivana.arsic@upf.edu\">Ivana Arsi\u0107<\/a><\/p>\n\n\n\n<p><strong>Equipo de trabajo<\/strong><\/p>\n\n\n\n<p>Marie Sk\u0142odowska-Curie Postdoctoral Research Fellow<\/p>\n\n\n\n<p>Universidad Pompeu Fabra &#8211; Departamento de Humanidades (2023\u20132025)<\/p>\n\n\n\n<p>ORCID: 0000-0003-4767-8559<\/p>\n<\/div><\/div>\n\n\n\n<p><strong>Proyecto:<\/strong><\/p>\n\n\n\n<p>CONVERSAS &#8211; Conversas of Muslim and Jewish Origin in the Premodern Crown of Aragon: Parallels and Contrasts<\/p>\n\n\n\n<p><strong>Formaci\u00f3n Acad\u00e9mica:<\/strong><\/p>\n\n\n\n<p>Doctorado en Culturas en Contacto en el Mediterr\u00e1neo &#8211; Universidad Aut\u00f3noma de Barcelona, 2017.<\/p>\n\n\n\n<p>M\u00e1ster en Estudios Cl\u00e1sicos &#8211; Universidad de Belgrado, 2013.<\/p>\n\n\n\n<p>Grado en Estudios Cl\u00e1sicos &#8211; Universidad de Belgrado, 2012.<\/p>\n\n\n\n<p><strong>Enlaces a Redes Sociales y Redes Acad\u00e9micas:<\/strong><\/p>\n\n\n\n<p><a href=\"https:\/\/www.researchgate.net\/profile\/Ivana-Arsic\" data-type=\"link\" data-id=\"https:\/\/www.researchgate.net\/profile\/Ivana-Arsic\">Research Gate<\/a><\/p>\n\n\n\n<p><a href=\"https:\/\/www.linkedin.com\/in\/ivana-arsic-idn\/?originalSubdomain=es\" data-type=\"link\" data-id=\"https:\/\/www.linkedin.com\/in\/ivana-arsic-idn\/?originalSubdomain=es\">LinkedIn<\/a><\/p>\n\n\n\n<p><a href=\"https:\/\/upf.academia.edu\/IvanaArsic\" data-type=\"link\" data-id=\"https:\/\/upf.academia.edu\/IvanaArsic\">ACADEMIA<\/a><\/p>\n","protected":false},"excerpt":{"rendered":"<p>Ivana Arsi\u0107 Equipo de trabajo Marie Sk\u0142odowska-Curie Postdoctoral Research Fellow Universidad Pompeu Fabra &#8211; Departamento de Humanidades (2023\u20132025) ORCID: 0000-0003-4767-8559 Proyecto: CONVERSAS &#8211; Conversas of Muslim and Jewish Origin in the Premodern Crown of Aragon: Parallels and Contrasts Formaci\u00f3n Acad\u00e9mica: Doctorado en Culturas en Contacto en el Mediterr\u00e1neo &#8211; Universidad Aut\u00f3noma de Barcelona, 2017. M\u00e1ster [&hellip;]<\/p>\n","protected":false},"author":14,"featured_media":0,"parent":0,"menu_order":0,"comment_status":"closed","ping_status":"closed","template":"","meta":{"footnotes":""},"class_list":["post-462","page","type-page","status-publish","hentry"],"_links":{"self":[{"href":"https:\/\/webs.uab.cat\/islamolatina\/wp-json\/wp\/v2\/pages\/462","targetHints":{"allow":["GET"]}}],"collection":[{"href":"https:\/\/webs.uab.cat\/islamolatina\/wp-json\/wp\/v2\/pages"}],"about":[{"href":"https:\/\/webs.uab.cat\/islamolatina\/wp-json\/wp\/v2\/types\/page"}],"author":[{"embeddable":true,"href":"https:\/\/webs.uab.cat\/islamolatina\/wp-json\/wp\/v2\/users\/14"}],"replies":[{"embeddable":true,"href":"https:\/\/webs.uab.cat\/islamolatina\/wp-json\/wp\/v2\/comments?post=462"}],"version-history":[{"count":4,"href":"https:\/\/webs.uab.cat\/islamolatina\/wp-json\/wp\/v2\/pages\/462\/revisions"}],"predecessor-version":[{"id":1156,"href":"https:\/\/webs.uab.cat\/islamolatina\/wp-json\/wp\/v2\/pages\/462\/revisions\/1156"}],"wp:attachment":[{"href":"https:\/\/webs.uab.cat\/islamolatina\/wp-json\/wp\/v2\/media?parent=462"}],"curies":[{"name":"wp","href":"https:\/\/api.w.org\/{rel}","templated":true}]}}