{"id":467,"date":"2021-03-03T12:05:20","date_gmt":"2021-03-03T12:05:20","guid":{"rendered":"https:\/\/webs.uab.cat\/islamolatina\/guillem_gavalda\/"},"modified":"2025-01-10T13:38:15","modified_gmt":"2025-01-10T13:38:15","slug":"guillem_gavalda","status":"publish","type":"page","link":"https:\/\/webs.uab.cat\/islamolatina\/guillem_gavalda\/","title":{"rendered":"Guillem Gavald\u00e0 Mestres"},"content":{"rendered":"\n<div class=\"wp-block-media-text is-stacked-on-mobile\" style=\"grid-template-columns:35% auto\"><figure class=\"wp-block-media-text__media\"><img loading=\"lazy\" decoding=\"async\" width=\"1208\" height=\"1560\" src=\"https:\/\/webs.uab.cat\/islamolatina\/wp-content\/uploads\/sites\/382\/2019\/04\/foto_perfil_islamolatina._guillem_gavalda.jpg\" alt=\"\" class=\"wp-image-432 size-full\" srcset=\"https:\/\/webs.uab.cat\/islamolatina\/wp-content\/uploads\/sites\/382\/2019\/04\/foto_perfil_islamolatina._guillem_gavalda.jpg 1208w, https:\/\/webs.uab.cat\/islamolatina\/wp-content\/uploads\/sites\/382\/2019\/04\/foto_perfil_islamolatina._guillem_gavalda-232x300.jpg 232w, https:\/\/webs.uab.cat\/islamolatina\/wp-content\/uploads\/sites\/382\/2019\/04\/foto_perfil_islamolatina._guillem_gavalda-793x1024.jpg 793w, https:\/\/webs.uab.cat\/islamolatina\/wp-content\/uploads\/sites\/382\/2019\/04\/foto_perfil_islamolatina._guillem_gavalda-768x992.jpg 768w, https:\/\/webs.uab.cat\/islamolatina\/wp-content\/uploads\/sites\/382\/2019\/04\/foto_perfil_islamolatina._guillem_gavalda-1189x1536.jpg 1189w, https:\/\/webs.uab.cat\/islamolatina\/wp-content\/uploads\/sites\/382\/2019\/04\/foto_perfil_islamolatina._guillem_gavalda-1200x1550.jpg 1200w\" sizes=\"auto, (max-width: 1208px) 100vw, 1208px\" \/><\/figure><div class=\"wp-block-media-text__content\">\n<p><a href=\"mailto:guillem.gavalda@uab.cat\">Guillem Gavald\u00e0 Mestres<\/a><\/p>\n\n\n\n<p><strong>Becario<\/strong><br>Doctorando<br>Universidad Aut\u00f3noma de Barcelona<br>Facultad de Filosof\u00eda y Letras &#8211; Departamento de Ciencias de la Antig\u00fcedad y Edad Media<\/p>\n<\/div><\/div>\n\n\n\n<h2 class=\"wp-block-heading\"><strong>Estudis<\/strong><\/h2>\n\n\n\n<ul class=\"wp-block-list\">\n<li>Graduat en Estudis Cl\u00e0ssics per&nbsp;la Universitat Aut\u00f2noma de Barcelona (2019).<\/li>\n\n\n\n<li>M\u00e0ster en Prehist\u00f2ria, Antiguitat i Edat Mitjana per&nbsp;la Universitat Aut\u00f2noma de Barcelona (2021). Treball final de m\u00e0ster:<em>&nbsp;Edici\u00f3 cr\u00edtica i comentari filol\u00f2gic del prohemium del Fortalitium Fidei d&#8217;Alfonso de Espina. <\/em>Direcci\u00f3: Dr. Alexander Fidora i Dra. C\u00e1ndida Ferrero.<\/li>\n\n\n\n<li>Actualment realitzant la seva tesi doctoral sobre el &#8220;De bello sarracenorum&#8221; del <em>Fortalitium Fidei<\/em> d&#8217;Alfonso de Espina sota la direcci\u00f3 de&nbsp;Dr. Alexander Fidora i Dra. C\u00e1ndida Ferrero (2022-)<\/li>\n<\/ul>\n\n\n\n<h2 class=\"wp-block-heading\"><strong>Congressos i formaci\u00f3<\/strong><\/h2>\n\n\n\n<ul class=\"wp-block-list\">\n<li>(2022)<em> VII Corso Internazionale di Formazione sulle Problematiche del Manoscritto<\/em>. (SISMEL \u2013 Societ\u00e0 Internazionale per lo Studio del Medioevo Latino in collaborazione con BNCF \u2013 Biblioteca Nazionale Centrale di Firenze, Sez. Manoscritti ASF &#8211; Archivio di Stato di Firenze)<\/li>\n\n\n\n<li>(2022) <em>International Summer School : \u201cThe Qur\u2019an in inter-Christian polemic\u201d<\/em>&nbsp;(ERC project \u201cThe European Qur\u2019an\u201d)<\/li>\n\n\n\n<li>(2022)<em> II Congr\u00e9s Internacional:\u201d Traductio et Traditio II. La transmissi\u00f3 del saber en l\u2019Edat Mitjana\u201d <\/em>(Universitat d\u2019Alacant)<\/li>\n\n\n\n<li>(2022)<em> VIII Congreso Internacional de Lat\u00edn Medieval Hisp\u00e1nico<\/em> (Universidad de Valladolid)<\/li>\n<\/ul>\n\n\n\n<p><\/p>\n\n\n\n<ul class=\"wp-block-list\">\n<li><em>Contra falsitatem et malitiam Maccometti: inventio<\/em> y rescriptura en fuentes latinas medievales y modernas (4 juliol 2021, Bellaterra) \u2014 T\u00edtol de la presentaci\u00f3: \u201cLa \u00abbestializaci\u00f3n\u00bb apocal\u00edptica de Mahoma en el <em>Fortalitium fidei <\/em>de Alfonso de Espina\u201d.<\/li>\n\n\n\n<li>EuQu Summer School \u201cThe Qur\u2019an in inter-Christian polemic&#8221; (13-17 juny 2022, Nantes) \u2014 T\u00edtol de la presentaci\u00f3: \u201cThe personification of the Antichrist in Matthew Sutcliffe\u2019s <em>De pontifice romano<\/em>\u201d.<\/li>\n\n\n\n<li>VIII Congreso Internacional de Lat\u00edn Medieval Hisp\u00e1nico (12-15 juny 2022, Valladolid) \u2014 T\u00edtol de la presentaci\u00f3: \u201c<em>Duodecim lapides<\/em> <em>preciosi ciuitatis Iherusalem<\/em>: study of the precious gems described in the <em>Fortalitium fidei <\/em>by Alfonso de Espina\u201d.<\/li>\n\n\n\n<li>II Congr\u00e9s Internacional Traductio et Traditio (6-8 juliol 2022, Alacant) \u2014T\u00edtol de la presentaci\u00f3: \u201cTradici\u00f3n de los manuscritos franceses de <em>Fortalitium fidei <\/em>de Alfonso de Espina\u201d.<\/li>\n\n\n\n<li>Editare, commentare, interpretare. Approcci multiformi al testo letterario \u2013 IX Edizione (29 septembre \u2013 1\u00b0 octobre 2022, Roma) \u2014 T\u00edtol de la presentaci\u00f3: \u201c<em>Turris fortitudinis a facie inimici<\/em>: allegory and artifice in Alfonso de Espina\u2019s <em>Fortalitium fidei<\/em> prologue\u201d.<\/li>\n\n\n\n<li>VII Seminario Internacional Islamolatina, \u201cRelaciones Interculturales en el Mediterr\u00e1neo en la \u00e9poca premoderna: Una retrospectiva\u201d (10-11 novembre 2022, Bellaterra) \u2014 T\u00edtol de la presentaci\u00f3: \u201cPaisaje c\u00f3smico y spiritual en el <em>Fortalitium fidei<\/em> de Alfonso de Espina\u201d.<\/li>\n\n\n\n<li>Workshop on Medieval Manuscripts and Early Modern Printings (15 decembre 2023, Bellaterra) \u2014T\u00edtol de la presentaci\u00f3: \u201cLa tradici\u00f3 manuscrita del <em>Fortalitium fidei<\/em> de Alfonso de Espina\u201d.<\/li>\n\n\n\n<li>Methods and Practice in Classics Workshop (26 mar\u00e7 2024, Cambridge, Mass.) \u2014 T\u00edtol de la presentaci\u00f3: \u201cThe Manuscript Transmission of the <em>Fortalitium fidei<\/em>\u201d.<\/li>\n<\/ul>\n\n\n\n<h2 class=\"wp-block-heading\">Publicacions<\/h2>\n\n\n\n<ul class=\"wp-block-list\">\n<li>Gavald\u00e0 Mestres, G. (2023). \u201cLos manuscritos latinos del <em>Fortalitium fidei<\/em> de Alfonso de Espina\u201d. <em>Anuario de Estudios Medievales<\/em>, 53(2), 727\u2013756.<\/li>\n\n\n\n<li>Gavald\u00e0 Mestres, G. (2023). \u201cPlasticidad crom\u00e1tica en la descripci\u00f3n gemol\u00f3gica del <em>Fortalitium fidei<\/em> de Alfonso de Espina\u201d. In: <em>La latinidad medieval. Estudios hisp\u00e1nicos<\/em> 2022, ed. Estrella P\u00e9rez et al., Florencia: SISMEL, 2023, 439-452.<\/li>\n\n\n\n<li>Gavald\u00e0 Mestres, G. (2024). \u201cLight in the <em>Fortalitium fidei<\/em>\u201d. <em>Ehumanista IVITRA <\/em>(26), 168-179.<\/li>\n<\/ul>\n\n\n\n<h2 class=\"wp-block-heading\">Projectes<\/h2>\n\n\n\n<p> FI 2022: \u201cEl Talmud latino: edici\u00f3n y estudio del dossier\u201d [PID2020-112592GB-I00] e \u201cFuentes Medievales y Modernas para el Estudio de las Relaciones Transculturales en el Mediterraneo: Redacci\u00f3n y Transmisi\u00f3n\u201d [PGC2018-093472-B-C31].<\/p>\n\n\n\n<p>Beca Fundaci\u00f3n Ana Mar\u00eda Aldama, VIII Congreso Internacional de Lat\u00edn Medieval Hisp\u00e1nico [Valladolid, 12-15 juny 2022].<\/p>\n\n\n\n<h2 class=\"wp-block-heading\">M\u00e9s informaci\u00f3<\/h2>\n\n\n\n<p>Ha impartit la asignatura Cultura Cl\u00e0ssica (Codi: 100015), curs acad\u00e8mic 2022-23, que s&#8217;enmarca dintre del Grau en Ci\u00e8ncies de l&#8217;Antiguitat, Universitat Aut\u00f2noma de Barcelona.<\/p>\n\n\n\n<p>Ha impartit la asignatura Historiografia i Orat\u00f2ria Llatines (Codi: 104200), cursos acad\u00e8mics 2023-24 y 2024-25, que s&#8217;enmarca dintre del Grau en Ci\u00e8ncies de l&#8217;Antiguitat, Universitat Aut\u00f2noma de Barcelona.<\/p>\n\n\n\n<p>Ha realitzat la seva estada predoctoral, sota la supervisi\u00f3 del profesor Jan Ziolkowski, al depertament d&#8217;Estudis Cl\u00e0ssics a la Universitat de Harvard (febrer &#8211; maig 2024).<\/p>\n","protected":false},"excerpt":{"rendered":"<p>Guillem Gavald\u00e0 Mestres BecarioDoctorandoUniversidad Aut\u00f3noma de BarcelonaFacultad de Filosof\u00eda y Letras &#8211; Departamento de Ciencias de la Antig\u00fcedad y Edad Media Estudis Congressos i formaci\u00f3 Publicacions Projectes FI 2022: \u201cEl Talmud latino: edici\u00f3n y estudio del dossier\u201d [PID2020-112592GB-I00] e \u201cFuentes Medievales y Modernas para el Estudio de las Relaciones Transculturales en el Mediterraneo: Redacci\u00f3n y [&hellip;]<\/p>\n","protected":false},"author":14,"featured_media":0,"parent":0,"menu_order":0,"comment_status":"closed","ping_status":"closed","template":"","meta":{"footnotes":""},"class_list":["post-467","page","type-page","status-publish","hentry"],"_links":{"self":[{"href":"https:\/\/webs.uab.cat\/islamolatina\/wp-json\/wp\/v2\/pages\/467","targetHints":{"allow":["GET"]}}],"collection":[{"href":"https:\/\/webs.uab.cat\/islamolatina\/wp-json\/wp\/v2\/pages"}],"about":[{"href":"https:\/\/webs.uab.cat\/islamolatina\/wp-json\/wp\/v2\/types\/page"}],"author":[{"embeddable":true,"href":"https:\/\/webs.uab.cat\/islamolatina\/wp-json\/wp\/v2\/users\/14"}],"replies":[{"embeddable":true,"href":"https:\/\/webs.uab.cat\/islamolatina\/wp-json\/wp\/v2\/comments?post=467"}],"version-history":[{"count":4,"href":"https:\/\/webs.uab.cat\/islamolatina\/wp-json\/wp\/v2\/pages\/467\/revisions"}],"predecessor-version":[{"id":1177,"href":"https:\/\/webs.uab.cat\/islamolatina\/wp-json\/wp\/v2\/pages\/467\/revisions\/1177"}],"wp:attachment":[{"href":"https:\/\/webs.uab.cat\/islamolatina\/wp-json\/wp\/v2\/media?parent=467"}],"curies":[{"name":"wp","href":"https:\/\/api.w.org\/{rel}","templated":true}]}}