{"id":82,"date":"2009-05-25T13:27:53","date_gmt":"2009-05-25T13:27:53","guid":{"rendered":"https:\/\/webs.uab.cat\/islamolatina\/infraestructura\/"},"modified":"2024-09-19T15:04:10","modified_gmt":"2024-09-19T15:04:10","slug":"infraestructura","status":"publish","type":"page","link":"https:\/\/webs.uab.cat\/islamolatina\/infraestructura\/","title":{"rendered":"Colaboradores"},"content":{"rendered":"\n<div class=\"wp-block-media-text is-stacked-on-mobile\" style=\"grid-template-columns:35% auto\"><figure class=\"wp-block-media-text__media\"><img loading=\"lazy\" decoding=\"async\" width=\"2311\" height=\"2314\" src=\"https:\/\/webs.uab.cat\/islamolatina\/wp-content\/uploads\/sites\/382\/2019\/04\/img_20190407_142000.jpg\" alt=\"\" class=\"wp-image-430 size-full\" srcset=\"https:\/\/webs.uab.cat\/islamolatina\/wp-content\/uploads\/sites\/382\/2019\/04\/img_20190407_142000.jpg 2311w, https:\/\/webs.uab.cat\/islamolatina\/wp-content\/uploads\/sites\/382\/2019\/04\/img_20190407_142000-300x300.jpg 300w, https:\/\/webs.uab.cat\/islamolatina\/wp-content\/uploads\/sites\/382\/2019\/04\/img_20190407_142000-1024x1024.jpg 1024w, https:\/\/webs.uab.cat\/islamolatina\/wp-content\/uploads\/sites\/382\/2019\/04\/img_20190407_142000-150x150.jpg 150w, https:\/\/webs.uab.cat\/islamolatina\/wp-content\/uploads\/sites\/382\/2019\/04\/img_20190407_142000-768x769.jpg 768w, https:\/\/webs.uab.cat\/islamolatina\/wp-content\/uploads\/sites\/382\/2019\/04\/img_20190407_142000-1534x1536.jpg 1534w, https:\/\/webs.uab.cat\/islamolatina\/wp-content\/uploads\/sites\/382\/2019\/04\/img_20190407_142000-2045x2048.jpg 2045w, https:\/\/webs.uab.cat\/islamolatina\/wp-content\/uploads\/sites\/382\/2019\/04\/img_20190407_142000-1200x1202.jpg 1200w, https:\/\/webs.uab.cat\/islamolatina\/wp-content\/uploads\/sites\/382\/2019\/04\/img_20190407_142000-1980x1983.jpg 1980w\" sizes=\"auto, (max-width: 2311px) 100vw, 2311px\" \/><\/figure><div class=\"wp-block-media-text__content\">\n<p><a href=\"mailto:agustin.justicia@uab.cat\">Agust\u00ed Justicia Lara<\/a><\/p>\n\n\n\n<p><strong>Colaborador<\/strong><br><br>Universidad Aut\u00f3noma de Barcelona<br>Facultad de Filosof\u00eda y Letras &#8211; Departamento de Ciencias de la Antig\u00fcedad y de la Edad Media<\/p>\n\n\n\n<p><a href=\"https:\/\/webs.uab.cat\/islamolatina\/agusti-justicia\">M\u00e1s informaci\u00f3n<\/a> &#8211; <a href=\"https:\/\/webs.uab.cat\/islamolatina\/agusti-justicia-publicaciones\">Publicaciones<\/a><\/p>\n<\/div><\/div>\n\n\n\n<div class=\"wp-block-media-text is-stacked-on-mobile\" style=\"grid-template-columns:35% auto\"><figure class=\"wp-block-media-text__media\"><img decoding=\"async\" src=\"http:\/\/grupsderecerca.uab.cat\/islamolatina\/sites\/grupsderecerca.uab.cat.islamolatina\/files\/images\/archivium%20lullianum.JPG\" alt=\"\" \/><\/figure><div class=\"wp-block-media-text__content\">\n<p><a href=\"mailto:pere.villalba@gmail.com\">Archivivm Lvllianvm<br>Pere Villalba i Varneda (dir.)<\/a><\/p>\n\n\n\n<p><strong>Colaborador<\/strong><\/p>\n\n\n\n<p>Universidad Aut\u00f3noma de Barcelona<br>Facultad de Filosof\u00eda y Letras &#8211; Departamento de Ciencias de la Antig\u00fcedad y de la Edad Media<\/p>\n\n\n\n<p><a href=\"https:\/\/webs.uab.cat\/islamolatina\/archivivm-lvllianvm\/\" data-type=\"page\" data-id=\"159\">M\u00e1s informaci\u00f3n<\/a> &#8211; <a href=\"http:\/\/webs.uab.cat\/islamolatina\/publicaciones-de-archivivm-lvllianvm\">Publicaciones<\/a><\/p>\n<\/div><\/div>\n\n\n\n<div class=\"wp-block-media-text is-stacked-on-mobile\" style=\"grid-template-columns:35% auto\"><figure class=\"wp-block-media-text__media\"><img decoding=\"async\" src=\"http:\/\/grupsderecerca.uab.cat\/islamolatina\/sites\/grupsderecerca.uab.cat.islamolatina\/files\/PereVillalba_250.jpg\" alt=\"\" \/><\/figure><div class=\"wp-block-media-text__content\">\n<p><a href=\"mailto:Pere.Villalba@uab.cat\">Pere Villalba Varneda<\/a><\/p>\n\n\n\n<p><strong>Colaborador<\/strong><\/p>\n\n\n\n<p>Universidad Aut\u00f3noma de Barcelona<br>Facultad de Filosof\u00eda y Letras &#8211; Departamento de Ciencias de la Antig\u00fcedad y de la Edad Media<\/p>\n\n\n\n<p><a href=\"http:\/\/webs.uab.cat\/islamolatina\/publicaciones-de-pere-villalba-varneda\">Publicaciones<\/a><\/p>\n<\/div><\/div>\n\n\n\n<div class=\"wp-block-media-text is-stacked-on-mobile\" style=\"grid-template-columns:35% auto\"><figure class=\"wp-block-media-text__media\"><img decoding=\"async\" src=\"http:\/\/grupsderecerca.uab.cat\/islamolatina\/sites\/grupsderecerca.uab.cat.islamolatina\/files\/images\/fotoescola.jpg\" alt=\"\" \/><\/figure><div class=\"wp-block-media-text__content\">\n<p><a href=\"mailto:josepmaria.escola@uab.cat\">Josep Maria Escol\u00e0 Tuse<\/a><\/p>\n\n\n\n<p><strong>Investigador<\/strong><br>Profesor Titular de Filolog\u00eda Latina<br>Universidad Aut\u00f3noma de Barcelona<br>Facultad de Filosof\u00eda y Letras &#8211; Departamento de Ciencias de la Antig\u00fcedad y de la Edad Media<\/p>\n\n\n\n<p><a href=\"https:\/\/webs.uab.cat\/islamolatina\/josep-maria-escola\/\" data-type=\"page\" data-id=\"275\">M\u00e1s informaci\u00f3n<\/a> &#8211; <a href=\"https:\/\/webs.uab.cat\/islamolatina\/publicaciones-de-josep-maria-escola\/\" data-type=\"page\" data-id=\"276\">Publicaciones<\/a><\/p>\n<\/div><\/div>\n\n\n\n<div class=\"wp-block-media-text is-stacked-on-mobile\" style=\"grid-template-columns:35% auto\"><figure class=\"wp-block-media-text__media\"><img decoding=\"async\" src=\"http:\/\/grupsderecerca.uab.cat\/islamolatina\/sites\/grupsderecerca.uab.cat.islamolatina\/files\/images\/Fotomargacastells.jpg\" alt=\"\" \/><\/figure><div class=\"wp-block-media-text__content\">\n<p><a href=\"mailto:kamarg@hotmail.com\">Margarita Castells Criball\u00e9s<\/a><\/p>\n\n\n\n<p><strong>Investigadora<\/strong><br>Profesora colaboradora<br>Universidad de Barcelona<br>Facultad de Filolog\u00eda y Comunicaci\u00f3n &#8211; Departamento de Filolog\u00eda Sem\u00edtica<\/p>\n\n\n\n<p><a href=\"https:\/\/webs.uab.cat\/islamolatina\/margarita-castells-criballes\/\" data-type=\"page\" data-id=\"146\">M\u00e1s informaci\u00f3n<\/a> &#8211; <a href=\"https:\/\/webs.uab.cat\/islamolatina\/publicaciones-de-margarita-castells-criballes\/\" data-type=\"page\" data-id=\"147\">Publicaciones<\/a><\/p>\n<\/div><\/div>\n\n\n\n<div class=\"wp-block-media-text is-stacked-on-mobile\" style=\"grid-template-columns:35% auto\"><figure class=\"wp-block-media-text__media\"><img decoding=\"async\" src=\"http:\/\/grupsderecerca.uab.cat\/islamolatina\/sites\/grupsderecerca.uab.cat.islamolatina\/files\/images\/Fotocarnet%20Ra__l.jpg\" alt=\"\" \/><\/figure><div class=\"wp-block-media-text__content\">\n<p><a href=\"mailto:Raul.Platas@uab.cat\">Ra\u00fal Platas Romero<\/a><\/p>\n\n\n\n<p><strong>Colaborador<\/strong><\/p>\n\n\n\n<p>Universidad Aut\u00f3noma de Barcelona<br>Facultad de Filosof\u00eda y Letras &#8211; Departamento de Ciencias de la Antig\u00fcedad y de la Edad Media<br>&nbsp;<a href=\"https:\/\/webs.uab.cat\/islamolatina\/raul-platas-romero\/\" data-type=\"page\" data-id=\"153\">M\u00e1s informaci\u00f3n<\/a><\/p>\n<\/div><\/div>\n\n\n\n<div class=\"wp-block-media-text is-stacked-on-mobile\" style=\"grid-template-columns:35% auto\"><figure class=\"wp-block-media-text__media\"><img decoding=\"async\" src=\"http:\/\/grupsderecerca.uab.cat\/islamolatina\/sites\/grupsderecerca.uab.cat.islamolatina\/files\/fotoantoni.jpg\" alt=\"\" \/><\/figure><div class=\"wp-block-media-text__content\">\n<p><a href=\"mailto:Antoni.Biosca@uab.cat\">Antoni Biosca i Bas<\/a><\/p>\n\n\n\n<p><strong>Colaborador<\/strong><br>Profesor&nbsp;Titular de Universidad<br>Universidad de Alicante<br>Filosof\u00eda y Letras &#8211; Filolog\u00eda Latina<\/p>\n\n\n\n<p><a href=\"https:\/\/webs.uab.cat\/islamolatina\/antoni-biosca-i-bas\/\" data-type=\"page\" data-id=\"143\">M\u00e1s informaci\u00f3n<\/a> &#8211; <a href=\"https:\/\/webs.uab.cat\/islamolatina\/publicaciones-de-antoni-biosca-i-bas\/\" data-type=\"page\" data-id=\"145\">Publicaciones<\/a><\/p>\n<\/div><\/div>\n\n\n\n<div class=\"wp-block-media-text is-stacked-on-mobile\" style=\"grid-template-columns:35% auto\"><figure class=\"wp-block-media-text__media\"><img decoding=\"async\" src=\"http:\/\/grupsderecerca.uab.cat\/islamolatina\/sites\/grupsderecerca.uab.cat.islamolatina\/files\/foto.jpg\" alt=\"\" \/><\/figure><div class=\"wp-block-media-text__content\">\n<p><a href=\"mailto:antonia.risquez@uab.cat\">Antonia R\u00edsquez Madrid<\/a><\/p>\n\n\n\n<p><strong>Colaboradora<\/strong><br>Profesora asociada<br>Universidad Aut\u00f3noma de Barcelona<br>Facultad de Filosof\u00eda y Letras &#8211; Departamento de Ciencias de la Antig\u00fcedad y de la Edad Media<\/p>\n\n\n\n<p><a href=\"https:\/\/webs.uab.cat\/islamolatina\/antonia_risquez\/\" data-type=\"page\" data-id=\"460\">M\u00e1s informaci\u00f3n<\/a> &#8211; <a href=\"http:\/\/webs.uab.cat\/islamolatina\/antonia_risquez_publicaciones\">Publicaciones<\/a><\/p>\n<\/div><\/div>\n\n\n\n<div class=\"wp-block-media-text is-stacked-on-mobile\" style=\"grid-template-columns:35% auto\"><figure class=\"wp-block-media-text__media\"><img decoding=\"async\" src=\"http:\/\/grupsderecerca.uab.cat\/islamolatina\/sites\/grupsderecerca.uab.cat.islamolatina\/files\/images\/fotomanu.JPG\" alt=\"\" \/><\/figure><div class=\"wp-block-media-text__content\">\n<p><a href=\"mailto:manu-303@gmail.com\">Manuel Montoza Coca<\/a><\/p>\n\n\n\n<p><strong>Colaborador<\/strong><br>Becario FI-DGR<br>Universidad Aut\u00f3noma de Barcelona<br>Facultad de Filosof\u00eda y Letras &#8211; Departamento de Ciencias de la Antig\u00fcedad y de la Edad Media<\/p>\n\n\n\n<p><a href=\"http:\/\/webs.uab.cat\/islamolatina\/Manuel-Montoza-Coca\">M\u00e1s informaci\u00f3n<\/a>&#8211; <a href=\"http:\/\/webs.uab.cat\/islamolatina\/publicaciones-de-manuel-montoza-coca\">Publicaciones<\/a><\/p>\n<\/div><\/div>\n\n\n\n<div class=\"wp-block-media-text is-stacked-on-mobile\" style=\"grid-template-columns:35% auto\"><figure class=\"wp-block-media-text__media\"><img decoding=\"async\" src=\"http:\/\/grupsderecerca.uab.cat\/islamolatina\/sites\/grupsderecerca.uab.cat.islamolatina\/files\/images\/fotocelia2.png\" alt=\"\" \/><\/figure><div class=\"wp-block-media-text__content\">\n<p><a href=\"mailto:uranias.celia@gmail.com\">Celia L\u00f3pez Alcalde<\/a><\/p>\n\n\n\n<p><strong>Colaboradora<\/strong><\/p>\n\n\n\n<p>Universidad Aut\u00f3noma de Barcelona<br>Facultad de Filosof\u00eda y Letras &#8211; Departamento de Ciencias de la Antig\u00fcedad y de la Edad Media<\/p>\n\n\n\n<p><a href=\"https:\/\/webs.uab.cat\/islamolatina\/celia-lopez-alcalde\/\" data-type=\"page\" data-id=\"264\">M\u00e1s informaci\u00f3n<\/a> &#8211; <a href=\"https:\/\/webs.uab.cat\/islamolatina\/publicaciones-de-celia-lopez-alcalde\/\" data-type=\"page\" data-id=\"152\">Publicaciones<\/a><\/p>\n<\/div><\/div>\n\n\n\n<div class=\"wp-block-media-text is-stacked-on-mobile\" style=\"grid-template-columns:35% auto\"><figure class=\"wp-block-media-text__media\"><img decoding=\"async\" src=\"http:\/\/grupsderecerca.uab.cat\/islamolatina\/sites\/grupsderecerca.uab.cat.islamolatina\/files\/Burman_2.jpg\" alt=\"\" \/><\/figure><div class=\"wp-block-media-text__content\">\n<p><a href=\"mailto:tburman@utk.edu\">Thomas Burman<\/a><\/p>\n\n\n\n<p><strong>Colaborador<\/strong><\/p>\n\n\n\n<p>University of Tennessee<br>Department of History<\/p>\n\n\n\n<p><a href=\"http:\/\/history.utk.edu\/peopletwo\/thomas-e-burman\/\">M\u00e1s informaci\u00f3n<\/a> &#8211; <a href=\"https:\/\/webs.uab.cat\/islamolatina\/wp-content\/uploads\/sites\/382\/2016\/11\/Burman-Publications.pdf\" data-type=\"attachment\" data-id=\"86\">Publicaciones<\/a><\/p>\n<\/div><\/div>\n\n\n\n<div class=\"wp-block-media-text is-stacked-on-mobile\" style=\"grid-template-columns:35% auto\"><figure class=\"wp-block-media-text__media\"><img decoding=\"async\" src=\"http:\/\/grupsderecerca.uab.cat\/islamolatina\/sites\/grupsderecerca.uab.cat.islamolatina\/files\/images\/Santiagogj.jpg\" alt=\"\" \/><\/figure><div class=\"wp-block-media-text__content\">\n<p><a href=\"mailto:sgarciala@upsa.es\">Santiago Garc\u00eda-Jal\u00f3n de la Lama<\/a><\/p>\n\n\n\n<p><strong>Colaborador<\/strong><br>Catedr\u00e1tico de Filolog\u00eda Hebrea<br>Univ. Pontificia de Salamanca<\/p>\n\n\n\n<p><a href=\"https:\/\/webs.uab.cat\/islamolatina\/publicaciones-de-santiago-garci-jalon-de-la-lama\/\" data-type=\"page\" data-id=\"175\">Publicaciones<\/a><\/p>\n<\/div><\/div>\n\n\n\n<div class=\"wp-block-media-text is-stacked-on-mobile\" style=\"grid-template-columns:35% auto\"><figure class=\"wp-block-media-text__media\"><img decoding=\"async\" src=\"http:\/\/grupsderecerca.uab.cat\/islamolatina\/sites\/grupsderecerca.uab.cat.islamolatina\/files\/images\/fotomasegosa.gif\" alt=\"\" \/><\/figure><div class=\"wp-block-media-text__content\">\n<p><a href=\"mailto:masegosa@uvigo.es\">Antonio Garc\u00eda Masegosa<\/a><\/p>\n\n\n\n<p><strong>Colaborador<\/strong><br>Profesor Titular de Universidad (jubilado)<br>Universidad de Vigo<\/p>\n\n\n\n<p><a href=\"https:\/\/webs.uab.cat\/islamolatina\/antonio-garci-masegosa\/\" data-type=\"page\" data-id=\"156\">M\u00e1s informaci\u00f3n<\/a> &#8211; <a href=\"https:\/\/webs.uab.cat\/islamolatina\/publicaciones-de-antonio-garci-masegosa\/\" data-type=\"page\" data-id=\"157\">Publicaciones<\/a><\/p>\n<\/div><\/div>\n\n\n\n<div class=\"wp-block-media-text is-stacked-on-mobile\" style=\"grid-template-columns:35% auto\"><figure class=\"wp-block-media-text__media\"><img decoding=\"async\" src=\"http:\/\/grupsderecerca.uab.cat\/islamolatina\/sites\/grupsderecerca.uab.cat.islamolatina\/files\/sebasti%C3%A0_.giralt.jpg\" alt=\"\" \/><\/figure><div class=\"wp-block-media-text__content\">\n<p><a href=\"mailto:sebastia.giralt@uab.cat\">Sebasti\u00e0 Giralt Soler<\/a><\/p>\n\n\n\n<p><strong>Colaborador<\/strong><br>Profesor Agregado<br>Universidad Aut\u00f3noma de Barcelona<br>Facultad de Filosof\u00eda y Letras &#8211; Departamento de Ciencias de la Antig\u00fcedad y de la Edad Media<\/p>\n\n\n\n<p><a href=\"http:\/\/webs.uab.cat\/sebastiagiralt\/\">M\u00e1s informaci\u00f3n<\/a> &#8211; <a href=\"http:\/\/webs.uab.cat\/sebastiagiralt\/divulgacio\">Publicaciones<\/a><\/p>\n<\/div><\/div>\n\n\n\n<div class=\"wp-block-media-text is-stacked-on-mobile\" style=\"grid-template-columns:35% auto\"><figure class=\"wp-block-media-text__media\"><img decoding=\"async\" src=\"http:\/\/grupsderecerca.uab.cat\/islamolatina\/sites\/grupsderecerca.uab.cat.islamolatina\/files\/images\/foto%20tommasino.jpg\" alt=\"\" \/><\/figure><div class=\"wp-block-media-text__content\">\n<p><a href=\"mailto:piermattiatommasino@gmail.com\">Pier Mattia Tommasino<\/a><\/p>\n\n\n\n<p><strong>Colaborador<\/strong><\/p>\n\n\n\n<p>Consejo Superior de Investigaciones Cient\u00edficas (Madrid)<\/p>\n\n\n\n<p><a href=\"http:\/\/webs.uab.cat\/islamolatina\/pier-mattia-tommasino\">M\u00e1s informaci\u00f3n<\/a> &#8211; <a href=\"http:\/\/webs.uab.cat\/islamolatina\/publicaciones-de-pier-mattia-tommasino\">Publicaciones<\/a><\/p>\n<\/div><\/div>\n\n\n\n<div class=\"wp-block-media-text is-stacked-on-mobile\" style=\"grid-template-columns:35% auto\"><figure class=\"wp-block-media-text__media\"><img decoding=\"async\" src=\"http:\/\/grupsderecerca.uab.cat\/islamolatina\/sites\/grupsderecerca.uab.cat.islamolatina\/files\/Tolan.jpg\" alt=\"\" \/><\/figure><div class=\"wp-block-media-text__content\">\n<p><a href=\"mailto:John.Tolan.2@numericable.fr\">John Victor Tolan<\/a><\/p>\n\n\n\n<p><strong>Colaborador<\/strong><\/p>\n\n\n\n<p>Universit\u00e9 de Nantes<br>Departement d&#8217;Histoire<\/p>\n\n\n\n<p><a href=\"http:\/\/www.univ-nantes.fr\/tolan-j\">M\u00e1s informaci\u00f3n<\/a> &#8211; <a href=\"http:\/\/univ-nantes.academia.edu\/JohnTolan\">Publicaciones<\/a><\/p>\n<\/div><\/div>\n\n\n\n<div class=\"wp-block-media-text is-stacked-on-mobile\" style=\"grid-template-columns:35% auto\"><figure class=\"wp-block-media-text__media\"><img decoding=\"async\" src=\"http:\/\/grupsderecerca.uab.cat\/islamolatina\/sites\/grupsderecerca.uab.cat.islamolatina\/files\/Sergi.jpg\" alt=\"\" \/><\/figure><div class=\"wp-block-media-text__content\">\n<p><a href=\"mailto:srgmezrtnez@gmail.com\">Sergi G\u00f3mez Ort\u00ednez<\/a>&nbsp;<\/p>\n\n\n\n<p><strong>Colaborador<\/strong><\/p>\n\n\n\n<p>Estudiante de doctorado<br>Universidad Aut\u00f3noma de Barcelona<br>Facultad de Filosof\u00eda y Letras &#8211; Departamento de Ciencias de la Antig\u00fcedad y de la Edad Media<\/p>\n\n\n\n<p><a href=\"https:\/\/webs.uab.cat\/islamolatina\/sergi-gomez-ortinez\/\" data-type=\"page\" data-id=\"423\">M\u00e1s informaci\u00f3n<\/a><\/p>\n<\/div><\/div>\n\n\n\n<div class=\"wp-block-media-text is-stacked-on-mobile\" style=\"grid-template-columns:34% auto\"><figure class=\"wp-block-media-text__media\"><img decoding=\"async\" src=\"http:\/\/grupsderecerca.uab.cat\/islamolatina\/sites\/grupsderecerca.uab.cat.islamolatina\/files\/M\u00aaCarmen%20Ramos.png\" alt=\"\" \/><\/figure><div class=\"wp-block-media-text__content\">\n<p><a href=\"mailto:srgmezrtnez@gmail.com\">M\u00aa Carmen Ramos Hinojosa<\/a>&nbsp;<\/p>\n\n\n\n<p><strong>Colaboradora<\/strong><\/p>\n\n\n\n<p>Estudiante de Pr\u00e1cticas<br>Universidad Aut\u00f3noma de Barcelona<br>Facultad de Filosof\u00eda y Letras &#8211; Departamento de Ciencias de la Antig\u00fcedad y de la Edad Media<\/p>\n<\/div><\/div>\n\n\n\n<div class=\"wp-block-media-text is-stacked-on-mobile\" style=\"grid-template-columns:20% auto\"><figure class=\"wp-block-media-text__media\"><img decoding=\"async\" src=\"http:\/\/grupsderecerca.uab.cat\/islamolatina\/sites\/grupsderecerca.uab.cat.islamolatina\/files\/M\u00aaCarmen%20Ramos.png\" alt=\"\" \/><\/figure><div class=\"wp-block-media-text__content\">\n<div class=\"wp-block-media-text is-stacked-on-mobile is-vertically-aligned-top\" style=\"grid-template-columns:15% auto\"><figure class=\"wp-block-media-text__media\"><img decoding=\"async\" src=\"http:\/\/grupsderecerca.uab.cat\/islamolatina\/sites\/grupsderecerca.uab.cat.islamolatina\/files\/M\u00aaCarmen%20Ramos.png\" alt=\"\" \/><\/figure><div class=\"wp-block-media-text__content\">\n<p class=\"has-text-align-left\"><a href=\"mailto:anjoalcarter@hotmail.com\">Maria del Carmen Fonollet Pa\u00f1os<\/a><\/p>\n\n\n\n<p class=\"has-text-align-left\"><strong>Colaboradora<\/strong><\/p>\n\n\n\n<p class=\"has-text-align-left\">Doctoranda<br>Universidad Aut\u00f3noma de Barcelona<br>Facultad de Filosof\u00eda y Letras &#8211; Departamento de Ciencias de la Antig\u00fcedad y de la Edad Media<\/p>\n\n\n\n<p class=\"has-text-align-left\"><a href=\"https:\/\/webs.uab.cat\/islamolatina\/maria-del-carmen-fonollet-panos\/\" data-type=\"page\" data-id=\"277\">M\u00e1s informaci\u00f3n<\/a>&#8211; <a href=\"https:\/\/webs.uab.cat\/islamolatina\/publicaciones-de-maria-del-carmen-fonollet-panos\/\" data-type=\"page\" data-id=\"278\">Publicaciones<\/a><\/p>\n<\/div><\/div>\n<\/div><\/div>\n\n\n\n<div class=\"wp-block-media-text is-stacked-on-mobile\" style=\"grid-template-columns:34% auto\"><figure class=\"wp-block-media-text__media\"><img decoding=\"async\" src=\"http:\/\/grupsderecerca.uab.cat\/islamolatina\/sites\/grupsderecerca.uab.cat.islamolatina\/files\/M\u00aaCarmen%20Ramos.png\" alt=\"\" \/><\/figure><div class=\"wp-block-media-text__content\">\n<p>Pedro B\u00e1denas de la Pe\u00f1a<\/p>\n\n\n\n<p><strong>Colaborador<\/strong><\/p>\n\n\n\n<p>Consejo Superior de Investigaciones Cient\u00edficas (Madrid)<\/p>\n<\/div><\/div>\n\n\n\n<div class=\"wp-block-media-text is-stacked-on-mobile\" style=\"grid-template-columns:34% auto\"><figure class=\"wp-block-media-text__media\"><img decoding=\"async\" src=\"http:\/\/grupsderecerca.uab.cat\/islamolatina\/sites\/grupsderecerca.uab.cat.islamolatina\/files\/M\u00aaCarmen%20Ramos.png\" alt=\"\" \/><\/figure><div class=\"wp-block-media-text__content\">\n<p>Xavier Cassassas Canals<\/p>\n\n\n\n<p><strong>Colaborador<\/strong><\/p>\n<\/div><\/div>\n\n\n\n<div class=\"wp-block-media-text is-stacked-on-mobile\" style=\"grid-template-columns:35% auto\"><figure class=\"wp-block-media-text__media\"><img decoding=\"async\" src=\"http:\/\/grupsderecerca.uab.cat\/islamolatina\/sites\/grupsderecerca.uab.cat.islamolatina\/files\/amelie.jpeg\" alt=\"\" \/><\/figure><div class=\"wp-block-media-text__content\">\n<p><a href=\"mailto:kamarg@hotmail.com\">Am\u00e9lie De Las Heras<\/a><\/p>\n\n\n\n<p><strong>Colaboradora<\/strong><br>Fondation Thiers (Centre de recherches humanistes), Histoire, Post-Doc<br>Universit\u00e9 Versailles Saint-Quentin en Yvelines, Institut d&#8217;Etudes Culturelles, Membre associ\u00e9<br>French National Centre for Scientific Research, IRHT, Section Latine, Post-Doc<br><a href=\"https:\/\/cnrs.academia.edu\/Am%C3%A9lieDeLasHeras\">M\u00e1s informaci\u00f3n y publicaciones<\/a><\/p>\n<\/div><\/div>\n\n\n\n<div class=\"wp-block-media-text is-stacked-on-mobile\" style=\"grid-template-columns:35% auto\"><figure class=\"wp-block-media-text__media\"><img decoding=\"async\" src=\"http:\/\/grupsderecerca.uab.cat\/islamolatina\/sites\/grupsderecerca.uab.cat.islamolatina\/files\/Wolf,%20KB.jpg\" alt=\"\" \/><\/figure><div class=\"wp-block-media-text__content\">\n<p><a href=\"mailto:fernangm@udc.es\">Kenneth Baxter Wolf<\/a><\/p>\n\n\n\n<p><strong>Colaborador<\/strong><\/p>\n\n\n\n<p>John Sutton Miner Professor of History and Professor of Classics&nbsp;<br>Pomona College,&nbsp;Claremont, California<\/p>\n\n\n\n<p><a rel=\"noopener\" href=\"http:\/\/pages.pomona.edu\/~kbw14747\/wolf1.htm\" target=\"_blank\">M\u00e1s informaci\u00f3n&nbsp;y publicaciones<\/a><\/p>\n<\/div><\/div>\n\n\n\n<div class=\"wp-block-media-text is-stacked-on-mobile\" style=\"grid-template-columns:35% auto\"><figure class=\"wp-block-media-text__media\"><img loading=\"lazy\" decoding=\"async\" width=\"1920\" height=\"2560\" src=\"https:\/\/webs.uab.cat\/islamolatina\/wp-content\/uploads\/sites\/382\/2019\/04\/img_9850-scaled.jpg\" alt=\"\" class=\"wp-image-433 size-full\" srcset=\"https:\/\/webs.uab.cat\/islamolatina\/wp-content\/uploads\/sites\/382\/2019\/04\/img_9850-scaled.jpg 1920w, https:\/\/webs.uab.cat\/islamolatina\/wp-content\/uploads\/sites\/382\/2019\/04\/img_9850-225x300.jpg 225w, https:\/\/webs.uab.cat\/islamolatina\/wp-content\/uploads\/sites\/382\/2019\/04\/img_9850-768x1024.jpg 768w, https:\/\/webs.uab.cat\/islamolatina\/wp-content\/uploads\/sites\/382\/2019\/04\/img_9850-1152x1536.jpg 1152w, https:\/\/webs.uab.cat\/islamolatina\/wp-content\/uploads\/sites\/382\/2019\/04\/img_9850-1536x2048.jpg 1536w, https:\/\/webs.uab.cat\/islamolatina\/wp-content\/uploads\/sites\/382\/2019\/04\/img_9850-1200x1600.jpg 1200w, https:\/\/webs.uab.cat\/islamolatina\/wp-content\/uploads\/sites\/382\/2019\/04\/img_9850-1980x2640.jpg 1980w\" sizes=\"auto, (max-width: 1920px) 100vw, 1920px\" \/><\/figure><div class=\"wp-block-media-text__content\">\n<p>Alba Mart\u00edn Rodr\u00edguez<\/p>\n\n\n\n<p><strong>Colaboradora<\/strong><\/p>\n\n\n\n<p>T\u00e9cnica Superior de Investigaci\u00f3n<br>Universidad Aut\u00f3noma de Barcelona<br>Facultad de Filosof\u00eda y Letras &#8211; Departamento de Ciencias de la Antig\u00fcedad y de la Edad Media<\/p>\n\n\n\n<p><a href=\"https:\/\/webs.uab.cat\/islamolatina\/alba_martin_rodriguez\">M\u00e1s informaci\u00f3n<\/a><\/p>\n<\/div><\/div>\n\n\n\n<div class=\"wp-block-media-text is-stacked-on-mobile is-vertically-aligned-center\" style=\"grid-template-columns:35% auto\"><figure class=\"wp-block-media-text__media\"><img loading=\"lazy\" decoding=\"async\" width=\"768\" height=\"1024\" src=\"https:\/\/webs.uab.cat\/islamolatina\/wp-content\/uploads\/sites\/382\/2023\/10\/IMG-20231016-WA0001-768x1024.jpg\" alt=\"\" class=\"wp-image-958 size-full\" srcset=\"https:\/\/webs.uab.cat\/islamolatina\/wp-content\/uploads\/sites\/382\/2023\/10\/IMG-20231016-WA0001-768x1024.jpg 768w, https:\/\/webs.uab.cat\/islamolatina\/wp-content\/uploads\/sites\/382\/2023\/10\/IMG-20231016-WA0001-225x300.jpg 225w, https:\/\/webs.uab.cat\/islamolatina\/wp-content\/uploads\/sites\/382\/2023\/10\/IMG-20231016-WA0001-1152x1536.jpg 1152w, https:\/\/webs.uab.cat\/islamolatina\/wp-content\/uploads\/sites\/382\/2023\/10\/IMG-20231016-WA0001.jpg 1200w\" sizes=\"auto, (max-width: 768px) 100vw, 768px\" \/><\/figure><div class=\"wp-block-media-text__content\">\n<p>Alba Rodr\u00edguez Gonz\u00e1les<\/p>\n\n\n\n<p><strong>Colaboradora<\/strong><\/p>\n\n\n\n<p>Estudiante de Pr\u00e1cticas<br>Universidad Aut\u00f3noma de Barcelona<br>Facultad de Filosof\u00eda y Letras &#8211; Departamento de Ciencias de la Antig\u00fcedad y de la Edad Media<\/p>\n<\/div><\/div>\n\n\n\n<div class=\"wp-block-media-text is-stacked-on-mobile\" style=\"grid-template-columns:35% auto\"><figure class=\"wp-block-media-text__media\"><img decoding=\"async\" src=\"http:\/\/grupsderecerca.uab.cat\/islamolatina\/sites\/grupsderecerca.uab.cat.islamolatina\/files\/Jennifer.jpg\" alt=\"\" \/><\/figure><div class=\"wp-block-media-text__content\">\n<p><a href=\"mailto:jenniferbeneito2811@gmail.com\">Jennifer Beneito Luque<\/a><\/p>\n\n\n\n<p><strong>Colaboradora<\/strong><\/p>\n\n\n\n<p>Estudiante de Pr\u00e1cticas<br>Universidad Aut\u00f3noma de Barcelona<br>Facultad de Filosof\u00eda y Letras &#8211; Departamento de Ciencias de la Antig\u00fcedad y de la Edad Media<\/p>\n<\/div><\/div>\n\n\n\n<div class=\"wp-block-media-text is-stacked-on-mobile\" style=\"grid-template-columns:35% auto\"><figure class=\"wp-block-media-text__media\"><img decoding=\"async\" src=\"http:\/\/grupsderecerca.uab.cat\/islamolatina\/sites\/grupsderecerca.uab.cat.islamolatina\/files\/Judit.jpg\" alt=\"\" \/><\/figure><div class=\"wp-block-media-text__content\">\n<p><a href=\"mailto:judit.benavides@e-campus.uab.cat\">Judit Benavides Ameijeiras<\/a>&nbsp;<\/p>\n\n\n\n<p><strong>Colaboradora<\/strong><\/p>\n\n\n\n<p>Estudiante de Pr\u00e1cticas<br>Universidad Aut\u00f3noma de Barcelona<br>Facultad de Filosof\u00eda y Letras &#8211; Departamento de Ciencias de la Antig\u00fcedad y de la Edad Media<\/p>\n<\/div><\/div>\n","protected":false},"excerpt":{"rendered":"<p>Agust\u00ed Justicia Lara Colaborador Universidad Aut\u00f3noma de BarcelonaFacultad de Filosof\u00eda y Letras &#8211; Departamento de Ciencias de la Antig\u00fcedad y de la Edad Media M\u00e1s informaci\u00f3n &#8211; Publicaciones Archivivm LvllianvmPere Villalba i Varneda (dir.) Colaborador Universidad Aut\u00f3noma de BarcelonaFacultad de Filosof\u00eda y Letras &#8211; Departamento de Ciencias de la Antig\u00fcedad y de la Edad Media [&hellip;]<\/p>\n","protected":false},"author":14,"featured_media":0,"parent":0,"menu_order":0,"comment_status":"closed","ping_status":"closed","template":"","meta":{"footnotes":""},"class_list":["post-82","page","type-page","status-publish","hentry"],"_links":{"self":[{"href":"https:\/\/webs.uab.cat\/islamolatina\/wp-json\/wp\/v2\/pages\/82","targetHints":{"allow":["GET"]}}],"collection":[{"href":"https:\/\/webs.uab.cat\/islamolatina\/wp-json\/wp\/v2\/pages"}],"about":[{"href":"https:\/\/webs.uab.cat\/islamolatina\/wp-json\/wp\/v2\/types\/page"}],"author":[{"embeddable":true,"href":"https:\/\/webs.uab.cat\/islamolatina\/wp-json\/wp\/v2\/users\/14"}],"replies":[{"embeddable":true,"href":"https:\/\/webs.uab.cat\/islamolatina\/wp-json\/wp\/v2\/comments?post=82"}],"version-history":[{"count":12,"href":"https:\/\/webs.uab.cat\/islamolatina\/wp-json\/wp\/v2\/pages\/82\/revisions"}],"predecessor-version":[{"id":1136,"href":"https:\/\/webs.uab.cat\/islamolatina\/wp-json\/wp\/v2\/pages\/82\/revisions\/1136"}],"wp:attachment":[{"href":"https:\/\/webs.uab.cat\/islamolatina\/wp-json\/wp\/v2\/media?parent=82"}],"curies":[{"name":"wp","href":"https:\/\/api.w.org\/{rel}","templated":true}]}}