{"id":845,"date":"2023-07-25T14:39:08","date_gmt":"2023-07-25T14:39:08","guid":{"rendered":"https:\/\/webs.uab.cat\/islamolatina\/?page_id=845"},"modified":"2023-09-13T13:44:00","modified_gmt":"2023-09-13T13:44:00","slug":"sandra-cano-aguilera","status":"publish","type":"page","link":"https:\/\/webs.uab.cat\/islamolatina\/sandra-cano-aguilera\/","title":{"rendered":"Sandra Cano Aguilera"},"content":{"rendered":"\n<p><\/p>\n\n\n\n<div class=\"wp-block-media-text is-stacked-on-mobile\" style=\"grid-template-columns:35% auto\"><figure class=\"wp-block-media-text__media\"><img loading=\"lazy\" decoding=\"async\" width=\"768\" height=\"1024\" src=\"https:\/\/webs.uab.cat\/islamolatina\/wp-content\/uploads\/sites\/382\/2023\/07\/thumbnail_IMG_8290-768x1024.jpg\" alt=\"\" class=\"wp-image-843 size-full\" srcset=\"https:\/\/webs.uab.cat\/islamolatina\/wp-content\/uploads\/sites\/382\/2023\/07\/thumbnail_IMG_8290-768x1024.jpg 768w, https:\/\/webs.uab.cat\/islamolatina\/wp-content\/uploads\/sites\/382\/2023\/07\/thumbnail_IMG_8290-225x300.jpg 225w, https:\/\/webs.uab.cat\/islamolatina\/wp-content\/uploads\/sites\/382\/2023\/07\/thumbnail_IMG_8290.jpg 960w\" sizes=\"auto, (max-width: 768px) 100vw, 768px\" \/><\/figure><div class=\"wp-block-media-text__content\">\n<p>Sandra Cano Aguilera<\/p>\n\n\n\n<p><strong>Becaria<\/strong><br>Doctoranda<br>Universidad Aut\u00f3noma de Barcelona<br>Facultad de Filosof\u00eda y Letras &#8211; Departamento de Ciencias de la Antig\u00fcedad y Edad Media <\/p>\n<\/div><\/div>\n\n\n\n<h2 class=\"wp-block-heading\">Participaci\u00f3n en congresos<\/h2>\n\n\n\n<p><br>Comunicaci\u00f3 \u201cDi\u00e1logos de Medallas de Antonio Agust\u00edn (1587):<br>ejemplares y poseedores\u201d durant el Simposi Internacional<br>Antiquarian Literature in the First Century of Printing (1450-1550).<br>Printed Books and Manuscripts (17 \u2013 18 de novembre 2022).<br>Universitat Aut\u00f2noma de Barcelona.<br>Comunicaci\u00f3 en col\u00b7laboraci\u00f3 amb el Dr. Joan Carbonell i Manils<br>\u201cAproximaci\u00f3n al estudio de la g\u00e9nesis de los Di\u00e1logos de Antonio<br>Agust\u00edn. Estudio del ms. Biblioth\u00e8que Municipal. Bordeaux ms.<br>813\u201d durant el XVI Congressus internationalis epigraphiae<br>graecae et latinae. Bordeaux 2022 (29 de agosto al 2 de<br>septiembre).<br>Comunicaci\u00f3 \u201cEl derecho romano en los \u201cDialogos de medallas,<br>inscriciones y otras antiguedades\u201d de Antonio Agust\u00edn (1587): el<br>uso de Corpus iuris civilis y el Codex Theodosianus\u201d durant el II<br>Congr\u00e9s internacional Traductio et Traditio. La transmissi\u00f3 del<br>saber en l\u2019Edat Mitjana (6 al 8 de juliol 2022). Universitat<br>d\u2019Alacant.<br>Comunicaci\u00f3 \u201cElements for a critical edition of Antonio Agust\u00edn\u2019s<br>Di\u00e1logos de medallas, inscriciones y otras antiguedades (1587)\u201d<br>durant el VIIth Edition of the PhD International Conference (15-17<br>july 2021).<br>Comunicaci\u00f3 \u201cG\u00e9nesis de los Di\u00e1logos de medallas, inscriciones y<br>otras antiguedades de Antonio Agust\u00edn (1587)\u201d dins la sessi\u00f3 de<br>Pervivencia y Humanismo durant el IX Congreso Nacional<br>Ganimedes. Madrid, 4, 5 y 6 de marzo de 2021. Fundaci\u00f3n Pastor de Estudios Cl\u00e1sicos. Online.<\/p>\n","protected":false},"excerpt":{"rendered":"<p>Sandra Cano Aguilera BecariaDoctorandaUniversidad Aut\u00f3noma de BarcelonaFacultad de Filosof\u00eda y Letras &#8211; Departamento de Ciencias de la Antig\u00fcedad y Edad Media Participaci\u00f3n en congresos Comunicaci\u00f3 \u201cDi\u00e1logos de Medallas de Antonio Agust\u00edn (1587):ejemplares y poseedores\u201d durant el Simposi InternacionalAntiquarian Literature in the First Century of Printing (1450-1550).Printed Books and Manuscripts (17 \u2013 18 de novembre 2022).Universitat [&hellip;]<\/p>\n","protected":false},"author":2711,"featured_media":0,"parent":0,"menu_order":0,"comment_status":"closed","ping_status":"closed","template":"","meta":{"footnotes":""},"class_list":["post-845","page","type-page","status-publish","hentry"],"_links":{"self":[{"href":"https:\/\/webs.uab.cat\/islamolatina\/wp-json\/wp\/v2\/pages\/845","targetHints":{"allow":["GET"]}}],"collection":[{"href":"https:\/\/webs.uab.cat\/islamolatina\/wp-json\/wp\/v2\/pages"}],"about":[{"href":"https:\/\/webs.uab.cat\/islamolatina\/wp-json\/wp\/v2\/types\/page"}],"author":[{"embeddable":true,"href":"https:\/\/webs.uab.cat\/islamolatina\/wp-json\/wp\/v2\/users\/2711"}],"replies":[{"embeddable":true,"href":"https:\/\/webs.uab.cat\/islamolatina\/wp-json\/wp\/v2\/comments?post=845"}],"version-history":[{"count":2,"href":"https:\/\/webs.uab.cat\/islamolatina\/wp-json\/wp\/v2\/pages\/845\/revisions"}],"predecessor-version":[{"id":888,"href":"https:\/\/webs.uab.cat\/islamolatina\/wp-json\/wp\/v2\/pages\/845\/revisions\/888"}],"wp:attachment":[{"href":"https:\/\/webs.uab.cat\/islamolatina\/wp-json\/wp\/v2\/media?parent=845"}],"curies":[{"name":"wp","href":"https:\/\/api.w.org\/{rel}","templated":true}]}}