{"id":850,"date":"2023-07-25T14:42:16","date_gmt":"2023-07-25T14:42:16","guid":{"rendered":"https:\/\/webs.uab.cat\/islamolatina\/?page_id=850"},"modified":"2023-09-13T13:45:12","modified_gmt":"2023-09-13T13:45:12","slug":"sandra-cano-aguilera-2","status":"publish","type":"page","link":"https:\/\/webs.uab.cat\/islamolatina\/sandra-cano-aguilera-2\/","title":{"rendered":"Sandra Cano Aguilera"},"content":{"rendered":"\n<div class=\"wp-block-media-text is-stacked-on-mobile has-primary-background-color has-background\" style=\"grid-template-columns:35% auto\"><figure class=\"wp-block-media-text__media\"><img decoding=\"async\" src=\"http:\/\/grupsderecerca.uab.cat\/islamolatina\/sites\/grupsderecerca.uab.cat.islamolatina\/files\/images\/ocruz.gif\" alt=\"\" \/><\/figure><div class=\"wp-block-media-text__content\">\n<p class=\"has-large-font-size\"><a href=\"https:\/\/webs.uab.cat\/islamolatina\/wp-admin\/post.php?post=845&amp;action=edit\">Ver perfil<\/a><\/p>\n<\/div><\/div>\n\n\n\n<h2 class=\"wp-block-heading\">Publicaciones<\/h2>\n\n\n\n<p>\uf0b7 \u201cDi\u00e1logos de Medallas de Antonio Agust\u00edn (1587): ejemplares y<br>poseedores\u201d a l\u2019edici\u00f3 de les comunicacions presentades al<br>Simposi Internacional Antiquarian Literature in the First Century of<br>Printing (1450-1550). Printed Books and Manuscripts. Universitat<br>Aut\u00f2noma de Barcelona, 17 \u2013 18 de novembre 2022. De Gruyter.<br>Pendent de revisi\u00f3.<br>\uf0b7 \u201cAproximaci\u00f3n al estudio de la g\u00e9nesis de los Di\u00e1logos de Antonio<br>Agust\u00edn. Estudio del ms. Biblioth\u00e8que Municipal. Bordeaux ms.<br>813\u201d a les actes de la secci\u00f3 Epigraphic forgeries and Epigraphic<br>collections del XVI Congressus internationalis epigraphiae<br>graecae et latinae (Bordeaux 2022). Supplementary Volume of the<br>Journal \u201cHistory of Classical Scholarship\u201d. En col\u00b7laboraci\u00f3 amb el<br>Dr. Joan Carbonell i Manils. Pendent de revisi\u00f3.<br>\uf0b7 \u201cG\u00e9nesis de los Di\u00e1logos de medallas, inscripciones y otras<br>antig\u00fcedades de Antonio Agust\u00edn (1587)\u201d a les Actas del IX<br>Congreso Nacional Ganimedes \u2013 Cuadernos de la Fundaci\u00f3n<br>Pastor. Presentada dia 30 de juny de 2021. Pendent de revisi\u00f3.<br>\uf0b7 \u201cFons bibliogr\u00e0fics d\u2019autors cl\u00e0ssics no cristians a la Biblioteca del<br>Seminari Pontifici de Tarragona\u201d. Butllet\u00ed Arqueol\u00f2gic de la Reial<br>Societat Arqueol\u00f2gica Tarraconense, V, 42 (2020), ISSN 1695-<br>5862 (p. 147-171).<\/p>\n","protected":false},"excerpt":{"rendered":"<p>Ver perfil Publicaciones \uf0b7 \u201cDi\u00e1logos de Medallas de Antonio Agust\u00edn (1587): ejemplares yposeedores\u201d a l\u2019edici\u00f3 de les comunicacions presentades alSimposi Internacional Antiquarian Literature in the First Century ofPrinting (1450-1550). Printed Books and Manuscripts. UniversitatAut\u00f2noma de Barcelona, 17 \u2013 18 de novembre 2022. De Gruyter.Pendent de revisi\u00f3.\uf0b7 \u201cAproximaci\u00f3n al estudio de la g\u00e9nesis de los Di\u00e1logos [&hellip;]<\/p>\n","protected":false},"author":2711,"featured_media":0,"parent":0,"menu_order":0,"comment_status":"closed","ping_status":"closed","template":"","meta":{"footnotes":""},"class_list":["post-850","page","type-page","status-publish","hentry"],"_links":{"self":[{"href":"https:\/\/webs.uab.cat\/islamolatina\/wp-json\/wp\/v2\/pages\/850","targetHints":{"allow":["GET"]}}],"collection":[{"href":"https:\/\/webs.uab.cat\/islamolatina\/wp-json\/wp\/v2\/pages"}],"about":[{"href":"https:\/\/webs.uab.cat\/islamolatina\/wp-json\/wp\/v2\/types\/page"}],"author":[{"embeddable":true,"href":"https:\/\/webs.uab.cat\/islamolatina\/wp-json\/wp\/v2\/users\/2711"}],"replies":[{"embeddable":true,"href":"https:\/\/webs.uab.cat\/islamolatina\/wp-json\/wp\/v2\/comments?post=850"}],"version-history":[{"count":2,"href":"https:\/\/webs.uab.cat\/islamolatina\/wp-json\/wp\/v2\/pages\/850\/revisions"}],"predecessor-version":[{"id":889,"href":"https:\/\/webs.uab.cat\/islamolatina\/wp-json\/wp\/v2\/pages\/850\/revisions\/889"}],"wp:attachment":[{"href":"https:\/\/webs.uab.cat\/islamolatina\/wp-json\/wp\/v2\/media?parent=850"}],"curies":[{"name":"wp","href":"https:\/\/api.w.org\/{rel}","templated":true}]}}