{"id":912,"date":"2023-09-27T08:19:09","date_gmt":"2023-09-27T08:19:09","guid":{"rendered":"https:\/\/webs.uab.cat\/islamolatina\/?page_id=912"},"modified":"2023-09-27T08:34:28","modified_gmt":"2023-09-27T08:34:28","slug":"912-2","status":"publish","type":"page","link":"https:\/\/webs.uab.cat\/islamolatina\/912-2\/","title":{"rendered":""},"content":{"rendered":"\n<div class=\"wp-block-media-text is-stacked-on-mobile has-primary-background-color has-background\" style=\"grid-template-columns:35% auto\"><figure class=\"wp-block-media-text__media\"><img decoding=\"async\" src=\"http:\/\/grupsderecerca.uab.cat\/islamolatina\/sites\/grupsderecerca.uab.cat.islamolatina\/files\/images\/ocruz.gif\" alt=\"\" \/><\/figure><div class=\"wp-block-media-text__content\">\n<p class=\"has-large-font-size\"><a href=\"https:\/\/webs.uab.cat\/islamolatina\/jesus_gomez\/\" data-type=\"URL\" data-id=\"https:\/\/webs.uab.cat\/islamolatina\/jesus_gomez\/\">Ver perfil<\/a><\/p>\n<\/div><\/div>\n\n\n\n<p><\/p>\n\n\n\n<p>G\u00f3mez Puig, Jes\u00fas. &#8220;C\u00e1ndida Ferrero Hern\u00e1ndez, Linda G. Jones (eds.), Propaganda<br>and un (covered) identities in treatises and sermons: Christians, Jews, and Muslims in<br>the premodern Mediterranean, Bellaterra (Cerdanyola del Vall\u00e8s) 2020 (Jes\u00fas G\u00f3mez Puig)&#8221;, <em>Revista de Estudios Latinos<\/em>, 20 (2020): 209-215.<\/p>\n\n\n\n<p>G\u00f3mez Puig, Jes\u00fas. &#8220;La construcci\u00f3n de una prosopograf\u00eda: la <em>Vita Mahometis<\/em> de<br>Onofre Mic\u00f3&#8221;.\u00a0<em>Studia philologica valentina<\/em>, 23 (2021): 19-43.<\/p>\n\n\n\n<p>G\u00f3mez Puig, Jes\u00fas. \u201cOnofre Mic\u00f3 and pagan reminiscence in Islam: <em>In lege<br>Mahomettana, largus hilarat Venus, et Bacchus<\/em>\u201d, <em>Studia Islamica<\/em>. (en prensa).<\/p>\n\n\n\n<p>G\u00f3mez Puig, Jes\u00fas. \u201cLa recepci\u00f3n y la transmisi\u00f3n de la leyenda de H\u0101r\u016bt wa-M\u0101r\u016bt en la Pen\u00ednsula ib\u00e9rica hasta Onofre Mic\u00f3 (1637-1702)\u201d, en P\u00e9rez, Estrella del Carmen y Alberto Alonso (eds.), <em>La Latinidad Medieval. Estudios Hisp\u00e1nicos<\/em> 2022. (en prensa).<\/p>\n\n\n\n<p>G\u00f3mez Puig, Jes\u00fas. &#8220;Onofre Mic\u00f3 y la redenci\u00f3n de cautivos: <em>ego tantillus seruulus<br>Christi, eius utcumque cupiens imitari uestigia<\/em>&#8220;, <em>eHumanista\/IVITRA<\/em>. (en prensa).<\/p>\n\n\n\n<p><\/p>\n\n\n\n<p>Academia: <a href=\"https:\/\/independent.academia.edu\/Jes%C3%BAsG%C3%B3mez172\">https:\/\/independent.academia.edu\/Jes%C3%BAsG%C3%B3mez172<\/a><\/p>\n\n\n\n<p>ResearchGate: <a href=\"https:\/\/www.researchgate.net\/profile\/Jesus-Gomez-Puig\">https:\/\/www.researchgate.net\/profile\/Jesus-Gomez-Puig<\/a><\/p>\n","protected":false},"excerpt":{"rendered":"<p>Ver perfil G\u00f3mez Puig, Jes\u00fas. &#8220;C\u00e1ndida Ferrero Hern\u00e1ndez, Linda G. Jones (eds.), Propagandaand un (covered) identities in treatises and sermons: Christians, Jews, and Muslims inthe premodern Mediterranean, Bellaterra (Cerdanyola del Vall\u00e8s) 2020 (Jes\u00fas G\u00f3mez Puig)&#8221;, Revista de Estudios Latinos, 20 (2020): 209-215. G\u00f3mez Puig, Jes\u00fas. &#8220;La construcci\u00f3n de una prosopograf\u00eda: la Vita Mahometis deOnofre Mic\u00f3&#8221;.\u00a0Studia [&hellip;]<\/p>\n","protected":false},"author":2711,"featured_media":0,"parent":0,"menu_order":0,"comment_status":"closed","ping_status":"closed","template":"","meta":{"footnotes":""},"class_list":["post-912","page","type-page","status-publish","hentry"],"_links":{"self":[{"href":"https:\/\/webs.uab.cat\/islamolatina\/wp-json\/wp\/v2\/pages\/912","targetHints":{"allow":["GET"]}}],"collection":[{"href":"https:\/\/webs.uab.cat\/islamolatina\/wp-json\/wp\/v2\/pages"}],"about":[{"href":"https:\/\/webs.uab.cat\/islamolatina\/wp-json\/wp\/v2\/types\/page"}],"author":[{"embeddable":true,"href":"https:\/\/webs.uab.cat\/islamolatina\/wp-json\/wp\/v2\/users\/2711"}],"replies":[{"embeddable":true,"href":"https:\/\/webs.uab.cat\/islamolatina\/wp-json\/wp\/v2\/comments?post=912"}],"version-history":[{"count":4,"href":"https:\/\/webs.uab.cat\/islamolatina\/wp-json\/wp\/v2\/pages\/912\/revisions"}],"predecessor-version":[{"id":919,"href":"https:\/\/webs.uab.cat\/islamolatina\/wp-json\/wp\/v2\/pages\/912\/revisions\/919"}],"wp:attachment":[{"href":"https:\/\/webs.uab.cat\/islamolatina\/wp-json\/wp\/v2\/media?parent=912"}],"curies":[{"name":"wp","href":"https:\/\/api.w.org\/{rel}","templated":true}]}}