{"id":92,"date":"2009-05-25T13:30:47","date_gmt":"2009-05-25T13:30:47","guid":{"rendered":"https:\/\/webs.uab.cat\/islamolatina\/investigadores\/"},"modified":"2024-10-18T10:15:58","modified_gmt":"2024-10-18T10:15:58","slug":"investigadores","status":"publish","type":"page","link":"https:\/\/webs.uab.cat\/islamolatina\/investigadores\/","title":{"rendered":"Ministerio"},"content":{"rendered":"\n<div class=\"wp-block-media-text is-stacked-on-mobile\" style=\"grid-template-columns:35% auto\"><figure class=\"wp-block-media-text__media\"><img loading=\"lazy\" decoding=\"async\" width=\"245\" height=\"293\" src=\"https:\/\/webs.uab.cat\/islamolatina\/wp-content\/uploads\/sites\/382\/2019\/04\/ferrero_hernandezjpg.jpg\" alt=\"\" class=\"wp-image-424 size-full\" \/><\/figure><div class=\"wp-block-media-text__content\">\n<p><a href=\"mailto:Candida.Ferrero@uab.cat\">C\u00e1ndida Ferrero Hern\u00e1ndez<\/a><\/p>\n\n\n\n<p><strong>IP<\/strong><br>Catedr\u00e1tica de Filolog\u00eda Latina<br>Universidad Aut\u00f3noma de Barcelona<br>Facultad de Filosof\u00eda y Letras &#8211; Ciencias de la Antig\u00fcedad y Edad Media &#8211; Filolog\u00eda Latina<br>Tel. 935811822<\/p>\n\n\n\n<p><a href=\"https:\/\/webs.uab.cat\/islamolatina\/candida-ferrero-hernandez\/\" data-type=\"page\" data-id=\"141\">M\u00e1s informaci\u00f3n<\/a> &#8211; <a href=\"https:\/\/webs.uab.cat\/islamolatina\/publicaciones-de-candida-ferrero-hernandez\/\" data-type=\"page\" data-id=\"142\">Publicaciones<\/a><\/p>\n<\/div><\/div>\n\n\n\n<div class=\"wp-block-media-text is-stacked-on-mobile\" style=\"grid-template-columns:35% auto\"><figure class=\"wp-block-media-text__media\"><img decoding=\"async\" src=\"http:\/\/grupsderecerca.uab.cat\/islamolatina\/sites\/grupsderecerca.uab.cat.islamolatina\/files\/t_fernando.jpg\" alt=\"\" \/><\/figure><div class=\"wp-block-media-text__content\">\n<p><a href=\"mailto:fernangm@udc.es\">Fernando Gonz\u00e1lez Mu\u00f1oz<\/a><\/p>\n\n\n\n<p><strong>IP<\/strong><\/p>\n\n\n\n<p>Titular de Universidad<br>Universidade da Coru\u00f1a<br>Facultade de Filolox\u00eda &#8211; Departamento de Filolox\u00eda Espa\u00f1ola e Latina<\/p>\n\n\n\n<p><a rel=\"noopener\" href=\"http:\/\/www.dfel.udc.es\/dfel\/persoa\/ver.htm;jsessionid=041617B678EBC35D8677E6E84E84E72E?id=22\" target=\"_blank\">M\u00e1s informaci\u00f3n&nbsp;y publicaciones<\/a><\/p>\n<\/div><\/div>\n\n\n\n<div class=\"wp-block-media-text is-stacked-on-mobile\" style=\"grid-template-columns:35% auto\"><figure class=\"wp-block-media-text__media\"><img loading=\"lazy\" decoding=\"async\" width=\"150\" height=\"121\" src=\"https:\/\/webs.uab.cat\/islamolatina\/wp-content\/uploads\/sites\/382\/2019\/04\/jmartinez.jpg\" alt=\"\" class=\"wp-image-425 size-full\" \/><\/figure><div class=\"wp-block-media-text__content\">\n<p><a href=\"mailto:Jose.Martinez@uab.cat\">Jos\u00e9 Mart\u00ednez G\u00e1zquez<\/a><\/p>\n\n\n\n<p><strong>Investigador <\/strong><br>Catedr\u00e1tico Em\u00e9rito<br>Universidad Aut\u00f3noma de Barcelona<br>Facultad de Filosof\u00eda y Letras &#8211; Ciencias de la Antig\u00fcedad y Edad Media &#8211; Filolog\u00eda Cl\u00e1sica<br>Tel. 935811822<\/p>\n\n\n\n<p><a href=\"https:\/\/webs.uab.cat\/islamolatina\/jose-martinez-gazquez\/\" data-type=\"page\" data-id=\"137\">M\u00e1s informaci\u00f3n<\/a> &#8211; <a href=\"https:\/\/webs.uab.cat\/islamolatina\/publicaciones-de-jose-martinez-gazquez\/\" data-type=\"page\" data-id=\"138\">Publicaciones<\/a><\/p>\n<\/div><\/div>\n\n\n\n<div class=\"wp-block-media-text is-stacked-on-mobile\" style=\"grid-template-columns:35% auto\"><figure class=\"wp-block-media-text__media\"><img loading=\"lazy\" decoding=\"async\" width=\"150\" height=\"138\" src=\"https:\/\/webs.uab.cat\/islamolatina\/wp-content\/uploads\/sites\/382\/2019\/04\/nuriagomez.png\" alt=\"\" class=\"wp-image-429 size-full\" \/><\/figure><div class=\"wp-block-media-text__content\">\n<p><a href=\"mailto:nuriagllauger@gmail.com\">N\u00faria G\u00f3mez Llauger<\/a><\/p>\n\n\n\n<p><strong>Investigadora<\/strong><br>Profesora Contratada Doctora<br>Facultad de Filosof\u00eda La Salle &#8211; Universidad Ramon Llull (URL)<\/p>\n\n\n\n<p><a href=\"https:\/\/webs.uab.cat\/islamolatina\/nuria-gomez-llauger\/\" data-type=\"page\" data-id=\"272\">M\u00e1s informaci\u00f3n<\/a> &#8211; <a href=\"https:\/\/webs.uab.cat\/islamolatina\/publicaciones-de-nuria-gomez-llauger\/\" data-type=\"page\" data-id=\"273\">Publicaciones<\/a><\/p>\n<\/div><\/div>\n\n\n\n<div class=\"wp-block-media-text is-stacked-on-mobile\" style=\"grid-template-columns:35% auto\"><figure class=\"wp-block-media-text__media\"><img loading=\"lazy\" decoding=\"async\" width=\"400\" height=\"400\" src=\"https:\/\/webs.uab.cat\/islamolatina\/wp-content\/uploads\/sites\/382\/2024\/09\/1584042627340.jpeg\" alt=\"\" class=\"wp-image-1153 size-full\" srcset=\"https:\/\/webs.uab.cat\/islamolatina\/wp-content\/uploads\/sites\/382\/2024\/09\/1584042627340.jpeg 400w, https:\/\/webs.uab.cat\/islamolatina\/wp-content\/uploads\/sites\/382\/2024\/09\/1584042627340-300x300.jpeg 300w, https:\/\/webs.uab.cat\/islamolatina\/wp-content\/uploads\/sites\/382\/2024\/09\/1584042627340-150x150.jpeg 150w\" sizes=\"auto, (max-width: 400px) 100vw, 400px\" \/><\/figure><div class=\"wp-block-media-text__content\">\n<p><a href=\"mailto:iarsic@idn.org.rs\">Ivana Arsi\u0107<\/a><\/p>\n\n\n\n<p><strong>Equipo de trabajo<\/strong><\/p>\n\n\n\n<p>Marie Sk\u0142odowska-Curie Postdoctoral Research Fellow<\/p>\n\n\n\n<p>Universidad Pompeu Fabra &#8211; Departamento de Humanidades (2023\u20132025)<\/p>\n\n\n\n<p>&nbsp;<a href=\"http:\/\/webs.uab.cat\/islamolatina\/ivana_arsic\">M\u00e1s informaci\u00f3n<\/a> &#8211; <a href=\"http:\/\/webs.uab.cat\/islamolatina\/ivana_arsic_publicaciones\">Publicaciones<\/a><\/p>\n<\/div><\/div>\n\n\n\n<div class=\"wp-block-media-text is-stacked-on-mobile\" style=\"grid-template-columns:35% auto\"><figure class=\"wp-block-media-text__media\"><img decoding=\"async\" src=\"http:\/\/grupsderecerca.uab.cat\/islamolatina\/sites\/grupsderecerca.uab.cat.islamolatina\/files\/Ryan.jpg\" alt=\"\" \/><\/figure><div class=\"wp-block-media-text__content\">\n<p><a href=\"mailto:szpiech@umich.edu\">Ryan Szpiech<\/a><\/p>\n\n\n\n<p><strong>Equipo de trabajo<\/strong><\/p>\n\n\n\n<p>Associate Professor<br>University of Michigan<br>Department of Romance Languages and Literatures; Middle East Studies; Frankel Center for Judaic Studies<br>&nbsp;<\/p>\n\n\n\n<p>&nbsp;<a rel=\"noopener\" href=\"https:\/\/sites.lsa.umich.edu\/ryanszpiech\/\" target=\"_blank\">M\u00e1s informaci\u00f3n &#8211; Publicaciones<\/a><\/p>\n<\/div><\/div>\n\n\n\n<div class=\"wp-block-media-text is-stacked-on-mobile\" style=\"grid-template-columns:35% auto\"><figure class=\"wp-block-media-text__media\"><img decoding=\"async\" src=\"http:\/\/grupsderecerca.uab.cat\/islamolatina\/sites\/grupsderecerca.uab.cat.islamolatina\/files\/Michelina.png\" alt=\"\" \/><\/figure><div class=\"wp-block-media-text__content\">\n<p><a href=\"mailto:kamarg@hotmail.com\">Michelina Di Cesare<\/a><\/p>\n\n\n\n<p><strong>Equipo de trabajo<\/strong><br>Docente a contratto<br>Sapienza Universit\u00e0 di Roma<br>Scuola Superiori di Studi Avanzati<\/p>\n\n\n\n<p><a href=\"https:\/\/webs.uab.cat\/islamolatina\/wp-content\/uploads\/sites\/382\/2016\/11\/Di-Cesare_bio_islamolatina.pdf\" data-type=\"attachment\" data-id=\"96\" target=\"_blank\" rel=\"noreferrer noopener\">M\u00e1s informaci\u00f3n&nbsp;y publicaciones<\/a><\/p>\n<\/div><\/div>\n\n\n\n<div class=\"wp-block-media-text is-stacked-on-mobile\" style=\"grid-template-columns:35% auto\"><figure class=\"wp-block-media-text__media\"><img loading=\"lazy\" decoding=\"async\" width=\"1266\" height=\"1481\" src=\"https:\/\/webs.uab.cat\/islamolatina\/wp-content\/uploads\/sites\/382\/2017\/10\/javier.png\" alt=\"\" class=\"wp-image-91 size-full\" \/><\/figure><div class=\"wp-block-media-text__content\">\n<p><a href=\"mailto:javier.depradogarcia@univ-nantes.fr\">Javier de Prado Garc\u00eda<\/a>&nbsp;<\/p>\n\n\n\n<p><strong>Doctorando<\/strong><\/p>\n\n\n\n<p class=\"has-text-align-left\">Universidad Aut\u00f3noma de Barcelona<br>Facultad de Filosof\u00eda y Letras &#8211; Ciencias de la Antig\u00fcedad y de la Edad Media<\/p>\n\n\n\n<p><a href=\"https:\/\/webs.uab.cat\/islamolatina\/javier_de_prado\">M\u00e1s informaci\u00f3n<\/a> &#8211; <a href=\"https:\/\/webs.uab.cat\/islamolatina\/javier_de_prado_publications\">Publicaciones<\/a><\/p>\n<\/div><\/div>\n\n\n\n<div class=\"wp-block-media-text is-stacked-on-mobile\" style=\"grid-template-columns:35% auto\"><figure class=\"wp-block-media-text__media\"><img loading=\"lazy\" decoding=\"async\" width=\"683\" height=\"864\" src=\"https:\/\/webs.uab.cat\/islamolatina\/wp-content\/uploads\/sites\/382\/2019\/04\/img-20200302-wa0001_0.jpg\" alt=\"\" class=\"wp-image-431 size-full\" srcset=\"https:\/\/webs.uab.cat\/islamolatina\/wp-content\/uploads\/sites\/382\/2019\/04\/img-20200302-wa0001_0.jpg 683w, https:\/\/webs.uab.cat\/islamolatina\/wp-content\/uploads\/sites\/382\/2019\/04\/img-20200302-wa0001_0-237x300.jpg 237w\" sizes=\"auto, (max-width: 683px) 100vw, 683px\" \/><\/figure><div class=\"wp-block-media-text__content\">\n<p><a href=\"mailto:jesus.gomez@uab.cat\">Jes\u00fas G\u00f3mez Puig<\/a><\/p>\n\n\n\n<p><strong>Doctorando<\/strong><\/p>\n\n\n\n<p class=\"has-text-align-left\">Universidad Aut\u00f3noma de Barcelona<br>Facultad de Filosof\u00eda y Letras &#8211; Ciencias de la Antig\u00fcedad y de la Edad Media<\/p>\n\n\n\n<p><a href=\"https:\/\/webs.uab.cat\/islamolatina\/jesus_gomez\">M\u00e1s informaci\u00f3n<\/a> &#8211; <a href=\"https:\/\/webs.uab.cat\/islamolatina\/912-2\/\" data-type=\"URL\" data-id=\"https:\/\/webs.uab.cat\/islamolatina\/912-2\/\">Publicaciones<\/a><\/p>\n<\/div><\/div>\n\n\n\n<div class=\"wp-block-media-text is-stacked-on-mobile\" style=\"grid-template-columns:35% auto\"><figure class=\"wp-block-media-text__media\"><img loading=\"lazy\" decoding=\"async\" width=\"1550\" height=\"2140\" src=\"https:\/\/webs.uab.cat\/islamolatina\/wp-content\/uploads\/sites\/382\/2014\/02\/img_20190401_171649_1.jpg\" alt=\"\" class=\"wp-image-268 size-full\" srcset=\"https:\/\/webs.uab.cat\/islamolatina\/wp-content\/uploads\/sites\/382\/2014\/02\/img_20190401_171649_1.jpg 1550w, https:\/\/webs.uab.cat\/islamolatina\/wp-content\/uploads\/sites\/382\/2014\/02\/img_20190401_171649_1-217x300.jpg 217w, https:\/\/webs.uab.cat\/islamolatina\/wp-content\/uploads\/sites\/382\/2014\/02\/img_20190401_171649_1-742x1024.jpg 742w, https:\/\/webs.uab.cat\/islamolatina\/wp-content\/uploads\/sites\/382\/2014\/02\/img_20190401_171649_1-768x1060.jpg 768w, https:\/\/webs.uab.cat\/islamolatina\/wp-content\/uploads\/sites\/382\/2014\/02\/img_20190401_171649_1-1113x1536.jpg 1113w, https:\/\/webs.uab.cat\/islamolatina\/wp-content\/uploads\/sites\/382\/2014\/02\/img_20190401_171649_1-1483x2048.jpg 1483w, https:\/\/webs.uab.cat\/islamolatina\/wp-content\/uploads\/sites\/382\/2014\/02\/img_20190401_171649_1-1200x1657.jpg 1200w\" sizes=\"auto, (max-width: 1550px) 100vw, 1550px\" \/><\/figure><div class=\"wp-block-media-text__content\">\n<p><a href=\"mailto:david.vazquez@uab.cat\">David V\u00e1zquez Ruiz<\/a><\/p>\n\n\n\n<p><strong>Doctorando<\/strong><\/p>\n\n\n\n<p class=\"has-text-align-left\">Universidad Aut\u00f3noma de Barcelona<br>Facultad de Filosof\u00eda y Letras &#8211; Ciencias de la Antig\u00fcedad y de la Edad Media<\/p>\n\n\n\n<p><a href=\"https:\/\/webs.uab.cat\/islamolatina\/david-vazquez-ruiz\">M\u00e1s informaci\u00f3n<\/a> &#8211; <a href=\"https:\/\/uab.academia.edu\/DavidV%C3%A1zquezRuiz\">Publicaciones<\/a><\/p>\n<\/div><\/div>\n\n\n\n<p><a href=\"mailto:srgmezrtnez@gmail.com\"><\/a><\/p>\n\n\n\n<div class=\"wp-block-media-text is-stacked-on-mobile\" style=\"grid-template-columns:35% auto\"><figure class=\"wp-block-media-text__media\"><img loading=\"lazy\" decoding=\"async\" width=\"1208\" height=\"1560\" src=\"https:\/\/webs.uab.cat\/islamolatina\/wp-content\/uploads\/sites\/382\/2019\/04\/foto_perfil_islamolatina._guillem_gavalda.jpg\" alt=\"\" class=\"wp-image-432 size-full\" srcset=\"https:\/\/webs.uab.cat\/islamolatina\/wp-content\/uploads\/sites\/382\/2019\/04\/foto_perfil_islamolatina._guillem_gavalda.jpg 1208w, https:\/\/webs.uab.cat\/islamolatina\/wp-content\/uploads\/sites\/382\/2019\/04\/foto_perfil_islamolatina._guillem_gavalda-232x300.jpg 232w, https:\/\/webs.uab.cat\/islamolatina\/wp-content\/uploads\/sites\/382\/2019\/04\/foto_perfil_islamolatina._guillem_gavalda-793x1024.jpg 793w, https:\/\/webs.uab.cat\/islamolatina\/wp-content\/uploads\/sites\/382\/2019\/04\/foto_perfil_islamolatina._guillem_gavalda-768x992.jpg 768w, https:\/\/webs.uab.cat\/islamolatina\/wp-content\/uploads\/sites\/382\/2019\/04\/foto_perfil_islamolatina._guillem_gavalda-1189x1536.jpg 1189w, https:\/\/webs.uab.cat\/islamolatina\/wp-content\/uploads\/sites\/382\/2019\/04\/foto_perfil_islamolatina._guillem_gavalda-1200x1550.jpg 1200w\" sizes=\"auto, (max-width: 1208px) 100vw, 1208px\" \/><\/figure><div class=\"wp-block-media-text__content\">\n<p><a href=\"mailto:guillem.gavalda@uab.cat\">Guillem Gavald\u00e0 Mestres<\/a><\/p>\n\n\n\n<p><strong>Doctorando<\/strong><\/p>\n\n\n\n<p class=\"has-text-align-left\">Universidad Aut\u00f3noma de Barcelona<br>Facultad de Filosof\u00eda y Letras &#8211; Ciencias de la Antig\u00fcedad y de la Edad Media<\/p>\n\n\n\n<p><a href=\"https:\/\/webs.uab.cat\/islamolatina\/guillem_gavalda\/\" data-type=\"page\" data-id=\"467\">M\u00e1s informaci\u00f3n &#8211; Publicaciones<\/a><\/p>\n<\/div><\/div>\n\n\n\n<div class=\"wp-block-media-text is-stacked-on-mobile\" style=\"grid-template-columns:34% auto\"><figure class=\"wp-block-media-text__media\"><img loading=\"lazy\" decoding=\"async\" width=\"485\" height=\"584\" src=\"https:\/\/webs.uab.cat\/islamolatina\/wp-content\/uploads\/sites\/382\/2023\/10\/foto-cortada.jpg\" alt=\"\" class=\"wp-image-986 size-full\" srcset=\"https:\/\/webs.uab.cat\/islamolatina\/wp-content\/uploads\/sites\/382\/2023\/10\/foto-cortada.jpg 485w, https:\/\/webs.uab.cat\/islamolatina\/wp-content\/uploads\/sites\/382\/2023\/10\/foto-cortada-249x300.jpg 249w\" sizes=\"auto, (max-width: 485px) 100vw, 485px\" \/><\/figure><div class=\"wp-block-media-text__content\">\n<p><a href=\"mailto:irene.vicente@uab.cat\" data-type=\"mailto\" data-id=\"mailto:irene.vicente@uab.cat\">Irene Vicente L\u00f3pez de Arenosa<\/a><\/p>\n\n\n\n<p><strong>Doctoranda<\/strong><br>Universidad Aut\u00f3noma de Barcelona<br>Facultad de Filosof\u00eda y Letras &#8211; Departamento de Ciencias de la Antig\u00fcedad y de la Edad Media<br>Consejo Superior de Investigaciones Cient\u00edficas<br>Instituto de Lenguas y Culturas del Mediterr\u00e1neo y Oriente Pr\u00f3ximo (Madrid)<\/p>\n\n\n\n<p><a href=\"https:\/\/webs.uab.cat\/islamolatina\/2023\/10\/19\/irene-mas-informacion\/\" data-type=\"URL\" data-id=\"https:\/\/webs.uab.cat\/islamolatina\/2023\/10\/19\/irene-mas-informacion\/\">M\u00e1s informaci\u00f3n<\/a> &#8211; <a href=\"https:\/\/webs.uab.cat\/islamolatina\/2023\/10\/19\/publicaciones\/\" data-type=\"URL\" data-id=\"https:\/\/webs.uab.cat\/islamolatina\/2023\/10\/19\/publicaciones\/\">Publicaciones<\/a><\/p>\n<\/div><\/div>\n\n\n\n<div class=\"wp-block-media-text is-stacked-on-mobile is-vertically-aligned-top\" style=\"grid-template-columns:34% auto\"><figure class=\"wp-block-media-text__media\"><img loading=\"lazy\" decoding=\"async\" width=\"768\" height=\"1024\" src=\"https:\/\/webs.uab.cat\/islamolatina\/wp-content\/uploads\/sites\/382\/2023\/07\/WhatsApp-Image-2023-07-10-at-10.47.16-768x1024.jpeg\" alt=\"\" class=\"wp-image-761 size-full\" srcset=\"https:\/\/webs.uab.cat\/islamolatina\/wp-content\/uploads\/sites\/382\/2023\/07\/WhatsApp-Image-2023-07-10-at-10.47.16-768x1024.jpeg 768w, https:\/\/webs.uab.cat\/islamolatina\/wp-content\/uploads\/sites\/382\/2023\/07\/WhatsApp-Image-2023-07-10-at-10.47.16-225x300.jpeg 225w, https:\/\/webs.uab.cat\/islamolatina\/wp-content\/uploads\/sites\/382\/2023\/07\/WhatsApp-Image-2023-07-10-at-10.47.16-1152x1536.jpeg 1152w, https:\/\/webs.uab.cat\/islamolatina\/wp-content\/uploads\/sites\/382\/2023\/07\/WhatsApp-Image-2023-07-10-at-10.47.16-1200x1600.jpeg 1200w, https:\/\/webs.uab.cat\/islamolatina\/wp-content\/uploads\/sites\/382\/2023\/07\/WhatsApp-Image-2023-07-10-at-10.47.16.jpeg 1536w\" sizes=\"auto, (max-width: 768px) 100vw, 768px\" \/><\/figure><div class=\"wp-block-media-text__content\">\n<p><a href=\"mailto:adrian.arjona@uab.cat\" data-type=\"mailto\" data-id=\"mailto:adrian.arjona@uab.cat\">Adri\u00e1n Arjona Fern\u00e1ndez<\/a> <\/p>\n\n\n\n<p><strong>Doctorando<\/strong><\/p>\n\n\n\n<p class=\"has-text-align-left\">Universidad Aut\u00f3noma de Barcelona<br>Facultad de Filosof\u00eda y Letras &#8211; Ciencias de la Antig\u00fcedad y de la Edad Media<\/p>\n\n\n\n<p><a href=\"https:\/\/webs.uab.cat\/islamolatina\/814-2\/\" data-type=\"URL\" data-id=\"https:\/\/webs.uab.cat\/islamolatina\/814-2\/\">M\u00e1s informaci\u00f3n<\/a><\/p>\n<\/div><\/div>\n\n\n\n<div class=\"wp-block-media-text is-stacked-on-mobile\" style=\"grid-template-columns:35% auto\"><figure class=\"wp-block-media-text__media\"><img loading=\"lazy\" decoding=\"async\" width=\"767\" height=\"1024\" src=\"https:\/\/webs.uab.cat\/islamolatina\/wp-content\/uploads\/sites\/382\/2024\/09\/WhatsApp-Image-2024-09-09-at-11.09.28-767x1024.jpeg\" alt=\"\" class=\"wp-image-1082 size-full\" srcset=\"https:\/\/webs.uab.cat\/islamolatina\/wp-content\/uploads\/sites\/382\/2024\/09\/WhatsApp-Image-2024-09-09-at-11.09.28-767x1024.jpeg 767w, https:\/\/webs.uab.cat\/islamolatina\/wp-content\/uploads\/sites\/382\/2024\/09\/WhatsApp-Image-2024-09-09-at-11.09.28-225x300.jpeg 225w, https:\/\/webs.uab.cat\/islamolatina\/wp-content\/uploads\/sites\/382\/2024\/09\/WhatsApp-Image-2024-09-09-at-11.09.28-768x1025.jpeg 768w, https:\/\/webs.uab.cat\/islamolatina\/wp-content\/uploads\/sites\/382\/2024\/09\/WhatsApp-Image-2024-09-09-at-11.09.28-1151x1536.jpeg 1151w, https:\/\/webs.uab.cat\/islamolatina\/wp-content\/uploads\/sites\/382\/2024\/09\/WhatsApp-Image-2024-09-09-at-11.09.28-1200x1602.jpeg 1200w, https:\/\/webs.uab.cat\/islamolatina\/wp-content\/uploads\/sites\/382\/2024\/09\/WhatsApp-Image-2024-09-09-at-11.09.28.jpeg 1303w\" sizes=\"auto, (max-width: 767px) 100vw, 767px\" \/><\/figure><div class=\"wp-block-media-text__content\">\n<p>Sofia Zamrik Vila<\/p>\n\n\n\n<p><strong>T\u00e9cnica Superior de Investigaci\u00f3n<\/strong><\/p>\n\n\n\n<p>Universidad Aut\u00f3noma de Barcelona<br>Facultad de Filosof\u00eda y Letras &#8211; Ciencias de la Antig\u00fcedad y de la Edad Media<\/p>\n\n\n\n<p><\/p>\n<\/div><\/div>\n","protected":false},"excerpt":{"rendered":"<p>C\u00e1ndida Ferrero Hern\u00e1ndez IPCatedr\u00e1tica de Filolog\u00eda LatinaUniversidad Aut\u00f3noma de BarcelonaFacultad de Filosof\u00eda y Letras &#8211; Ciencias de la Antig\u00fcedad y Edad Media &#8211; Filolog\u00eda LatinaTel. 935811822 M\u00e1s informaci\u00f3n &#8211; Publicaciones Fernando Gonz\u00e1lez Mu\u00f1oz IP Titular de UniversidadUniversidade da Coru\u00f1aFacultade de Filolox\u00eda &#8211; Departamento de Filolox\u00eda Espa\u00f1ola e Latina M\u00e1s informaci\u00f3n&nbsp;y publicaciones Jos\u00e9 Mart\u00ednez G\u00e1zquez Investigador [&hellip;]<\/p>\n","protected":false},"author":14,"featured_media":0,"parent":0,"menu_order":0,"comment_status":"closed","ping_status":"closed","template":"","meta":{"footnotes":""},"class_list":["post-92","page","type-page","status-publish","hentry"],"_links":{"self":[{"href":"https:\/\/webs.uab.cat\/islamolatina\/wp-json\/wp\/v2\/pages\/92","targetHints":{"allow":["GET"]}}],"collection":[{"href":"https:\/\/webs.uab.cat\/islamolatina\/wp-json\/wp\/v2\/pages"}],"about":[{"href":"https:\/\/webs.uab.cat\/islamolatina\/wp-json\/wp\/v2\/types\/page"}],"author":[{"embeddable":true,"href":"https:\/\/webs.uab.cat\/islamolatina\/wp-json\/wp\/v2\/users\/14"}],"replies":[{"embeddable":true,"href":"https:\/\/webs.uab.cat\/islamolatina\/wp-json\/wp\/v2\/comments?post=92"}],"version-history":[{"count":24,"href":"https:\/\/webs.uab.cat\/islamolatina\/wp-json\/wp\/v2\/pages\/92\/revisions"}],"predecessor-version":[{"id":1161,"href":"https:\/\/webs.uab.cat\/islamolatina\/wp-json\/wp\/v2\/pages\/92\/revisions\/1161"}],"wp:attachment":[{"href":"https:\/\/webs.uab.cat\/islamolatina\/wp-json\/wp\/v2\/media?parent=92"}],"curies":[{"name":"wp","href":"https:\/\/api.w.org\/{rel}","templated":true}]}}