{"id":10,"date":"2025-01-19T20:00:04","date_gmt":"2025-01-19T18:00:04","guid":{"rendered":"https:\/\/webs.uab.cat\/iuee\/?page_id=10"},"modified":"2025-02-03T13:27:49","modified_gmt":"2025-02-03T11:27:49","slug":"presentacio","status":"publish","type":"page","link":"https:\/\/webs.uab.cat\/iuee\/presentacio\/","title":{"rendered":"Presentaci\u00f3n"},"content":{"rendered":"\n<p>El comprom\u00eds docent i investigador de la UAB amb estudis de la Uni\u00f3 Europea forma part de la seva traject\u00f2ria gaireb\u00e9 de de la seva creaci\u00f3, si b\u00e9 va ser a principis dels anys 80 que es va traduir en un seguit d\u2019accions i resultats que van situar aquesta universitat com a punt de refer\u00e8ncia a Catalunya, a Espanya i arreu en aquesta mat\u00e8ria.<\/p>\n\n\n\n<p>L\u2019any 1984 es crea a la UAB el Centre de Documentaci\u00f3 europea a partir d\u2019un acord entre la Universitat i la Comissi\u00f3 Europea. El mateix any comencen els estudis de postgrau d\u2019estudis europeus, i el 1985, a partir d\u2019un acord entre la UAB i la Generalitat de Catalunya es va crear l\u2019Institut Universitari d\u2019Estudis Europeus, que va tenir continu\u00eftat fins l\u2019any 2012 en que la crisi econ\u00f2mica i les greus conseq\u00fc\u00e8ncies que se\u2019n va derivar i encara pateix el sistema universitari catal\u00e0 van provocar la seva desaparici\u00f3.<\/p>\n\n\n\n<p>Aix\u00f2 no obstant,&nbsp; el prestigi de l\u2019Institut desaparegut, la traject\u00f2ria de recerca i formativa que havia desplegat durant m\u00e9s de vint anys, i el reconeixement internacional que tenia tant la instituci\u00f3 com qui en formaven part van fer que la pr\u00f2pia universitat decid\u00eds reconduir tot aquell bagatge i impulsar, ara ella sola, un nou centre d\u2019estudis europeus sota el format CER (centre d\u2019Estudis i Recerca) i denominat Institut d\u2019Estudis Europeus (IEE-UAB).<\/p>\n\n\n\n<p>Noms com Gregori Garz\u00f3n Clariana, Blanca Vil\u00e0 Costa o Jordi Bacaria Colom, i totes les persones que han anat formant, moltes de les quals hem continuat ja sigui en la doc\u00e8ncia, recerca i transfer\u00e8ncia dels Estudis Europeus, ja sigui treballant en aquests \u00e0mbits, han estat claus en aquest prestigi i en la seva continu\u00eftat institucional.<\/p>\n\n\n\n<p>L\u2019actual Centre d\u2019Estudis i Recerca mant\u00e9 l\u2019experi\u00e8ncia personal i investigadora del seu predecessor, per\u00f2 incorpora nous valors per tal de fer-lo m\u00e9s \u00fatil tant a la pr\u00f2pia instituci\u00f3 universit\u00e0ria com a la societat a la que vol servir. Per aquest motiu hi ha dues caracter\u00edstiques que ha potenciat especialment: la interdisciplinarietat i la transversalitat. Dues caracter\u00edstiques que el Comissari Carlos Moedas va posar especialment de relleu en les seves paraules quan va donar la benvinguda d\u2019aquest nou centre a la UAB.<\/p>\n\n\n\n<p>D\u2019aquesta manera l\u2019objectiu de l\u2019IEE-UAB \u00e9s incorporar personal investigador m\u00e9s enll\u00e0 de les disciplines que tradicionalment n\u2019havien format part, i aix\u00ed aportar investigacions i estudis m\u00e9s propers a cada sector, beneficiant-nos del coneixement expert d\u2019aquest personal.<\/p>\n\n\n\n<p>Mitjan\u00e7ant aquesta instituci\u00f3 volem aportar a la societat reflexions i an\u00e0lisis que siguin de utilitat per a la millora del nostre entorn m\u00e9s immediat, per\u00f2 tamb\u00e9, i molt especialment,&nbsp; per enfortir els principis, les bases i els desenvolupaments que han de servir per estructurar una Uni\u00f3 Europea m\u00e9s s\u00f2lida i propera als interessos i necessitats de tothom qui hi participem.<\/p>\n\n\n\n<p>La instituci\u00f3 que ha engegat la UAB, com la pr\u00f2pia UAB i com la UE \u00e9s una instituci\u00f3 din\u00e0mica, acollidora i amb voluntat de millora i adaptaci\u00f3 a les necessitats de cada moment. Esperem les aportacions de tothom, membres i no membres, que seran les que ens faran cr\u00e9ixer. Sentiu-vos-hi benvingudes. Sentiu-vos-hi benvinguts.<\/p>\n\n\n\n<p>IUEE-UAB, Bellaterra, Setembre 2019<\/p>\n\n\n<div class=\"wp-block-image\">\n<figure class=\"aligncenter size-full\"><img loading=\"lazy\" decoding=\"async\" width=\"1024\" height=\"683\" src=\"https:\/\/webs.uab.cat\/iuee\/wp-content\/uploads\/sites\/618\/2025\/01\/escritorio.jpg\" alt=\"\" class=\"wp-image-12\" srcset=\"https:\/\/webs.uab.cat\/iuee\/wp-content\/uploads\/sites\/618\/2025\/01\/escritorio.jpg 1024w, https:\/\/webs.uab.cat\/iuee\/wp-content\/uploads\/sites\/618\/2025\/01\/escritorio-300x200.jpg 300w, https:\/\/webs.uab.cat\/iuee\/wp-content\/uploads\/sites\/618\/2025\/01\/escritorio-768x512.jpg 768w\" sizes=\"auto, (max-width: 1024px) 100vw, 1024px\" \/><\/figure>\n<\/div>","protected":false},"excerpt":{"rendered":"<p>El comprom\u00eds docent i investigador de la UAB amb estudis de la Uni\u00f3 Europea forma part de la seva traject\u00f2ria gaireb\u00e9 de de la seva creaci\u00f3, si b\u00e9 va ser a principis dels anys 80 que es va traduir en un seguit d\u2019accions i resultats que van situar aquesta universitat com a punt de refer\u00e8ncia [&hellip;]<\/p>\n","protected":false},"author":1385,"featured_media":0,"parent":0,"menu_order":0,"comment_status":"closed","ping_status":"closed","template":"","meta":{"footnotes":""},"class_list":["post-10","page","type-page","status-publish","hentry"],"_links":{"self":[{"href":"https:\/\/webs.uab.cat\/iuee\/wp-json\/wp\/v2\/pages\/10","targetHints":{"allow":["GET"]}}],"collection":[{"href":"https:\/\/webs.uab.cat\/iuee\/wp-json\/wp\/v2\/pages"}],"about":[{"href":"https:\/\/webs.uab.cat\/iuee\/wp-json\/wp\/v2\/types\/page"}],"author":[{"embeddable":true,"href":"https:\/\/webs.uab.cat\/iuee\/wp-json\/wp\/v2\/users\/1385"}],"replies":[{"embeddable":true,"href":"https:\/\/webs.uab.cat\/iuee\/wp-json\/wp\/v2\/comments?post=10"}],"version-history":[{"count":3,"href":"https:\/\/webs.uab.cat\/iuee\/wp-json\/wp\/v2\/pages\/10\/revisions"}],"predecessor-version":[{"id":692,"href":"https:\/\/webs.uab.cat\/iuee\/wp-json\/wp\/v2\/pages\/10\/revisions\/692"}],"wp:attachment":[{"href":"https:\/\/webs.uab.cat\/iuee\/wp-json\/wp\/v2\/media?parent=10"}],"curies":[{"name":"wp","href":"https:\/\/api.w.org\/{rel}","templated":true}]}}