{"id":14,"date":"2025-01-19T20:03:27","date_gmt":"2025-01-19T18:03:27","guid":{"rendered":"https:\/\/webs.uab.cat\/iuee\/?page_id=14"},"modified":"2025-04-30T11:58:15","modified_gmt":"2025-04-30T09:58:15","slug":"membres","status":"publish","type":"page","link":"https:\/\/webs.uab.cat\/iuee\/membres\/","title":{"rendered":"Miembros"},"content":{"rendered":"\n<p><\/p>\n\n\n\n<div class=\"wp-block-media-text is-stacked-on-mobile\" style=\"grid-template-columns:25% auto\"><figure class=\"wp-block-media-text__media\"><img loading=\"lazy\" decoding=\"async\" width=\"159\" height=\"159\" src=\"https:\/\/webs.uab.cat\/iuee\/wp-content\/uploads\/sites\/618\/2025\/01\/DeDios.jpg\" alt=\"\" class=\"wp-image-15 size-full\" srcset=\"https:\/\/webs.uab.cat\/iuee\/wp-content\/uploads\/sites\/618\/2025\/01\/DeDios.jpg 159w, https:\/\/webs.uab.cat\/iuee\/wp-content\/uploads\/sites\/618\/2025\/01\/DeDios-150x150.jpg 150w\" sizes=\"auto, (max-width: 159px) 100vw, 159px\" \/><\/figure><div class=\"wp-block-media-text__content\">\n<p><strong>Josep Maria de Dios Marcer<\/strong>&nbsp;es profesor titular de derecho internacional privado en la UAB. Imparte docencia en Derecho Internacional Privado y en Derecho de la Uni\u00f3n Europea, siendo su \u00e1mbito de docencia e investigaci\u00f3n tanto el Derecho Internacional Privado de la Uni\u00f3n Europea. <a href=\"https:\/\/portalrecerca.uab.cat\/ca\/persons\/jose-maria-de-dios-marcer-3\" target=\"_blank\" rel=\"noreferrer noopener\">M\u00e1s informaci\u00f3n<\/a><\/p>\n<\/div><\/div>\n\n\n\n<div class=\"wp-block-media-text is-stacked-on-mobile\" style=\"grid-template-columns:25% auto\"><figure class=\"wp-block-media-text__media\"><img loading=\"lazy\" decoding=\"async\" width=\"159\" height=\"159\" src=\"https:\/\/webs.uab.cat\/iuee\/wp-content\/uploads\/sites\/618\/2025\/01\/Cristina.jpg\" alt=\"\" class=\"wp-image-20 size-full\" srcset=\"https:\/\/webs.uab.cat\/iuee\/wp-content\/uploads\/sites\/618\/2025\/01\/Cristina.jpg 159w, https:\/\/webs.uab.cat\/iuee\/wp-content\/uploads\/sites\/618\/2025\/01\/Cristina-150x150.jpg 150w\" sizes=\"auto, (max-width: 159px) 100vw, 159px\" \/><\/figure><div class=\"wp-block-media-text__content\">\n<p><strong>Cristina Blasi Casagran<\/strong>&nbsp;Profesora agregada de la Facultad de Derecho. Sus lineas de investigaci\u00f3n incluyen protecci\u00f3n de datos, derecho europeo, IA y pol\u00edticas migratorias. Se licenci\u00f3 en derecho por la UAB en 2007, y complet\u00f3 el M\u00e1ster de Integraci\u00f3n Europea en la UAB (2008) y el LL.M en Europ\u00e4isches Recht en el Europa Institut de Saarbr\u00fccken (2009). Es doctora en derecho por el European University Institute de Florencia (2015). <a href=\"https:\/\/portalrecerca.uab.cat\/ca\/persons\/cristina-blasi-casagran-8\" data-type=\"page\" data-id=\"56\" target=\"_blank\" rel=\"noreferrer noopener\">M\u00e1s informaci\u00f3n<\/a><\/p>\n<\/div><\/div>\n\n\n\n<div class=\"wp-block-media-text is-stacked-on-mobile\" style=\"grid-template-columns:25% auto\"><figure class=\"wp-block-media-text__media\"><img loading=\"lazy\" decoding=\"async\" width=\"400\" height=\"400\" src=\"https:\/\/webs.uab.cat\/iuee\/wp-content\/uploads\/sites\/618\/2025\/01\/Joan-Lluis.jpg\" alt=\"\" class=\"wp-image-22 size-full\" srcset=\"https:\/\/webs.uab.cat\/iuee\/wp-content\/uploads\/sites\/618\/2025\/01\/Joan-Lluis.jpg 400w, https:\/\/webs.uab.cat\/iuee\/wp-content\/uploads\/sites\/618\/2025\/01\/Joan-Lluis-300x300.jpg 300w, https:\/\/webs.uab.cat\/iuee\/wp-content\/uploads\/sites\/618\/2025\/01\/Joan-Lluis-150x150.jpg 150w\" sizes=\"auto, (max-width: 400px) 100vw, 400px\" \/><\/figure><div class=\"wp-block-media-text__content\">\n<p><strong>Joan Llu\u00eds P\u00e9rez Francesch<\/strong>&nbsp;Doctor en Derecho. Catedr\u00e1tico acreditado de Derecho Constitucional (ANECA, 2012 y AQU, 2010), de la Unidad de Derecho Constitucional del Departamento de Ciencia Pol\u00edtica y Derecho P\u00fablico de la Universidad Aut\u00f3noma de Barcelona. <a href=\"https:\/\/portalrecerca.uab.cat\/ca\/persons\/juan-luis-perez-francesch\" target=\"_blank\" rel=\"noreferrer noopener\">M\u00e1s informaci\u00f3n<\/a><\/p>\n<\/div><\/div>\n\n\n\n<div class=\"wp-block-media-text is-stacked-on-mobile is-vertically-aligned-top\" style=\"grid-template-columns:25% auto\"><figure class=\"wp-block-media-text__media\"><img loading=\"lazy\" decoding=\"async\" width=\"240\" height=\"240\" src=\"https:\/\/webs.uab.cat\/iuee\/wp-content\/uploads\/sites\/618\/2025\/01\/Montserrat-Pi-Llorens.jpg\" alt=\"\" class=\"wp-image-23 size-full\" srcset=\"https:\/\/webs.uab.cat\/iuee\/wp-content\/uploads\/sites\/618\/2025\/01\/Montserrat-Pi-Llorens.jpg 240w, https:\/\/webs.uab.cat\/iuee\/wp-content\/uploads\/sites\/618\/2025\/01\/Montserrat-Pi-Llorens-150x150.jpg 150w\" sizes=\"auto, (max-width: 240px) 100vw, 240px\" \/><\/figure><div class=\"wp-block-media-text__content\">\n<p>M<strong>ontserrat Pi Llorens<\/strong>&nbsp;Licenciada en Derecho por la Universidad Aut\u00f3noma de Barcelona en 1984, trabaj\u00f3 en Bruselas como funcionaria de la Comisi\u00f3n europea desde 1986 hasta 1989. Regres\u00f3 a Barcelona para incorporarse a la Facultad de Derecho de la UAB, donde obtuvo el grado de Doctora en la 1996 Anglasell del Patronato Catal\u00e1n ProEuropa a la mejor tesis en temas de integraci\u00f3n europea y el Premio Extraordinario de Doctorado y que fue publicada por la editorial Ariel. Desde 1997 es profesora titular en el \u00e1rea de Derecho Internacional P\u00fablico y Relaciones Internacionales de la UAB. <a href=\"https:\/\/portalrecerca.uab.cat\/ca\/persons\/montserrat-pi-llorens-7\" target=\"_blank\" rel=\"noreferrer noopener\">M\u00e1s informaci\u00f3n<\/a><\/p>\n<\/div><\/div>\n\n\n\n<div class=\"wp-block-media-text is-stacked-on-mobile is-vertically-aligned-top\" style=\"grid-template-columns:25% auto\"><figure class=\"wp-block-media-text__media\"><img loading=\"lazy\" decoding=\"async\" width=\"222\" height=\"222\" src=\"https:\/\/webs.uab.cat\/iuee\/wp-content\/uploads\/sites\/618\/2025\/01\/Garzon.jpg\" alt=\"\" class=\"wp-image-31 size-full\" srcset=\"https:\/\/webs.uab.cat\/iuee\/wp-content\/uploads\/sites\/618\/2025\/01\/Garzon.jpg 222w, https:\/\/webs.uab.cat\/iuee\/wp-content\/uploads\/sites\/618\/2025\/01\/Garzon-150x150.jpg 150w\" sizes=\"auto, (max-width: 222px) 100vw, 222px\" \/><\/figure><div class=\"wp-block-media-text__content\">\n<p><strong>Gregorio Garz\u00f3n Clariana&nbsp;<\/strong>es Profesor Em\u00e9rito de la Universitat Aut\u00f2noma de Barcelona, Catedr\u00e1tico de Derecho Internacional P\u00fablico y C\u00e1tedra Jean Monnet ad personam de Derecho de la Uni\u00f3n Europea. Ha sido Consejero Jur\u00eddico Principal en la Comisi\u00f3n Europea y el Jurisconsulto del Parlamento Europeo. Profesor visitante, entre otros, del Colegio de Europa (Brujas y campus de Natolin en Varsovia). Autor de numerosas publicaciones. Perfil m\u00e1s detallado en&nbsp;<a href=\"http:\/\/jeanmonnetchair.eu\">http:\/\/jeanmonnetchair.eu<\/a> . <a href=\"https:\/\/portalrecerca.uab.cat\/ca\/persons\/gregori-garzon-clariana-4\" target=\"_blank\" rel=\"noreferrer noopener\">M\u00e9s informaci\u00f3<\/a><\/p>\n<\/div><\/div>\n\n\n\n<div class=\"wp-block-media-text is-stacked-on-mobile is-vertically-aligned-top\" style=\"grid-template-columns:25% auto\"><figure class=\"wp-block-media-text__media\"><img loading=\"lazy\" decoding=\"async\" width=\"225\" height=\"225\" src=\"https:\/\/webs.uab.cat\/iuee\/wp-content\/uploads\/sites\/618\/2025\/02\/judith-1.jpg\" alt=\"\" class=\"wp-image-783 size-full\" srcset=\"https:\/\/webs.uab.cat\/iuee\/wp-content\/uploads\/sites\/618\/2025\/02\/judith-1.jpg 225w, https:\/\/webs.uab.cat\/iuee\/wp-content\/uploads\/sites\/618\/2025\/02\/judith-1-150x150.jpg 150w\" sizes=\"auto, (max-width: 225px) 100vw, 225px\" \/><\/figure><div class=\"wp-block-media-text__content\">\n<p><strong>Judith Gifreu<\/strong> <strong>Font<\/strong>.&nbsp;Es doctora en derecho y profesora titular de derecho administrativo en la Universidad Aut\u00f3noma de Barcelona. Miembro de la Comisi\u00f3n Jur\u00eddica Asesora. Directora de la C\u00e1tedra Enric Prat de la Riba de Estudios Jur\u00eddicos Locales de la UAB y codirectora de la C\u00e1tedra Barcelona de Estudios de Vivienda. Secretaria-tesorera de la Asociaci\u00f3n Espa\u00f1ola de Derecho Urban\u00edstico (AEDUr) y representante permanente en la Asociaci\u00f3n Internacional de Derecho Urban\u00edstico.<a href=\"https:\/\/portalrecerca.uab.cat\/es\/persons\/judith-gifreu-font-8\" target=\"_blank\" rel=\"noreferrer noopener\">M\u00e1s informaci\u00f3n<\/a><\/p>\n<\/div><\/div>\n\n\n\n<div class=\"wp-block-media-text is-stacked-on-mobile is-vertically-aligned-top\" style=\"grid-template-columns:25% auto\"><figure class=\"wp-block-media-text__media\"><img loading=\"lazy\" decoding=\"async\" width=\"159\" height=\"159\" src=\"https:\/\/webs.uab.cat\/iuee\/wp-content\/uploads\/sites\/618\/2025\/01\/Lidia.jpg\" alt=\"\" class=\"wp-image-40 size-full\" srcset=\"https:\/\/webs.uab.cat\/iuee\/wp-content\/uploads\/sites\/618\/2025\/01\/Lidia.jpg 159w, https:\/\/webs.uab.cat\/iuee\/wp-content\/uploads\/sites\/618\/2025\/01\/Lidia-150x150.jpg 150w\" sizes=\"auto, (max-width: 159px) 100vw, 159px\" \/><\/figure><div class=\"wp-block-media-text__content\">\n<p><strong>Dra. L\u00eddia Ballesta Mart\u00ed<\/strong> es profesora de Derecho Uni\u00f3n Europea en la Universidad Aut\u00f3noma de Barcelona (UAB), especializada en Derecho de la Uni\u00f3n Europea, igualdad de g\u00e9nero y no-discriminaci\u00f3n, mercado interior y derecho digital. Es doctora en Derecho y m\u00e1ster en Integraci\u00f3n Europea por la UAB. Adem\u00e1s de su trayectoria acad\u00e9mica, cuenta con m\u00e1s de una d\u00e9cada de experiencia como abogada y consultora jur\u00eddica. <a href=\"https:\/\/portalrecerca.uab.cat\/ca\/persons\/lidia-ballesta-marti-2\" target=\"_blank\" rel=\"noreferrer noopener\">M\u00e1s informaci\u00f3n<\/a><\/p>\n<\/div><\/div>\n\n\n\n<div class=\"wp-block-media-text is-stacked-on-mobile is-vertically-aligned-top\" style=\"grid-template-columns:25% auto\"><figure class=\"wp-block-media-text__media\"><img loading=\"lazy\" decoding=\"async\" width=\"352\" height=\"510\" src=\"https:\/\/webs.uab.cat\/iuee\/wp-content\/uploads\/sites\/618\/2025\/02\/irina-2.jpg\" alt=\"\" class=\"wp-image-775 size-full\" srcset=\"https:\/\/webs.uab.cat\/iuee\/wp-content\/uploads\/sites\/618\/2025\/02\/irina-2.jpg 352w, https:\/\/webs.uab.cat\/iuee\/wp-content\/uploads\/sites\/618\/2025\/02\/irina-2-207x300.jpg 207w\" sizes=\"auto, (max-width: 352px) 100vw, 352px\" \/><\/figure><div class=\"wp-block-media-text__content\">\n<p><strong>Irina Ciornei<\/strong> es investigadora Ramon y Cajal en el departamento de ciencia pol\u00edtica de la Universidad Aut\u00f3noma de Barcelona. Tiene un doctorado en ciencia pol\u00edtica por la Universidad Aut\u00f3noma de Barcelona. Su trabajo abarca los campos de la pol\u00edtica de la Uni\u00f3n Europea, las pol\u00edticas p\u00fablicas y los estudios migratorios. El \u00e1rea de investigaci\u00f3n principal de Irina se encuentra dentro del campo de la pol\u00edtica y la formulaci\u00f3n de pol\u00edticas de la Uni\u00f3n Europea, donde estudia los efectos de las pol\u00edticas distributivas y redistributivas europeas en los p\u00fablicos de masas. Irina est\u00e1 coordinando un proyecto de investigaci\u00f3n sobre el efecto de los fondos Next Generation EU en las opiniones pol\u00edticas de los actores econ\u00f3micos. El proyecto se intitula &#8220;<a href=\"https:\/\/portalrecerca.uab.cat\/ca\/projects\/business-and-politics-how-next-generation-eu-funds-shape-eu-suppo\">Business and politics. How NGEU funds shape EU support (EUBUSINESS)<\/a>&#8221; financiado por el Ministerio de Ciencia, Innovacion y universidades entre el 09\/2024-08\/2028. <a href=\"https:\/\/portalrecerca.uab.cat\/es\/persons\/irina-ciornei\">M\u00e1s informaci\u00f3n<\/a><\/p>\n<\/div><\/div>\n\n\n\n<div class=\"wp-block-media-text is-stacked-on-mobile is-vertically-aligned-top\" style=\"grid-template-columns:25% auto\"><figure class=\"wp-block-media-text__media\"><img loading=\"lazy\" decoding=\"async\" width=\"1002\" height=\"1024\" src=\"https:\/\/webs.uab.cat\/iuee\/wp-content\/uploads\/sites\/618\/2025\/01\/AnaMar-1002x1024.jpg\" alt=\"\" class=\"wp-image-44 size-full\" srcset=\"https:\/\/webs.uab.cat\/iuee\/wp-content\/uploads\/sites\/618\/2025\/01\/AnaMar-1002x1024.jpg 1002w, https:\/\/webs.uab.cat\/iuee\/wp-content\/uploads\/sites\/618\/2025\/01\/AnaMar-294x300.jpg 294w, https:\/\/webs.uab.cat\/iuee\/wp-content\/uploads\/sites\/618\/2025\/01\/AnaMar-768x785.jpg 768w, https:\/\/webs.uab.cat\/iuee\/wp-content\/uploads\/sites\/618\/2025\/01\/AnaMar-1503x1536.jpg 1503w, https:\/\/webs.uab.cat\/iuee\/wp-content\/uploads\/sites\/618\/2025\/01\/AnaMar-1200x1226.jpg 1200w, https:\/\/webs.uab.cat\/iuee\/wp-content\/uploads\/sites\/618\/2025\/01\/AnaMar.jpg 1740w\" sizes=\"auto, (max-width: 1002px) 100vw, 1002px\" \/><\/figure><div class=\"wp-block-media-text__content\">\n<p><strong>Ana Mar Fern\u00e1ndez Pasar\u00edn<\/strong> Catedr\u00e1tica de Ciencia Pol\u00edtica y Administraci\u00f3n P\u00fablica de la UAB. Es directora del Centro de Excelencia Jean Monnet en Pol\u00edticas Europeas Globales (EUGLOB) y del Grupo de Investigaci\u00f3n Consolidado EUGOV: Government and Governance in the EU (eugov.uab.cat). Entre 2018 y 2025 ha sido Catedr\u00e1tica Jean Monnet en Pol\u00edticas Europeas. Actualmente es la investigadora principal del proyecto de investigaci\u00f3n EUDECON &#8216;Delegation and Consensual Decision-Making. The Role of the Commission in the implementation of the Recovery and Resilience Facility&#8217; (Ministerio de Ciencia e Innovaci\u00f3n, 2023- 2027). Ana Mar Fern\u00e1ndez-Pasar\u00edn ha sido investigadora asociada de Sciences Po Paris (Centre d&#8217;\u00e9tudes europ\u00e9ennes 2008-2011) y profesora visitante en el Instituto Tecnol\u00f3gico Aut\u00f3nomo de M\u00e9xico (ITAM), la Yunnan University (China), la Universidad de Bologna y la Universit\u00e9 de Paris VIII. Sus principals \u00e1reas de investigaci\u00f3n son las din\u00e1micas institucionales y las pol\u00edticas europeas con una atenci\u00f3n especial prestada a los procesos de toma de decisi\u00f3n. <a href=\"https:\/\/portalrecerca.uab.cat\/ca\/persons\/ana-mar-fernandez-pasarin-3\" target=\"_blank\" rel=\"noreferrer noopener\">M\u00e1s informaci\u00f3n<\/a><\/p>\n<\/div><\/div>\n\n\n\n<div class=\"wp-block-media-text is-stacked-on-mobile is-vertically-aligned-top\" style=\"grid-template-columns:25% auto\"><figure class=\"wp-block-media-text__media\"><img loading=\"lazy\" decoding=\"async\" width=\"159\" height=\"159\" src=\"https:\/\/webs.uab.cat\/iuee\/wp-content\/uploads\/sites\/618\/2025\/01\/Santi-Villar.jpg\" alt=\"\" class=\"wp-image-46 size-full\" srcset=\"https:\/\/webs.uab.cat\/iuee\/wp-content\/uploads\/sites\/618\/2025\/01\/Santi-Villar.jpg 159w, https:\/\/webs.uab.cat\/iuee\/wp-content\/uploads\/sites\/618\/2025\/01\/Santi-Villar-150x150.jpg 150w\" sizes=\"auto, (max-width: 159px) 100vw, 159px\" \/><\/figure><div class=\"wp-block-media-text__content\">\n<p><strong>Santiago Ariel Villar Arias<\/strong>&nbsp;El Santiago Ariel Villar Arias \u00e9s un advocat argent\u00ed \/ espanyol. Treballa en l\u2019IEE com a Project Manager de el Projecte ITFLOWS (H2020). Abans va treballar com a investigador al Centre d\u2019Afers Internacionals de Barcelona (CIDOB) durant m\u00e9s de quatre anys, principalment en el departament de Llatinoam\u00e8rica, i tamb\u00e9 en projectes europeus (FP7 i H2020). \u00c9s Llicenciat en Dret per la Universitat Nacional de Mar de l\u2019Argent (Argentina) i t\u00e9 un postgrau en Dret Bancari de la U.C.A. (Argentina). T\u00e9 un grau amb matr\u00edcula d\u2019honor en Estudis de la Uni\u00f3 Europea per l\u2019Institute d\u2019\u00c9tudes Europ\u00e9ennes de la Universit\u00e9 Libre de Bruxelles (B\u00e8lgica) i un grau en Dret Internacional i de la Uni\u00f3 Europea per la Universitat de Val\u00e8ncia (Espanya). A Argentina ha exercit com a advocat durant m\u00e9s de cinc anys i com a professor assistent de Dret Bancari a la Universitat Nacional de Mar de l\u2019Argent. Durant els \u00faltims set anys ha estat estudiant la integraci\u00f3 regional, tant europea com llatinoamericana, enfocada principalment en la relaci\u00f3 entre el Mercosur i la UE, i els processos d\u2019integraci\u00f3 llatinoamericans. Tamb\u00e9 ha estat involucrat en grups de recerca sobre temes relacionats amb les relacions exteriors de la UE (principalment les crisis de Kosovo i S\u00edria). Ha publicat diversos articles, ressenyes de llibres i assajos, inclosos cap\u00edtols de llibres.<\/p>\n<\/div><\/div>\n\n\n\n<div class=\"wp-block-media-text is-stacked-on-mobile is-vertically-aligned-top\" style=\"grid-template-columns:25% auto\"><figure class=\"wp-block-media-text__media\"><img loading=\"lazy\" decoding=\"async\" width=\"204\" height=\"204\" src=\"https:\/\/webs.uab.cat\/iuee\/wp-content\/uploads\/sites\/618\/2025\/01\/AAbat.png\" alt=\"\" class=\"wp-image-48 size-full\" srcset=\"https:\/\/webs.uab.cat\/iuee\/wp-content\/uploads\/sites\/618\/2025\/01\/AAbat.png 204w, https:\/\/webs.uab.cat\/iuee\/wp-content\/uploads\/sites\/618\/2025\/01\/AAbat-150x150.png 150w\" sizes=\"auto, (max-width: 204px) 100vw, 204px\" \/><\/figure><div class=\"wp-block-media-text__content\">\n<p><strong>Antoni Abat i Ninet&nbsp;<\/strong>&nbsp;Maria Zambrano del IEE (UAB) y profesora visitante en la Facultad de Derecho de la Universidad Hebrea de Jerusal\u00e9n (Israel). Antoni se licenci\u00f3 en Derecho por la Universidad de Girona en 2001 y se doctor\u00f3 por la Universidad de Barcelona en 2007. Se incorpor\u00f3 a la Facultad de Derecho de ESADE en 2011 y obtuvo la beca de investigaci\u00f3n competitiva Juan de la Cierva del Ministerio de Ciencia e Innovaci\u00f3n de Espa\u00f1a. Ha impartido docencia de Derecho constitucional comparado y constitucionalismo antiguo en la State University of New York y en la Lincoln Law School de San Jos\u00e9 y ha sido profesor visitante en la Stanford University Law School. <a href=\"https:\/\/portalrecerca.uab.cat\/ca\/persons\/antoni-abat-ninet\" target=\"_blank\" rel=\"noreferrer noopener\">M\u00e1s informaci\u00f3n<\/a><\/p>\n<\/div><\/div>\n","protected":false},"excerpt":{"rendered":"<p>Josep Maria de Dios Marcer&nbsp;es profesor titular de derecho internacional privado en la UAB. Imparte docencia en Derecho Internacional Privado y en Derecho de la Uni\u00f3n Europea, siendo su \u00e1mbito de docencia e investigaci\u00f3n tanto el Derecho Internacional Privado de la Uni\u00f3n Europea. M\u00e1s informaci\u00f3n Cristina Blasi Casagran&nbsp;Profesora agregada de la Facultad de Derecho. Sus [&hellip;]<\/p>\n","protected":false},"author":1385,"featured_media":0,"parent":0,"menu_order":0,"comment_status":"closed","ping_status":"closed","template":"","meta":{"footnotes":""},"class_list":["post-14","page","type-page","status-publish","hentry"],"_links":{"self":[{"href":"https:\/\/webs.uab.cat\/iuee\/wp-json\/wp\/v2\/pages\/14","targetHints":{"allow":["GET"]}}],"collection":[{"href":"https:\/\/webs.uab.cat\/iuee\/wp-json\/wp\/v2\/pages"}],"about":[{"href":"https:\/\/webs.uab.cat\/iuee\/wp-json\/wp\/v2\/types\/page"}],"author":[{"embeddable":true,"href":"https:\/\/webs.uab.cat\/iuee\/wp-json\/wp\/v2\/users\/1385"}],"replies":[{"embeddable":true,"href":"https:\/\/webs.uab.cat\/iuee\/wp-json\/wp\/v2\/comments?post=14"}],"version-history":[{"count":45,"href":"https:\/\/webs.uab.cat\/iuee\/wp-json\/wp\/v2\/pages\/14\/revisions"}],"predecessor-version":[{"id":851,"href":"https:\/\/webs.uab.cat\/iuee\/wp-json\/wp\/v2\/pages\/14\/revisions\/851"}],"wp:attachment":[{"href":"https:\/\/webs.uab.cat\/iuee\/wp-json\/wp\/v2\/media?parent=14"}],"curies":[{"name":"wp","href":"https:\/\/api.w.org\/{rel}","templated":true}]}}