{"id":60,"date":"2025-01-19T20:25:29","date_gmt":"2025-01-19T18:25:29","guid":{"rendered":"https:\/\/webs.uab.cat\/iuee\/?page_id=60"},"modified":"2025-02-03T13:28:50","modified_gmt":"2025-02-03T11:28:50","slug":"direccio","status":"publish","type":"page","link":"https:\/\/webs.uab.cat\/iuee\/direccio\/","title":{"rendered":"Direcci\u00f3n"},"content":{"rendered":"\n<div class=\"wp-block-media-text alignwide is-stacked-on-mobile\" style=\"grid-template-columns:25% auto\"><figure class=\"wp-block-media-text__media\"><img loading=\"lazy\" decoding=\"async\" width=\"159\" height=\"159\" src=\"https:\/\/webs.uab.cat\/iuee\/wp-content\/uploads\/sites\/618\/2025\/01\/DeDios.jpg\" alt=\"\" class=\"wp-image-15 size-full\" srcset=\"https:\/\/webs.uab.cat\/iuee\/wp-content\/uploads\/sites\/618\/2025\/01\/DeDios.jpg 159w, https:\/\/webs.uab.cat\/iuee\/wp-content\/uploads\/sites\/618\/2025\/01\/DeDios-150x150.jpg 150w\" sizes=\"auto, (max-width: 159px) 100vw, 159px\" \/><\/figure><div class=\"wp-block-media-text__content\">\n<p><strong>Josep Maria de Dios Marcer<\/strong>&nbsp;es professor titular de dret internacional privat a la UAB. Imparteix doc\u00e8ncia en Dret Internacional Privat i en Dret de la Uni\u00f3 Europea, essent el seu \u00e0mbit de doc\u00e8ncia i recerca tant el Dret Internacional Privat de la Uni\u00f3 Europea, com tamb\u00e9 el Mercat Interior amb especial atenci\u00f3 a la lliure circulaci\u00f3 de persones, dret d\u2019establiment i lliure prestaci\u00f3 de serveis. A m\u00e9s de publicacions en aquests \u00e0mbits, ha impartit cursos d\u2019aquestes mat\u00e8ries a diferents universitats, tant europees com d\u2019altres indrets, especialment a \u00c0sia i USA, destacant la doc\u00e8ncia que imparteix cada any a diferents universitats xineses.<\/p>\n\n\n\n<p>Actualment \u00e9s el coordinador del M\u00e0ster de Integraci\u00f3 Europea de la UAB i el Director de l\u2019Institut d\u2019Estudis Europeus UAB Tamb\u00e9 \u00e9s el responsable de la coordinaci\u00f3 dels dobles m\u00e0sters amb les universitats de Toulouse (Fran\u00e7a), Renmin (Beijing-Xina-) i RANEPA (Moscou \u2013R\u00fassia-). Aix\u00ed mateix tamb\u00e9 coordina el curs d\u2019estiu sobre dret xin\u00e8s al que participa la UAB juntament amb el consorci de universitats USA coordinat per la universitat I.U. Robert Mckinney d\u2019Indiana (USA), i \u00e9s el responsable de les relacions amb el Shanghai Academy of Social Sciences. \u00c9s tamb\u00e9 \u00e0rbitre internacional al Shanghai International Arbitration Center (SHIAC).<\/p>\n\n\n\n<p><a href=\"mailto:JosepMaria.DeDIos@uab.cat\">JosepMaria.DeDios@uab.cat<\/a><\/p>\n<\/div><\/div>\n","protected":false},"excerpt":{"rendered":"<p>Josep Maria de Dios Marcer&nbsp;es professor titular de dret internacional privat a la UAB. Imparteix doc\u00e8ncia en Dret Internacional Privat i en Dret de la Uni\u00f3 Europea, essent el seu \u00e0mbit de doc\u00e8ncia i recerca tant el Dret Internacional Privat de la Uni\u00f3 Europea, com tamb\u00e9 el Mercat Interior amb especial atenci\u00f3 a la lliure [&hellip;]<\/p>\n","protected":false},"author":1385,"featured_media":0,"parent":0,"menu_order":0,"comment_status":"closed","ping_status":"closed","template":"","meta":{"footnotes":""},"class_list":["post-60","page","type-page","status-publish","hentry"],"_links":{"self":[{"href":"https:\/\/webs.uab.cat\/iuee\/wp-json\/wp\/v2\/pages\/60","targetHints":{"allow":["GET"]}}],"collection":[{"href":"https:\/\/webs.uab.cat\/iuee\/wp-json\/wp\/v2\/pages"}],"about":[{"href":"https:\/\/webs.uab.cat\/iuee\/wp-json\/wp\/v2\/types\/page"}],"author":[{"embeddable":true,"href":"https:\/\/webs.uab.cat\/iuee\/wp-json\/wp\/v2\/users\/1385"}],"replies":[{"embeddable":true,"href":"https:\/\/webs.uab.cat\/iuee\/wp-json\/wp\/v2\/comments?post=60"}],"version-history":[{"count":7,"href":"https:\/\/webs.uab.cat\/iuee\/wp-json\/wp\/v2\/pages\/60\/revisions"}],"predecessor-version":[{"id":695,"href":"https:\/\/webs.uab.cat\/iuee\/wp-json\/wp\/v2\/pages\/60\/revisions\/695"}],"wp:attachment":[{"href":"https:\/\/webs.uab.cat\/iuee\/wp-json\/wp\/v2\/media?parent=60"}],"curies":[{"name":"wp","href":"https:\/\/api.w.org\/{rel}","templated":true}]}}