{"id":654,"date":"2025-01-22T11:23:53","date_gmt":"2025-01-22T09:23:53","guid":{"rendered":"https:\/\/webs.uab.cat\/iuee\/?page_id=654"},"modified":"2025-03-29T14:36:25","modified_gmt":"2025-03-29T12:36:25","slug":"practiques-i-estades","status":"publish","type":"page","link":"https:\/\/webs.uab.cat\/iuee\/practiques-i-estades\/","title":{"rendered":"Pr\u00e1cticas y estancias en el Instituto de Estudios Europeos"},"content":{"rendered":"\n<p>El Instituto de Estudios Europeos ofrece la posibilidad de realizar pr\u00e1cticas y estancias de investigaci\u00f3n para estudiantes, investigadores y profesionales interesados en profundizar en diversas \u00e1reas vinculadas a la Uni\u00f3n Europea y su impacto en diferentes \u00e1mbitos.<\/p>\n\n\n\n<p class=\"has-light-green-cyan-to-vivid-green-cyan-gradient-background has-background\"><strong>\u00c1reas de Investigaci\u00f3n<\/strong><\/p>\n\n\n\n<p>Los periodos de investigaci\u00f3n en el Instituto abarcan una amplia variedad de temas, incluyendo:<br>\u2714 Derechos humanos y libertades fundamentales<br>\u2714 Asuntos ambientales y sostenibilidad<br>\u2714 Pol\u00edticas de la Uni\u00f3n Europea (migraci\u00f3n, seguridad, digitalizaci\u00f3n, etc.)<br>\u2714 Derecho europeo e internacional<br>\u2714 Econom\u00eda y pol\u00edticas econ\u00f3micas de la UE<br>\u2714 Relaciones exteriores de la UE<br>\u2714 Gobernanza y procesos de integraci\u00f3n europea<\/p>\n\n\n\n<p class=\"has-light-green-cyan-to-vivid-green-cyan-gradient-background has-background\"><strong>Condiciones y Proceso de Solicitud<\/strong><\/p>\n\n\n\n<p>Las pr\u00e1cticas y estancias de investigaci\u00f3n son personalizadas y se adaptan a los intereses del candidato y a la disponibilidad del Instituto. Para determinar el periodo de la estancia y el proyecto de investigaci\u00f3n, es necesario ponerse en contacto con el director del Instituto de Estudios Europeos, el Prof. Josep Mar\u00eda de Dios, a trav\u00e9s del siguiente correo electr\u00f3nico:<\/p>\n\n\n\n<p>\ud83d\udce9 <a href=\"mailto:JosepMaria.DeDIos@uab.cat\">JosepMaria.DeDIos@uab.cat<\/a><\/p>\n\n\n\n<p>Si est\u00e1s interesado en desarrollar una estancia de investigaci\u00f3n en un entorno acad\u00e9mico especializado en estudios europeos, \u00a1no dudes en ponerte en contacto con nosotros!<\/p>\n\n\n\n<h2 class=\"wp-block-heading\">ESTUDIANTES EN PR\u00c1CTICAS<\/h2>\n\n\n\n<p><\/p>\n\n\n\n<div class=\"wp-block-columns is-layout-flex wp-container-core-columns-is-layout-9d6595d7 wp-block-columns-is-layout-flex\">\n<div class=\"wp-block-column is-layout-flow wp-block-column-is-layout-flow\" style=\"flex-basis:33.33%\">\n<figure class=\"wp-block-image size-full\"><img loading=\"lazy\" decoding=\"async\" width=\"397\" height=\"364\" src=\"https:\/\/webs.uab.cat\/iuee\/wp-content\/uploads\/sites\/618\/2025\/03\/Captura-de-pantalla-2025-03-29-132546.jpg\" alt=\"\" class=\"wp-image-840\" srcset=\"https:\/\/webs.uab.cat\/iuee\/wp-content\/uploads\/sites\/618\/2025\/03\/Captura-de-pantalla-2025-03-29-132546.jpg 397w, https:\/\/webs.uab.cat\/iuee\/wp-content\/uploads\/sites\/618\/2025\/03\/Captura-de-pantalla-2025-03-29-132546-300x275.jpg 300w\" sizes=\"auto, (max-width: 397px) 100vw, 397px\" \/><\/figure>\n<\/div>\n\n\n\n<div class=\"wp-block-column is-layout-flow wp-block-column-is-layout-flow\" style=\"flex-basis:66.66%\">\n<h2 class=\"wp-block-heading\">Aleksandra Mladenova &#8211; The Hague University<\/h2>\n\n\n\n<p><em>Estudiante Erasmus en pr\u00e1cticas durante Abril y Junio <strong>2025<\/strong>.<\/em> Aleksandra is currently studying at The Hague University of Applied Sciences in the Netherlands, majoring in International Public Policy &amp; Leadership. She has expertise in Advocacy, Project Management, Organizational Management, Finance, and Evaluation, with a specialization in Governing Governance &amp; Evaluating Development Projects. She will be conducting her internship within funded project \u201c<strong>BUSINESS AND POLITICS. HOW NEXT GENERATION EU FUNDS SHAPE EU SUPPORT\u201d<\/strong>, coordinated by Dr Irina Ciornei.<\/p>\n<\/div>\n<\/div>\n\n\n\n<h2 class=\"wp-block-heading\">INVESTIGADORES\/AS VISITANTES<\/h2>\n\n\n\n<div class=\"wp-block-columns is-layout-flex wp-container-core-columns-is-layout-9d6595d7 wp-block-columns-is-layout-flex\">\n<div class=\"wp-block-column is-layout-flow wp-block-column-is-layout-flow\" style=\"flex-basis:33.33%\">\n<figure class=\"wp-block-image size-large\"><img loading=\"lazy\" decoding=\"async\" width=\"841\" height=\"1024\" src=\"https:\/\/webs.uab.cat\/iuee\/wp-content\/uploads\/sites\/618\/2025\/02\/Foto-UAB-1-841x1024.jpeg\" alt=\"\" class=\"wp-image-759\" srcset=\"https:\/\/webs.uab.cat\/iuee\/wp-content\/uploads\/sites\/618\/2025\/02\/Foto-UAB-1-841x1024.jpeg 841w, https:\/\/webs.uab.cat\/iuee\/wp-content\/uploads\/sites\/618\/2025\/02\/Foto-UAB-1-246x300.jpeg 246w, https:\/\/webs.uab.cat\/iuee\/wp-content\/uploads\/sites\/618\/2025\/02\/Foto-UAB-1-768x936.jpeg 768w, https:\/\/webs.uab.cat\/iuee\/wp-content\/uploads\/sites\/618\/2025\/02\/Foto-UAB-1-1261x1536.jpeg 1261w, https:\/\/webs.uab.cat\/iuee\/wp-content\/uploads\/sites\/618\/2025\/02\/Foto-UAB-1-1681x2048.jpeg 1681w, https:\/\/webs.uab.cat\/iuee\/wp-content\/uploads\/sites\/618\/2025\/02\/Foto-UAB-1-1200x1462.jpeg 1200w, https:\/\/webs.uab.cat\/iuee\/wp-content\/uploads\/sites\/618\/2025\/02\/Foto-UAB-1-1980x2412.jpeg 1980w, https:\/\/webs.uab.cat\/iuee\/wp-content\/uploads\/sites\/618\/2025\/02\/Foto-UAB-1.jpeg 2016w\" sizes=\"auto, (max-width: 841px) 100vw, 841px\" \/><\/figure>\n<\/div>\n\n\n\n<div class=\"wp-block-column is-layout-flow wp-block-column-is-layout-flow\" style=\"flex-basis:66.66%\">\n<h2 class=\"wp-block-heading\">Dr Ezio Costa &#8211; Universidad de Chile <\/h2>\n\n\n\n<p><em>Investigador visitante curso <strong>2023-2024<\/strong><\/em>.<em> Proyecto &#8220;<strong>Medio Ambiente, Constituciones y Pacto Social&#8221;<\/strong> <\/em>Abogado y Doctor en Derecho por la Universidad de Chile. Msc. en Regulaci\u00f3n por la London School of Economics. Profesor Asistente y subdirector del Centro de Derecho Ambiental (CDA) en la Universidad de Chile. Director Ejecutivo de la ONG FIMA. Investigador colaborador Institut d\u2019Estudis Europeus (IEE-UAB). Publicaciones:&nbsp;<a href=\"https:\/\/uchile.academia.edu\/EzioCostaCordella\" target=\"_blank\" rel=\"noreferrer noopener\">https:\/\/uchile.academia.edu\/EzioCostaCordella<\/a>&nbsp;<\/p>\n<\/div>\n<\/div>\n\n\n\n<p><\/p>\n","protected":false},"excerpt":{"rendered":"<p>El Instituto de Estudios Europeos ofrece la posibilidad de realizar pr\u00e1cticas y estancias de investigaci\u00f3n para estudiantes, investigadores y profesionales interesados en profundizar en diversas \u00e1reas vinculadas a la Uni\u00f3n Europea y su impacto en diferentes \u00e1mbitos. \u00c1reas de Investigaci\u00f3n Los periodos de investigaci\u00f3n en el Instituto abarcan una amplia variedad de temas, incluyendo:\u2714 Derechos [&hellip;]<\/p>\n","protected":false},"author":1385,"featured_media":0,"parent":0,"menu_order":0,"comment_status":"closed","ping_status":"closed","template":"","meta":{"footnotes":""},"class_list":["post-654","page","type-page","status-publish","hentry"],"_links":{"self":[{"href":"https:\/\/webs.uab.cat\/iuee\/wp-json\/wp\/v2\/pages\/654","targetHints":{"allow":["GET"]}}],"collection":[{"href":"https:\/\/webs.uab.cat\/iuee\/wp-json\/wp\/v2\/pages"}],"about":[{"href":"https:\/\/webs.uab.cat\/iuee\/wp-json\/wp\/v2\/types\/page"}],"author":[{"embeddable":true,"href":"https:\/\/webs.uab.cat\/iuee\/wp-json\/wp\/v2\/users\/1385"}],"replies":[{"embeddable":true,"href":"https:\/\/webs.uab.cat\/iuee\/wp-json\/wp\/v2\/comments?post=654"}],"version-history":[{"count":9,"href":"https:\/\/webs.uab.cat\/iuee\/wp-json\/wp\/v2\/pages\/654\/revisions"}],"predecessor-version":[{"id":842,"href":"https:\/\/webs.uab.cat\/iuee\/wp-json\/wp\/v2\/pages\/654\/revisions\/842"}],"wp:attachment":[{"href":"https:\/\/webs.uab.cat\/iuee\/wp-json\/wp\/v2\/media?parent=654"}],"curies":[{"name":"wp","href":"https:\/\/api.w.org\/{rel}","templated":true}]}}