{"id":104,"date":"2015-12-17T14:39:29","date_gmt":"2015-12-17T14:39:29","guid":{"rendered":"http:\/\/blogs.uab.cat\/iulialibica\/?page_id=104"},"modified":"2015-12-17T14:39:29","modified_gmt":"2015-12-17T14:39:29","slug":"objectius-del-projecte","status":"publish","type":"page","link":"https:\/\/webs.uab.cat\/iulialibica\/pagina-exemple-2\/objectius-del-projecte\/","title":{"rendered":"Objectius del projecte"},"content":{"rendered":"<p>El Projecte t\u00e9 com a finalitat principal excavar la zona A de Les Colomines i fer un espai visitable i musealitzable en funci\u00f3 de l\u2019estat de conservaci\u00f3 de les restes. De les primeres intervencions realitzades a la zona A de Les Colomines (1997-2003), es va documentar, entre d\u2019altres, un tram de peristil, una habitaci\u00f3 sencera, una porta, i una s\u00e8rie de murs perimetrals que podrien delimitar un possible espai p\u00fablic. Despr\u00e9s de la intervenci\u00f3 arqueol\u00f2gica de 2013, es considera ja que ens trobem davant de l\u2019antic f\u00f2rum de la ciutat romana de <em>Iulia Libica<\/em>.<\/p>\n<figure id=\"attachment_51\" aria-describedby=\"caption-attachment-51\" style=\"width: 461px\" class=\"wp-caption aligncenter\"><a href=\"https:\/\/webs.uab.cat\/iulialibica\/wp-content\/uploads\/sites\/91\/2015\/12\/ColominesA7.jpg\"><img loading=\"lazy\" decoding=\"async\" class=\" wp-image-51\" src=\"https:\/\/webs.uab.cat\/iulialibica\/wp-content\/uploads\/sites\/91\/2015\/12\/ColominesA7-300x213.jpg\" alt=\"Planta hipot\u00e8tica de Les Colomines A\" width=\"461\" height=\"327\" srcset=\"https:\/\/webs.uab.cat\/iulialibica\/wp-content\/uploads\/sites\/91\/2015\/12\/ColominesA7-300x213.jpg 300w, https:\/\/webs.uab.cat\/iulialibica\/wp-content\/uploads\/sites\/91\/2015\/12\/ColominesA7.jpg 571w\" sizes=\"auto, (max-width: 461px) 100vw, 461px\" \/><\/a><figcaption id=\"caption-attachment-51\" class=\"wp-caption-text\">Planta hipot\u00e8tica de Les Colomines A<\/figcaption><\/figure>\n<p>Per tal de confirmar la hip\u00f2tesi del possible f\u00f2rum calia documentar el tancament d\u2019espai obert, i la continu\u00eftat del peristil i els murs perimetrals. Com a paral\u00b7lels de la ubicaci\u00f3 d\u2019un f\u00f2rum a peu d\u2019un puig ten\u00edem el cas de les ciutats properes de Labitolosa (Osca) i <em>Lugdunum Convenarum<\/em>; mentre que les possibles dimensions del f\u00f2rum podrien respondre al m\u00f2dul de <em>Ruscino<\/em>. Amb aquesta hip\u00f2tesi de partida, en l\u2019any 2013 es va fer una darrera intervenci\u00f3 amb la combinaci\u00f3 de prospecci\u00f3 geof\u00edsica electromagn\u00e8tica d\u2019inducci\u00f3 (EM) i una s\u00e8rie de sondeigs per confirmar la hip\u00f2tesi.<\/p>\n<figure id=\"attachment_105\" aria-describedby=\"caption-attachment-105\" style=\"width: 264px\" class=\"wp-caption aligncenter\"><a href=\"https:\/\/webs.uab.cat\/iulialibica\/wp-content\/uploads\/sites\/91\/2015\/12\/resultats_EMjpg.jpg\"><img loading=\"lazy\" decoding=\"async\" class=\" wp-image-105\" src=\"https:\/\/webs.uab.cat\/iulialibica\/wp-content\/uploads\/sites\/91\/2015\/12\/resultats_EMjpg-214x300.jpg\" alt=\"Resultats prospecci\u00f3 geof\u00edsica - electromagnetisme d'inducci\u00f3 (EM) 2013\" width=\"264\" height=\"370\" srcset=\"https:\/\/webs.uab.cat\/iulialibica\/wp-content\/uploads\/sites\/91\/2015\/12\/resultats_EMjpg-214x300.jpg 214w, https:\/\/webs.uab.cat\/iulialibica\/wp-content\/uploads\/sites\/91\/2015\/12\/resultats_EMjpg.jpg 286w\" sizes=\"auto, (max-width: 264px) 100vw, 264px\" \/><\/a><figcaption id=\"caption-attachment-105\" class=\"wp-caption-text\">Resultats prospecci\u00f3 geof\u00edsica &#8211; electromagnetisme d&#8217;inducci\u00f3 (EM) 2013<\/figcaption><\/figure>\n<p>El resultat de la prospecci\u00f3 geof\u00edsica va ser espectacular, ja que confirmava la continu\u00eftat del mur perimetrals septentrional del f\u00f2rum (M3), i d\u2019un dels\u00a0 seus murs interns (M4) en direcci\u00f3 a l\u2019esgl\u00e9sia, i algunes estructures contig\u00fces (M5). Malauradament, la proximitat dels murs de l\u2019esgl\u00e9sia va impedir prospectar la zona a on te\u00f2ricament es podia localitzar l\u2019angle NW del possible f\u00f2rum, per\u00f2 per contra es va fer un sondeigs que confirmaven el seu empla\u00e7ament. Altres sondeigs van confirmar les estructures suggerides per la geof\u00edsica a la zona M4 i M5, amb elements que es daten des d\u2019\u00e8poca augustea a tardoantiga o medieval. Tamb\u00e9 es van fer sondeigs m\u00e9s al sud del quadre M4, i es troba tamb\u00e9 la possible continu\u00eftat de dos dels mur meridionals del f\u00f2rum.<\/p>\n<p>A partir d\u2019aquesta informaci\u00f3, el nostre projecte pret\u00e9n excavar tota la zona del f\u00f2rum, i \u00e0rees annexes, com serien la zona M3, M4, M5 i M7. D\u2019altra banda, la geof\u00edsica va mostrar una s\u00e8rie d\u2019anomalies arqueol\u00f2giques que no s\u2019esperaven, i que poden ser summament interessants, com tota l\u2019\u00e0rea del p\u00e0rking (M1 i M2), que voldr\u00edem confirmar i fer visibles. Hores d\u2019ara no sabem ni el potencial ni la cronologia d\u2019aquestes restes, i \u00e9s una de les prioritats del projecte.<\/p>\n<p>Pel que fa a la zona M8, tan s\u00f2ls es voldria fer una confirmaci\u00f3 a partir de sondeigs de les possibles rases, que sembla apareixen en la geof\u00edsica, mentre que el sector M6 amb restes, quedaria com a reserva ja que es troba en terrenys privats i sota carrers.<\/p>\n<p>Una de les altres \u00e0rees que queda com a potencial d\u2019intervenci\u00f3 \u00e9s la zona B de Les Colomines, darrera de les cases constru\u00efdes, en un espai de propietat p\u00fablica. En aquest cas, voldr\u00edem inicialment fer una prospecci\u00f3 geof\u00edsica (el\u00e8ctrica i magn\u00e8tica amb equip propi de la UAB, ICAC i CSIC-M\u00e9rida), i en funci\u00f3 dels resultats poder valorar el potencial arqueol\u00f2gic de la zona. L\u2019estudi geof\u00edsic i posteriors sondeigs arqueol\u00f2gics de confirmaci\u00f3 d\u2019aquesta zona permetr\u00e0 veure la continu\u00eftat de les restes ja excavades en la zona B de la Colomines \u2013 amb una orientaci\u00f3 diferent respecte al f\u00f2rum \u2013 i tamb\u00e9 els resultats de la prospecci\u00f3 EM (M1).<\/p>\n<figure id=\"attachment_29\" aria-describedby=\"caption-attachment-29\" style=\"width: 401px\" class=\"wp-caption aligncenter\"><a href=\"https:\/\/webs.uab.cat\/iulialibica\/wp-content\/uploads\/sites\/91\/2015\/12\/Les-Colomines.jpg\"><img loading=\"lazy\" decoding=\"async\" class=\" wp-image-29\" src=\"https:\/\/webs.uab.cat\/iulialibica\/wp-content\/uploads\/sites\/91\/2015\/12\/Les-Colomines-300x217.jpg\" alt=\"Les Colomines (Ll\u00edvia)\" width=\"401\" height=\"290\" srcset=\"https:\/\/webs.uab.cat\/iulialibica\/wp-content\/uploads\/sites\/91\/2015\/12\/Les-Colomines-300x217.jpg 300w, https:\/\/webs.uab.cat\/iulialibica\/wp-content\/uploads\/sites\/91\/2015\/12\/Les-Colomines.jpg 685w\" sizes=\"auto, (max-width: 401px) 100vw, 401px\" \/><\/a><figcaption id=\"caption-attachment-29\" class=\"wp-caption-text\">Les Colomines (Ll\u00edvia)<\/figcaption><\/figure>\n<p>Aquesta zona M1 es troba sota l\u2019asfalt de l\u2019actual carrer, i no hi ha cap intenci\u00f3 d\u2019intervenir-hi. Aix\u00f2 s\u00ed, seria bo entendre l\u2019articulaci\u00f3 dels possibles mur detectats amb la prospecci\u00f3 EM, respecte a les estructures excavades i les que puguin encara existir darrera de les cases, a peu del tur\u00f3.<\/p>\n<p>A <strong>nivell metodol\u00f2gic<\/strong> volem combinar la <u>prospecci\u00f3 geof\u00edsica<\/u> (EM, resistivitat i magnetometria) amb <u>l\u2019excavaci\u00f3 en extensi\u00f3<\/u> de determinades parts del jaciment, algunes de les quals seran cobertes posteriorment, mentre d\u2019altres poden esdevenir un espai musealitzable complementari al qu\u00e8 avui en dia es visitable.<\/p>\n<p>Dins del treball de laboratori de les restes exhumades, ja estem fent servir <u>C<sub>14<\/sub><\/u> per datar algunes de les restes humanes de les tombes trobades en les excavacions de l\u2019any 2013. Es tracta de tombes tardanes que la manca d\u2019aixovar no permet datar acuradament (segurament s\u00f3n altmedievals), per aquesta ra\u00f3 la dataci\u00f3 del C<sub>14 <\/sub>permetr\u00e0 interpretar aquesta darrera fase d\u2019activitat en el possible f\u00f2rum.<\/p>\n<p>D\u2019altra banda, a nivell arqueom\u00e8tric, ens hem adonat de la riquesa i gran qualitat de materials lapidis que s\u2019observa en l\u2019excavaci\u00f3 del conjunt del f\u00f2rum, amb marbres i calc\u00e0rees\u00a0 ornamentals procedents de la cara nord del Pirineu i de la zona de l\u2019arc Mediterrani. Una tasca important ser\u00e0 recon\u00e8ixer a trav\u00e9s de la <u>petrologia<\/u> amb l\u2019ajut del Servei d\u2019Arqueometria de l\u2019ICAC i el grup EMLA de la UAB, la localitzaci\u00f3 de les fonts lap\u00eddies d\u2019aquest materials trobats a Iulia Libica, que contrasta amb d\u2019altres jaciments de la zona. La dificultat de portar materials pesats com les pedres fins un lloc com la Cerdanya ens permet aplicar la <u>modelitzaci\u00f3 inform\u00e0tica SIG de la xarxa de transport<\/u>, que ja hem realitzat en el passat (De Soto, 2010).<\/p>\n<figure id=\"attachment_106\" aria-describedby=\"caption-attachment-106\" style=\"width: 386px\" class=\"wp-caption aligncenter\"><a href=\"https:\/\/webs.uab.cat\/iulialibica\/wp-content\/uploads\/sites\/91\/2015\/12\/Costos_Llivia.jpg\"><img loading=\"lazy\" decoding=\"async\" class=\" wp-image-106\" src=\"https:\/\/webs.uab.cat\/iulialibica\/wp-content\/uploads\/sites\/91\/2015\/12\/Costos_Llivia-300x254.jpg\" alt=\"Costos de transport des de Ll\u00edvia (De Soto, 2010)\" width=\"386\" height=\"327\" srcset=\"https:\/\/webs.uab.cat\/iulialibica\/wp-content\/uploads\/sites\/91\/2015\/12\/Costos_Llivia-300x254.jpg 300w, https:\/\/webs.uab.cat\/iulialibica\/wp-content\/uploads\/sites\/91\/2015\/12\/Costos_Llivia.jpg 560w\" sizes=\"auto, (max-width: 386px) 100vw, 386px\" \/><\/a><figcaption id=\"caption-attachment-106\" class=\"wp-caption-text\">Costos de transport des de Ll\u00edvia (De Soto, 2010)<\/figcaption><\/figure>\n<p>Un altre \u00e0mbit de recerca ser\u00e0 <u>l\u2019estudi de les cer\u00e0miques<\/u> de Iulia Libica. Aquest estudi\u00a0 pot ajudar a fixar els or\u00edgens i la cronologia de materials de moltes excavacions i prospeccions properes com les realitzades a Bolvir i Baltarga per l\u2019equip de l\u2019Oriol Olesti (UAB), Goler\u00f3 per l\u2019equip del Josep Maria Palet (ICAC), o de zones properes del Solson\u00e8s i Bergued\u00e0 per l\u2019equip de David Asensio (UAB-UB). D\u2019una banda, tamb\u00e9 es realitzar\u00e0 l\u2019estudi de les cer\u00e0miques fines i les \u00e0mfores a partir dels conjunts de refer\u00e8ncia de qu\u00e8 ja disposem al Laboratori d\u2019Arqueologia Cl\u00e0ssica de la UAB. Per\u00f2 segurament, el m\u00e9s important ser\u00e0 sistematitzar i identificar el repertori de formes i pastes cer\u00e0miques de les anomenades comunes i de cuina locals, que es complementaran amb estudis petrol\u00f2gics i microsc\u00f2pia estereosc\u00f2pica de barrido (MEB) a realitzar al Servei d\u2019Arqueometria de l\u2018ICAC.<\/p>\n<p>Finalment, tamb\u00e9 estem interessats en fer <u>an\u00e0lisis d\u2019is\u00f2tops o DFX<\/u> d\u2019algunes peces de metall que ja estan sortint en les excavacions, i de les quals ens interessa la seva composici\u00f3, sobretot algunes de les monedes tardoantigues.<\/p>\n<p>D\u2019altre banda, tamb\u00e9 farem estudis de paleofauna i paleobot\u00e0nics de les troballes de les excavacions amb els laboratoris de la UAB, i amb col\u00b7laboracions puntuals amb els serveis de l\u2019ICAC.<\/p>\n","protected":false},"excerpt":{"rendered":"<p>El Projecte t\u00e9 com a finalitat principal excavar la zona A de Les Colomines i fer un espai visitable i musealitzable en funci\u00f3 de l\u2019estat de conservaci\u00f3 de les restes. De les primeres intervencions realitzades a la zona A de Les Colomines (1997-2003), es va documentar, entre d\u2019altres, un tram de peristil, una habitaci\u00f3 sencera, [&hellip;]<\/p>\n","protected":false},"author":70,"featured_media":0,"parent":590,"menu_order":0,"comment_status":"closed","ping_status":"closed","template":"","meta":{"footnotes":""},"class_list":["post-104","page","type-page","status-publish","hentry"],"_links":{"self":[{"href":"https:\/\/webs.uab.cat\/iulialibica\/wp-json\/wp\/v2\/pages\/104","targetHints":{"allow":["GET"]}}],"collection":[{"href":"https:\/\/webs.uab.cat\/iulialibica\/wp-json\/wp\/v2\/pages"}],"about":[{"href":"https:\/\/webs.uab.cat\/iulialibica\/wp-json\/wp\/v2\/types\/page"}],"author":[{"embeddable":true,"href":"https:\/\/webs.uab.cat\/iulialibica\/wp-json\/wp\/v2\/users\/70"}],"replies":[{"embeddable":true,"href":"https:\/\/webs.uab.cat\/iulialibica\/wp-json\/wp\/v2\/comments?post=104"}],"version-history":[{"count":0,"href":"https:\/\/webs.uab.cat\/iulialibica\/wp-json\/wp\/v2\/pages\/104\/revisions"}],"up":[{"embeddable":true,"href":"https:\/\/webs.uab.cat\/iulialibica\/wp-json\/wp\/v2\/pages\/590"}],"wp:attachment":[{"href":"https:\/\/webs.uab.cat\/iulialibica\/wp-json\/wp\/v2\/media?parent=104"}],"curies":[{"name":"wp","href":"https:\/\/api.w.org\/{rel}","templated":true}]}}