{"id":120,"date":"2015-12-18T15:12:14","date_gmt":"2015-12-18T15:12:14","guid":{"rendered":"http:\/\/blogs.uab.cat\/iulialibica\/?page_id=120"},"modified":"2015-12-18T15:12:14","modified_gmt":"2015-12-18T15:12:14","slug":"prospeccio-electromagnetica-dinduccio-em-2013","status":"publish","type":"page","link":"https:\/\/webs.uab.cat\/iulialibica\/intervencions-recents\/prospeccions-geofisiques\/prospeccio-electromagnetica-dinduccio-em-2013\/","title":{"rendered":"Electromagn\u00e8tica d&#8217;inducci\u00f3 (EM) &#8211; 2013"},"content":{"rendered":"<p>Al cas de Les Colomines de Ll\u00edvia, la pr\u00f2pia pres\u00e8ncia f\u00edsica de les restes, la import\u00e0ncia de la ubicaci\u00f3 de l\u2019esgl\u00e9sia en relaci\u00f3 a aquestes, i la continu\u00eftat de les estructures, eren algunes de les dades arqueol\u00f2giques de que dispos\u00e0vem abans de la prospecci\u00f3 geof\u00edsica. Aquest conjunt d\u2019informaci\u00f3 havia de ser contrastat amb la prospecci\u00f3, els resultats de la qual tamb\u00e9 es constituirien en un indicador afegit sobre els llocs on realitzar posteriorment els sondejos.<\/p>\n<figure id=\"attachment_164\" aria-describedby=\"caption-attachment-164\" style=\"width: 443px\" class=\"wp-caption aligncenter\"><a href=\"https:\/\/webs.uab.cat\/iulialibica\/wp-content\/uploads\/sites\/91\/2015\/12\/EM1.jpg\"><img loading=\"lazy\" decoding=\"async\" class=\" wp-image-164\" src=\"https:\/\/webs.uab.cat\/iulialibica\/wp-content\/uploads\/sites\/91\/2015\/12\/EM1-300x169.jpg\" alt=\"Prospecci\u00f3 EM amb l'equip GEM-2\" width=\"443\" height=\"250\" srcset=\"https:\/\/webs.uab.cat\/iulialibica\/wp-content\/uploads\/sites\/91\/2015\/12\/EM1-300x169.jpg 300w, https:\/\/webs.uab.cat\/iulialibica\/wp-content\/uploads\/sites\/91\/2015\/12\/EM1.jpg 709w\" sizes=\"auto, (max-width: 443px) 100vw, 443px\" \/><\/a><figcaption id=\"caption-attachment-164\" class=\"wp-caption-text\">Prospecci\u00f3 EM amb l&#8217;equip GEM-2<\/figcaption><\/figure>\n<p>Els d\u00edes 25 i 26 de juliol, es va procedir a efectuar la prospecci\u00f3 geof\u00edsica entorn del jaciment de Les Colomines, amb direcci\u00f3 arqueogeof\u00edsica del Sr. Oscar L\u00f3pez (<a href=\"http:\/\/globalchm.net\/ca\/\" target=\"_blank\" rel=\"noopener\">empresa Global Cultural Heritage Management<\/a>) i direcci\u00f3 geof\u00edsica del Sr. Rub\u00e9n Ru\u00edz, de l\u2019empresa Geofase. Es va utilitzar una combinaci\u00f3 de les t\u00e8cniques de prospecci\u00f3 electromagn\u00e8tica multifreq\u00fc\u00e8ncia (EM) i radar GPR selectiva amb antenes de 500 i 900 MHZ, en un espai de fins a 2648 m2, dins una intervenci\u00f3 que ha incl\u00f2s treball de camp i postproc\u00e9s de laboratori. Es va escollir el m\u00e8tode d\u2019electromagnetisme d\u2019inducci\u00f3 amb l\u2019equip GEM-2 per les condicions de l\u2019\u00e0rea a prospectar amb molt relleu i s\u00f2ls amb diversos materials \u2013 des d\u2019asfalt a graves, terra o gespa. El fet d\u2019escollir un \u00fanic m\u00e8tode per tota l\u2019\u00e0rea facilitava la comparaci\u00f3 dels resultats.<\/p>\n<figure id=\"attachment_166\" aria-describedby=\"caption-attachment-166\" style=\"width: 343px\" class=\"wp-caption aligncenter\"><a href=\"https:\/\/webs.uab.cat\/iulialibica\/wp-content\/uploads\/sites\/91\/2015\/12\/orto_areas.jpg\"><img loading=\"lazy\" decoding=\"async\" class=\" wp-image-166\" src=\"https:\/\/webs.uab.cat\/iulialibica\/wp-content\/uploads\/sites\/91\/2015\/12\/orto_areas-300x300.jpg\" alt=\"Ortofotomapa amb les \u00e0rees prospectades\" width=\"343\" height=\"343\" srcset=\"https:\/\/webs.uab.cat\/iulialibica\/wp-content\/uploads\/sites\/91\/2015\/12\/orto_areas-300x300.jpg 300w, https:\/\/webs.uab.cat\/iulialibica\/wp-content\/uploads\/sites\/91\/2015\/12\/orto_areas-150x150.jpg 150w, https:\/\/webs.uab.cat\/iulialibica\/wp-content\/uploads\/sites\/91\/2015\/12\/orto_areas-768x767.jpg 768w, https:\/\/webs.uab.cat\/iulialibica\/wp-content\/uploads\/sites\/91\/2015\/12\/orto_areas.jpg 864w\" sizes=\"auto, (max-width: 343px) 100vw, 343px\" \/><\/a><figcaption id=\"caption-attachment-166\" class=\"wp-caption-text\">Ortofotomapa amb les \u00e0rees prospectades<\/figcaption><\/figure>\n<p>El proc\u00e9s de recollida de dades es va iniciar dividint el total de la superf\u00edcie a prospectar en vuit zones, seguint criteris diferencials a partir de la seva situaci\u00f3 respecte al jaciment de Les Colomines, l\u2019esgl\u00e9sia i d\u2019altres referents urban\u00edstics actuals.<\/p>\n<p>La zona 1 (M 1) es correspon a l\u2019aparcament situat al nord de l\u2019esgl\u00e9sia. En aquest espai es va detectar un conjunt estructural que semblava format per una successi\u00f3 de parets mitjaneres que formaven habitacions, i que inclo\u00efa tamb\u00e9 un element circular.<\/p>\n<figure id=\"attachment_168\" aria-describedby=\"caption-attachment-168\" style=\"width: 357px\" class=\"wp-caption aligncenter\"><a href=\"https:\/\/webs.uab.cat\/iulialibica\/wp-content\/uploads\/sites\/91\/2015\/12\/area_parking.jpg\"><img loading=\"lazy\" decoding=\"async\" class=\" wp-image-168\" src=\"https:\/\/webs.uab.cat\/iulialibica\/wp-content\/uploads\/sites\/91\/2015\/12\/area_parking-263x300.jpg\" alt=\"Resultats de la geof\u00edsica a M1 - \u00c0rea de p\u00e0rking\" width=\"357\" height=\"407\" srcset=\"https:\/\/webs.uab.cat\/iulialibica\/wp-content\/uploads\/sites\/91\/2015\/12\/area_parking-263x300.jpg 263w, https:\/\/webs.uab.cat\/iulialibica\/wp-content\/uploads\/sites\/91\/2015\/12\/area_parking.jpg 526w\" sizes=\"auto, (max-width: 357px) 100vw, 357px\" \/><\/a><figcaption id=\"caption-attachment-168\" class=\"wp-caption-text\">Resultats de la geof\u00edsica a M1 &#8211; \u00c0rea de p\u00e0rking<\/figcaption><\/figure>\n<p>La zona 2 (M 2) se situa entre l&#8217;aparcament i el recinte del pati de l\u2019esgl\u00e9sia. En aquest lloc es van localitzar tres possibles murs que seguien la traject\u00f2ria nordest-sudest, i es trobaven alineats amb les estructures de M 1. Les zones 3 i 4 (M 3 i M 4) van ser estudiades conjuntament amb la intenci\u00f3 d\u2019ampliar la base de dades proporcionada per la prospecci\u00f3, al tractar-se d\u2019indrets amb moltes interfer\u00e8ncies provocades per la nombrosa ubicaci\u00f3 en aquest espai de serveis d\u2019\u00e8poca moderna que pod\u00eden distorsionar les lectures.<\/p>\n<p>Es tracta d\u2019una superf\u00edcie especialment important tenint en compte els objectius de la intervenci\u00f3 arqueol\u00f2gica per qu\u00e8, de donar-se un resultat positiu quant a la detecci\u00f3 d\u2019estructures, es podria confirmar, d\u2019una banda la hip\u00f2tesi que apuntava cap a una m\u00e9s que probable continu\u00eftat de les estructures romanes de la zona A del jaciment de Les Colomines en aquesta direcci\u00f3, i per l\u2019altra la comprovaci\u00f3 que realment es tract\u00e9s d\u2019un edifici p\u00fablic a partir de l\u2019estudi de la seva trama i dimensions.<\/p>\n<p>A M 3, situat al pati nord de l\u2019esgl\u00e9sia, es van intuir unes anomalies dubtoses, que podien representar a priori la pres\u00e8ncia d\u2019estructures soterrades corresponents al parament de contenci\u00f3 nord de l\u2019edifici rom\u00e0, mentre a M 4, situat al pati oriental ubicat al costat de l\u2019\u00e0bsis de l\u2019esgl\u00e9sia, es confirmava la possible continu\u00eftat en sentit occidental de dos importants parets internes documentades al possible f\u00f2rum.<\/p>\n<figure id=\"attachment_169\" aria-describedby=\"caption-attachment-169\" style=\"width: 381px\" class=\"wp-caption aligncenter\"><a href=\"https:\/\/webs.uab.cat\/iulialibica\/wp-content\/uploads\/sites\/91\/2015\/12\/esglesia.jpg\"><img loading=\"lazy\" decoding=\"async\" class=\" wp-image-169\" src=\"https:\/\/webs.uab.cat\/iulialibica\/wp-content\/uploads\/sites\/91\/2015\/12\/esglesia-300x222.jpg\" alt=\"Resultats geof\u00edsica M3 i 4 - sagrera de l'esgl\u00e9sia\" width=\"381\" height=\"282\" srcset=\"https:\/\/webs.uab.cat\/iulialibica\/wp-content\/uploads\/sites\/91\/2015\/12\/esglesia-300x222.jpg 300w, https:\/\/webs.uab.cat\/iulialibica\/wp-content\/uploads\/sites\/91\/2015\/12\/esglesia-768x568.jpg 768w, https:\/\/webs.uab.cat\/iulialibica\/wp-content\/uploads\/sites\/91\/2015\/12\/esglesia.jpg 860w\" sizes=\"auto, (max-width: 381px) 100vw, 381px\" \/><\/a><figcaption id=\"caption-attachment-169\" class=\"wp-caption-text\">Resultats geof\u00edsica M3 i 4 &#8211; sagrera de l&#8217;esgl\u00e9sia<\/figcaption><\/figure>\n<p>La zona M 5 correspon al terreny erm ubicat a la cara oriental del jaciment, limitat entre les pr\u00f2pies restes arqueol\u00f2giques de la zona A del jaciment de Les Colomines i un grup d\u2019habitatges de recent construcci\u00f3. La prospecci\u00f3 feta en aquest espai va donar com a resultat la detecci\u00f3 d\u2019una s\u00e8rie d\u2019estructures (un possible \u00e0mbit i diversos murs i paviments o enderrocs) que semblaven orientades de forma paral\u00b7lela a les restes romanes conegudes.<\/p>\n<figure id=\"attachment_170\" aria-describedby=\"caption-attachment-170\" style=\"width: 451px\" class=\"wp-caption aligncenter\"><a href=\"https:\/\/webs.uab.cat\/iulialibica\/wp-content\/uploads\/sites\/91\/2015\/12\/EM2.jpg\"><img loading=\"lazy\" decoding=\"async\" class=\" wp-image-170\" src=\"https:\/\/webs.uab.cat\/iulialibica\/wp-content\/uploads\/sites\/91\/2015\/12\/EM2-300x169.jpg\" alt=\"EM en la secci\u00f3 M5\" width=\"451\" height=\"254\" srcset=\"https:\/\/webs.uab.cat\/iulialibica\/wp-content\/uploads\/sites\/91\/2015\/12\/EM2-300x169.jpg 300w, https:\/\/webs.uab.cat\/iulialibica\/wp-content\/uploads\/sites\/91\/2015\/12\/EM2.jpg 567w\" sizes=\"auto, (max-width: 451px) 100vw, 451px\" \/><\/a><figcaption id=\"caption-attachment-170\" class=\"wp-caption-text\">EM en la secci\u00f3 M5<\/figcaption><\/figure>\n<p>Al cas de les zones M 6 i M 7, ubicades sota dos carrers, es va efectuar la prospecci\u00f3 de manera conjunta, degut tamb\u00e9 a que es tracta d\u2019espais molt alterats per les infraestructures modernes. Ara b\u00e9, el resultat va ser molt diferent: A M 6 van apar\u00e8ixer indicis de la continu\u00eftat de les estructures romanes excavades l\u2019any 1998 al jaciment de Les Colomines zona B, m\u00e9s enll\u00e0 de l\u2019\u00e0rea d\u2019afectaci\u00f3 establerta en aquell moment. En aquest sentit, \u00e9s important remarcar que les estructures localitzades en la prospecci\u00f3 a les zones M 1, M 2 i M 6, segueixen la mateixa orientaci\u00f3 que el conjunt exhumat de Les Colomines zona B.<\/p>\n<p>La prospecci\u00f3 geof\u00edsica efectuada a M 7, per sobre del carrer que hi ha entre el pati oriental de l\u2019esgl\u00e9sia i les restes de l\u2019edifici p\u00fablic rom\u00e0, mostrava tamb\u00e9 la pres\u00e8ncia i la continu\u00eftat de les mateixes unitats estructurals reflectides a M 4.\u00a0A la zona M 8, situada en terreny erm a la part septentrional del jaciment i a una cota for\u00e7a superior, es van detectar dos possibles murs paral\u00b7lels entre si per\u00f2 esbiaixats respecte al conjunt de Les Colomines.<\/p>\n","protected":false},"excerpt":{"rendered":"<p>Al cas de Les Colomines de Ll\u00edvia, la pr\u00f2pia pres\u00e8ncia f\u00edsica de les restes, la import\u00e0ncia de la ubicaci\u00f3 de l\u2019esgl\u00e9sia en relaci\u00f3 a aquestes, i la continu\u00eftat de les estructures, eren algunes de les dades arqueol\u00f2giques de que dispos\u00e0vem abans de la prospecci\u00f3 geof\u00edsica. Aquest conjunt d\u2019informaci\u00f3 havia de ser contrastat amb la prospecci\u00f3, [&hellip;]<\/p>\n","protected":false},"author":70,"featured_media":0,"parent":76,"menu_order":0,"comment_status":"closed","ping_status":"closed","template":"","meta":{"footnotes":""},"class_list":["post-120","page","type-page","status-publish","hentry"],"_links":{"self":[{"href":"https:\/\/webs.uab.cat\/iulialibica\/wp-json\/wp\/v2\/pages\/120","targetHints":{"allow":["GET"]}}],"collection":[{"href":"https:\/\/webs.uab.cat\/iulialibica\/wp-json\/wp\/v2\/pages"}],"about":[{"href":"https:\/\/webs.uab.cat\/iulialibica\/wp-json\/wp\/v2\/types\/page"}],"author":[{"embeddable":true,"href":"https:\/\/webs.uab.cat\/iulialibica\/wp-json\/wp\/v2\/users\/70"}],"replies":[{"embeddable":true,"href":"https:\/\/webs.uab.cat\/iulialibica\/wp-json\/wp\/v2\/comments?post=120"}],"version-history":[{"count":0,"href":"https:\/\/webs.uab.cat\/iulialibica\/wp-json\/wp\/v2\/pages\/120\/revisions"}],"up":[{"embeddable":true,"href":"https:\/\/webs.uab.cat\/iulialibica\/wp-json\/wp\/v2\/pages\/76"}],"wp:attachment":[{"href":"https:\/\/webs.uab.cat\/iulialibica\/wp-json\/wp\/v2\/media?parent=120"}],"curies":[{"name":"wp","href":"https:\/\/api.w.org\/{rel}","templated":true}]}}