{"id":218,"date":"2015-12-22T15:26:44","date_gmt":"2015-12-22T15:26:44","guid":{"rendered":"http:\/\/blogs.uab.cat\/iulialibica\/?page_id=218"},"modified":"2015-12-22T15:26:44","modified_gmt":"2015-12-22T15:26:44","slug":"restes-arquitectoniques","status":"publish","type":"page","link":"https:\/\/webs.uab.cat\/iulialibica\/materials-arqueologics\/restes-arquitectoniques\/","title":{"rendered":"Restes arquitect\u00f2niques"},"content":{"rendered":"<p>L\u2019excavaci\u00f3 de les Colomines A proporciona alguns materials at\u00edpics, si m\u00e9s no en la majoria d\u2019excavacions. Al trobar-nos en un espai de f\u00f2rum, tot el programa decoratiu presenta elements arquitect\u00f2nics com columnes, capitells o motllures que no es troben en d\u2019altres edificis p\u00fablics o privats.<\/p>\n<figure id=\"attachment_253\" aria-describedby=\"caption-attachment-253\" style=\"width: 252px\" class=\"wp-caption aligncenter\"><a href=\"https:\/\/webs.uab.cat\/iulialibica\/wp-content\/uploads\/sites\/91\/2015\/12\/227.jpg\"><img loading=\"lazy\" decoding=\"async\" class=\" wp-image-253\" src=\"https:\/\/webs.uab.cat\/iulialibica\/wp-content\/uploads\/sites\/91\/2015\/12\/227-225x300.jpg\" alt=\"Base de columna de granit\" width=\"252\" height=\"336\" srcset=\"https:\/\/webs.uab.cat\/iulialibica\/wp-content\/uploads\/sites\/91\/2015\/12\/227-225x300.jpg 225w, https:\/\/webs.uab.cat\/iulialibica\/wp-content\/uploads\/sites\/91\/2015\/12\/227.jpg 567w\" sizes=\"auto, (max-width: 252px) 100vw, 252px\" \/><\/a><figcaption id=\"caption-attachment-253\" class=\"wp-caption-text\">Base de columna de granit<\/figcaption><\/figure>\n<p>En les diverses campanyes d\u2019excavaci\u00f3 s\u2019han recollit alguns capitells de columna amb motius vegetals de pedra local, tamb\u00e9 s\u2019ha documentat bases de columna del peristil de granits de pedreres properes, encara per caracteritzar. Tamb\u00e9 s\u2019han documentat cornises i plaques de marbre, les quals es detallen en un altre apartat.<\/p>\n<figure id=\"attachment_254\" aria-describedby=\"caption-attachment-254\" style=\"width: 225px\" class=\"wp-caption aligncenter\"><a href=\"https:\/\/webs.uab.cat\/iulialibica\/wp-content\/uploads\/sites\/91\/2015\/12\/DSCN4498.jpg\"><img loading=\"lazy\" decoding=\"async\" class=\"size-medium wp-image-254\" src=\"https:\/\/webs.uab.cat\/iulialibica\/wp-content\/uploads\/sites\/91\/2015\/12\/DSCN4498-225x300.jpg\" alt=\"Resta de cornisa\" width=\"225\" height=\"300\" srcset=\"https:\/\/webs.uab.cat\/iulialibica\/wp-content\/uploads\/sites\/91\/2015\/12\/DSCN4498-225x300.jpg 225w, https:\/\/webs.uab.cat\/iulialibica\/wp-content\/uploads\/sites\/91\/2015\/12\/DSCN4498.jpg 369w\" sizes=\"auto, (max-width: 225px) 100vw, 225px\" \/><\/a><figcaption id=\"caption-attachment-254\" class=\"wp-caption-text\">Resta de cornisa<\/figcaption><\/figure>\n<p>El material constructiu del f\u00f2rum eren fragments de pissarra amb morter, i normalment les cantonades eren perfilades amb carreus de granit local. Aquesta mateixa pedra \u00e9s la que es fa servir com a pedestal de les escultures que deurien decorar el f\u00f2rum. Per \u00faltim, s\u2019ha documentat un gran nombre de tegulae que deurien cobrir les taulades del porticat del f\u00f2rum.<\/p>\n","protected":false},"excerpt":{"rendered":"<p>L\u2019excavaci\u00f3 de les Colomines A proporciona alguns materials at\u00edpics, si m\u00e9s no en la majoria d\u2019excavacions. Al trobar-nos en un espai de f\u00f2rum, tot el programa decoratiu presenta elements arquitect\u00f2nics com columnes, capitells o motllures que no es troben en d\u2019altres edificis p\u00fablics o privats. En les diverses campanyes d\u2019excavaci\u00f3 s\u2019han recollit alguns capitells de [&hellip;]<\/p>\n","protected":false},"author":70,"featured_media":0,"parent":82,"menu_order":0,"comment_status":"closed","ping_status":"closed","template":"","meta":{"footnotes":""},"class_list":["post-218","page","type-page","status-publish","hentry"],"_links":{"self":[{"href":"https:\/\/webs.uab.cat\/iulialibica\/wp-json\/wp\/v2\/pages\/218","targetHints":{"allow":["GET"]}}],"collection":[{"href":"https:\/\/webs.uab.cat\/iulialibica\/wp-json\/wp\/v2\/pages"}],"about":[{"href":"https:\/\/webs.uab.cat\/iulialibica\/wp-json\/wp\/v2\/types\/page"}],"author":[{"embeddable":true,"href":"https:\/\/webs.uab.cat\/iulialibica\/wp-json\/wp\/v2\/users\/70"}],"replies":[{"embeddable":true,"href":"https:\/\/webs.uab.cat\/iulialibica\/wp-json\/wp\/v2\/comments?post=218"}],"version-history":[{"count":0,"href":"https:\/\/webs.uab.cat\/iulialibica\/wp-json\/wp\/v2\/pages\/218\/revisions"}],"up":[{"embeddable":true,"href":"https:\/\/webs.uab.cat\/iulialibica\/wp-json\/wp\/v2\/pages\/82"}],"wp:attachment":[{"href":"https:\/\/webs.uab.cat\/iulialibica\/wp-json\/wp\/v2\/media?parent=218"}],"curies":[{"name":"wp","href":"https:\/\/api.w.org\/{rel}","templated":true}]}}