{"id":230,"date":"2015-12-22T15:29:58","date_gmt":"2015-12-22T15:29:58","guid":{"rendered":"http:\/\/blogs.uab.cat\/iulialibica\/?page_id=230"},"modified":"2015-12-22T15:29:58","modified_gmt":"2015-12-22T15:29:58","slug":"metalls","status":"publish","type":"page","link":"https:\/\/webs.uab.cat\/iulialibica\/materials-arqueologics\/metalls\/","title":{"rendered":"Metalls"},"content":{"rendered":"<p>Les excavacions de les Colomines A han proporcionat un bon conjunt de metalls d\u2019\u00fas quotidi\u00e0 com claus de ferro i plaques de bronze. La majoria de peces s\u00f3n incomplertes, per\u00f2 algunes d\u2019elles s\u2019han trobat com a aixovar de la tomba del macaco, que es data en el segle V i VI dC, com una sivella i una contraplaca triangular.<\/p>\n<figure id=\"attachment_277\" aria-describedby=\"caption-attachment-277\" style=\"width: 277px\" class=\"wp-caption aligncenter\"><a href=\"https:\/\/webs.uab.cat\/iulialibica\/wp-content\/uploads\/sites\/91\/2015\/12\/sivella-tardoromana.jpg\"><img loading=\"lazy\" decoding=\"async\" class=\" wp-image-277\" src=\"https:\/\/webs.uab.cat\/iulialibica\/wp-content\/uploads\/sites\/91\/2015\/12\/sivella-tardoromana-225x300.jpg\" alt=\"Siverlla tardoromana de la tomba del macaco\" width=\"277\" height=\"369\" srcset=\"https:\/\/webs.uab.cat\/iulialibica\/wp-content\/uploads\/sites\/91\/2015\/12\/sivella-tardoromana-225x300.jpg 225w, https:\/\/webs.uab.cat\/iulialibica\/wp-content\/uploads\/sites\/91\/2015\/12\/sivella-tardoromana.jpg 768w\" sizes=\"auto, (max-width: 277px) 100vw, 277px\" \/><\/a><figcaption id=\"caption-attachment-277\" class=\"wp-caption-text\">Siverlla tardoromana de la tomba del macaco<\/figcaption><\/figure>\n<p>L\u2019altre conjunt de peces met\u00e0l\u00b7liques s\u00f3n les monedes, que van apareixen ocasionalment en les excavacions, i que ens aporten una documentaci\u00f3 complement\u00e0ria de la circulaci\u00f3 comercial del municipi.<\/p>\n","protected":false},"excerpt":{"rendered":"<p>Les excavacions de les Colomines A han proporcionat un bon conjunt de metalls d\u2019\u00fas quotidi\u00e0 com claus de ferro i plaques de bronze. La majoria de peces s\u00f3n incomplertes, per\u00f2 algunes d\u2019elles s\u2019han trobat com a aixovar de la tomba del macaco, que es data en el segle V i VI dC, com una sivella [&hellip;]<\/p>\n","protected":false},"author":70,"featured_media":0,"parent":82,"menu_order":6,"comment_status":"closed","ping_status":"closed","template":"","meta":{"footnotes":""},"class_list":["post-230","page","type-page","status-publish","hentry"],"_links":{"self":[{"href":"https:\/\/webs.uab.cat\/iulialibica\/wp-json\/wp\/v2\/pages\/230","targetHints":{"allow":["GET"]}}],"collection":[{"href":"https:\/\/webs.uab.cat\/iulialibica\/wp-json\/wp\/v2\/pages"}],"about":[{"href":"https:\/\/webs.uab.cat\/iulialibica\/wp-json\/wp\/v2\/types\/page"}],"author":[{"embeddable":true,"href":"https:\/\/webs.uab.cat\/iulialibica\/wp-json\/wp\/v2\/users\/70"}],"replies":[{"embeddable":true,"href":"https:\/\/webs.uab.cat\/iulialibica\/wp-json\/wp\/v2\/comments?post=230"}],"version-history":[{"count":0,"href":"https:\/\/webs.uab.cat\/iulialibica\/wp-json\/wp\/v2\/pages\/230\/revisions"}],"up":[{"embeddable":true,"href":"https:\/\/webs.uab.cat\/iulialibica\/wp-json\/wp\/v2\/pages\/82"}],"wp:attachment":[{"href":"https:\/\/webs.uab.cat\/iulialibica\/wp-json\/wp\/v2\/media?parent=230"}],"curies":[{"name":"wp","href":"https:\/\/api.w.org\/{rel}","templated":true}]}}