{"id":232,"date":"2015-12-22T15:30:16","date_gmt":"2015-12-22T15:30:16","guid":{"rendered":"http:\/\/blogs.uab.cat\/iulialibica\/?page_id=232"},"modified":"2015-12-22T15:30:16","modified_gmt":"2015-12-22T15:30:16","slug":"monedes","status":"publish","type":"page","link":"https:\/\/webs.uab.cat\/iulialibica\/materials-arqueologics\/monedes\/","title":{"rendered":"Monedes"},"content":{"rendered":"<p>El jaciment de Ll\u00edvia ha proporcionat algunes monedes que van configurant dades importants sobre el comer\u00e7 i aprovisionament de numerari d\u2019aquest municipi. No s\u00f3n moltes per\u00f2 es van incrementant campanya rere campanya. Abans de la fundaci\u00f3 de la ciutat ja existien algunes monedes ib\u00e8riques a diversos jaciments de la Cerdanya que aportaven informaci\u00f3 sobre la circulaci\u00f3 en aquest territori des del segle III aC fins al I dC (Campo i Mercadal, 2007). Si b\u00e9 predominen les ceques ib\u00e8riques hispanes, tamb\u00e9 la Cerdanya s\u2019aprovisionava de moneda de Roma i d\u2019altres ceques de la G\u00e0l\u00b7lia. Un dels fets destacables \u00e9s que no sembla existir gaire depend\u00e8ncia de les ceques d\u2019Emp\u00faries ni d\u2019Iltirta.<\/p>\n<figure id=\"attachment_280\" aria-describedby=\"caption-attachment-280\" style=\"width: 455px\" class=\"wp-caption aligncenter\"><a href=\"https:\/\/webs.uab.cat\/iulialibica\/wp-content\/uploads\/sites\/91\/2015\/12\/difusio_monedes_Cerdanya.jpg\"><img loading=\"lazy\" decoding=\"async\" class=\" wp-image-280\" src=\"https:\/\/webs.uab.cat\/iulialibica\/wp-content\/uploads\/sites\/91\/2015\/12\/difusio_monedes_Cerdanya-300x128.jpg\" alt=\"Difusi\u00f3 de les monedes procedents de la Cerdanya (De Soto, 2012)\" width=\"455\" height=\"194\" srcset=\"https:\/\/webs.uab.cat\/iulialibica\/wp-content\/uploads\/sites\/91\/2015\/12\/difusio_monedes_Cerdanya-300x128.jpg 300w, https:\/\/webs.uab.cat\/iulialibica\/wp-content\/uploads\/sites\/91\/2015\/12\/difusio_monedes_Cerdanya-768x328.jpg 768w, https:\/\/webs.uab.cat\/iulialibica\/wp-content\/uploads\/sites\/91\/2015\/12\/difusio_monedes_Cerdanya.jpg 908w\" sizes=\"auto, (max-width: 455px) 100vw, 455px\" \/><\/a><figcaption id=\"caption-attachment-280\" class=\"wp-caption-text\">Difusi\u00f3 de les monedes procedents de la Cerdanya (De Soto, 2012)<\/figcaption><\/figure>\n<p>A la zona de Les Colomines apareixen les primeres monedes republicanes i un denari d\u2019August, que dataria aquesta etapa fundacional. Hi ha d\u2019altres monedes d\u2019\u00e8poca Alt-Imperial i recentment un sesterci de Marc Aureli del 139 dC.<\/p>\n<figure id=\"attachment_282\" aria-describedby=\"caption-attachment-282\" style=\"width: 246px\" class=\"wp-caption aligncenter\"><a href=\"https:\/\/webs.uab.cat\/iulialibica\/wp-content\/uploads\/sites\/91\/2015\/12\/monedes-tardorrepublicanes.jpg\"><img loading=\"lazy\" decoding=\"async\" class=\" wp-image-282\" src=\"https:\/\/webs.uab.cat\/iulialibica\/wp-content\/uploads\/sites\/91\/2015\/12\/monedes-tardorrepublicanes-291x300.jpg\" alt=\"Monedes de J.C\u00e8sar i Tiberi\" width=\"246\" height=\"254\" srcset=\"https:\/\/webs.uab.cat\/iulialibica\/wp-content\/uploads\/sites\/91\/2015\/12\/monedes-tardorrepublicanes-291x300.jpg 291w, https:\/\/webs.uab.cat\/iulialibica\/wp-content\/uploads\/sites\/91\/2015\/12\/monedes-tardorrepublicanes.jpg 543w\" sizes=\"auto, (max-width: 246px) 100vw, 246px\" \/><\/a><figcaption id=\"caption-attachment-282\" class=\"wp-caption-text\">Monedes de J.C\u00e8sar i Tiberi<\/figcaption><\/figure>\n<p>Finalment, d\u2019\u00e8poca tardana i associat a l\u2019enterrament del macaco, es va documentar un tresor de 201 monedes (minimi) datades entre el 430-600 dC, i que conformen tamb\u00e9 una troballa excepcional de la fase tardoantiga (Guihard et alii, 2016).<\/p>\n<figure id=\"attachment_283\" aria-describedby=\"caption-attachment-283\" style=\"width: 268px\" class=\"wp-caption aligncenter\"><a href=\"https:\/\/webs.uab.cat\/iulialibica\/wp-content\/uploads\/sites\/91\/2015\/12\/moneda_anto_pio_139.jpg\"><img loading=\"lazy\" decoding=\"async\" class=\" wp-image-283\" src=\"https:\/\/webs.uab.cat\/iulialibica\/wp-content\/uploads\/sites\/91\/2015\/12\/moneda_anto_pio_139-300x300.jpg\" alt=\"Sesterci d'Antoninus Pius (139 dC)\" width=\"268\" height=\"268\" srcset=\"https:\/\/webs.uab.cat\/iulialibica\/wp-content\/uploads\/sites\/91\/2015\/12\/moneda_anto_pio_139-300x300.jpg 300w, https:\/\/webs.uab.cat\/iulialibica\/wp-content\/uploads\/sites\/91\/2015\/12\/moneda_anto_pio_139-150x150.jpg 150w, https:\/\/webs.uab.cat\/iulialibica\/wp-content\/uploads\/sites\/91\/2015\/12\/moneda_anto_pio_139.jpg 403w\" sizes=\"auto, (max-width: 268px) 100vw, 268px\" \/><\/a><figcaption id=\"caption-attachment-283\" class=\"wp-caption-text\">Sesterci d&#8217;Antoninus Pius (139 dC)<\/figcaption><\/figure>\n","protected":false},"excerpt":{"rendered":"<p>El jaciment de Ll\u00edvia ha proporcionat algunes monedes que van configurant dades importants sobre el comer\u00e7 i aprovisionament de numerari d\u2019aquest municipi. No s\u00f3n moltes per\u00f2 es van incrementant campanya rere campanya. Abans de la fundaci\u00f3 de la ciutat ja existien algunes monedes ib\u00e8riques a diversos jaciments de la Cerdanya que aportaven informaci\u00f3 sobre la [&hellip;]<\/p>\n","protected":false},"author":70,"featured_media":0,"parent":82,"menu_order":7,"comment_status":"closed","ping_status":"closed","template":"","meta":{"footnotes":""},"class_list":["post-232","page","type-page","status-publish","hentry"],"_links":{"self":[{"href":"https:\/\/webs.uab.cat\/iulialibica\/wp-json\/wp\/v2\/pages\/232","targetHints":{"allow":["GET"]}}],"collection":[{"href":"https:\/\/webs.uab.cat\/iulialibica\/wp-json\/wp\/v2\/pages"}],"about":[{"href":"https:\/\/webs.uab.cat\/iulialibica\/wp-json\/wp\/v2\/types\/page"}],"author":[{"embeddable":true,"href":"https:\/\/webs.uab.cat\/iulialibica\/wp-json\/wp\/v2\/users\/70"}],"replies":[{"embeddable":true,"href":"https:\/\/webs.uab.cat\/iulialibica\/wp-json\/wp\/v2\/comments?post=232"}],"version-history":[{"count":0,"href":"https:\/\/webs.uab.cat\/iulialibica\/wp-json\/wp\/v2\/pages\/232\/revisions"}],"up":[{"embeddable":true,"href":"https:\/\/webs.uab.cat\/iulialibica\/wp-json\/wp\/v2\/pages\/82"}],"wp:attachment":[{"href":"https:\/\/webs.uab.cat\/iulialibica\/wp-json\/wp\/v2\/media?parent=232"}],"curies":[{"name":"wp","href":"https:\/\/api.w.org\/{rel}","templated":true}]}}