{"id":582,"date":"2022-04-24T18:24:44","date_gmt":"2022-04-24T18:24:44","guid":{"rendered":"https:\/\/blogs.uab.cat\/iulialibica\/?page_id=582"},"modified":"2022-09-15T11:19:49","modified_gmt":"2022-09-15T09:19:49","slug":"campanya-2021","status":"publish","type":"page","link":"https:\/\/webs.uab.cat\/iulialibica\/intervencions-recents\/colomines-a-2018-2021\/campanya-2021\/","title":{"rendered":"Campanya 2021"},"content":{"rendered":"\n<p>La campanya arqueol\u00f2gica del 2021 s\u2019ha seguit amb for\u00e7a normalitat respecte a l\u2019any anterior, malgrat la persist\u00e8ncia del COVID-19. Amb l\u2019inici de la vacunaci\u00f3 generalitzada, les diferents campanyes realitzades han estat cada cop m\u00e9s segures, i sense cap tipus d\u2019incid\u00e8ncia. Vam iniciar les campanyes el mes de maig (3 de maig-1 de juny) per seguir excavant la zona central del f\u00f2rum i fer una rasa per portar els serveis de gas i electricitat per la zona oriental exterior del f\u00f2rum. Tan punt com aquests serveis siguin traslladats a l\u2019exterior del f\u00f2rum, es podran excavar els dos testimonis de la part central i connectar les diverses zones d\u2019excavaci\u00f3.<\/p>\n\n\n\n<ol class=\"wp-block-list\" type=\"1\"><li><strong>Zona central del f\u00f2rum a prop del temple<\/strong><\/li><\/ol>\n\n\n\n<p>Dins de l\u2019espai central es van concentrar els esfor\u00e7os en excavar els estrats tardoantics del <strong>quadre 1<\/strong>, aquell que es trobava a la part nord tocant el mur septentrional del f\u00f2rum. S\u2019havien documentat una s\u00e8rie d\u2019estrats d\u2019enderroc, que es van desmuntar ordenadament fins arribar al mur occidental de tancament de l\u2019habitaci\u00f3 2, del qual hi ha una pedra que podria ser la llinda. Un dels detalls m\u00e9s interessants, per\u00f2 que no s\u2019ha pogut completar la seva excavaci\u00f3 per culpa del testimoni del servei del cable el\u00e8ctric, \u00e9s la preparaci\u00f3 del terra de l\u2019habitaci\u00f3 2. Sembla que hi ha un preparat del terra per col\u00b7locar placats quadrats d\u2019<em>opus sectile<\/em> (veure figura 1).<\/p>\n\n\n\n<figure class=\"wp-block-image size-large\"><img loading=\"lazy\" decoding=\"async\" width=\"1024\" height=\"512\" src=\"https:\/\/webs.uab.cat\/iulialibica\/wp-content\/uploads\/sites\/91\/2022\/09\/1621866781546-1-1024x512.jpg\" alt=\"\" class=\"wp-image-663\" srcset=\"https:\/\/webs.uab.cat\/iulialibica\/wp-content\/uploads\/sites\/91\/2022\/09\/1621866781546-1-1024x512.jpg 1024w, https:\/\/webs.uab.cat\/iulialibica\/wp-content\/uploads\/sites\/91\/2022\/09\/1621866781546-1-300x150.jpg 300w, https:\/\/webs.uab.cat\/iulialibica\/wp-content\/uploads\/sites\/91\/2022\/09\/1621866781546-1-768x384.jpg 768w, https:\/\/webs.uab.cat\/iulialibica\/wp-content\/uploads\/sites\/91\/2022\/09\/1621866781546-1-1536x768.jpg 1536w, https:\/\/webs.uab.cat\/iulialibica\/wp-content\/uploads\/sites\/91\/2022\/09\/1621866781546-1-2048x1024.jpg 2048w, https:\/\/webs.uab.cat\/iulialibica\/wp-content\/uploads\/sites\/91\/2022\/09\/1621866781546-1-1200x600.jpg 1200w, https:\/\/webs.uab.cat\/iulialibica\/wp-content\/uploads\/sites\/91\/2022\/09\/1621866781546-1-1980x990.jpg 1980w\" sizes=\"auto, (max-width: 1024px) 100vw, 1024px\" \/><figcaption>Fig .1 Quadre 1: Nivell d&#8217;\u00fas de l&#8217;habitaci\u00f3 2 amb un preparat del terra<\/figcaption><\/figure>\n\n\n\n<p>Del <strong>quadre 2<\/strong>, s\u2019han excavat nivells d\u2019enderroc tardoantic, i fins i tot un nivell d\u2019\u00fas, encara que \u00e9s dif\u00edcil d\u2019establir la seva cronologia per la manca de material datant. L\u2019espai delimitat pel mur 9 i el mur 2 tardoantic t\u00e9 per sota dels nivells tardoantics, un nivell vermell\u00f3s amb restes rubrefactades com si sigues un espai de forja o d\u2019activitat metal\u00b7l\u00fargica, i que cronol\u00f2gicament podria correspondre a la fase 2 del f\u00f2rum datada en els segles III-IV dC. Aquest estrat ha quedat pendent d\u2019excavaci\u00f3 per properes campanyes, i \u00e9s una dels pocs signes d\u2019activitat ben documentada de la fase 2.<\/p>\n\n\n\n<figure class=\"wp-block-image size-full\"><img loading=\"lazy\" decoding=\"async\" width=\"850\" height=\"567\" src=\"https:\/\/webs.uab.cat\/iulialibica\/wp-content\/uploads\/sites\/91\/2022\/09\/IMG_0082.jpg\" alt=\"\" class=\"wp-image-664\" srcset=\"https:\/\/webs.uab.cat\/iulialibica\/wp-content\/uploads\/sites\/91\/2022\/09\/IMG_0082.jpg 850w, https:\/\/webs.uab.cat\/iulialibica\/wp-content\/uploads\/sites\/91\/2022\/09\/IMG_0082-300x200.jpg 300w, https:\/\/webs.uab.cat\/iulialibica\/wp-content\/uploads\/sites\/91\/2022\/09\/IMG_0082-768x512.jpg 768w\" sizes=\"auto, (max-width: 850px) 100vw, 850px\" \/><figcaption>Fig.2 Quadre 2: estrat rubefractat entre els mur 2 i 9 de la fase II<\/figcaption><\/figure>\n\n\n\n<p>Pel que fa al quadre 3 amb el forat de m\u00e0quina, a l\u2019extrem nord entre el mur 2 tardoantic i el mur del podi 453 s\u2019han recollit un gran nombre de marbres d\u2019escultures fragmentats (veure figura 3), que es feien servir com a materials constructius en un mur tardoantic.<\/p>\n\n\n\n<figure class=\"wp-block-image size-full is-resized\"><img loading=\"lazy\" decoding=\"async\" src=\"https:\/\/webs.uab.cat\/iulialibica\/wp-content\/uploads\/sites\/91\/2022\/09\/marbres.jpg\" alt=\"\" class=\"wp-image-666\" width=\"432\" height=\"576\" srcset=\"https:\/\/webs.uab.cat\/iulialibica\/wp-content\/uploads\/sites\/91\/2022\/09\/marbres.jpg 293w, https:\/\/webs.uab.cat\/iulialibica\/wp-content\/uploads\/sites\/91\/2022\/09\/marbres-225x300.jpg 225w\" sizes=\"auto, (max-width: 432px) 100vw, 432px\" \/><figcaption>Fig. 3. Quadre 2: Acumulaci\u00f3 de marbres entre els murs 2 i 453<\/figcaption><\/figure>\n\n\n\n<p><strong>Rasa exterior oriental pels serveis<\/strong><\/p>\n\n\n\n<p>El segon gran objectiu de la campanya de maig era preparar la rasa que anant per la part nord i oriental del f\u00f2rum faria passar els serveis d\u2019electricitat i gas fora de la zona d\u2019excavaci\u00f3 interior. La rasa t\u00e9 una amplada mitjana de 100-90 cm, a excepci\u00f3 de la zona de l\u2019exedra a on nom\u00e9s s\u2019han pogut fer uns 60 cm. La fond\u00e0ria est\u00e0 al voltant de 60-70 cm. En el mes de maig es va tra\u00e7ar el recorregut i es va excavar tota aquella zona amb potencial arqueol\u00f2gic (veure figura 4).<\/p>\n\n\n\n<figure class=\"wp-block-image size-full is-resized\"><img loading=\"lazy\" decoding=\"async\" src=\"https:\/\/webs.uab.cat\/iulialibica\/wp-content\/uploads\/sites\/91\/2022\/09\/IMG_2665.jpg\" alt=\"\" class=\"wp-image-667\" width=\"456\" height=\"683\" srcset=\"https:\/\/webs.uab.cat\/iulialibica\/wp-content\/uploads\/sites\/91\/2022\/09\/IMG_2665.jpg 567w, https:\/\/webs.uab.cat\/iulialibica\/wp-content\/uploads\/sites\/91\/2022\/09\/IMG_2665-200x300.jpg 200w\" sizes=\"auto, (max-width: 456px) 100vw, 456px\" \/><figcaption>Fig. 4. Rasa per on passaran els futurs serveis de gas i electricitat<\/figcaption><\/figure>\n\n\n\n<p>De les intervencions en la rasa s\u2019ha pogut recon\u00e8ixer un torrent natural de les aig\u00fces de la muntanya, i sobretot que en la part baixa, propera a la porta, hi havia un drenatge de pedres per facilitar la circulaci\u00f3 de les aig\u00fces pluvials (veure figura 5). Durant els dies d\u2019excavaci\u00f3, s\u2019ha pogut confirmar que el drenatge no servia per filtrar les aig\u00fces cap a capes inferiors del subs\u00f2l sin\u00f3 per permetre que seguissin baixant fins a l\u2019exedra, a on si que es filtraven cap al subs\u00f2l.<\/p>\n\n\n\n<figure class=\"wp-block-image size-full\"><img loading=\"lazy\" decoding=\"async\" width=\"850\" height=\"567\" src=\"https:\/\/webs.uab.cat\/iulialibica\/wp-content\/uploads\/sites\/91\/2022\/09\/IMG_0089.jpg\" alt=\"\" class=\"wp-image-669\" srcset=\"https:\/\/webs.uab.cat\/iulialibica\/wp-content\/uploads\/sites\/91\/2022\/09\/IMG_0089.jpg 850w, https:\/\/webs.uab.cat\/iulialibica\/wp-content\/uploads\/sites\/91\/2022\/09\/IMG_0089-300x200.jpg 300w, https:\/\/webs.uab.cat\/iulialibica\/wp-content\/uploads\/sites\/91\/2022\/09\/IMG_0089-768x512.jpg 768w\" sizes=\"auto, (max-width: 850px) 100vw, 850px\" \/><figcaption>Fig. 5. Drenatge de pedres (rudus) paral\u00b7lel al mur oriental i proper a la porta<\/figcaption><\/figure>\n\n\n\n<p>A final de la campanya de l\u2019agost a l\u2019octubre es\u00a0 va completar l\u2019excavaci\u00f3 de la rasa, amb l\u2019ajut de m\u00e0quina, i tan s\u00f2ls quedava completar les dues connexions als extrems als trams dels serveis ja existents.<\/p>\n\n\n\n<p><strong>3. Rampa de la zona oriental del f\u00f2rum<\/strong><\/p>\n\n\n\n<p>Abans de la campanya d\u2019agost i setembre del 2021 vam fer una rampa amb una excavadora per tal de facilitar l\u2019acc\u00e9s lateral als vianants (veure figura 6).<\/p>\n\n\n\n<figure class=\"wp-block-image size-full is-resized\"><img loading=\"lazy\" decoding=\"async\" src=\"https:\/\/webs.uab.cat\/iulialibica\/wp-content\/uploads\/sites\/91\/2022\/09\/figura_6.jpg\" alt=\"\" class=\"wp-image-670\" width=\"613\" height=\"402\" srcset=\"https:\/\/webs.uab.cat\/iulialibica\/wp-content\/uploads\/sites\/91\/2022\/09\/figura_6.jpg 453w, https:\/\/webs.uab.cat\/iulialibica\/wp-content\/uploads\/sites\/91\/2022\/09\/figura_6-300x197.jpg 300w\" sizes=\"auto, (max-width: 613px) 100vw, 613px\" \/><figcaption>Fig. 6. Rampa que passa pel nord i la zona oriental del f\u00f2rum<\/figcaption><\/figure>\n\n\n\n<p>Al rebaixar el peu de mont vam poder constatar en el tall, la pres\u00e8ncia d\u2019un canal natural que condu\u00efa les aig\u00fces de la muntanya cap a la part oriental del f\u00f2rum, i restes d\u2019activitat antr\u00f2pica a ambd\u00f3s costats del canal. La figura 7 il\u00b7lustra el perfil de la canal en el tall deixat al construir la rampa lateral, i mostra clarament la possible direcci\u00f3 de les aig\u00fces pluvials procedents de la muntanya.<\/p>\n\n\n\n<figure class=\"wp-block-image size-full is-resized\"><img loading=\"lazy\" decoding=\"async\" src=\"https:\/\/webs.uab.cat\/iulialibica\/wp-content\/uploads\/sites\/91\/2022\/09\/figura-7.jpg\" alt=\"\" class=\"wp-image-671\" width=\"646\" height=\"431\" srcset=\"https:\/\/webs.uab.cat\/iulialibica\/wp-content\/uploads\/sites\/91\/2022\/09\/figura-7.jpg 498w, https:\/\/webs.uab.cat\/iulialibica\/wp-content\/uploads\/sites\/91\/2022\/09\/figura-7-300x200.jpg 300w\" sizes=\"auto, (max-width: 646px) 100vw, 646px\" \/><figcaption>Fig. 7. Perfil de la canal natural per sobre de la rampa<\/figcaption><\/figure>\n\n\n\n<p>La troballa de restes antr\u00f2piques a banda a banda de la canal requerien d\u2019un estudi m\u00e9s detallat, i per aix\u00f2 es va decidir de fer 4 sondeigs\u00a0 de 2&#215;2 metres per tal de veure si existien estructures associades a les concentracions de materials cer\u00e0mics i constructius, aix\u00ed com reconstruir l\u2019antiga orografia del peu de muntanya.<\/p>\n\n\n\n<p>Un dels sondeigs (n\u00fam. 1) es va fer a la part baixa de la rampa, a prop d\u2019on estava la franja del mur oriental, que es considerava com nivell d\u2019\u00fas. A la part alta de rampa, es va fer el sondeig 2 a la zona m\u00e9s oriental, mentre que el 3 i 4 es trobaven no gaire lluny de l\u2019actual carrer. En el cas del sondeig n\u00famero 1 , ens vam adonar que tota aquella zona est\u00e0 molt alterada per les excavacions del 1997 al 2003 que van crear un tal\u00fas artificial, al costat de la finca del ve\u00ed. Malgrat que es va baixar m\u00e9s d\u2019un metre, seguien apareixen pl\u00e0stics i llaunes, i ja s\u2019estava al nivell de la UE-331 de la fase II (segles III-IV dC) del f\u00f2rum.<\/p>\n\n\n\n<p>Pel que fa als sondeigs 3 i 4, eren for\u00e7a est\u00e8rils amb poca pres\u00e8ncia de cer\u00e0miques i sobretot de <em>tegulae<\/em>. Aix\u00f2 s\u00ed, a uns 1,50 metres es va trobar el terreny natural, que ens va permetre considerar que l\u2019orografia de la base de la muntanya era molt m\u00e9s suau, i que s\u2019havia terrassat en la part nord al construir el f\u00f2rum.<\/p>\n\n\n\n<figure class=\"wp-block-image size-full\"><img loading=\"lazy\" decoding=\"async\" width=\"850\" height=\"567\" src=\"https:\/\/webs.uab.cat\/iulialibica\/wp-content\/uploads\/sites\/91\/2022\/09\/IMG_0388.jpg\" alt=\"\" class=\"wp-image-675\" srcset=\"https:\/\/webs.uab.cat\/iulialibica\/wp-content\/uploads\/sites\/91\/2022\/09\/IMG_0388.jpg 850w, https:\/\/webs.uab.cat\/iulialibica\/wp-content\/uploads\/sites\/91\/2022\/09\/IMG_0388-300x200.jpg 300w, https:\/\/webs.uab.cat\/iulialibica\/wp-content\/uploads\/sites\/91\/2022\/09\/IMG_0388-768x512.jpg 768w\" sizes=\"auto, (max-width: 850px) 100vw, 850px\" \/><figcaption>Fig.8. Sondeig 2 de la rampa lateral<\/figcaption><\/figure>\n\n\n\n<p>Pel que fa al sondeig 2 (veure figura 8), es van trobar for\u00e7a materials i restes de pissarres amb cronologies que van des d\u2019\u00e8poca altimperial fins a \u00e8poca preaugustea, a un 1,90 metres a on vam parat temporalment. Aquest sondeig inacabat, segurament es podr\u00e0 completar en properes campanyes ja que ens dona activitat pr\u00e8via a la construcci\u00f3 del f\u00f2rum, com si l\u2019espai fos ocupat amb anterioritat (material iberoceret\u00e0 i romano-republic\u00e0).<\/p>\n","protected":false},"excerpt":{"rendered":"<p>La campanya arqueol\u00f2gica del 2021 s\u2019ha seguit amb for\u00e7a normalitat respecte a l\u2019any anterior, malgrat la persist\u00e8ncia del COVID-19. Amb l\u2019inici de la vacunaci\u00f3 generalitzada, les diferents campanyes realitzades han estat cada cop m\u00e9s segures, i sense cap tipus d\u2019incid\u00e8ncia. Vam iniciar les campanyes el mes de maig (3 de maig-1 de juny) per seguir [&hellip;]<\/p>\n","protected":false},"author":70,"featured_media":0,"parent":540,"menu_order":4,"comment_status":"closed","ping_status":"closed","template":"","meta":{"footnotes":""},"class_list":["post-582","page","type-page","status-publish","hentry"],"_links":{"self":[{"href":"https:\/\/webs.uab.cat\/iulialibica\/wp-json\/wp\/v2\/pages\/582","targetHints":{"allow":["GET"]}}],"collection":[{"href":"https:\/\/webs.uab.cat\/iulialibica\/wp-json\/wp\/v2\/pages"}],"about":[{"href":"https:\/\/webs.uab.cat\/iulialibica\/wp-json\/wp\/v2\/types\/page"}],"author":[{"embeddable":true,"href":"https:\/\/webs.uab.cat\/iulialibica\/wp-json\/wp\/v2\/users\/70"}],"replies":[{"embeddable":true,"href":"https:\/\/webs.uab.cat\/iulialibica\/wp-json\/wp\/v2\/comments?post=582"}],"version-history":[{"count":6,"href":"https:\/\/webs.uab.cat\/iulialibica\/wp-json\/wp\/v2\/pages\/582\/revisions"}],"predecessor-version":[{"id":676,"href":"https:\/\/webs.uab.cat\/iulialibica\/wp-json\/wp\/v2\/pages\/582\/revisions\/676"}],"up":[{"embeddable":true,"href":"https:\/\/webs.uab.cat\/iulialibica\/wp-json\/wp\/v2\/pages\/540"}],"wp:attachment":[{"href":"https:\/\/webs.uab.cat\/iulialibica\/wp-json\/wp\/v2\/media?parent=582"}],"curies":[{"name":"wp","href":"https:\/\/api.w.org\/{rel}","templated":true}]}}