{"id":677,"date":"2022-09-15T11:23:06","date_gmt":"2022-09-15T09:23:06","guid":{"rendered":"https:\/\/webs.uab.cat\/iulialibica\/?page_id=677"},"modified":"2022-12-14T14:19:36","modified_gmt":"2022-12-14T12:19:36","slug":"colomines-a-2022-2025","status":"publish","type":"page","link":"https:\/\/webs.uab.cat\/iulialibica\/intervencions-recents\/colomines-a-2022-2025\/","title":{"rendered":"Colomines A (2022-2025)"},"content":{"rendered":"\n<p>Des del 2022 al 2025, hi ha la intenci\u00f3 d&#8217;excavar la part central del f\u00f2rum, un cop s&#8217;hagin traslladat tots els serveis d&#8217;aigua, gas i electricitat fora de l&#8217;espai de les excavacions. El primer objectiu ser\u00e0 excavar els testimonis que quedent pendents a la part oriental del temple. tamb\u00e9 es vol saber si continua alguna estructura al nord del f\u00f2rum, ja que darrera el mur spetentrional s&#8217;han trobat alguns materials constructius &#8211; potser producte del mateix enderroc de la construcci\u00f3.<\/p>\n\n\n\n<figure class=\"wp-block-image size-full\"><img loading=\"lazy\" decoding=\"async\" width=\"850\" height=\"478\" src=\"https:\/\/webs.uab.cat\/iulialibica\/wp-content\/uploads\/sites\/91\/2022\/12\/DJI_0130.jpg\" alt=\"\" class=\"wp-image-693\" srcset=\"https:\/\/webs.uab.cat\/iulialibica\/wp-content\/uploads\/sites\/91\/2022\/12\/DJI_0130.jpg 850w, https:\/\/webs.uab.cat\/iulialibica\/wp-content\/uploads\/sites\/91\/2022\/12\/DJI_0130-300x169.jpg 300w, https:\/\/webs.uab.cat\/iulialibica\/wp-content\/uploads\/sites\/91\/2022\/12\/DJI_0130-768x432.jpg 768w\" sizes=\"auto, (max-width: 850px) 100vw, 850px\" \/><figcaption>Fig. 1: Vista general del f\u00f2rum al setembre del 2022<\/figcaption><\/figure>\n\n\n\n<p>Un cop completada aquesta part de l&#8217;excavaci\u00f3, es planteja la construcci\u00f3 d&#8217;una coberta provisional pel temple i poder excavar de nou la part m\u00e9s oriental de l&#8217;edicificaci\u00f3. Tenint l&#8217;avantatge que despr\u00e9s es podran deixar al descubert les restes per tal que puguin gaudir el p\u00fabic en general. <\/p>\n\n\n\n<p>La voluntat \u00e9s excavar tota l&#8217;extensi\u00f3 del f\u00f2rum i l&#8217;espai occidental del mateix, aix\u00ed com descubrir el possible estanc davant del temple i la pla\u00e7a del f\u00f2rum. Juntament amb les intervencions a les Colomines A &#8211; actual f\u00f2rum &#8211; es continuaran fent alguns sondeigs a la part alta del Puig del Castell, per avaluar possibles restes romanes o ibero-ceretanes.<\/p>\n","protected":false},"excerpt":{"rendered":"<p>Des del 2022 al 2025, hi ha la intenci\u00f3 d&#8217;excavar la part central del f\u00f2rum, un cop s&#8217;hagin traslladat tots els serveis d&#8217;aigua, gas i electricitat fora de l&#8217;espai de les excavacions. El primer objectiu ser\u00e0 excavar els testimonis que quedent pendents a la part oriental del temple. tamb\u00e9 es vol saber si continua alguna [&hellip;]<\/p>\n","protected":false},"author":70,"featured_media":0,"parent":74,"menu_order":3,"comment_status":"closed","ping_status":"closed","template":"","meta":{"footnotes":""},"class_list":["post-677","page","type-page","status-publish","hentry"],"_links":{"self":[{"href":"https:\/\/webs.uab.cat\/iulialibica\/wp-json\/wp\/v2\/pages\/677","targetHints":{"allow":["GET"]}}],"collection":[{"href":"https:\/\/webs.uab.cat\/iulialibica\/wp-json\/wp\/v2\/pages"}],"about":[{"href":"https:\/\/webs.uab.cat\/iulialibica\/wp-json\/wp\/v2\/types\/page"}],"author":[{"embeddable":true,"href":"https:\/\/webs.uab.cat\/iulialibica\/wp-json\/wp\/v2\/users\/70"}],"replies":[{"embeddable":true,"href":"https:\/\/webs.uab.cat\/iulialibica\/wp-json\/wp\/v2\/comments?post=677"}],"version-history":[{"count":4,"href":"https:\/\/webs.uab.cat\/iulialibica\/wp-json\/wp\/v2\/pages\/677\/revisions"}],"predecessor-version":[{"id":695,"href":"https:\/\/webs.uab.cat\/iulialibica\/wp-json\/wp\/v2\/pages\/677\/revisions\/695"}],"up":[{"embeddable":true,"href":"https:\/\/webs.uab.cat\/iulialibica\/wp-json\/wp\/v2\/pages\/74"}],"wp:attachment":[{"href":"https:\/\/webs.uab.cat\/iulialibica\/wp-json\/wp\/v2\/media?parent=677"}],"curies":[{"name":"wp","href":"https:\/\/api.w.org\/{rel}","templated":true}]}}