{"id":74,"date":"2015-12-15T09:44:20","date_gmt":"2015-12-15T09:44:20","guid":{"rendered":"http:\/\/blogs.uab.cat\/iulialibica\/?page_id=74"},"modified":"2015-12-15T09:44:20","modified_gmt":"2015-12-15T09:44:20","slug":"intervencions-recents","status":"publish","type":"page","link":"https:\/\/webs.uab.cat\/iulialibica\/intervencions-recents\/","title":{"rendered":"Intervencions recents"},"content":{"rendered":"<p>Des de l\u2019any 2013 s\u2019estan realitzant intervencions programades preferentment a l\u2019\u00e0rea de Les Colomines A combinant la prospecci\u00f3 geof\u00edsica amb sondeigs puntuals i excavacions en extensi\u00f3 a la zona del f\u00f2rum. La direcci\u00f3 de les excavacions les porta l\u2019arque\u00f2leg Jordi Guardia, que d\u00f3na aix\u00ed continu\u00eftat a la seva investigaci\u00f3 del urbanisme de <em>Iulia L\u00edbica<\/em> des de les primeres intervencions a Les Colomines a l\u2019any 1998. Tot aquest treball de camp de m\u00e9s d\u2019una d\u00e8cada donar\u00e0 lloc en breu a la seva tesis doctoral, que s\u2019est\u00e0 a punt de completar.<\/p>\n<figure id=\"attachment_159\" aria-describedby=\"caption-attachment-159\" style=\"width: 499px\" class=\"wp-caption aligncenter\"><a href=\"https:\/\/webs.uab.cat\/iulialibica\/wp-content\/uploads\/sites\/91\/2015\/12\/campanya_20151.jpg\"><img loading=\"lazy\" decoding=\"async\" class=\" wp-image-159\" src=\"https:\/\/webs.uab.cat\/iulialibica\/wp-content\/uploads\/sites\/91\/2015\/12\/campanya_20151-300x200.jpg\" alt=\"Equip d'estudiants de la UAB de la campanya de Setembre 2015\" width=\"499\" height=\"332\" srcset=\"https:\/\/webs.uab.cat\/iulialibica\/wp-content\/uploads\/sites\/91\/2015\/12\/campanya_20151-300x200.jpg 300w, https:\/\/webs.uab.cat\/iulialibica\/wp-content\/uploads\/sites\/91\/2015\/12\/campanya_20151-768x512.jpg 768w, https:\/\/webs.uab.cat\/iulialibica\/wp-content\/uploads\/sites\/91\/2015\/12\/campanya_20151.jpg 850w\" sizes=\"auto, (max-width: 499px) 100vw, 499px\" \/><\/a><figcaption id=\"caption-attachment-159\" class=\"wp-caption-text\">Equip d&#8217;estudiants de la UAB de la campanya de Setembre 2015<\/figcaption><\/figure>\n<p>La major part dels sondeigs arqueol\u00f2gics d\u2019aquests anys s\u2019ha realitzat amb la col\u00b7laboraci\u00f3 de l\u2019empresa Arque\u00f2legs.cat. D\u2019altra banda, des de l\u2019any 2015 amb la participaci\u00f3 dels estudiants de la UAB en les excavacions, s\u2019ha incorporat a l\u2019equip de direcci\u00f3 en C\u00e8sar Carreras (UAB). Finalment, pel que fa a les prospeccions geof\u00edsiques, es combinen els treballs encarregats a empreses del sector amb treballs realitzats per la pr\u00f2pia UAB-ICAC sota responsabilitat de C\u00e8sar Carreras (UAB).<\/p>\n","protected":false},"excerpt":{"rendered":"<p>Des de l\u2019any 2013 s\u2019estan realitzant intervencions programades preferentment a l\u2019\u00e0rea de Les Colomines A combinant la prospecci\u00f3 geof\u00edsica amb sondeigs puntuals i excavacions en extensi\u00f3 a la zona del f\u00f2rum. La direcci\u00f3 de les excavacions les porta l\u2019arque\u00f2leg Jordi Guardia, que d\u00f3na aix\u00ed continu\u00eftat a la seva investigaci\u00f3 del urbanisme de Iulia L\u00edbica des [&hellip;]<\/p>\n","protected":false},"author":70,"featured_media":0,"parent":0,"menu_order":0,"comment_status":"closed","ping_status":"closed","template":"","meta":{"footnotes":""},"class_list":["post-74","page","type-page","status-publish","hentry"],"_links":{"self":[{"href":"https:\/\/webs.uab.cat\/iulialibica\/wp-json\/wp\/v2\/pages\/74","targetHints":{"allow":["GET"]}}],"collection":[{"href":"https:\/\/webs.uab.cat\/iulialibica\/wp-json\/wp\/v2\/pages"}],"about":[{"href":"https:\/\/webs.uab.cat\/iulialibica\/wp-json\/wp\/v2\/types\/page"}],"author":[{"embeddable":true,"href":"https:\/\/webs.uab.cat\/iulialibica\/wp-json\/wp\/v2\/users\/70"}],"replies":[{"embeddable":true,"href":"https:\/\/webs.uab.cat\/iulialibica\/wp-json\/wp\/v2\/comments?post=74"}],"version-history":[{"count":0,"href":"https:\/\/webs.uab.cat\/iulialibica\/wp-json\/wp\/v2\/pages\/74\/revisions"}],"wp:attachment":[{"href":"https:\/\/webs.uab.cat\/iulialibica\/wp-json\/wp\/v2\/media?parent=74"}],"curies":[{"name":"wp","href":"https:\/\/api.w.org\/{rel}","templated":true}]}}