{"id":740,"date":"2024-04-28T10:03:27","date_gmt":"2024-04-28T08:03:27","guid":{"rendered":"https:\/\/webs.uab.cat\/iulialibica\/?page_id=740"},"modified":"2024-04-28T10:19:29","modified_gmt":"2024-04-28T08:19:29","slug":"colomines-a-2023","status":"publish","type":"page","link":"https:\/\/webs.uab.cat\/iulialibica\/colomines-a-2023\/","title":{"rendered":"Colomines A &#8211; 2023"},"content":{"rendered":"\n<p>Durant la campanya del 2023 s\u2019ha volgut excavar en extensi\u00f3 el testimoni de terra que quedava, per on passaven antigament els serveis d\u2019electricitat i gas. S\u2019ha comen\u00e7at per estrats moderns que cobrien els tres \u00e0mbits diferenciats: Q1 (habitaci\u00f3 superior), Q2 (corredor porticat) i Q3 (espai de pla\u00e7a per sota del f\u00f2rum). Inicialment els nostres esfor\u00e7os s\u2019han centrat en els \u00e0mbits Q2 i Q3, que permetien f\u00e0cilment connectar la part central del f\u00f2rum amb la part oriental ja excavada.<\/p>\n\n\n\n<p>Despr\u00e9s d\u2019una primera fase d\u2019excavacions al f\u00f2rum de Ll\u00edvia entre els mesos d\u2019abril i maig del 2023, a on s\u2019ha pogut rebaixar tota la zona alliberada dels serveis d\u2019aigua, gas i electricitat, ara estem en un moment adequat per connectar totes les estratigrafies del f\u00f2rum. Un gran estrat de Nord a Sud (UE 750) que estava per sota els serveis alliberats permet relacionar els diversos \u00e0mbits i habitacions de la part superior, com es pot veure en la figura 1.<\/p>\n\n\n\n<figure class=\"wp-block-image size-full\"><img loading=\"lazy\" decoding=\"async\" width=\"1000\" height=\"562\" src=\"https:\/\/webs.uab.cat\/iulialibica\/wp-content\/uploads\/sites\/91\/2024\/04\/foto_1.jpg\" alt=\"\" class=\"wp-image-743\" srcset=\"https:\/\/webs.uab.cat\/iulialibica\/wp-content\/uploads\/sites\/91\/2024\/04\/foto_1.jpg 1000w, https:\/\/webs.uab.cat\/iulialibica\/wp-content\/uploads\/sites\/91\/2024\/04\/foto_1-300x169.jpg 300w, https:\/\/webs.uab.cat\/iulialibica\/wp-content\/uploads\/sites\/91\/2024\/04\/foto_1-768x432.jpg 768w\" sizes=\"auto, (max-width: 1000px) 100vw, 1000px\" \/><\/figure>\n\n\n\n<p>Figura. 1: Pres\u00e8ncia d\u2019un estrat modern (UE 750) que connecta l\u2019extrem<\/p>\n\n\n\n<p><strong>Nord i Sud del f\u00f2rum i els 3 \u00e0mbits<\/strong><\/p>\n\n\n\n<p>Les nostres actuacions s\u2019han centrat en els \u00e0mbits Q2 i Q3 des d\u2019abril i maig fins l\u2019octubre, per tal de connectar els murs del podi i delimitar les diverses habitacions. Tamb\u00e9 s\u2019ha descobert el que quedava del mur d\u2019opus spicatum datat en la tercera fase del f\u00f2rum (segle V dC) i que ens ha proporcionat novament alguns restes escult\u00f2rics, sobretot d\u2019extremitats, que haurem de relacionar amb tota la resta de marbres que ja disposem (veure figura 2).<\/p>\n\n\n\n<figure class=\"wp-block-image size-full\"><img loading=\"lazy\" decoding=\"async\" width=\"1024\" height=\"576\" src=\"https:\/\/webs.uab.cat\/iulialibica\/wp-content\/uploads\/sites\/91\/2024\/04\/foto_2.jpg\" alt=\"\" class=\"wp-image-745\" srcset=\"https:\/\/webs.uab.cat\/iulialibica\/wp-content\/uploads\/sites\/91\/2024\/04\/foto_2.jpg 1024w, https:\/\/webs.uab.cat\/iulialibica\/wp-content\/uploads\/sites\/91\/2024\/04\/foto_2-300x169.jpg 300w, https:\/\/webs.uab.cat\/iulialibica\/wp-content\/uploads\/sites\/91\/2024\/04\/foto_2-768x432.jpg 768w\" sizes=\"auto, (max-width: 1024px) 100vw, 1024px\" \/><\/figure>\n\n\n\n<p>Figura 2: Fragments de marbres trobats en el mur d\u2019opus spicatum tardoantic, i mostren restes d\u2019extremitats d\u2019escultures<\/p>\n\n\n\n<p>Aquest mur tardoantic segueix la mateixa orientaci\u00f3 que ja ten\u00edem, per\u00f2 desapareix en un punt, que imaginem seria una porta d\u2019acc\u00e9s a les habitacions superiors (veure figura 3). Aix\u00f2 vol dir que el possible acc\u00e9s, que s\u2019havia localitzat en les campanyes preventives del 1998 al 2002, no \u00e9s el correcte, i si el nou acc\u00e9s. Tamb\u00e9 coincideix, que aquesta possible porta del mur d\u2019opus spicatum estaria a la mateixa al\u00e7ada que l\u2019acc\u00e9s entre el Q2 i el Q1, a on hi ha una porta altimperial que es tapiada en un moment posterior.<\/p>\n\n\n\n<p>En aquest espai del Q2, es documenten diversos estrats tardoantics i un molt clar de preparaci\u00f3 del nivell d\u2019\u00fas fet amb terra i pedra de pissarra (segle V dC). El nivell d\u2019\u00fas superior \u00e9s de tan s\u00f2ls terra m\u00e9s apiconada i anivellada. &nbsp;En el cas del Q2 tamb\u00e9 s\u2019han estat rebaixant els estrats de rebliment tardoantics, d\u2019on s\u2019ha recuperat una s\u00edliqua de plata de Constanci II (337-361 dC)(UE 824) i un fragment de marbre amb uns dits del peu. S\u2019ha arribat a nivells de la segona fase (finals II dC-principis del III dC).<\/p>\n\n\n\n<figure class=\"wp-block-image size-full is-resized\"><img loading=\"lazy\" decoding=\"async\" width=\"666\" height=\"1000\" src=\"https:\/\/webs.uab.cat\/iulialibica\/wp-content\/uploads\/sites\/91\/2024\/04\/foto_3.jpg\" alt=\"\" class=\"wp-image-746\" style=\"width:496px;height:auto\" srcset=\"https:\/\/webs.uab.cat\/iulialibica\/wp-content\/uploads\/sites\/91\/2024\/04\/foto_3.jpg 666w, https:\/\/webs.uab.cat\/iulialibica\/wp-content\/uploads\/sites\/91\/2024\/04\/foto_3-200x300.jpg 200w\" sizes=\"auto, (max-width: 666px) 100vw, 666px\" \/><\/figure>\n\n\n\n<p>Figura 3: Un dels murs del podi, parcialment espoliat, per\u00f2 que connecta amb els murs orientals<\/p>\n\n\n\n<p>Pel que fa al mur nord que comunica amb l\u2019habitaci\u00f3 2, sabem que es tapia la porta en un moment que encara resulta dif\u00edcil de precisar, per\u00f2 sembla que sigui la fase 3 (V-VII dC). La figura 4 il\u00b7lustra l\u2019estat del Q2 al setembre de 2023, a on es veu la resta del mur d\u2019opus spicatum, i sobretot el mur nord que comunica el Q2 i Q1. L\u2019excavaci\u00f3 del tapiat de la porta el deixem fins que en el Q1 s\u2019arribin als mateixos estrats i es pugui fer una visi\u00f3 de tot el conjunt.<\/p>\n\n\n\n<figure class=\"wp-block-image size-full\"><img loading=\"lazy\" decoding=\"async\" width=\"960\" height=\"540\" src=\"https:\/\/webs.uab.cat\/iulialibica\/wp-content\/uploads\/sites\/91\/2024\/04\/foto_4.jpg\" alt=\"\" class=\"wp-image-747\" srcset=\"https:\/\/webs.uab.cat\/iulialibica\/wp-content\/uploads\/sites\/91\/2024\/04\/foto_4.jpg 960w, https:\/\/webs.uab.cat\/iulialibica\/wp-content\/uploads\/sites\/91\/2024\/04\/foto_4-300x169.jpg 300w, https:\/\/webs.uab.cat\/iulialibica\/wp-content\/uploads\/sites\/91\/2024\/04\/foto_4-768x432.jpg 768w\" sizes=\"auto, (max-width: 960px) 100vw, 960px\" \/><figcaption class=\"wp-element-caption\">Figura 4: Visi\u00f3 de la Q2 amb el mur superior a on es troba la porta a l\u2019habitaci\u00f3<\/figcaption><\/figure>\n\n\n\n<p>Per tant, a final de campanya s\u2019han deixat alguns estrats per excavar en el Q2 i que lligarien amb la zona del Q1 i la gran habitaci\u00f3. A nivell cronol\u00f2gic ens hem quedat en la segona fase, molt a prop del nivell d\u2019\u00fas que havien reconegut en campanyes anteriors. Encara que resten estrats per excavar, s\u2019ha decidit de posar graves vermelles en aquest sector, per tal de preservar-lo i facilitar la comprensi\u00f3 per part dels visitants (veure figura 5).<\/p>\n\n\n\n<p>Aquest any, s\u2019ha duplicat l\u2019extensi\u00f3 de les graves tant a l\u2019espia de les habitacions superiors com a la pla\u00e7a del f\u00f2rum, duplicant per 2 l\u2019espai visible pels visitants. Hi ha una voluntat expressa de comen\u00e7ar a condicionar el f\u00f2rum per usos posteriors, i que mentre estem completant l\u2019excavaci\u00f3 del qu\u00e8 resta, puguin gaudir de les estructures ja excavades.<\/p>\n\n\n\n<p>Malgrat que alguns espais quedin coberts per les graves, el proper any les retirarem provisionalment per completar l\u2019excavaci\u00f3 del que resta en el Q2 i Q3.<\/p>\n\n\n\n<figure class=\"wp-block-image size-large\"><img loading=\"lazy\" decoding=\"async\" width=\"1024\" height=\"768\" src=\"https:\/\/webs.uab.cat\/iulialibica\/wp-content\/uploads\/sites\/91\/2024\/04\/foto_5-1024x768.jpg\" alt=\"\" class=\"wp-image-748\" srcset=\"https:\/\/webs.uab.cat\/iulialibica\/wp-content\/uploads\/sites\/91\/2024\/04\/foto_5-1024x768.jpg 1024w, https:\/\/webs.uab.cat\/iulialibica\/wp-content\/uploads\/sites\/91\/2024\/04\/foto_5-300x225.jpg 300w, https:\/\/webs.uab.cat\/iulialibica\/wp-content\/uploads\/sites\/91\/2024\/04\/foto_5-768x576.jpg 768w, https:\/\/webs.uab.cat\/iulialibica\/wp-content\/uploads\/sites\/91\/2024\/04\/foto_5-1536x1152.jpg 1536w, https:\/\/webs.uab.cat\/iulialibica\/wp-content\/uploads\/sites\/91\/2024\/04\/foto_5-1200x900.jpg 1200w, https:\/\/webs.uab.cat\/iulialibica\/wp-content\/uploads\/sites\/91\/2024\/04\/foto_5-1980x1485.jpg 1980w, https:\/\/webs.uab.cat\/iulialibica\/wp-content\/uploads\/sites\/91\/2024\/04\/foto_5.jpg 2048w\" sizes=\"auto, (max-width: 1024px) 100vw, 1024px\" \/><\/figure>\n\n\n\n<p>Figura 5: Graves vermelles cobrint la Q2 al final de la campanya<\/p>\n\n\n\n<p>L\u2019altre intervenci\u00f3 important i que ens ha donat resultats destacats \u00e9s l\u2019excavaci\u00f3 del Q3, o sigui l\u2019espai al sud del p\u00f2dium que ocupava la pla\u00e7a del f\u00f2rum. Un dels temes que s\u2019havia d\u2019acabar de concretar eren les suposades escales laterals del temple. Aquest era un dels interessos de la campanya 2023, per tal de con\u00e8ixer com es fa l\u2019acc\u00e9s des de la cota de la pla\u00e7a primig\u00e8nia fins a la plataforma que connecta el corredor porticat i la pronaos del temple.<\/p>\n\n\n\n<p>De fet, despr\u00e9s d\u2019anar rebaixant estrats adossats a la plataforma i el p\u00f2dium, no s\u2019han pogut trobar estructures que poguessin representar els esglaons de les escales, i hores d\u2019ara no hi ha espai per situar cap estructura s\u00f2lida de pedra que pugui superar aquesta al\u00e7ada. Aix\u00f2 si, s\u2019ha torbat for\u00e7a material, restes d\u2019estuc pintat i una estructura d\u2019estuc que ens va fer pensar inicialment en les escales (veure figura 6), per\u00f2 ara sabem que no \u00e9s aix\u00ed.<\/p>\n\n\n\n<figure class=\"wp-block-image size-large\"><img loading=\"lazy\" decoding=\"async\" width=\"1024\" height=\"683\" src=\"https:\/\/webs.uab.cat\/iulialibica\/wp-content\/uploads\/sites\/91\/2024\/04\/foto_6-1024x683.jpg\" alt=\"\" class=\"wp-image-749\" srcset=\"https:\/\/webs.uab.cat\/iulialibica\/wp-content\/uploads\/sites\/91\/2024\/04\/foto_6-1024x683.jpg 1024w, https:\/\/webs.uab.cat\/iulialibica\/wp-content\/uploads\/sites\/91\/2024\/04\/foto_6-300x200.jpg 300w, https:\/\/webs.uab.cat\/iulialibica\/wp-content\/uploads\/sites\/91\/2024\/04\/foto_6-768x512.jpg 768w, https:\/\/webs.uab.cat\/iulialibica\/wp-content\/uploads\/sites\/91\/2024\/04\/foto_6-1200x800.jpg 1200w, https:\/\/webs.uab.cat\/iulialibica\/wp-content\/uploads\/sites\/91\/2024\/04\/foto_6.jpg 1500w\" sizes=\"auto, (max-width: 1024px) 100vw, 1024px\" \/><\/figure>\n\n\n\n<p>Figura 6: Restes d\u2019estuc d\u2019una possible estructura adossada a la plataforma<\/p>\n\n\n\n<figure class=\"wp-block-image size-full\"><img loading=\"lazy\" decoding=\"async\" width=\"1000\" height=\"563\" src=\"https:\/\/webs.uab.cat\/iulialibica\/wp-content\/uploads\/sites\/91\/2024\/04\/foto_7.jpg\" alt=\"\" class=\"wp-image-750\" srcset=\"https:\/\/webs.uab.cat\/iulialibica\/wp-content\/uploads\/sites\/91\/2024\/04\/foto_7.jpg 1000w, https:\/\/webs.uab.cat\/iulialibica\/wp-content\/uploads\/sites\/91\/2024\/04\/foto_7-300x169.jpg 300w, https:\/\/webs.uab.cat\/iulialibica\/wp-content\/uploads\/sites\/91\/2024\/04\/foto_7-768x432.jpg 768w\" sizes=\"auto, (max-width: 1000px) 100vw, 1000px\" \/><\/figure>\n\n\n\n<p>Figura 7: Espai de la Q3 amb la plataforma que connecta la pronaos del temple i el podi<\/p>\n\n\n\n<p>Si b\u00e9 encara disposem de la plataforma de la zona occidental, per tal de veure si realment hi ha escales laterals, hores d\u2019ara ens plantegem que potser no hi havia una acc\u00e9s directe des de la pla\u00e7a a la pronaos, sin\u00f3 que els sacerdots havien de passar per la zona porxo i la zona porticada fina arribar a la plataforma i la pronaos. Esperem esbrinar-lo en properes campanyes.<\/p>\n\n\n\n<p>Potser un dels espais m\u00e9s gratificants a nivell estratigr\u00e0fic i de materials \u00e9s l\u2019espai de la pla\u00e7a del f\u00f2rum. Inicialment es creia que ja en la fase 2, s\u2019havia acolmatat tota la pla\u00e7a amb terra i materials, per\u00f2 ara tot sembla m\u00e9s complicat. A l\u2019espera de confirmar-lo amb l\u2019estudi dels materials de cada estrat, que el major rebliment fins a qu\u00e8 la pla\u00e7a tingu\u00e9s la mateixa cota que el p\u00f2dium, es realitza en la fase 3 del segle V dC. Al menys, algunes cer\u00e0miques (olles redu\u00efdes de grans dimensions i TSA Clara) semblen situar-nos en aquest moment.<\/p>\n\n\n\n<p>D\u2019altra banda, hi ha un nivell d\u2019incendi a la part inferior que es podria associar al nivell rubrefactat de la Q2, que t\u00e9 materials de segle I dC \u2013 sigil\u00b7lades, marmorates i monedes republicanes i del segle I dC (dentat republic\u00e0 de J.C\u00e8sar, denari de Q.Pompeius Rufus i moneda de Claudi) \u2013 per sobre del qual es posar\u00e0 un nivell aixecat de la pla\u00e7a. Degut a la cronologia dels materials (encara pendents de classificar) situaria un incendi en la primera fase que suposaria una remodelaci\u00f3 del f\u00f2rum i aixecament de la pla\u00e7a, en aquesta mateixa fase I. potser a finals del I dC o principis del II dC.<\/p>\n\n\n\n<p>Donada la import\u00e0ncia de l\u2019estratigrafia que rebleix la pla\u00e7a del f\u00f2rum per establir la seva evoluci\u00f3 al llarg del temps, farem C14 a una mostra d\u2019ossos de fauna que disposem de cada estrat. D\u2019aquesta manera tindrem una dataci\u00f3 paral\u00b7lela a la que proporciona la cer\u00e0mica i les monedes i veurem la validesa de les nostres hip\u00f2tesis.<\/p>\n\n\n\n<p>Per \u00faltim, hem aconseguit arribar al nivell d\u2019\u00fas de la pla\u00e7a \u2013 o sigui al nivell original de la fase 1, ja que s\u2019ha trobat en una superf\u00edcie de graves amb la seva preparaci\u00f3 que es neteja f\u00e0cilment, i que per ara no t\u00e9 cap signe d\u2019estar empedrat. Aquesta nivell d\u2019\u00fas de la pla\u00e7a en \u00e8poca fundacional del f\u00f2rum (augusteu) ens permetr\u00e0 ara relacionar les cotes tots els elements arquitect\u00f2nics del f\u00f2rum (portes, p\u00f2dium, pronaos, temple, habitacions, porticat). Aix\u00f2 tamb\u00e9 ens permetr\u00e0 entendre detalls b\u00e0sics com la recollida d\u2019aig\u00fces i la seva evacuaci\u00f3.<\/p>\n\n\n\n<p>Deixem pel final l\u2019\u00e0mbit 1 (Q1) en el qual quasi no s\u2019ha intervingut en la primavera, per\u00f2 si a l\u2019estiu si b\u00e9 no al nivell del Q2 i Q3. \u00c9s un \u00e0mbit rellevant que t\u00e9 diverses \u00e0rees d\u2019actuaci\u00f3, si b\u00e9 ens hem concentrar en la terra del testimoni dels cables el\u00e8ctrics. Aquest \u00e0mbit permet veure com es relacionen les dues habitacions de la part septentrional, tant la que toca al mur oriental del temple com l\u2019anomenada habitaci\u00f3 2, que ara ha agafat unes dimensions diferents, i per tant una funci\u00f3 m\u00e9s important de la que es preveia inicialment.<\/p>\n\n\n\n<figure class=\"wp-block-image size-full\"><img loading=\"lazy\" decoding=\"async\" width=\"709\" height=\"472\" src=\"https:\/\/webs.uab.cat\/iulialibica\/wp-content\/uploads\/sites\/91\/2024\/04\/foto_8.jpg\" alt=\"\" class=\"wp-image-751\" srcset=\"https:\/\/webs.uab.cat\/iulialibica\/wp-content\/uploads\/sites\/91\/2024\/04\/foto_8.jpg 709w, https:\/\/webs.uab.cat\/iulialibica\/wp-content\/uploads\/sites\/91\/2024\/04\/foto_8-300x200.jpg 300w\" sizes=\"auto, (max-width: 709px) 100vw, 709px\" \/><\/figure>\n\n\n\n<p>Figura 8: Perfil dels estrats tardonantics de la Q1<\/p>\n\n\n\n<p>El Q1 que \u00e9s l\u2019\u00e0mbit nord que limita amb el mur septentrional del f\u00f2rum \u00e9s el que m\u00e9s estratigrafia presenta. Comen\u00e7a amb un estrat tardonantic que cobreix els tres \u00e0mbits de nord a sud, i ens permet connectar totes les estratigrafies. L\u2019estrat t\u00e9 una gran pot\u00e8ncia i es completa amb d\u2019altres que segurament s\u00f3n esllavissades produ\u00efdes per la pr\u00f2pia pendent de la part baixa de la muntanya. En la part surt de sector, es troba el mur de tancament de l\u2019\u00e0mbit, i connecta amb el sector Q2. En aquesta part del mur sembla possible l\u2019exist\u00e8ncia d\u2019una porta delimitada per granits, destru\u00efts en \u00e8poca tarrdoantiga. El mur no est\u00e0 completament excavat, per la qual cosa sembla una hip\u00f2tesi plausible que s\u2019ha de confirmar. Sigui com sigui, aquesta habitaci\u00f3 2 esdev\u00e9 ara l\u2019espai m\u00e9s gran conegut al f\u00f2rum, i potser amb una funci\u00f3 de curia o sala de reuni\u00f3, que posteriorment es compartimenta.<\/p>\n\n\n\n<p>S\u2019ha acabat la campanya del 2023 amb els nivells tardoanticsque cobrien el mur que delimita el Q1 i Q2, o sigui que la propera campanya es descobrir\u00e0 aquesta part i el tapiat de la porta d\u2019acc\u00e9s entre aquests espais.<\/p>\n\n\n\n<p>La campanya de Iulia Libica ha finalitzat el mes d\u2019octubre, i tal com d\u00e8iem, a l\u2019acabar la campanya s\u2019han cobert amb graves els espais de la Q2 i Q3, que quasi estan exhaurits arqueol\u00f2gicament. Les seg\u00fcents imatges mostren l\u2019evoluci\u00f3 des de final de campanya fins al moment de posar les graves.<\/p>\n\n\n\n<figure class=\"wp-block-image size-large\"><img loading=\"lazy\" decoding=\"async\" width=\"1024\" height=\"576\" src=\"https:\/\/webs.uab.cat\/iulialibica\/wp-content\/uploads\/sites\/91\/2024\/04\/foto_9-1024x576.jpg\" alt=\"\" class=\"wp-image-752\" srcset=\"https:\/\/webs.uab.cat\/iulialibica\/wp-content\/uploads\/sites\/91\/2024\/04\/foto_9-1024x576.jpg 1024w, https:\/\/webs.uab.cat\/iulialibica\/wp-content\/uploads\/sites\/91\/2024\/04\/foto_9-300x169.jpg 300w, https:\/\/webs.uab.cat\/iulialibica\/wp-content\/uploads\/sites\/91\/2024\/04\/foto_9-768x432.jpg 768w, https:\/\/webs.uab.cat\/iulialibica\/wp-content\/uploads\/sites\/91\/2024\/04\/foto_9-1536x864.jpg 1536w, https:\/\/webs.uab.cat\/iulialibica\/wp-content\/uploads\/sites\/91\/2024\/04\/foto_9-2048x1152.jpg 2048w, https:\/\/webs.uab.cat\/iulialibica\/wp-content\/uploads\/sites\/91\/2024\/04\/foto_9-1200x675.jpg 1200w, https:\/\/webs.uab.cat\/iulialibica\/wp-content\/uploads\/sites\/91\/2024\/04\/foto_9-1980x1114.jpg 1980w\" sizes=\"auto, (max-width: 1024px) 100vw, 1024px\" \/><\/figure>\n\n\n\n<p>Figura 9: Final de campanya de la Q2 i Q3<\/p>\n\n\n\n<p><\/p>\n","protected":false},"excerpt":{"rendered":"<p>Durant la campanya del 2023 s\u2019ha volgut excavar en extensi\u00f3 el testimoni de terra que quedava, per on passaven antigament els serveis d\u2019electricitat i gas. S\u2019ha comen\u00e7at per estrats moderns que cobrien els tres \u00e0mbits diferenciats: Q1 (habitaci\u00f3 superior), Q2 (corredor porticat) i Q3 (espai de pla\u00e7a per sota del f\u00f2rum). Inicialment els nostres esfor\u00e7os [&hellip;]<\/p>\n","protected":false},"author":70,"featured_media":0,"parent":0,"menu_order":0,"comment_status":"closed","ping_status":"closed","template":"","meta":{"footnotes":""},"class_list":["post-740","page","type-page","status-publish","hentry"],"_links":{"self":[{"href":"https:\/\/webs.uab.cat\/iulialibica\/wp-json\/wp\/v2\/pages\/740","targetHints":{"allow":["GET"]}}],"collection":[{"href":"https:\/\/webs.uab.cat\/iulialibica\/wp-json\/wp\/v2\/pages"}],"about":[{"href":"https:\/\/webs.uab.cat\/iulialibica\/wp-json\/wp\/v2\/types\/page"}],"author":[{"embeddable":true,"href":"https:\/\/webs.uab.cat\/iulialibica\/wp-json\/wp\/v2\/users\/70"}],"replies":[{"embeddable":true,"href":"https:\/\/webs.uab.cat\/iulialibica\/wp-json\/wp\/v2\/comments?post=740"}],"version-history":[{"count":3,"href":"https:\/\/webs.uab.cat\/iulialibica\/wp-json\/wp\/v2\/pages\/740\/revisions"}],"predecessor-version":[{"id":753,"href":"https:\/\/webs.uab.cat\/iulialibica\/wp-json\/wp\/v2\/pages\/740\/revisions\/753"}],"wp:attachment":[{"href":"https:\/\/webs.uab.cat\/iulialibica\/wp-json\/wp\/v2\/media?parent=740"}],"curies":[{"name":"wp","href":"https:\/\/api.w.org\/{rel}","templated":true}]}}