{"id":17,"date":"2011-07-26T02:10:50","date_gmt":"2011-07-26T02:10:50","guid":{"rendered":"https:\/\/webs.uab.cat\/javierasensio\/javier-asensio\/"},"modified":"2026-02-26T17:46:32","modified_gmt":"2026-02-26T17:46:32","slug":"javier-asensio","status":"publish","type":"page","link":"https:\/\/webs.uab.cat\/javierasensio\/","title":{"rendered":"Javier Asensio"},"content":{"rendered":"\n<p>Departament d&#8217;Economia Aplicada<br>Edifici B, Facultat Economia i Empresa<br>Universitat Aut\u00f2noma de Barcelona<br>E-08193 Bellaterra (Cerdanyola del Vall\u00e8s)<br>Barcelona<\/p>\n\n\n\n<p>Tel (+34) 93 581 2290<br>Fax (+34) 93 581 2292<br>javier.asensio (at) uab.es<\/p>\n\n\n\n<p><strong>Horario tutor\u00edas\/Office hours:<\/strong><br>Despacho\/Office B3-0106.<br>Mi\u00e9rcoles\/Wednesday 14:30-17:30<\/p>\n\n\n\n<p><a href=\"https:\/\/webs.uab.cat\/javierasensio\/wp-content\/uploads\/sites\/102\/2017\/06\/cv_javier_asensio_may_2017.docx\" data-type=\"attachment\" data-id=\"18\">Curriculum vitae<\/a><\/p>\n\n\n\n<p><strong>Miembro de \/ Affiliated to<\/strong>:<br><a href=\"http:\/\/www.city.ac.uk\/social-sciences\/economics\/research\/centre-for-competition-and-regulatory-policy\/members\">Centre for Competition &amp; Regulatory Policy<\/a><br><a href=\"http:\/\/www.ieb.ub.edu\/99-javier-asensio#.UOtSeuTQSRU\" target=\"_blank\" rel=\"noopener\">Institut d&#8217;Economia de Barcelona<\/a> (IEB)<br>Grup d&#8217;An\u00e0lisi Econ\u00f2mica Aplicada (GEAP)<\/p>\n\n\n\n<p><strong>Links:<\/strong><br><a href=\"http:\/\/scholar.google.com\/citations?hl=en&amp;user=VA-f5e4AAAAJ\">GoogleScholar<\/a><br><a href=\"http:\/\/ideas.repec.org\/e\/pas23.html\" target=\"_blank\" rel=\"noopener\">Ideas(Repec)<\/a><\/p>\n","protected":false},"excerpt":{"rendered":"<p>Departament d&#8217;Economia AplicadaEdifici B, Facultat Economia i EmpresaUniversitat Aut\u00f2noma de BarcelonaE-08193 Bellaterra (Cerdanyola del Vall\u00e8s)Barcelona Tel (+34) 93 581 2290Fax (+34) 93 581 2292javier.asensio (at) uab.es Horario tutor\u00edas\/Office hours:Despacho\/Office B3-0106.Mi\u00e9rcoles\/Wednesday 14:30-17:30 Curriculum vitae Miembro de \/ Affiliated to:Centre for Competition &amp; Regulatory PolicyInstitut d&#8217;Economia de Barcelona (IEB)Grup d&#8217;An\u00e0lisi Econ\u00f2mica Aplicada (GEAP) Links:GoogleScholarIdeas(Repec)<\/p>\n","protected":false},"author":20,"featured_media":0,"parent":0,"menu_order":0,"comment_status":"closed","ping_status":"closed","template":"","meta":{"footnotes":""},"class_list":["post-17","page","type-page","status-publish","hentry"],"_links":{"self":[{"href":"https:\/\/webs.uab.cat\/javierasensio\/wp-json\/wp\/v2\/pages\/17","targetHints":{"allow":["GET"]}}],"collection":[{"href":"https:\/\/webs.uab.cat\/javierasensio\/wp-json\/wp\/v2\/pages"}],"about":[{"href":"https:\/\/webs.uab.cat\/javierasensio\/wp-json\/wp\/v2\/types\/page"}],"author":[{"embeddable":true,"href":"https:\/\/webs.uab.cat\/javierasensio\/wp-json\/wp\/v2\/users\/20"}],"replies":[{"embeddable":true,"href":"https:\/\/webs.uab.cat\/javierasensio\/wp-json\/wp\/v2\/comments?post=17"}],"version-history":[{"count":4,"href":"https:\/\/webs.uab.cat\/javierasensio\/wp-json\/wp\/v2\/pages\/17\/revisions"}],"predecessor-version":[{"id":54,"href":"https:\/\/webs.uab.cat\/javierasensio\/wp-json\/wp\/v2\/pages\/17\/revisions\/54"}],"wp:attachment":[{"href":"https:\/\/webs.uab.cat\/javierasensio\/wp-json\/wp\/v2\/media?parent=17"}],"curies":[{"name":"wp","href":"https:\/\/api.w.org\/{rel}","templated":true}]}}