{"id":140,"date":"2013-04-04T00:29:17","date_gmt":"2013-04-04T00:29:17","guid":{"rendered":"https:\/\/webs.uab.cat\/joaquinbeltran\/diaspora-china-0\/"},"modified":"2025-03-04T18:34:32","modified_gmt":"2025-03-04T18:34:32","slug":"diaspora-china-0","status":"publish","type":"page","link":"https:\/\/webs.uab.cat\/joaquinbeltran\/diaspora-china-0\/","title":{"rendered":"Di\u00e1spora china"},"content":{"rendered":"\n<div class=\"wp-block-media-text is-stacked-on-mobile\" style=\"grid-template-columns:20% auto\"><figure class=\"wp-block-media-text__media\"><img loading=\"lazy\" decoding=\"async\" width=\"305\" height=\"466\" src=\"https:\/\/webs.uab.cat\/joaquinbeltran\/wp-content\/uploads\/sites\/111\/2025\/02\/Handbook-of-chinese-Migration-to-Europe-Brill.jpg\" alt=\"(2025) How Many Chinese are Living in Europe A Demographic (De)Construction\" class=\"wp-image-840 size-full\" srcset=\"https:\/\/webs.uab.cat\/joaquinbeltran\/wp-content\/uploads\/sites\/111\/2025\/02\/Handbook-of-chinese-Migration-to-Europe-Brill.jpg 305w, https:\/\/webs.uab.cat\/joaquinbeltran\/wp-content\/uploads\/sites\/111\/2025\/02\/Handbook-of-chinese-Migration-to-Europe-Brill-196x300.jpg 196w\" sizes=\"auto, (max-width: 305px) 100vw, 305px\" \/><\/figure><div class=\"wp-block-media-text__content\">\n<p>(2025) <a href=\"https:\/\/brill.com\/display\/book\/9789004712140\/BP000012.xml\">How Many Chinese are Living in Europe? A Demographic (De)Construction<\/a>, en Mette Thun\u00f8, Wang Simeng, Emilie Tran Sautede and Yu-chin Tseng eds.,\u00a0<a href=\"https:\/\/brill.com\/display\/title\/63002\"><em>Handbook of Chinese Migration to Europe<\/em>.<\/a>\u00a0Brill Publishers, Leiden, pp. 31-67. ISBN: 9789004519305.\u00a0<a href=\"https:\/\/brill.com\/display\/book\/9789004712140\/BP000012.xml\">https:\/\/doi.org\/10.1163\/9789004712140_003<\/a><\/p>\n<\/div><\/div>\n\n\n\n<div class=\"wp-block-media-text is-stacked-on-mobile\" style=\"grid-template-columns:20% auto\"><figure class=\"wp-block-media-text__media\"><img loading=\"lazy\" decoding=\"async\" width=\"221\" height=\"350\" src=\"https:\/\/webs.uab.cat\/joaquinbeltran\/wp-content\/uploads\/sites\/111\/2013\/04\/9788472908758.jpg\" alt=\"(2018) &quot;Sinidad global. Ra\u00edces y nuevos brotes de la poblaci\u00f3n china en Latinoam\u00e9rica y Espa\u00f1a&quot;\" class=\"wp-image-139 size-full\" srcset=\"https:\/\/webs.uab.cat\/joaquinbeltran\/wp-content\/uploads\/sites\/111\/2013\/04\/9788472908758.jpg 221w, https:\/\/webs.uab.cat\/joaquinbeltran\/wp-content\/uploads\/sites\/111\/2013\/04\/9788472908758-189x300.jpg 189w\" sizes=\"auto, (max-width: 221px) 100vw, 221px\" \/><\/figure><div class=\"wp-block-media-text__content\">\n<p>(2018) \u201c<a href=\"https:\/\/ddd.uab.cat\/pub\/caplli\/2018\/302639\/Beltran_2018_Sinidad_global.pdf\">Sinidad global. Ra\u00edces y nuevos brotes de la poblaci\u00f3n china en Latinoam\u00e9rica y Espa\u00f1<\/a>a\u201d, en Xu Shicheng y Eduardo Daniel Oviedo, eds.,&nbsp;<a href=\"https:\/\/www.bellaterra.coop\/es\/libros\/foro-internacional-sobre-confucianismo\"><em>Foro Internacional sobre Confucianismo. I Simposio Internacional en Lima sobre Di\u00e1logo entre las Civilizaciones de China y Am\u00e9rica Latina<\/em><\/a>. Edicions Bellaterra, Barcelona, pp. 303-326. ISBN: 9788472908758<\/p>\n<\/div><\/div>\n\n\n\n<div class=\"wp-block-media-text is-stacked-on-mobile\" style=\"grid-template-columns:20% auto\"><figure class=\"wp-block-media-text__media\"><img loading=\"lazy\" decoding=\"async\" width=\"553\" height=\"866\" src=\"https:\/\/webs.uab.cat\/joaquinbeltran\/wp-content\/uploads\/sites\/111\/2016\/06\/REPRESENTACIONES-DE-CHINA96.jpg\" alt=\"REPRESENTACIONES DE CHINA96\" class=\"wp-image-623 size-full\" srcset=\"https:\/\/webs.uab.cat\/joaquinbeltran\/wp-content\/uploads\/sites\/111\/2016\/06\/REPRESENTACIONES-DE-CHINA96.jpg 553w, https:\/\/webs.uab.cat\/joaquinbeltran\/wp-content\/uploads\/sites\/111\/2016\/06\/REPRESENTACIONES-DE-CHINA96-192x300.jpg 192w\" sizes=\"auto, (max-width: 553px) 100vw, 553px\" \/><\/figure><div class=\"wp-block-media-text__content\">\n<p>(2016) \u201c<a href=\"https:\/\/ddd.uab.cat\/pub\/caplli\/2016\/8c9d862ab8d5\/Beltran_2016_China_en_Espa_a.pdf\">China en Espa\u00f1a: un tropo polivalente<\/a>\u201d, en Joaqu\u00edn Beltr\u00e1n, Francisco Haro y Amelia S\u00e1iz, eds.,&nbsp;<a href=\"https:\/\/www.bellaterra.coop\/es\/libros\/representaciones-de-china-en-las-americas-y-la-peninsula-iberica\"><em>Representaciones de China en las Am\u00e9ricas y la Pen\u00ednsula Ib\u00e9rica<\/em>.<\/a>&nbsp;Edicions Bellaterra, Barcelona, pp. 101-124. ISBN: 978-84-7290-769-0<\/p>\n<\/div><\/div>\n\n\n\n<div class=\"wp-block-media-text is-stacked-on-mobile\" style=\"grid-template-columns:20% auto\"><figure class=\"wp-block-media-text__media\"><img loading=\"lazy\" decoding=\"async\" width=\"553\" height=\"866\" src=\"https:\/\/webs.uab.cat\/joaquinbeltran\/wp-content\/uploads\/sites\/111\/2016\/06\/REPRESENTACIONES-DE-CHINA96.jpg\" alt=\"REPRESENTACIONES DE CHINA96\" class=\"wp-image-623 size-full\" srcset=\"https:\/\/webs.uab.cat\/joaquinbeltran\/wp-content\/uploads\/sites\/111\/2016\/06\/REPRESENTACIONES-DE-CHINA96.jpg 553w, https:\/\/webs.uab.cat\/joaquinbeltran\/wp-content\/uploads\/sites\/111\/2016\/06\/REPRESENTACIONES-DE-CHINA96-192x300.jpg 192w\" sizes=\"auto, (max-width: 553px) 100vw, 553px\" \/><\/figure><div class=\"wp-block-media-text__content\">\n<p>(2016) y Francisco Haro Navejas y Amelia S\u00e1iz L\u00f3pez, \u201c<a href=\"https:\/\/ddd.uab.cat\/pub\/caplli\/2016\/5c7da55d0a7d\/Beltran_Haro_Saiz_Intro_REPRESENTACIONES.pdf\">Introducci\u00f3n<\/a>\u201d, en Joaqu\u00edn Beltr\u00e1n, Francisco Haro y Amelia S\u00e1iz, eds.,<a href=\"https:\/\/www.bellaterra.coop\/es\/libros\/representaciones-de-china-en-las-americas-y-la-peninsula-iberica\"><em>&nbsp;Representaciones de China en las Am\u00e9ricas y la Pen\u00ednsula Ib\u00e9rica<\/em><\/a>. Edicions Bellaterra, Barcelona, pp. 9-35. ISBN: 978-84-7290-769-0.<\/p>\n<\/div><\/div>\n\n\n\n<div class=\"wp-block-media-text is-stacked-on-mobile\" style=\"grid-template-columns:20% auto\"><figure class=\"wp-block-media-text__media\"><img loading=\"lazy\" decoding=\"async\" width=\"118\" height=\"167\" src=\"https:\/\/webs.uab.cat\/joaquinbeltran\/wp-content\/uploads\/sites\/111\/2013\/04\/temas125.jpg\" alt=\"Temas 125\" class=\"wp-image-533 size-full\" \/><\/figure><div class=\"wp-block-media-text__content\">\n<p>(2005) \u201c<a href=\"http:\/\/www.revistasculturales.com\/revistas\/99\/temas-para-el-debate\/num\/125\/\" target=\"_blank\" rel=\"noreferrer noopener\">La di\u00e1spora china<\/a>\u201c.&nbsp;<em>Temas para el debate<\/em>, n. 125, abril de 2005, pp. 45-47 (n\u00famero monogr\u00e1fico: China en el siglo XXI)<\/p>\n<\/div><\/div>\n\n\n\n<div class=\"wp-block-media-text is-stacked-on-mobile\" style=\"grid-template-columns:20% auto\"><figure class=\"wp-block-media-text__media\"><img loading=\"lazy\" decoding=\"async\" width=\"71\" height=\"100\" src=\"https:\/\/webs.uab.cat\/joaquinbeltran\/wp-content\/uploads\/sites\/111\/2013\/04\/presenciachinamundo.jpg\" alt=\"presenciachinamundo\" class=\"wp-image-578 size-full\" \/><\/figure><div class=\"wp-block-media-text__content\">\n<p>(2004)&nbsp;<strong>Joaqu\u00edn Beltr\u00e1n<\/strong>, coord., \u201cLa presencia china en el mundo\u201d. Fundaci\u00f3 per a la Universitat Oberta de Catalunya, Barcelona, 2004 (XP03\/97031\/02414). (Versi\u00f3n en catal\u00e1n) 2004 (XP03\/17031\/02375).<\/p>\n<\/div><\/div>\n\n\n\n<div class=\"wp-block-media-text is-stacked-on-mobile\" style=\"grid-template-columns:20% auto\"><figure class=\"wp-block-media-text__media\"><img loading=\"lazy\" decoding=\"async\" width=\"71\" height=\"100\" src=\"https:\/\/webs.uab.cat\/joaquinbeltran\/wp-content\/uploads\/sites\/111\/2013\/04\/limitesmundochino.jpg\" alt=\"limitesmundochino\" class=\"wp-image-580 size-full\" \/><\/figure><div class=\"wp-block-media-text__content\">\n<p>(2004) \u201cLos l\u00edmites del mundo chino. \u00bfHasta d\u00f3nde alcanza China?\u201d, en&nbsp;<strong>Joaqu\u00edn Beltr\u00e1n<\/strong>&nbsp;(coord.),&nbsp;<em>La presencia china en el mundo<\/em>. Fundaci\u00f3 per a la Universitat Oberta de Catalunya, Barcelona, 2004, 25 pp. (P03\/87031\/02415).<\/p>\n<\/div><\/div>\n\n\n\n<div class=\"wp-block-media-text is-stacked-on-mobile\" style=\"grid-template-columns:20% auto\"><figure class=\"wp-block-media-text__media\"><img loading=\"lazy\" decoding=\"async\" width=\"71\" height=\"100\" src=\"https:\/\/webs.uab.cat\/joaquinbeltran\/wp-content\/uploads\/sites\/111\/2013\/04\/diapsora1.jpg\" alt=\"diapsora1\" class=\"wp-image-582 size-full\" \/><\/figure><div class=\"wp-block-media-text__content\">\n<p>(2004) \u201cLa di\u00e1spora china (I) Historia y pol\u00edticas migratorias\u201d, en&nbsp;<strong>Joaqu\u00edn Beltr\u00e1n<\/strong>&nbsp;(coord.),&nbsp;<em>La presencia china en el mundo<\/em>. Fundaci\u00f3 per a la Universitat Oberta de Catalunya, Barcelona, 2004, 48 pp. (P03\/87031\/02418). (Versi\u00f3n en catal\u00e1n) 2004 (XP03\/17031\/02375: 02379) 46 pp.<\/p>\n<\/div><\/div>\n\n\n\n<div class=\"wp-block-media-text is-stacked-on-mobile\" style=\"grid-template-columns:20% auto\"><figure class=\"wp-block-media-text__media\"><img loading=\"lazy\" decoding=\"async\" width=\"71\" height=\"100\" src=\"https:\/\/webs.uab.cat\/joaquinbeltran\/wp-content\/uploads\/sites\/111\/2013\/04\/diaspora2.jpg\" alt=\"diaspora2\" class=\"wp-image-584 size-full\" \/><\/figure><div class=\"wp-block-media-text__content\">\n<p>(2004) \u201cLa di\u00e1spora china (II) Geograf\u00eda. Or\u00edgenes y distribuci\u00f3n\u201d, en&nbsp;<strong>Joaqu\u00edn Beltr\u00e1n<\/strong>&nbsp;(coord.),&nbsp;<em>La presencia china en el mundo<\/em>. Fundaci\u00f3 per a la Universitat Oberta de Catalunya, Barcelona, 2004, 66 pp. (P03\/87031\/02419). (Versi\u00f3n en catal\u00e1n) 2004 (XP03\/17031\/02375: 02380) 66 pp.<\/p>\n<\/div><\/div>\n\n\n\n<div class=\"wp-block-media-text is-stacked-on-mobile\" style=\"grid-template-columns:20% auto\"><figure class=\"wp-block-media-text__media\"><img loading=\"lazy\" decoding=\"async\" width=\"71\" height=\"100\" src=\"https:\/\/webs.uab.cat\/joaquinbeltran\/wp-content\/uploads\/sites\/111\/2013\/04\/diaspora3.jpg\" alt=\"diaspora3\" class=\"wp-image-586 size-full\" \/><\/figure><div class=\"wp-block-media-text__content\">\n<p>(2004) \u201cLa di\u00e1spora china (III) Organizaci\u00f3n social y actividades econ\u00f3micas\u201d, en&nbsp;<strong>Joaqu\u00edn Beltr\u00e1n<\/strong>&nbsp;(coord.),&nbsp;<em>La presencia china en el mundo<\/em>. Fundaci\u00f3 per a la Universitat Oberta de Catalunya, Barcelona, 2004, 34 pp. (P03\/87031\/02420). (Versi\u00f3n en catal\u00e1n) 2004 (XP03\/17031\/02375: 02381) 34 pp.<\/p>\n<\/div><\/div>\n\n\n\n<div class=\"wp-block-media-text is-stacked-on-mobile\" style=\"grid-template-columns:20% auto\"><figure class=\"wp-block-media-text__media\"><img loading=\"lazy\" decoding=\"async\" width=\"76\" height=\"100\" src=\"https:\/\/webs.uab.cat\/joaquinbeltran\/wp-content\/uploads\/sites\/111\/2013\/03\/la_xina_avui_memoria_large.jpg\" alt=\"la_xina_avui_memoria_large\" class=\"wp-image-462 size-full\" \/><\/figure><div class=\"wp-block-media-text__content\">\n<p>(2003) \u201c<a href=\"https:\/\/raco.cat\/index.php\/DCidob\/article\/view\/19758\/19598\">La di\u00e0spora xinesa. Un exemple de societat globalitzada<\/a>\u201c. DCIDOB.<a href=\"http:\/\/www.cidob.org\/es\/publicaciones\/series_pasadas\/dcidob\/la_xina_avui\">&nbsp;<\/a><a href=\"https:\/\/www.jstor.org\/stable\/40598397\">La Xina avui<\/a>, n\u00ba 86, primavera 2003, pp. 29-32.<\/p>\n<\/div><\/div>\n\n\n\n<div class=\"wp-block-media-text is-stacked-on-mobile\" style=\"grid-template-columns:20% auto\"><figure class=\"wp-block-media-text__media\"><img loading=\"lazy\" decoding=\"async\" width=\"367\" height=\"483\" src=\"https:\/\/webs.uab.cat\/joaquinbeltran\/wp-content\/uploads\/sites\/111\/2025\/02\/china-lavangA.jpg\" alt=\"\" class=\"wp-image-908 size-full\" srcset=\"https:\/\/webs.uab.cat\/joaquinbeltran\/wp-content\/uploads\/sites\/111\/2025\/02\/china-lavangA.jpg 367w, https:\/\/webs.uab.cat\/joaquinbeltran\/wp-content\/uploads\/sites\/111\/2025\/02\/china-lavangA-228x300.jpg 228w\" sizes=\"auto, (max-width: 367px) 100vw, 367px\" \/><\/figure><div class=\"wp-block-media-text__content\">\n<p>(2002) \u201cLa di\u00e1spora china y la globalizaci\u00f3n.<em>All\u00ed donde llegan las olas..<\/em>.\u201d&nbsp;<a href=\"http:\/\/www.lavanguardia.com\/internacional\/20020701\/54250885256\/china-superpotencia-emergente-vanguardiadossier.html\" target=\"_blank\" rel=\"noreferrer noopener\">Vanguardia Dossier. China, superpotencia emergente<\/a>, n\u00ba 2, julio-septiembre 2002, pp. 82-84..<\/p>\n<\/div><\/div>\n\n\n\n<div class=\"wp-block-media-text is-stacked-on-mobile\" style=\"grid-template-columns:20% auto\"><figure class=\"wp-block-media-text__media\"><img loading=\"lazy\" decoding=\"async\" width=\"255\" height=\"400\" src=\"https:\/\/webs.uab.cat\/joaquinbeltran\/wp-content\/uploads\/sites\/111\/2013\/02\/los-ocho-inmortales-cruzan-el-mar.png\" alt=\"los ocho inmortales cruzan el mar\" class=\"wp-image-312 size-full\" srcset=\"https:\/\/webs.uab.cat\/joaquinbeltran\/wp-content\/uploads\/sites\/111\/2013\/02\/los-ocho-inmortales-cruzan-el-mar.png 255w, https:\/\/webs.uab.cat\/joaquinbeltran\/wp-content\/uploads\/sites\/111\/2013\/02\/los-ocho-inmortales-cruzan-el-mar-191x300.png 191w\" sizes=\"auto, (max-width: 255px) 100vw, 255px\" \/><\/figure><div class=\"wp-block-media-text__content\">\n<p>(2003) \u201c<a href=\"https:\/\/www.bellaterra.coop\/es\/libros\/los-ocho-inmortales-cruzan-el-mar\">Los ocho inmortales cruzan el mar. Chinos en Extremo Occidente<\/a>\u201c. Edicions Bellaterra, Barcelona, 2003.&nbsp;<\/p>\n<\/div><\/div>\n\n\n\n<div class=\"wp-block-media-text is-stacked-on-mobile\" style=\"grid-template-columns:20% auto\"><figure class=\"wp-block-media-text__media\"><img loading=\"lazy\" decoding=\"async\" width=\"71\" height=\"100\" src=\"https:\/\/webs.uab.cat\/joaquinbeltran\/wp-content\/uploads\/sites\/111\/2013\/04\/revista-de-estudios-asiaticos.jpeg\" alt=\"revista de estudios asiaticos\" class=\"wp-image-535 size-full\" \/><\/figure><div class=\"wp-block-media-text__content\">\n<p>(1997) \u201cLa ambig\u00fcedad de la figura del emigrante en China\u201d.&nbsp;<a href=\"http:\/\/bddoc.csic.es:8080\/detalles.html?id=322950&amp;bd=ISOC&amp;tabla=docu\" target=\"_blank\" rel=\"noreferrer noopener\">Revista de Estudios Asi\u00e1ticos<\/a>, n\u00ba 4, enero-junio 1997, pp. 161-178.<\/p>\n<\/div><\/div>\n\n\n\n<p><\/p>\n","protected":false},"excerpt":{"rendered":"<p>(2025) How Many Chinese are Living in Europe? A Demographic (De)Construction, en Mette Thun\u00f8, Wang Simeng, Emilie Tran Sautede and Yu-chin Tseng eds.,\u00a0Handbook of Chinese Migration to Europe.\u00a0Brill Publishers, Leiden, pp. 31-67. ISBN: 9789004519305.\u00a0https:\/\/doi.org\/10.1163\/9789004712140_003 (2018) \u201cSinidad global. Ra\u00edces y nuevos brotes de la poblaci\u00f3n china en Latinoam\u00e9rica y Espa\u00f1a\u201d, en Xu Shicheng y Eduardo Daniel [&hellip;]<\/p>\n","protected":false},"author":20,"featured_media":0,"parent":0,"menu_order":0,"comment_status":"closed","ping_status":"closed","template":"","meta":{"footnotes":""},"class_list":["post-140","page","type-page","status-publish","hentry"],"_links":{"self":[{"href":"https:\/\/webs.uab.cat\/joaquinbeltran\/wp-json\/wp\/v2\/pages\/140","targetHints":{"allow":["GET"]}}],"collection":[{"href":"https:\/\/webs.uab.cat\/joaquinbeltran\/wp-json\/wp\/v2\/pages"}],"about":[{"href":"https:\/\/webs.uab.cat\/joaquinbeltran\/wp-json\/wp\/v2\/types\/page"}],"author":[{"embeddable":true,"href":"https:\/\/webs.uab.cat\/joaquinbeltran\/wp-json\/wp\/v2\/users\/20"}],"replies":[{"embeddable":true,"href":"https:\/\/webs.uab.cat\/joaquinbeltran\/wp-json\/wp\/v2\/comments?post=140"}],"version-history":[{"count":9,"href":"https:\/\/webs.uab.cat\/joaquinbeltran\/wp-json\/wp\/v2\/pages\/140\/revisions"}],"predecessor-version":[{"id":937,"href":"https:\/\/webs.uab.cat\/joaquinbeltran\/wp-json\/wp\/v2\/pages\/140\/revisions\/937"}],"wp:attachment":[{"href":"https:\/\/webs.uab.cat\/joaquinbeltran\/wp-json\/wp\/v2\/media?parent=140"}],"curies":[{"name":"wp","href":"https:\/\/api.w.org\/{rel}","templated":true}]}}