{"id":165,"date":"2013-04-26T23:17:54","date_gmt":"2013-04-26T23:17:54","guid":{"rendered":"https:\/\/webs.uab.cat\/joaquinbeltran\/proyectos-de-investigacion\/"},"modified":"2024-07-16T20:09:19","modified_gmt":"2024-07-16T20:09:19","slug":"proyectos-de-investigacion","status":"publish","type":"page","link":"https:\/\/webs.uab.cat\/joaquinbeltran\/proyectos-de-investigacion\/","title":{"rendered":"Proyectos de investigaci\u00f3n"},"content":{"rendered":"\n<p><span style=\"line-height: 20px\"><strong>\u201c<\/strong><\/span><strong>Inter\u00c0sia i el nou sistema internacional: Societat, pol\u00edtica i cultura<\/strong> (2021 SGR 01028). Grup de Recerca Consolidat (GRC) de la Generalitat de Catalunya 2021-2024. AGAUR, Departament d\u2019Innovaci\u00f3, Universitats i Empresa, Generalitat de Catalunya.\u00a0Investigador Principal<\/p>\n\n\n\n<p><strong>\u201cNuevos desarrollos socioculturales, pol\u00edticos y econ\u00f3micos de Asia Oriental en el contexto global<strong>\u201d. <\/strong><\/strong>I + D CICYT (PID2019-107861GB-I00, MINECO\/FEDER, UE) (01\/06\/2020- 29\/02\/2024).\u00a0 46.343<strong> <\/strong>Euros. Co-Investigador Principal con <strong>I.P.<\/strong> <strong>Amelia S\u00e1iz L\u00f3pez<\/strong><\/p>\n\n\n\n<p><strong>&#8220;La comunitat xinesa davant el discurs d\u2019odi durant la pand\u00e8mia de la Covid-19&#8221; <\/strong>(Ref.: ICI01521_00001\/2021). Convocatoria de trabajos de investigaci\u00f3n en el \u00e1mbito de la paz del Institut Catal\u00e0 Internacional per la Pau (R-ICIP 2021). <b>9.500<\/b> euros (01\/01\/2022-31\/12-2022). <strong>I.P. Amparo Huertas Bail\u00e9n<\/strong>, Institut de la Comunicaci\u00f3 (InCom-UAB), de Universitat Aut\u00f3noma de Barcelona. Miembro del equipo de investigaci\u00f3n.<\/p>\n\n\n\n<p>\u201c<strong>Taiwaneses en Espa\u00f1a<\/strong>\u201d. HerreraZhang, Pamplona, Noviembre 2021-febrero 2022. Co-director de la investigaci\u00f3n junto a <strong>Amelia S\u00e1iz L\u00f3pez<\/strong><\/p>\n\n\n\n<p>\u201c<strong>La poblaci\u00f3n de origen chino en la Comunidad Foral de Navarra<\/strong>\u201d. HerreraZhang, Gobierno de Navarra, Pamplona. Septiembre 2020-febrero 2021. Co-director de la investigaci\u00f3n junto a <strong>Amelia S\u00e1iz L\u00f3pez<\/strong><\/p>\n\n\n\n<p>\u201c<strong>Migraci\u00f3 xinesa i pr\u00e0ctiques religioses a Catalunya: una perspectiva intergeneracional<\/strong>\u201d (2017RELIG00011). Convocatoria \u201cProjectes de recerca en l\u2019\u00e0mbit de la diversitat religiosa, any 2017\u201d. Direcci\u00f3 General d\u2019Afers Religiosos, Generalitat de Catalunya, 6.000 euros. Investigador Principal<\/p>\n\n\n\n<p><span style=\"line-height: 20px\"><strong>\u201c<\/strong><\/span><strong>Inter\u00c0sia i el nou sistema internacional: Societat, pol\u00edtica i cultura<\/strong> (2017 SGR 1284). Grup de Recerca Consolidat (GRC) de la Generalitat de Catalunya 2017-2019. AGAUR, Departament d\u2019Innovaci\u00f3, Universitats i Empresa, Generalitat de Catalunya.&nbsp;Investigador Principal<\/p>\n\n\n\n<p><span style=\"line-height: 20px\"><strong>&#8220;Asia Oriental: paradigmas emergentes, politica(s), dinamicas socioculturales y sus consecuencias\u201d. <\/strong>I + D CICYT <span style=\"line-height: 20px\">(FFI2015-70513-P, MINECO\/FEDER, UE)<\/span> (2016-2019)&nbsp; 53.100 Euros. Investigador Principal<\/span><\/p>\n\n\n\n<p><span style=\"line-height: 20px\"><strong>Inter\u00c0sia i el nou sistema internacional: Societat, pol\u00edtica i cultura<\/strong> (2014 SGR 1402). Grup de Recerca Consolidat (GRC) de la Generalitat de Catalunya (2014-2016). AGAUR, Departament d\u2019Innovaci\u00f3, Universitats i Empresa, Generalitat de Catalunya. 30.000 Euros. Investigador Principal.<\/span><\/p>\n\n\n\n<p><span style=\"line-height: 20px\">\u201c<strong>El impacto de Asia Oriental en el contexto espa\u00f1ol: Producci\u00f3n cultural, pol\u00edtica(s) y sociedad<\/strong>\u201d. I + D CICYT MINECO, FFI2011-29090 (2012-2015). 60.500 Euros. Investigador Principal.<\/span><\/p>\n\n\n\n<p><span style=\"line-height: 20px\">Beques de Recerca per a Professors i Investigadors a Catalunya 2010 PIV-DGR (2010PIV00016). Concedida al profesor <strong>Gregor Benton<\/strong> de la Universidad de Cardiff para una estancia de 9 meses en la UAB asociado al departamento de Traducci\u00f3n e Interpretaci\u00f3n (2011-2012). Investigador responsable.<\/span><\/p>\n\n\n\n<p><strong><a href=\"http:\/\/www.fti.uab.es\/interasia\/\" target=\"_blank\" rel=\"noopener\">InterAsia<\/a>.<\/strong> <strong>Grup de Recerca de la UAB i Grups de Recerca de Qualitat<\/strong>, C\u00f3di: 2167. Aprobado el 9\/04\/2010. Investigador Principal.<\/p>\n\n\n\n<p><strong><a href=\"http:\/\/www.fti.uab.es\/interasia\/\" target=\"_blank\" rel=\"noopener\">InterAsia<\/a>. Grup de Recerca Interdisciplinari d&#8217;Estudis d&#8217;\u00c0sia Oriental<\/strong> (2009 SGR 1103). Grup de Recerca de la Generalitat de Catalunya reconegut finan\u00e7at. AGAUR, Departament d\u2019Innovaci\u00f3, Universitats i Empresa, Generalitat de Catalunya (2009-2013). 34.400 Euros. Investigador Principal.<\/p>\n\n\n\n<p>\u201c<strong>Procesos interculturales de Asia Oriental en la sociedad internacional de la informaci\u00f3n: ciudadan\u00eda, g\u00e9nero y producci\u00f3n cultural<\/strong>\u201d. I + D CICYT MCI, FFI2008-05911\/FISO (2009-2011). 24.200 Euros. Investigador Principal.<\/p>\n\n\n\n<p>\u201c<strong>Las comunidades china, india y japonesa en Espa\u00f1a. Or\u00edgenes, asentamiento y heterogeneidad comunitaria<\/strong>\u201d. Programa de Estudios del Ministerio de Trabajo y Asuntos Sociales. Observatorio Permanente de la Inmigraci\u00f3n (OPI) y Fundaci\u00f3 CIDOB (2007-2008). 30.000 Euros. Co-director con <strong>Amelia S\u00e1iz L\u00f3pez<\/strong>.<\/p>\n\n\n\n<p>\u201c<strong>Interculturalidad de Asia Oriental en la era de la globalizaci\u00f3n. Procesos ling\u00fc\u00edstico-literarios y socio-pol\u00edticos<\/strong>\u201d. I + D CICYT MEC, HUM2005-08151 (2005-2008). 40.600 Euros. Investigador Principal.<\/p>\n\n\n\n<p>\u201c<strong>Las comunidades asi\u00e1ticas en Espa\u00f1a. Mapa de la distribuci\u00f3n de su asentamiento y del asociacionismo<\/strong>\u201d. Programa de Estudios del Ministerio de Trabajo y Asuntos Sociales. Observatorio Permanente de la Inmigraci\u00f3n (OPI) y Fundaci\u00f3 CIDOB. Junio-diciembre 2005. Co-director con <strong>Amelia S\u00e1iz L\u00f3pez<\/strong>.<\/p>\n\n\n\n<p>Grup de Recerca <a href=\"http:\/\/www.fti.uab.es\/interasia\/\" target=\"_blank\" rel=\"noopener\">InterAsia <\/a>de la UAB 2005 Codi: 1483. Investigador Principal.<\/p>\n\n\n\n<p>\u201c<strong>Escuela Internacional China en Barcelona. Modelos y viabilidad<\/strong>\u201d. Casa Asia, mayo-noviembre 2004. Co-director con <strong>Amelia S\u00e1iz L\u00f3pez<\/strong>.<\/p>\n\n\n\n<p>\u201c<strong>Comunidades asi\u00e1ticas y econom\u00eda. Empresariado \u00e9tnico y transnacionalismo<\/strong>\u201d. Programa Asia, Fundaci\u00f3 CIDOB, Enero 2005-diciembre 2007. Co-director con <strong>Amelia S\u00e1iz L\u00f3pez<\/strong>.<\/p>\n\n\n\n<p>\u201c<strong>Nuevas migraciones chinas. Trabajo y transnacionalismo en Europa<\/strong>\u201d. Universidad Aut\u00f3noma de Barcelona (ORG-2004-66-2T).\n<\/p>\n\n\n\n<p><span style=\"line-height: 20px\">\u201c<strong>Estudiantes universitarios de Asia en Catalu\u00f1a<\/strong>\u201d. Programa Asia, Fundaci\u00f3 CIDOB, marzo-julio 2003. Co-director con <strong>Amelia S\u00e1iz L\u00f3pez<\/strong>.<\/span><\/p>\n\n\n\n<p>\u201c<strong>Comunidades asi\u00e1ticas en Espa\u00f1a<\/strong>\u201d. Programa Asia, Fundaci\u00f3 CIDOB, enero-mayo 2002. Co-director con <strong>Amelia S\u00e1iz L\u00f3pez<\/strong>.<\/p>\n\n\n\n<p>\u201c<strong>Los chinos en Santa Coloma de Gramanet<\/strong>\u201d. Diputaci\u00f3n de Barcelona\/ Ayuntamiento de Santa Coloma de Gramanet. Octubre 2001-mayo 2002. Co-director con <strong>Amelia S\u00e1iz L\u00f3pez<\/strong>.<\/p>\n\n\n\n<p>\u201c<strong>Actividades empresariales \u00e9tnicas en Espa\u00f1a<\/strong>\u201d. Universidad Aut\u00f3noma de Barcelona (ORG-2002-41).<\/p>\n\n\n\n<p>\u201c<strong>Els xinesos a Catalunya. Integraci\u00f3, familia y educaci\u00f3<\/strong>\u201d. Fundaci\u00f3 Serveis de Cultura Popular y Fundaci\u00f3 Jaume Bofill. Barcelona. 1\u00aa fase, abril-junio 1999. 2\u00aa fase, febrero-julio 2000. Co-director con <strong>Amelia S\u00e1iz L\u00f3pez<\/strong>.<\/p>\n\n\n\n<p>Colaborador de la investigaci\u00f3n \u201c<strong>Inmigraci\u00f3n y mercados de trabajo en Espa\u00f1a. El sector de la hosteler\u00eda en Madrid y en Barcelona<\/strong>\u201d, promovida por el IMSERSO y dirigida por el Colectivo IOE. Barcelona, diciembre 1998-enero 1999.<\/p>\n\n\n\n<p>Beca para investigar en la Biblioteca de la School of Oriental and African Studies (SOAS) de la Universidad de Londres sobre &#8220;<strong>Los misioneros espa\u00f1oles y el catolicismo en China durante el siglo XX<\/strong>&#8220;. Otorgada por la European Association of Chinese Studies (EACS) y la Chiang Ching-kuo Foundation de Taiwan. Londres, Febrero-marzo, 1998.<\/p>\n\n\n\n<p>Colaborador del proyecto de investigaci\u00f3n &#8220;<strong>Aspectos socioling\u00fc\u00edsticos y psicoling\u00fc\u00edsticos de las comunidades de habla y grupos ling\u00fc\u00edsticos minorizados en Espa\u00f1a<\/strong>&#8221; (CICYT SEC93-0725) dirigido por M\u00aa Teresa Turell. Universitat Pompeu Fabra, Barcelona (1995-1996).<\/p>\n\n\n\n<p><span style=\"line-height: 20px\">Beca del Programa de intercambio cultural internacional entre el Instituto de Cooperaci\u00f3n para el Desarrollo (ICD) del Ministerio de Asuntos Exteriores de Espa\u00f1a y la Comisi\u00f3n Nacional de Educaci\u00f3n de la Rep\u00fablica Popular China para la investigaci\u00f3n &#8220;<strong>Parentesco y organizaci\u00f3n social en los procesos migratorios de la Rep\u00fablica Popular China<\/strong>&#8220;. De septiembre de 1990 a agosto de 1992 en la Universidad de Zhejiang (Hangzhou) y desde septiembre de 1992 a agosto de 1993 en la Universidad de Beijing, Rep\u00fablica Popular China.<\/span><\/p>\n\n\n\n<p>Contratado como soci\u00f3logo por el Instituto de la Juventud del Ministerio de Asuntos Sociales para la realizaci\u00f3n de la Tercera fase del <strong>Programa de Recuperaci\u00f3n del Patrimonio Cultural de los Espacios Naturales<\/strong> en el Parque Nacional de Do\u00f1ana y su Entorno. Huelva, julio-diciembre 1989.<\/p>\n\n\n\n<p>Contratado como soci\u00f3logo por el Instituto de la Juventud del Ministerio de Cultura para la realizaci\u00f3n de la Segunda Fase del <strong>Programa de Recuperaci\u00f3n del Patrimonio Cultural de los Espacios Naturales<\/strong> en el Parque Nacional de Do\u00f1ana y su entorno. Huelva, agosto-diciembre 1988.<\/p>\n\n\n\n<p>Miembro del equipo de investigaci\u00f3n del proyecto \u201c<strong>El Rastrillo de Tetu\u00e1n<\/strong>\u201d. Madrid, mayo-agosto 1984.<\/p>\n","protected":false},"excerpt":{"rendered":"<p>\u201cInter\u00c0sia i el nou sistema internacional: Societat, pol\u00edtica i cultura (2021 SGR 01028). Grup de Recerca Consolidat (GRC) de la Generalitat de Catalunya 2021-2024. AGAUR, Departament d\u2019Innovaci\u00f3, Universitats i Empresa, Generalitat de Catalunya.\u00a0Investigador Principal \u201cNuevos desarrollos socioculturales, pol\u00edticos y econ\u00f3micos de Asia Oriental en el contexto global\u201d. I + D CICYT (PID2019-107861GB-I00, MINECO\/FEDER, UE) (01\/06\/2020- [&hellip;]<\/p>\n","protected":false},"author":20,"featured_media":0,"parent":0,"menu_order":0,"comment_status":"closed","ping_status":"closed","template":"","meta":{"footnotes":""},"class_list":["post-165","page","type-page","status-publish","hentry"],"_links":{"self":[{"href":"https:\/\/webs.uab.cat\/joaquinbeltran\/wp-json\/wp\/v2\/pages\/165","targetHints":{"allow":["GET"]}}],"collection":[{"href":"https:\/\/webs.uab.cat\/joaquinbeltran\/wp-json\/wp\/v2\/pages"}],"about":[{"href":"https:\/\/webs.uab.cat\/joaquinbeltran\/wp-json\/wp\/v2\/types\/page"}],"author":[{"embeddable":true,"href":"https:\/\/webs.uab.cat\/joaquinbeltran\/wp-json\/wp\/v2\/users\/20"}],"replies":[{"embeddable":true,"href":"https:\/\/webs.uab.cat\/joaquinbeltran\/wp-json\/wp\/v2\/comments?post=165"}],"version-history":[{"count":3,"href":"https:\/\/webs.uab.cat\/joaquinbeltran\/wp-json\/wp\/v2\/pages\/165\/revisions"}],"predecessor-version":[{"id":760,"href":"https:\/\/webs.uab.cat\/joaquinbeltran\/wp-json\/wp\/v2\/pages\/165\/revisions\/760"}],"wp:attachment":[{"href":"https:\/\/webs.uab.cat\/joaquinbeltran\/wp-json\/wp\/v2\/media?parent=165"}],"curies":[{"name":"wp","href":"https:\/\/api.w.org\/{rel}","templated":true}]}}