{"id":181,"date":"2013-04-30T20:29:44","date_gmt":"2013-04-30T20:29:44","guid":{"rendered":"https:\/\/webs.uab.cat\/joaquinbeltran\/cursos-de-formacion\/"},"modified":"2013-04-30T20:29:44","modified_gmt":"2013-04-30T20:29:44","slug":"cursos-de-formacion","status":"publish","type":"page","link":"https:\/\/webs.uab.cat\/joaquinbeltran\/cursos-de-formacion\/","title":{"rendered":"Cursos de formaci\u00f3n"},"content":{"rendered":"<p style=\"text-align: justify;\"><span style=\"font-size: small;\">\u201c<strong>La mirada de l\u2019altre<\/strong>\u201d, en la Jornada <a href=\"https:\/\/39777f47-a-62cb3a1a-s-sites.googlegroups.com\/site\/esteticafilosofia\/grega-1\/cartell_xina.jpg?attachauth=ANoY7cr3BodzIiSviAL4o0hmAUpX7SGXvhvY-ldTgt9voF_2Osz43JDpU03r_fnoAwpcBZjYo2SSY36PKe5D9WdimwDxX-6LQ6543_YDoE-cdP15pZi6V--gaKK-gv6lGLk_Zn04NQR_RHU_fzX88gQjYbRCToWsNjK6tczoZi_YhWpGc3lSOVz0Um4K1axUw_qGRop2S_LjNWPJvT68vw85UOUELaZuxiT3mchsqmr8bv_NjQP8oa8%3D&amp;attredirects=0\" target=\"_blank\" rel=\"noopener\"><em>Art a la Xina: Aproximaci\u00f3s a l\u2019alteritat<\/em><\/a>, organizada por el departamento de Historia del Arte, Universidad de Barcelona, 2 de marzo de 2011. 1 cr\u00e9dito de libre elecci\u00f3n.<\/span><\/p>\n<p style=\"text-align: justify;\"><span style=\"font-size: small;\"><\/span><\/p>\n<p style=\"text-align: justify;\"><span style=\"font-size: small;\">\u201c<strong>Sociedad y cultura en China<\/strong>\u201d, en el Curso <a href=\"http:\/\/pagines.uab.cat\/joaquinbeltran\/sites\/pagines.uab.cat.joaquinbeltran\/files\/2008_Bilbao%20China%20en%20el%20siglo%20XXI.pdf\" target=\"_blank\" rel=\"noopener\"><em>China en el siglo XXI: una perspectiva multidisciplinar<\/em><\/a>, organizado por la C\u00e1tedra de Estudios Internacionales de la Universidad del Pa\u00eds Vasco. Bilbao, 15 de mayo de 2008.<\/span><\/p>\n<p style=\"text-align: justify;\"><span style=\"font-size: small;\">\u201c<strong>Oriente: Inmigraci\u00f3n China en la Comunidad Valenciana y en Alicante<\/strong>\u201d, en el Curso <a href=\"http:\/\/pagines.uab.cat\/joaquinbeltran\/sites\/pagines.uab.cat.joaquinbeltran\/files\/CONVIVENCIA%20EN%20LA%20DIVERSIDAD-%20TARJETA.pdf\" target=\"_blank\" rel=\"noopener\"><em>Convivencia en la diversidad<\/em><\/a>, organizado por la Universidad de Alicante y la Sindicatura de Greuges de la Comunidad Valenciana, Alicante, 15 de abril de 2008.<\/span><\/p>\n<p style=\"text-align: justify;\"><span style=\"font-size: small;\">\u201c<strong>La cuesti\u00f3n de Tibet y de Taiw\u00e1n<\/strong>\u201d, seminario en el Curso de libre elecci\u00f3n<em> Llengua i cultura xineses<\/em>, organizado por la Universitat de Lleida, el Institut d\u2019Estudis Ilerdencs Lleida 2 de abril de 2008.<\/span><\/p>\n<p style=\"text-align: justify;\"><span style=\"font-size: small;\">\u201c<strong>Las minor\u00edas \u00e9tnicas en China<\/strong>\u201d, seminario en el Curso de libre elecci\u00f3n <em>Llengua i cultura xineses<\/em>, organizado por la Universitat de Lleida, el Institut d\u2019Estudis Ilerdencs Lleida 2 de abril de 2008.<\/span><\/p>\n<p style=\"text-align: justify;\"><span style=\"font-size: small;\">\u201c<strong>Emigraci\u00f3n y comunidades chinas internacionales<\/strong>\u201d, seminario en el Curso de libre elecci\u00f3n <em>Llengua i cultura xineses<\/em>, organizado por la Universitat de Lleida, el Institut d\u2019Estudis Ilerdencs. Lleida 12 de marzo de 2008.<\/span><\/p>\n<p style=\"text-align: justify;\"><span style=\"font-size: small;\">\u201c<strong>Los retos de la inserci\u00f3n social: un estudio de caso<\/strong>\u201d, en el curso <a href=\"http:\/\/pagines.uab.cat\/joaquinbeltran\/sites\/pagines.uab.cat.joaquinbeltran\/files\/PROGRAMA%20PROVISIONAL%202%20-%20CU0542%20(1).pdf\" target=\"_blank\" rel=\"noopener\"><em>Sistemas culturales multi\u00e9tnicos y derecho de integraci\u00f3n<\/em><\/a>, organizado por el Servicio de Formaci\u00f3n Continuada del Consejo General del Poder Judicial, Madrid, 21 de junio de 2005.<\/span><span style=\"line-height: 20px;\">&nbsp;<\/span><\/p>\n<p style=\"text-align: justify;\"><span style=\"font-size: small;\">\u201c<strong>La di\u00e1spora de Asia<\/strong>\u201d, en el <em>Curso Especializado de Relaciones Internacionales,<\/em> organizado por la Fundaci\u00f3 CIDOB. Fundaci\u00f3 CIDOB, Barcelona, 13 de diciembre de 2004.<\/span><span style=\"line-height: 20px;\">&nbsp;<\/span><\/p>\n<p style=\"text-align: justify;\"><span style=\"font-size: small;\">\u201c<strong>La comunidad china en Badalona. Sociedad, cultura y migraci\u00f3n<\/strong>\u201d, en el <em>Ciclo formativo en Inmigraci\u00f3 2003<\/em>, organizado por Intercultura y el Ajuntament de Badalona. Badalona, 13 de mayo de 2003.&nbsp;<\/span><\/p>\n<p style=\"text-align: justify;\"><span style=\"font-size: small;\">\u201c<strong>Aproximaci\u00f3n a las minor\u00edas \u00e9tnicas m\u00e1s frecuentes en nuestro entorno: Asi\u00e1ticos y chinos<\/strong>\u201d, en el <em>Seminario sobre diversidad cultural<\/em>, organizado por la Escola de Policia de Catalunya, Mollet del Vall\u00e8s, 27 de marzo de 2003.<\/span><span style=\"line-height: 20px;\">&nbsp;<\/span><\/p>\n<p style=\"text-align: justify;\"><span style=\"font-size: small;\">\u201c<strong>Estructura social y Psicolog\u00eda chinas<\/strong>\u201d, en <em>Curso especializado de Asia-China<\/em>, organizado por la Fundaci\u00f3 CIDOB, Barcelona, 13 de marzo de 2003.<\/span><span style=\"line-height: 20px;\">&nbsp;<\/span><\/p>\n<p style=\"text-align: justify;\"><span style=\"font-size: small;\">\u201c<strong>La comunidad china en Badalona<\/strong>\u201d, en el <em>Ciclo Formativo en Inmigraci\u00f3n. Modulo I Conocimiento intercultural<\/em>, organizado por el Ayuntamiento de Badalona, Badalona 9 de diciembre de 2002.<\/span><span style=\"line-height: 20px;\">&nbsp;<\/span><\/p>\n<p style=\"text-align: justify;\"><span style=\"font-size: small;\">\u201c<strong>La China del siglo XX<\/strong>\u201d, en el <em>Curso de Formaci\u00f3n Cultural Introducci\u00f3n a la cultura china<\/em>, organizado por los Servicios Culturales de la Universitat de Lleida (2000-01, 6\u00aa edici\u00f3n). Lleida, 25 de abril de 2001.<\/span><span style=\"line-height: 20px;\">&nbsp;<\/span><\/p>\n<p style=\"text-align: justify;\"><span style=\"font-size: small;\">\u201c\u2018<strong>Vamos a ver la enfermedad. Las representaciones y pr\u00e1cticas sociales y culturales de la salud y la enfermedad en China<\/strong>\u201d, en el curso <em>Las representaciones sociales y culturales de la salud y de la enfermedad en las sociedades en desarrollo<\/em>, organizado por el Instituto de Salud Carlos III. Escuela Nacional de Sanidad, Madrid, 22 de marzo de 2001.<\/span><span style=\"line-height: 20px;\">&nbsp;<\/span><\/p>\n<p style=\"text-align: justify;\"><span style=\"font-size: small;\">\u201c<strong>La China imperial hasta el siglo XIX<\/strong>\u201d, en el <em>Curso de Formaci\u00f3n Cultural Introducci\u00f3n a la cultura china<\/em>, organizado por los Servicios Culturales de la Universitat de Lleida (2000-01, 6\u00aa edici\u00f3n). Lleida, 21 de marzo de 2001.<\/span><span style=\"line-height: 20px;\">&nbsp;<\/span><\/p>\n<p style=\"text-align: justify;\"><span style=\"font-size: small;\">\u201c<strong>Los chinos en Catalu\u00f1a<\/strong>\u201d, en el <em>Curso sobre Inmigraci\u00f3n para T\u00e9cnicos Municipales<\/em>, organizado por el Sector de Serveis Personals del Ayuntamiento de Barcelona, 28 de enero de 2001.<\/span><span style=\"line-height: 20px;\">&nbsp;<\/span><\/p>\n<p style=\"text-align: justify;\"><span style=\"font-size: small;\">\u201c<strong>Xina i Kazakhstan a \u00c0sia Central. Centre estrat\u00e8gic del segle XXI<\/strong>\u201d. Fundaci\u00f3 CIDOB, Barcelona , 25 y 26 de Mayo, 2000.&nbsp;<\/span><\/p>\n<p style=\"text-align: justify;\"><span style=\"font-size: small;\">\u201c<strong>Historia de China: siglos XIX y XX<\/strong>\u201d; \u201c<strong>Las minor\u00edas \u00e9tnicas de China<\/strong>\u201d y \u201c<strong>La di\u00e1spora china<\/strong>\u201d en el <em>Curso de Formaci\u00f3n Cultural Introducci\u00f3n a la cultura china<\/em>, organizado por los Servicios Culturales de la Universitat de Lleida (1999-2000, 5\u00aa edici\u00f3n). Lleida, diciembre de 1999.&nbsp;<\/span><\/p>\n<p style=\"text-align: justify;\"><span style=\"font-size: small;\">\u201c<strong>Especificitats de la cultura xinesa<\/strong>\u201d. Seminario en el curso de formaci\u00f3n permanente para profesores sobre <em>Cultura xinesa<\/em>, dentro del programa de <em>Interculturalitat i educaci\u00f3<\/em>, organizado por SOLC (Solidaritat i Cooperaci\u00f3) . Barcelona, 8 de julio de 1999.&nbsp;<\/span><\/p>\n<p style=\"text-align: justify;\"><span style=\"font-size: small;\">\u201c<strong>Historia Moderna de China (1840-1949)<\/strong>\u201d y \u201c<strong>Antropologia de China<\/strong>\u201d, en el <em>Curso de Introducci\u00f3 a la Cultura Xinesa<\/em>, organizado por la Fundaci\u00f3 M\u00f3n-3 y el Centre d\u2019Estudis Internacionals de la Universitat Aut\u00f2noma de Barcelona. Barcelona, noviembre, 1998.&nbsp;<\/span><\/p>\n<p style=\"text-align: justify;\"><span style=\"font-size: small;\">\u201c<strong>China imperial<\/strong>\u201d, \u201c<strong>China del siglo XX<\/strong>\u201d, \u201c<strong>Minor\u00edas \u00e9tnicas chinas<\/strong>\u201d, \u201c<strong>La di\u00e1spora china<\/strong>\u201d, \u201c<strong>Filosof\u00eda y religi\u00f3n en China<\/strong>\u201d, en el <em>Curso de Formaci\u00f3n Cultural Introducci\u00f3n a la cultura china<\/em>, organizado por los Servicios Culturales de la Universitat de Lleida (1998-99, 4\u00aa edici\u00f3n). Lleida, octubre-noviembre de 1998.<\/span><span style=\"line-height: 20px;\">&nbsp;<\/span><\/p>\n<p style=\"text-align: justify;\"><span style=\"font-size: small;\">&#8220;<strong>Las minor\u00edas nacionales y la etnicidad en China<\/strong>&#8221; y &#8220;<strong>Los chinos en el mundo y el mundo de los chinos<\/strong>&#8220;, en el <em>Curso de Formaci\u00f3n Cultural Introducci\u00f3n a la cultura china<\/em>, organizado por los Servicios Culturales de la Universitat de Lleida (1997-98, 3\u00aa edici\u00f3n). Lleida, noviembre de 1997.<\/span><\/p>\n<p style=\"text-align: justify;\"><span style=\"line-height: 20px;\">&#8220;<strong>Los tongbao de Taiwan y Hong Kong o \u00bfhasta d\u00f3nde llega China?<\/strong>&#8221; y &#8220;<strong>Confucianismo y relaciones sociales en China<\/strong>&#8220;, en el Diploma de Estudios Asi\u00e1ticos, organizado por el Instituto Complutense de Asia. Universidad Complutense de Madrid. Madrid, octubre, 1995.<\/span><\/p>\n","protected":false},"excerpt":{"rendered":"<p>\u201cLa mirada de l\u2019altre\u201d, en la Jornada Art a la Xina: Aproximaci\u00f3s a l\u2019alteritat, organizada por el departamento de Historia del Arte, Universidad de Barcelona, 2 de marzo de 2011. 1 cr\u00e9dito de libre elecci\u00f3n. \u201cSociedad y cultura en China\u201d, en el Curso China en el siglo XXI: una perspectiva multidisciplinar, organizado por la C\u00e1tedra [&hellip;]<\/p>\n","protected":false},"author":20,"featured_media":0,"parent":0,"menu_order":0,"comment_status":"closed","ping_status":"closed","template":"","meta":{"footnotes":""},"class_list":["post-181","page","type-page","status-publish","hentry"],"_links":{"self":[{"href":"https:\/\/webs.uab.cat\/joaquinbeltran\/wp-json\/wp\/v2\/pages\/181","targetHints":{"allow":["GET"]}}],"collection":[{"href":"https:\/\/webs.uab.cat\/joaquinbeltran\/wp-json\/wp\/v2\/pages"}],"about":[{"href":"https:\/\/webs.uab.cat\/joaquinbeltran\/wp-json\/wp\/v2\/types\/page"}],"author":[{"embeddable":true,"href":"https:\/\/webs.uab.cat\/joaquinbeltran\/wp-json\/wp\/v2\/users\/20"}],"replies":[{"embeddable":true,"href":"https:\/\/webs.uab.cat\/joaquinbeltran\/wp-json\/wp\/v2\/comments?post=181"}],"version-history":[{"count":0,"href":"https:\/\/webs.uab.cat\/joaquinbeltran\/wp-json\/wp\/v2\/pages\/181\/revisions"}],"wp:attachment":[{"href":"https:\/\/webs.uab.cat\/joaquinbeltran\/wp-json\/wp\/v2\/media?parent=181"}],"curies":[{"name":"wp","href":"https:\/\/api.w.org\/{rel}","templated":true}]}}