{"id":224,"date":"2019-05-07T10:03:15","date_gmt":"2019-05-07T10:03:15","guid":{"rendered":"https:\/\/webs.uab.cat\/joaquinbeltran\/post-en-blogs\/"},"modified":"2019-05-07T10:03:15","modified_gmt":"2019-05-07T10:03:15","slug":"post-en-blogs","status":"publish","type":"page","link":"https:\/\/webs.uab.cat\/joaquinbeltran\/post-en-blogs\/","title":{"rendered":"Post en Blogs"},"content":{"rendered":"<p><a href=\"http:\/\/www.yuanfangmagazine.com\/ideas\/el-experto-recomienda\/joaquin-beltran-recomienda-chicas-de-fabrica-y-china-blue\/\">Joaqu\u00edn Beltr\u00e1n recomienda&#8230; &#8220;Chicas de f\u00e1brica&#8221; y &#8220;China blue&#8221;<\/a>. <em>Yuanfang Magazine<\/em>. Ideas. El experto recomienda. 02\/10\/2014<\/p>\n","protected":false},"excerpt":{"rendered":"<p>Joaqu\u00edn Beltr\u00e1n recomienda&#8230; &#8220;Chicas de f\u00e1brica&#8221; y &#8220;China blue&#8221;. Yuanfang Magazine. Ideas. El experto recomienda. 02\/10\/2014<\/p>\n","protected":false},"author":20,"featured_media":0,"parent":0,"menu_order":0,"comment_status":"closed","ping_status":"closed","template":"","meta":{"footnotes":""},"class_list":["post-224","page","type-page","status-publish","hentry"],"_links":{"self":[{"href":"https:\/\/webs.uab.cat\/joaquinbeltran\/wp-json\/wp\/v2\/pages\/224","targetHints":{"allow":["GET"]}}],"collection":[{"href":"https:\/\/webs.uab.cat\/joaquinbeltran\/wp-json\/wp\/v2\/pages"}],"about":[{"href":"https:\/\/webs.uab.cat\/joaquinbeltran\/wp-json\/wp\/v2\/types\/page"}],"author":[{"embeddable":true,"href":"https:\/\/webs.uab.cat\/joaquinbeltran\/wp-json\/wp\/v2\/users\/20"}],"replies":[{"embeddable":true,"href":"https:\/\/webs.uab.cat\/joaquinbeltran\/wp-json\/wp\/v2\/comments?post=224"}],"version-history":[{"count":0,"href":"https:\/\/webs.uab.cat\/joaquinbeltran\/wp-json\/wp\/v2\/pages\/224\/revisions"}],"wp:attachment":[{"href":"https:\/\/webs.uab.cat\/joaquinbeltran\/wp-json\/wp\/v2\/media?parent=224"}],"curies":[{"name":"wp","href":"https:\/\/api.w.org\/{rel}","templated":true}]}}