{"id":45,"date":"2009-05-08T11:22:32","date_gmt":"2009-05-08T11:22:32","guid":{"rendered":"https:\/\/webs.uab.cat\/joaquinbeltran\/docencia\/"},"modified":"2009-05-08T11:22:32","modified_gmt":"2009-05-08T11:22:32","slug":"docencia","status":"publish","type":"page","link":"https:\/\/webs.uab.cat\/joaquinbeltran\/docencia\/","title":{"rendered":"Docencia"},"content":{"rendered":"<p><strong>GRADO EN ESTUDIOS DE ASIA ORIENTAL (UAB) <br \/> <\/strong><a href=\"http:\/\/www.uab.cat\/guiesdocents\/2016-17\/g101529a2016-17iSPA.pdf\" target=\"_blank\" rel=\"noopener\">Migraci\u00f3n y di\u00e1sporas de Asia Oriental<\/a> <br \/> <a href=\"http:\/\/www.uab.cat\/guiesdocents\/2016-17\/g101530a2016-17iSPA.pdf\" target=\"_blank\" rel=\"noopener\">Estudios de casos de Pol\u00edtica y de Relaciones Internacionales de Asia Oriental<\/a> <br \/> <a href=\"http:\/\/www.uab.cat\/guiesdocents\/2016-17\/g101527a2016-17iSPA.pdf\" target=\"_blank\" rel=\"noopener\">Pol\u00edtica de Asia Oriental<\/a> <br \/> <a href=\"http:\/\/www.uab.cat\/guiesdocents\/2016-17\/g101525a2016-17iSPA.pdf\" target=\"_blank\" rel=\"noopener\">Sociedad de Asia Oriental <\/a><br \/> <a href=\"http:\/\/www.uab.cat\/guiesdocents\/2016-17\/g101576a2016-17iSPA.pdf\" target=\"_blank\" rel=\"noopener\">Introducci\u00f3n a la antropologia social y cultural<\/a> <br \/> Trabajo Fin de Grado<strong><br \/> <\/strong> <strong><br \/> <\/strong> <strong>LICENCIATURA EN ESTUDIOS DE ASIA ORIENTAL (UAB)<br \/> <\/strong>Seminari xin\u00e8s C <br \/> Las di\u00e1sporas de Asia Oriental <br \/> Sistema pol\u00edtico y sociedad de China <br \/> Sociedad y cultura en China contempor\u00e1nea <br \/> Introducci\u00f3n a la historia y sociedad contempor\u00e1neas (XIX-XX) de Asia-Pac\u00edfico: del colonialismo a la globalizaci\u00f3n <strong><br \/> <\/strong> <strong><br \/> <\/strong> <strong>LICENCIATURA EN ANTROPOLOGIA SOCIAL Y CULTURAL (UAB)<br \/> <\/strong>Etnolog\u00eda regional (antropolog\u00eda de China) <br \/> Antropolog\u00eda de las instituciones pol\u00edticas <br \/> Antropologia social y cultural <br \/> <strong><br \/> <\/strong> <strong>LICENCIATURA EN ESTUDIOS DE ASIA ORIENTAL (UOC)<\/strong> <strong><br \/> <\/strong> La presencia china en el mundo (UOC, 2004-2009) <br \/> Geograf\u00eda humana de Asia Oriental (UOC, 2003-2009) <br \/> <strong><br \/> <\/strong> <strong>LICENCIATURA EN HUMANIDADES (UPF)<\/strong> <strong><br \/> <\/strong> Historia de Extremo Oriente (UPF, 1996-1997) <strong><br \/> <\/strong> <strong><br \/> <\/strong><strong>M\u00c1STER<\/strong> <br \/> <a href=\"http:\/\/pagines.uab.cat\/joaquinbeltran\/sites\/pagines.uab.cat.joaquinbeltran\/files\/2011_Lu%20Xun-Folleto-C.pdf\" target=\"_blank\" rel=\"noopener\">I M\u00e1ster de Estudios Chinos<\/a> (2011-2012), M\u00e1ster propio de la Universidad del Pa\u00eds Vasco. &nbsp; &#8220;<strong>Globalizaci\u00f3n, identidad y migraci\u00f3n<\/strong>&#8221; (3 ECTS), en el M\u00f3dulo 2 &#8220;Pol\u00edtica y sociedad\u201d de M\u00e1ster de Investigaci\u00f3n sobre Asia Oriental contempor\u00e1nea (2007-2011), incorporado al <a href=\"http:\/\/pagines.uab.cat\/east_asian_studies\/es\" target=\"_blank\" rel=\"noopener\">M\u00e1ster de Traducci\u00f3n, Interpretaci\u00f3n y Estudios Interculturales<\/a>, y al <a href=\"http:\/\/murisd.es.tl\/\" target=\"_blank\" rel=\"noopener\">M\u00e1ster de Relaciones Internacionales, Seguridad y Desarrollo<\/a>de la UAB.<\/p>\n<p style=\"text-align: justify;\">&#8220;<strong>Econom\u00eda y cultura china. Sociolog\u00eda del consumo en China<\/strong>&#8221; (4 ECTS), en el M\u00f3dulo 1 \u201cUE-China. Cultura\u201d, del <a href=\"http:\/\/mastereuchina.uab.es\/index.html\" target=\"_blank\" rel=\"noopener\">M\u00e1ster UE-China: Cultura y econom\u00eda<\/a> de la UAB.<\/p>\n<p style=\"text-align: justify;\">\u201c<strong>Fundamentos del pensamiento de las ciencias sociales y humanidades<\/strong>\u201d (1 ECTS), en el M\u00f3dulo 1 &#8220;Disciplinas de referencia y bases metodol\u00f3gicas&#8221; del <a href=\"http:\/\/pagines.uab.cat\/east_asian_studies\/es\" target=\"_blank\" rel=\"noopener\">M\u00e1ster de Traducci\u00f3n, Interpretaci\u00f3n y Estudios Interculturales<\/a> de la UAB.<\/p>\n<p style=\"text-align: justify;\">\u201c<strong>An\u00e0lisi de casos: Xina<\/strong>\u201d, en la Diplomatura de Postgrau <a href=\"http:\/\/observatoricoberturaconflictes.uab.cat\/\" target=\"_blank\" rel=\"noopener\">La Comunicaci\u00f3 dels Conflictes i de la Pau \/ M\u00e1ster La Comunicaci\u00f3 dels Conflictes Internacionals Armats i els Socials<\/a> de la UAB.<\/p>\n<p style=\"text-align: justify;\">\u201c<strong>El empresariado de origen chino<\/strong>\u201d, en el <a href=\"http:\/\/pagines.uab.cat\/joaquinbeltran\/sites\/pagines.uab.cat.joaquinbeltran\/files\/2009_Postgrau%20Inmigracio%20UAB%202009tr\u00edpticCAT-1.pdf\" target=\"_blank\" rel=\"noopener\">M\u00f3dulo 2<\/a> \u201cMigraciones y mercado de trabajo\u201d del <a href=\"http:\/\/centresderecerca.uab.cat\/migracions\/\" target=\"_blank\" rel=\"noopener\">M\u00e1ster de Especializaci\u00f3n Interdisciplinario en Migraciones contempor\u00e1neas<\/a>, organizado por el Centre d\u2019Estudis i Recerca en Migraciones de la la Universitat Aut\u00f2noma de Barcelona&nbsp;(<a href=\"http:\/\/grupsderecerca.uab.cat\/gedime\/\" target=\"_blank\" rel=\"noopener\">GEDIME<\/a>, <a href=\"http:\/\/grupsderecerca.uab.cat\/emigra\/\" target=\"_blank\" rel=\"noopener\">EMIGRA<\/a>, <a href=\"http:\/\/www.migracom.com\/\" target=\"_blank\" rel=\"noopener\">MIGRACOM<\/a>, <a href=\"http:\/\/geografia.uab.es\/migracions\/cas\/index.htm\" target=\"_blank\" rel=\"noopener\">GRM<\/a>).<\/p>\n<p>\u201c<strong>Introducci\u00f3n a las culturas y los planteamientos de las comunidades inmigrantes, desde la salud mental-China<\/strong>\u201d, en el Curso de <a href=\"http:\/\/postgradoubsalutmental-migracion.com\/programa.html\" target=\"_blank\" rel=\"noopener\">Posgrado Salud Mental e Intervenciones Psicol\u00f3gicas con Inmigrantes, Refugiados y Minor\u00edas<\/a>, organizado por el Departamento de Personalidad, Evaluaci\u00f3n y Tratamiento Psicol\u00f3gico de la Facultad de Psicolog\u00eda de la Universidad de Barcelona. Facultad de Psicolog\u00eda de la UB. <\/p>\n<p> \u201c<strong>Antropolog\u00eda del ciudadano global. Perspectivas locales, translocales y transnacionales en la di\u00e1spora china<\/strong>\u201d. Ciclo de Seminarios del M\u00e1ster Universitario en Investigaci\u00f3n Etnogr\u00e1fica, Teor\u00eda Antropol\u00f3gica y Relaciones Interculturales del Departamento de Antropolog\u00eda Social y Cultural de la Universidad Aut\u00f2noma de Barcelona. 30 de marzo de 2011. <\/p>\n<p> \u201c<strong>Comunidades asi\u00e1ticas en Espa\u00f1a y en Catalu\u00f1a<\/strong>\u201d en el M\u00f3dulo 2 &#8220;Col\u2022lectius immigrants a Catalunya&#8221;, del <a href=\"http:\/\/pagines.uab.cat\/joaquinbeltran\/sites\/pagines.uab.cat.joaquinbeltran\/files\/2010_Postgrau%20Immigracio%20i%20acollida_triptic_2010.pdf\" target=\"_blank\" rel=\"noopener\">Postgrau en Immigraci\u00f3 i Acollida<\/a>, organizado por la Facultad de Filolog\u00eda. Departament de Ling\u00fc\u00edstica General de la Universitat de Barcelona. <\/p>\n<p> \u201c<strong>La di\u00e1spora china<\/strong>\u201d, <a href=\"http:\/\/pagines.uab.cat\/joaquinbeltran\/sites\/pagines.uab.cat.joaquinbeltran\/files\/2006_Seminari_IBEI_Beltran.pdf\" target=\"_blank\" rel=\"noopener\">Seminario<\/a> dentro del M\u00f3dulo Asia del M\u00e1ster de Relaciones Internacionales organizado por el IBEI CIDOB, Barcelona. <\/p>\n<p> \u201c<strong>Cultura i salut del col\u2022lectiu xin\u00e8s<\/strong>\u201d en la Diplomatura de <a href=\"http:\/\/pagines.uab.cat\/joaquinbeltran\/sites\/pagines.uab.cat.joaquinbeltran\/files\/2007_Diplomatura%20immigraci\u00f3.pdf\" target=\"_blank\" rel=\"noopener\">Postgrau Immigraci\u00f3, Interculturalitat i Salut<\/a>, organizado por la Fundaci\u00f3 Acad\u00e8mia de Ci\u00e8nces M\u00e8diques de Catalunya i Balears- Filial del Maresme y la Universitat de Girona, Hospital de Matar\u00f3. <a href=\"http:\/\/pagines.uab.cat\/joaquinbeltran\/sites\/pagines.uab.cat.joaquinbeltran\/files\/2009_Diplomatura%20Immigraci\u00f3%203\u00aa%20edici\u00f3.pdf\" target=\"_blank\" rel=\"noopener\">3a edici\u00f3n<\/a>, 2009. <\/p>\n<p> \u201c<strong>The Chinese diaspora. History, society and economy of a globalization process<\/strong>\u201d. Master Euroasian International Business, organizado por la Escola de Postgrau de la UAB, la Direcci\u00f3 General de Comer\u00e7 de la Generalitat de Catalunya y el Consorci de Promoci\u00f3 Comercial de Catalunya (COPCA), UAB. <\/p>\n<p> <strong>\u201cEconom\u00edas emergentes de Asia<\/strong>\u201d, en M\u00e1ster en Gesti\u00f3 d&#8217;Empreses Internacionals. &nbsp;C\u00e1mara de Comercio de Sabadell y UAB. <\/p>\n<p> \u201c<strong>Comunidades asi\u00e1ticas en Espa\u00f1a<\/strong>\u201d. Seminario en el Curso de Posgrado &#8220;Specialist in Euro-Asia Business Relations\u201d (SE-ABRE), organizado por la C\u00e1mara de Comercio de Barcelona, Universitat Aut\u00f2noma de Barcelona y de la Fundaci\u00f3 CIDOB. <\/p>\n<p> \u201c<strong>Econom\u00edas emergentes de Asia<\/strong>\u201d, en la Diplomatura de Posgrado en Comercio y Marketing Internacional. C\u00e1mara de Comercio de Terrassa. <\/p>\n<p> \u201c<strong>La comunidad china de Matar\u00f3<\/strong>\u201d, Postgrau Ciutadania: din\u00e0miques d&#8217;inclusi\u00f3 social, &nbsp;organizado por la Universitat de Girona. <\/p>\n<p> \u201c<strong>Introducci\u00f3n a la cultura china<\/strong>\u201d, en el M\u00f3dulo \u201cIntroducci\u00f3n a las culturas de origen de los inmigrantes\u201d del Curso de Posgrado de Psiquiatr\u00eda Transcultural, Servicio de Psiquiatr\u00eda del Hospital Vall d\u2019Hebron, Barcelona. <\/p>\n<p> \u201c<strong>Vamos a ver la enfermedad. Las representaciones y pr\u00e1cticas sociales y culturales de la salud y la enfermedad en China<\/strong>\u201d, en el Curso de Posgrado Las representaciones sociales y culturales de la salud y de la enfermedad en las sociedades en desarrollo, organizado por el Instituto de Salud Carlos III. Escuela Nacional de Sanidad, Madrid.<\/p>\n","protected":false},"excerpt":{"rendered":"<p>GRADO EN ESTUDIOS DE ASIA ORIENTAL (UAB) Migraci\u00f3n y di\u00e1sporas de Asia Oriental Estudios de casos de Pol\u00edtica y de Relaciones Internacionales de Asia Oriental Pol\u00edtica de Asia Oriental Sociedad de Asia Oriental Introducci\u00f3n a la antropologia social y cultural Trabajo Fin de Grado LICENCIATURA EN ESTUDIOS DE ASIA ORIENTAL (UAB) Seminari xin\u00e8s C Las [&hellip;]<\/p>\n","protected":false},"author":20,"featured_media":0,"parent":0,"menu_order":0,"comment_status":"closed","ping_status":"closed","template":"","meta":{"footnotes":""},"class_list":["post-45","page","type-page","status-publish","hentry"],"_links":{"self":[{"href":"https:\/\/webs.uab.cat\/joaquinbeltran\/wp-json\/wp\/v2\/pages\/45","targetHints":{"allow":["GET"]}}],"collection":[{"href":"https:\/\/webs.uab.cat\/joaquinbeltran\/wp-json\/wp\/v2\/pages"}],"about":[{"href":"https:\/\/webs.uab.cat\/joaquinbeltran\/wp-json\/wp\/v2\/types\/page"}],"author":[{"embeddable":true,"href":"https:\/\/webs.uab.cat\/joaquinbeltran\/wp-json\/wp\/v2\/users\/20"}],"replies":[{"embeddable":true,"href":"https:\/\/webs.uab.cat\/joaquinbeltran\/wp-json\/wp\/v2\/comments?post=45"}],"version-history":[{"count":0,"href":"https:\/\/webs.uab.cat\/joaquinbeltran\/wp-json\/wp\/v2\/pages\/45\/revisions"}],"wp:attachment":[{"href":"https:\/\/webs.uab.cat\/joaquinbeltran\/wp-json\/wp\/v2\/media?parent=45"}],"curies":[{"name":"wp","href":"https:\/\/api.w.org\/{rel}","templated":true}]}}