{"id":63,"date":"2010-01-19T11:15:40","date_gmt":"2010-01-19T11:15:40","guid":{"rendered":"https:\/\/webs.uab.cat\/joaquinbeltran\/publicaciones\/"},"modified":"2022-08-02T13:56:06","modified_gmt":"2022-08-02T13:56:06","slug":"publicaciones","status":"publish","type":"page","link":"https:\/\/webs.uab.cat\/joaquinbeltran\/publicaciones\/","title":{"rendered":"Publicaciones"},"content":{"rendered":"\n<p><a href=\"https:\/\/webs.uab.cat\/joaquinbeltran\/interculturalidad-y-orientalismo-0\/\" data-type=\"page\" data-id=\"159\" target=\"_blank\" rel=\"noreferrer noopener\">Interculturalidad y orientalismo<\/a><br><a href=\"https:\/\/webs.uab.cat\/joaquinbeltran\/diaspora-china-0\/\" data-type=\"page\" data-id=\"140\" target=\"_blank\" rel=\"noreferrer noopener\">Di\u00e1spora china<\/a><br><a href=\"https:\/\/webs.uab.cat\/joaquinbeltran\/migracion-china-en-espan-0\/\" data-type=\"page\" data-id=\"131\" target=\"_blank\" rel=\"noreferrer noopener\">Migraci\u00f3n china en Espa\u00f1a<\/a><br><a href=\"https:\/\/webs.uab.cat\/joaquinbeltran\/empresariado-y-transnacionalismo-asiatico-y-chino-en-espan-0\/\" data-type=\"page\" data-id=\"129\" target=\"_blank\" rel=\"noreferrer noopener\">Empresariado y transnacionalismo asi\u00e1tico y chino en Espa\u00f1a<\/a><br><a href=\"https:\/\/webs.uab.cat\/joaquinbeltran\/comunidades-y-diasporas-asiaticas-en-espan-0\/\" data-type=\"page\" data-id=\"126\" target=\"_blank\" rel=\"noreferrer noopener\">Comunidades y di\u00e1sporas asi\u00e1ticas en Espa\u00f1a<\/a><br><a href=\"https:\/\/webs.uab.cat\/joaquinbeltran\/sociedad-politica-cultura-geografia-de-china-y-de-asia\/\" data-type=\"page\" data-id=\"116\" target=\"_blank\" rel=\"noreferrer noopener\">Sociedad, pol\u00edtica, cultura, geograf\u00eda de China y de Asia<\/a><br><a href=\"https:\/\/webs.uab.cat\/joaquinbeltran\/identidad-etnicidad-diversidad-de-china\/\" data-type=\"page\" data-id=\"124\" target=\"_blank\" rel=\"noreferrer noopener\">Identidad, etnicidad, diversidad de China<\/a><br><a href=\"https:\/\/webs.uab.cat\/joaquinbeltran\/traducciones\/\" data-type=\"page\" data-id=\"76\" target=\"_blank\" rel=\"noreferrer noopener\">Traducciones<\/a><\/p>\n","protected":false},"excerpt":{"rendered":"<p>Interculturalidad y orientalismoDi\u00e1spora chinaMigraci\u00f3n china en Espa\u00f1aEmpresariado y transnacionalismo asi\u00e1tico y chino en Espa\u00f1aComunidades y di\u00e1sporas asi\u00e1ticas en Espa\u00f1aSociedad, pol\u00edtica, cultura, geograf\u00eda de China y de AsiaIdentidad, etnicidad, diversidad de ChinaTraducciones<\/p>\n","protected":false},"author":20,"featured_media":0,"parent":0,"menu_order":0,"comment_status":"closed","ping_status":"closed","template":"","meta":{"footnotes":""},"class_list":["post-63","page","type-page","status-publish","hentry"],"_links":{"self":[{"href":"https:\/\/webs.uab.cat\/joaquinbeltran\/wp-json\/wp\/v2\/pages\/63","targetHints":{"allow":["GET"]}}],"collection":[{"href":"https:\/\/webs.uab.cat\/joaquinbeltran\/wp-json\/wp\/v2\/pages"}],"about":[{"href":"https:\/\/webs.uab.cat\/joaquinbeltran\/wp-json\/wp\/v2\/types\/page"}],"author":[{"embeddable":true,"href":"https:\/\/webs.uab.cat\/joaquinbeltran\/wp-json\/wp\/v2\/users\/20"}],"replies":[{"embeddable":true,"href":"https:\/\/webs.uab.cat\/joaquinbeltran\/wp-json\/wp\/v2\/comments?post=63"}],"version-history":[{"count":1,"href":"https:\/\/webs.uab.cat\/joaquinbeltran\/wp-json\/wp\/v2\/pages\/63\/revisions"}],"predecessor-version":[{"id":696,"href":"https:\/\/webs.uab.cat\/joaquinbeltran\/wp-json\/wp\/v2\/pages\/63\/revisions\/696"}],"wp:attachment":[{"href":"https:\/\/webs.uab.cat\/joaquinbeltran\/wp-json\/wp\/v2\/media?parent=63"}],"curies":[{"name":"wp","href":"https:\/\/api.w.org\/{rel}","templated":true}]}}