{"id":64,"date":"2010-01-19T11:17:27","date_gmt":"2010-01-19T11:17:27","guid":{"rendered":"https:\/\/webs.uab.cat\/joaquinbeltran\/transferencia\/"},"modified":"2022-08-02T14:00:27","modified_gmt":"2022-08-02T14:00:27","slug":"transferencia","status":"publish","type":"page","link":"https:\/\/webs.uab.cat\/joaquinbeltran\/transferencia\/","title":{"rendered":"Transferencia"},"content":{"rendered":"\n<p><a href=\"https:\/\/webs.uab.cat\/joaquinbeltran\/participacion-y-entrevistas-en-television-0\/\" data-type=\"page\" data-id=\"82\">Televisi\u00f3n<br><\/a><a href=\"https:\/\/webs.uab.cat\/joaquinbeltran\/asesori-cortos-documentales-y-exposiciones-de-arte-0\/\" data-type=\"page\" data-id=\"86\">Asesor\u00eda<br><\/a><a href=\"https:\/\/webs.uab.cat\/joaquinbeltran\/conferencias-online-en-video\/\" data-type=\"page\" data-id=\"151\" target=\"_blank\" rel=\"noreferrer noopener\">Conferencias online en v\u00eddeo<br><\/a><a href=\"https:\/\/webs.uab.cat\/joaquinbeltran\/participacion-y-entrevistas-en-programas-de-radio-0\/\" data-type=\"page\" data-id=\"91\" target=\"_blank\" rel=\"noreferrer noopener\">Participaci\u00f3n y entrevistas en programas de radio<br><\/a><a href=\"https:\/\/webs.uab.cat\/joaquinbeltran\/entrevistas-en-periodicos-y-revistas-0\/\" data-type=\"page\" data-id=\"87\" target=\"_blank\" rel=\"noreferrer noopener\">Entrevistas en peri\u00f3dicos y revistas<\/a><br><a href=\"https:\/\/webs.uab.cat\/joaquinbeltran\/articulos-de-periodicos-0\/\" data-type=\"page\" data-id=\"85\" target=\"_blank\" rel=\"noreferrer noopener\">Art\u00edculos de peri\u00f3dico<\/a><br><a href=\"https:\/\/webs.uab.cat\/joaquinbeltran\/wikipedia\/\" data-type=\"page\" data-id=\"152\" target=\"_blank\" rel=\"noreferrer noopener\">Wikipedia<\/a><\/p>\n","protected":false},"excerpt":{"rendered":"<p>Televisi\u00f3nAsesor\u00edaConferencias online en v\u00eddeoParticipaci\u00f3n y entrevistas en programas de radioEntrevistas en peri\u00f3dicos y revistasArt\u00edculos de peri\u00f3dicoWikipedia<\/p>\n","protected":false},"author":20,"featured_media":0,"parent":0,"menu_order":0,"comment_status":"closed","ping_status":"closed","template":"","meta":{"footnotes":""},"class_list":["post-64","page","type-page","status-publish","hentry"],"_links":{"self":[{"href":"https:\/\/webs.uab.cat\/joaquinbeltran\/wp-json\/wp\/v2\/pages\/64","targetHints":{"allow":["GET"]}}],"collection":[{"href":"https:\/\/webs.uab.cat\/joaquinbeltran\/wp-json\/wp\/v2\/pages"}],"about":[{"href":"https:\/\/webs.uab.cat\/joaquinbeltran\/wp-json\/wp\/v2\/types\/page"}],"author":[{"embeddable":true,"href":"https:\/\/webs.uab.cat\/joaquinbeltran\/wp-json\/wp\/v2\/users\/20"}],"replies":[{"embeddable":true,"href":"https:\/\/webs.uab.cat\/joaquinbeltran\/wp-json\/wp\/v2\/comments?post=64"}],"version-history":[{"count":1,"href":"https:\/\/webs.uab.cat\/joaquinbeltran\/wp-json\/wp\/v2\/pages\/64\/revisions"}],"predecessor-version":[{"id":704,"href":"https:\/\/webs.uab.cat\/joaquinbeltran\/wp-json\/wp\/v2\/pages\/64\/revisions\/704"}],"wp:attachment":[{"href":"https:\/\/webs.uab.cat\/joaquinbeltran\/wp-json\/wp\/v2\/media?parent=64"}],"curies":[{"name":"wp","href":"https:\/\/api.w.org\/{rel}","templated":true}]}}