{"id":80,"date":"2012-03-05T14:24:44","date_gmt":"2012-03-05T14:24:44","guid":{"rendered":"https:\/\/webs.uab.cat\/joaquinbeltran\/investigacion\/"},"modified":"2022-08-02T13:45:14","modified_gmt":"2022-08-02T13:45:14","slug":"investigacion","status":"publish","type":"page","link":"https:\/\/webs.uab.cat\/joaquinbeltran\/investigacion\/","title":{"rendered":"Investigaci\u00f3n"},"content":{"rendered":"\n<p><a href=\"https:\/\/webs.uab.cat\/joaquinbeltran\/proyectos-de-investigacion\/\" data-type=\"page\" data-id=\"165\" target=\"_blank\" rel=\"noreferrer noopener\">Proyectos de investigaci\u00f3n<br><\/a><span style=\"line-height: 20px;\"><a href=\"https:\/\/webs.uab.cat\/joaquinbeltran\/miembro-de-comites-cientificos-de-congresos\/\" data-type=\"page\" data-id=\"176\" target=\"_blank\" rel=\"noreferrer noopener\">Congresos<br><\/a><a href=\"https:\/\/webs.uab.cat\/joaquinbeltran\/direccion-de-trabajos-de-investigacion-de-master\/\" data-type=\"page\" data-id=\"79\" target=\"_blank\" rel=\"noreferrer noopener\">Direcci\u00f3n de trabajos de investigaci\u00f3n de m\u00e1ster<br><\/a><a href=\"https:\/\/webs.uab.cat\/joaquinbeltran\/direccion-de-tesis-doctorales-0\/\" data-type=\"page\" data-id=\"83\" target=\"_blank\" rel=\"noreferrer noopener\">Direcci\u00f3n de tesis doctorales<br><\/a><\/span><a href=\"https:\/\/webs.uab.cat\/joaquinbeltran\/puestos-en-editoriales\/\" data-type=\"page\" data-id=\"166\" target=\"_blank\" rel=\"noreferrer noopener\">Puestos en editoriales<br><\/a><a href=\"https:\/\/webs.uab.cat\/joaquinbeltran\/miembro-de-comites-cientificos-de-congresos\/\" data-type=\"page\" data-id=\"176\" target=\"_blank\" rel=\"noreferrer noopener\">Miembro de comit\u00e9s cient\u00edficos de congresos<br><\/a><a href=\"https:\/\/webs.uab.cat\/joaquinbeltran\/organizacion-de-seminarios-talleres-y-jornadas-internacionales-ciclos-de-conferencias\/\" data-type=\"page\" data-id=\"177\" target=\"_blank\" rel=\"noreferrer noopener\">Organizaci\u00f3n de seminarios, talleres y jornadas internacionales, ciclos de conferencias<br><\/a><a href=\"https:\/\/webs.uab.cat\/joaquinbeltran\/moderador-mesas-redondas-presentaciones-de-libros-y-cine\/\" data-type=\"page\" data-id=\"167\" target=\"_blank\" rel=\"noreferrer noopener\">Moderador, mesas redondas, presentaciones de libros y cine<\/a><\/p>\n","protected":false},"excerpt":{"rendered":"<p>Proyectos de investigaci\u00f3nCongresosDirecci\u00f3n de trabajos de investigaci\u00f3n de m\u00e1sterDirecci\u00f3n de tesis doctoralesPuestos en editorialesMiembro de comit\u00e9s cient\u00edficos de congresosOrganizaci\u00f3n de seminarios, talleres y jornadas internacionales, ciclos de conferenciasModerador, mesas redondas, presentaciones de libros y cine<\/p>\n","protected":false},"author":20,"featured_media":0,"parent":0,"menu_order":0,"comment_status":"closed","ping_status":"closed","template":"","meta":{"footnotes":""},"class_list":["post-80","page","type-page","status-publish","hentry"],"_links":{"self":[{"href":"https:\/\/webs.uab.cat\/joaquinbeltran\/wp-json\/wp\/v2\/pages\/80","targetHints":{"allow":["GET"]}}],"collection":[{"href":"https:\/\/webs.uab.cat\/joaquinbeltran\/wp-json\/wp\/v2\/pages"}],"about":[{"href":"https:\/\/webs.uab.cat\/joaquinbeltran\/wp-json\/wp\/v2\/types\/page"}],"author":[{"embeddable":true,"href":"https:\/\/webs.uab.cat\/joaquinbeltran\/wp-json\/wp\/v2\/users\/20"}],"replies":[{"embeddable":true,"href":"https:\/\/webs.uab.cat\/joaquinbeltran\/wp-json\/wp\/v2\/comments?post=80"}],"version-history":[{"count":1,"href":"https:\/\/webs.uab.cat\/joaquinbeltran\/wp-json\/wp\/v2\/pages\/80\/revisions"}],"predecessor-version":[{"id":689,"href":"https:\/\/webs.uab.cat\/joaquinbeltran\/wp-json\/wp\/v2\/pages\/80\/revisions\/689"}],"wp:attachment":[{"href":"https:\/\/webs.uab.cat\/joaquinbeltran\/wp-json\/wp\/v2\/media?parent=80"}],"curies":[{"name":"wp","href":"https:\/\/api.w.org\/{rel}","templated":true}]}}