{"id":364,"date":"2012-06-19T20:22:22","date_gmt":"2012-06-19T20:22:22","guid":{"rendered":"https:\/\/blogcienciesnaturals.wordpress.com\/?page_id=364"},"modified":"2024-08-17T20:26:04","modified_gmt":"2024-08-17T18:26:04","slug":"sobre-mi","status":"publish","type":"page","link":"https:\/\/webs.uab.cat\/jordidomenech\/sobre-mi\/","title":{"rendered":"Sobre mi"},"content":{"rendered":"<div class=\"wp-block-image\">\n<figure class=\"alignleft size-large is-resized\"><a href=\"https:\/\/webs.uab.cat\/jordidomenech\/wp-content\/uploads\/sites\/524\/2021\/05\/foto.jpg\"><img loading=\"lazy\" decoding=\"async\" width=\"155\" height=\"155\" src=\"https:\/\/webs.uab.cat\/jordidomenech\/wp-content\/uploads\/sites\/524\/2021\/05\/foto.jpg?w=155\" alt=\"\" class=\"wp-image-2413\" style=\"width:206px;height:206px\" srcset=\"https:\/\/webs.uab.cat\/jordidomenech\/wp-content\/uploads\/sites\/524\/2021\/05\/foto.jpg 155w, https:\/\/webs.uab.cat\/jordidomenech\/wp-content\/uploads\/sites\/524\/2021\/05\/foto-150x150.jpg 150w\" sizes=\"auto, (max-width: 155px) 100vw, 155px\" \/><\/a><\/figure>\n<\/div>\n\n<p style=\"text-align: justify\">Em dic Jordi Dom\u00e8nech.<\/p>\n<p style=\"text-align: justify\">S\u00f3c <em>Homo sapiens<\/em> des del 1976 i <em>profe de secund\u00e0ria<\/em> des del 2008.\u00a0 Treballo a l&#8217; <a href=\"https:\/\/agora.xtec.cat\/institutgranollers\/\" target=\"_blank\" rel=\"noopener\">INS Marta Estrada de Granollers<\/a> (2015) i s\u00f3c professor associat <a href=\"https:\/\/www.uab.cat\/web\/departament-de-didactica-de-la-matematica-i-de-les-ciencies-experimentals-1244458467047.html\" target=\"_blank\" rel=\"noopener\">al Departament<span style=\"color: var(--color-text)\">\u00a0<\/span><\/a><span style=\"color: var(--color-text)\"><a href=\"https:\/\/www.uab.cat\/web\/departament-de-didactica-de-la-matematica-i-de-les-ciencies-experimentals-1244458467047.html\" target=\"_blank\" rel=\"noopener\">de Did\u00e0ctica de les Matem\u00e0tiques i les Ci\u00e8ncies Experimentals a la UAB<\/a>\u00a0(2016). He compaginat alguns cursos aquestes ocupacions amb la de t\u00e8cnic docent als serveis d&#8217;Innovaci\u00f3 (Pla STEAMCat) i Llengua i Pluriling\u00fcisme del Departament d&#8217;Educaci\u00f3.<\/span><\/p>\n<p style=\"text-align: justify\">S\u00f3c doctor en Biologia i llicenciat en Humanitats. He transitat habitualment per les <em>natus<\/em> de 1 er, 2on i 3er ESO, i la Bio i Geo i F\u00eds Qui de 4t ESO, amb algun volt idiom\u00e0tic i\/o matem\u00e0tic. M&#8217;interessen diverses metodologies did\u00e0ctiques (indagaci\u00f3 en les ci\u00e8ncies, treball per projectes, avaluaci\u00f3 i llegir-parlar-escriure-aprendre). Tamb\u00e9 jo em vaig enlluernar amb l&#8217;onada TIC i estic purgant els meus pecats. No estic satisfet amb com funciona l&#8217;educaci\u00f3 i m&#8217;empesco el que puc per canviar-ho.<\/p>\n<p style=\"text-align: justify\">En cap\u00edtols anteriors, he estat (no per aquest ordre, i sovint de manera amateur) int\u00e8rpret, cambrer, hap-ki-d\u00f3-ka, miny\u00f3 escolta, editor web, ni-ni, divulgador cient\u00edfic, melenut, subtitulador, investigador en gen\u00e8tica, hippy, jugador de rugbi i redactor. Algunes d&#8217;aquestes coses procuro aplicar-les a la meva feina. D&#8217;altres no.<\/p>\n<p style=\"text-align: justify\">En cap\u00edtols actuals faig altres coses que s\u00ed que procuro aplicar a la meva feina: aprenc al <a href=\"https:\/\/grupliec.com\/\" target=\"_blank\" rel=\"noopener\">grup LIEC de la UAB<\/a> , comparteixo a l&#8217;<a href=\"http:\/\/eduwikilab.wordpress.com\/\" target=\"_blank\" rel=\"noopener\">EduWikiLab<\/a> i el <a href=\"http:\/\/www.betacamp.cat\/\" target=\"_blank\" rel=\"noopener\">betacamp<\/a> i m&#8217;implico en els projectes <a href=\"https:\/\/projecteindcomp.wordpress.com\/\" target=\"_blank\" rel=\"noopener\">IndComp<\/a> i <a href=\"https:\/\/sites.google.com\/a\/xtec.cat\/c3\/home\" target=\"_blank\" rel=\"noopener\">Projecte C3<\/a>.\u00a0He anat reunint diverses activitats de 1er a 4rt d&#8217;ESO (algunes d&#8217;elles sospito que s\u00f3n ABP) en un recull, per si s\u00f3n \u00fatils, que he anomenat <a href=\"https:\/\/sites.google.com\/site\/projectantciencieseso\/\" target=\"_blank\" rel=\"noopener\">Projectant Ci\u00e8ncies a l&#8217;ESO<\/a>.<\/p>\n<p><span style=\"font-weight: 400\">En aquesta web trobar\u00e0s dos blogs:<\/span><\/p>\n<p>Pupitrel\u00e0ndia: <span style=\"font-weight: 400\">\u00a0Aquest \u00e9s un blog on divago sobre temes educatius. \u00c9s una p\u00e0gina d\u2019un profe per a profes. El blog va comen\u00e7ar com un blog de recursos, i ha anat derivant com un espai de reflexi\u00f3. Aix\u00f2 fa que s\u2019hi trobin coses d\u2019etapes molt diverses, sovint contradict\u00f2ries entre elles, per\u00f2 em sembla un exercici interessant conservar tamb\u00e9 visibles les coses que ara no diria o faria.<\/span><\/p>\n<p>ePortfolio: On vaig compartint de manera m\u00e9s sistem\u00e0tica i formal els recursos o experi\u00e8ncies que crec que val la pena compartir del que vaig fent.<\/p>\n\n\n<p><\/p>\n","protected":false},"excerpt":{"rendered":"<p>Em dic Jordi Dom\u00e8nech. S\u00f3c Homo sapiens des del 1976 i profe de secund\u00e0ria des del 2008.\u00a0 Treballo a l&#8217; INS Marta Estrada de Granollers (2015) i s\u00f3c professor associat al Departament\u00a0de Did\u00e0ctica de les Matem\u00e0tiques i les Ci\u00e8ncies Experimentals a la UAB\u00a0(2016). He compaginat alguns cursos aquestes ocupacions amb la de t\u00e8cnic docent als [&hellip;]<\/p>\n","protected":false},"author":2840,"featured_media":0,"parent":0,"menu_order":0,"comment_status":"closed","ping_status":"open","template":"","meta":{"footnotes":""},"class_list":["post-364","page","type-page","status-publish","hentry"],"_links":{"self":[{"href":"https:\/\/webs.uab.cat\/jordidomenech\/wp-json\/wp\/v2\/pages\/364","targetHints":{"allow":["GET"]}}],"collection":[{"href":"https:\/\/webs.uab.cat\/jordidomenech\/wp-json\/wp\/v2\/pages"}],"about":[{"href":"https:\/\/webs.uab.cat\/jordidomenech\/wp-json\/wp\/v2\/types\/page"}],"author":[{"embeddable":true,"href":"https:\/\/webs.uab.cat\/jordidomenech\/wp-json\/wp\/v2\/users\/2840"}],"replies":[{"embeddable":true,"href":"https:\/\/webs.uab.cat\/jordidomenech\/wp-json\/wp\/v2\/comments?post=364"}],"version-history":[{"count":2,"href":"https:\/\/webs.uab.cat\/jordidomenech\/wp-json\/wp\/v2\/pages\/364\/revisions"}],"predecessor-version":[{"id":4584,"href":"https:\/\/webs.uab.cat\/jordidomenech\/wp-json\/wp\/v2\/pages\/364\/revisions\/4584"}],"wp:attachment":[{"href":"https:\/\/webs.uab.cat\/jordidomenech\/wp-json\/wp\/v2\/media?parent=364"}],"curies":[{"name":"wp","href":"https:\/\/api.w.org\/{rel}","templated":true}]}}