{"id":1009,"date":"2025-06-18T15:39:03","date_gmt":"2025-06-18T13:39:03","guid":{"rendered":"https:\/\/webs.uab.cat\/jornadas-cau\/?page_id=1009"},"modified":"2025-06-18T15:43:01","modified_gmt":"2025-06-18T13:43:01","slug":"ariadna-morente-pages","status":"publish","type":"page","link":"https:\/\/webs.uab.cat\/jornadas-cau\/ca\/ariadna-morente-pages\/","title":{"rendered":"Ariadna Morente Pag\u00e8s"},"content":{"rendered":"\n<p><strong>Coordinadora de formaci\u00f3 cont\u00ednua a l&#8217;Escola FUAB Formaci\u00f3 de la Universitat Aut\u00f2noma de Barcelona<\/strong><\/p>\n\n\n\n<p>M\u00e0ster en Arxiv\u00edstica i Gesti\u00f3 de Documents per l\u2019ESAGED de la Universitat Aut\u00f2noma de Barcelona. Des del 2021 \u00e9s Coordinadora de formaci\u00f3 cont\u00ednua a l\u2019ESAGED, on s\u2019encarrega d\u2019elaborar les propostes formatives en l\u2019\u00e0mbit de l\u2019arxiv\u00edstica i la gesti\u00f3 documental. Tamb\u00e9 imparteix doc\u00e8ncia i realitza consultories. Des del 2024 ocupa el c\u00e0rrec de Coordinadora de Formaci\u00f3 Permanent a l\u2019Escola FUAB Formaci\u00f3, on s\u2019encarrega de la presa de decisions estrat\u00e8giques, aix\u00ed com de la innovaci\u00f3 docent i la implantaci\u00f3 del Pla de Microcredencials a la instituci\u00f3.<\/p>\n\n\n\n<p><\/p>\n","protected":false},"excerpt":{"rendered":"<p>Coordinadora de formaci\u00f3 cont\u00ednua a l&#8217;Escola FUAB Formaci\u00f3 de la Universitat Aut\u00f2noma de Barcelona M\u00e0ster en Arxiv\u00edstica i Gesti\u00f3 de Documents per l\u2019ESAGED de la Universitat Aut\u00f2noma de Barcelona. Des del 2021 \u00e9s Coordinadora de formaci\u00f3 cont\u00ednua a l\u2019ESAGED, on s\u2019encarrega d\u2019elaborar les propostes formatives en l\u2019\u00e0mbit de l\u2019arxiv\u00edstica i la gesti\u00f3 documental. Tamb\u00e9 imparteix [&hellip;]<\/p>\n","protected":false},"author":3028,"featured_media":0,"parent":0,"menu_order":0,"comment_status":"closed","ping_status":"closed","template":"","meta":{"footnotes":""},"class_list":["post-1009","page","type-page","status-publish","hentry"],"_links":{"self":[{"href":"https:\/\/webs.uab.cat\/jornadas-cau\/ca\/wp-json\/wp\/v2\/pages\/1009","targetHints":{"allow":["GET"]}}],"collection":[{"href":"https:\/\/webs.uab.cat\/jornadas-cau\/ca\/wp-json\/wp\/v2\/pages"}],"about":[{"href":"https:\/\/webs.uab.cat\/jornadas-cau\/ca\/wp-json\/wp\/v2\/types\/page"}],"author":[{"embeddable":true,"href":"https:\/\/webs.uab.cat\/jornadas-cau\/ca\/wp-json\/wp\/v2\/users\/3028"}],"replies":[{"embeddable":true,"href":"https:\/\/webs.uab.cat\/jornadas-cau\/ca\/wp-json\/wp\/v2\/comments?post=1009"}],"version-history":[{"count":2,"href":"https:\/\/webs.uab.cat\/jornadas-cau\/ca\/wp-json\/wp\/v2\/pages\/1009\/revisions"}],"predecessor-version":[{"id":1014,"href":"https:\/\/webs.uab.cat\/jornadas-cau\/ca\/wp-json\/wp\/v2\/pages\/1009\/revisions\/1014"}],"wp:attachment":[{"href":"https:\/\/webs.uab.cat\/jornadas-cau\/ca\/wp-json\/wp\/v2\/media?parent=1009"}],"curies":[{"name":"wp","href":"https:\/\/api.w.org\/{rel}","templated":true}]}}