{"id":1016,"date":"2025-06-18T09:20:00","date_gmt":"2025-06-18T07:20:00","guid":{"rendered":"https:\/\/webs.uab.cat\/jornadas-cau\/ruth-e-bryan\/"},"modified":"2025-06-18T09:20:00","modified_gmt":"2025-06-18T07:20:00","slug":"ruth-e-bryan","status":"publish","type":"page","link":"https:\/\/webs.uab.cat\/jornadas-cau\/ca\/ruth-e-bryan\/","title":{"rendered":"Ruth E. Bryan"},"content":{"rendered":"\n<p><strong>Arxivera del Centre de Recerca de Col\u00b7leccions Especials de les Biblioteques de la Universitat de Kentucky, Lexington, EUA<\/strong><\/p>\n\n\n\n<p>Ruth E. Bryan \u00e9s Arxivera Certificada i Arxivera Universit\u00e0ria al Centre de Recerca de Col\u00b7leccions Especials de les Biblioteques de la Universitat de Kentucky, a Lexington, Estats Units. Lidera les relacions amb donants, la valoraci\u00f3 arxiv\u00edstica, la gesti\u00f3 de col\u00b7leccions i els serveis p\u00fablics i de divulgaci\u00f3 relacionats amb els registres de la universitat i les col\u00b7leccions associades. <\/p>\n\n\n\n<p><\/p>\n","protected":false},"excerpt":{"rendered":"<p>Arxivera del Centre de Recerca de Col\u00b7leccions Especials de les Biblioteques de la Universitat de Kentucky, Lexington, EUA Ruth E. Bryan \u00e9s Arxivera Certificada i Arxivera Universit\u00e0ria al Centre de Recerca de Col\u00b7leccions Especials de les Biblioteques de la Universitat de Kentucky, a Lexington, Estats Units. Lidera les relacions amb donants, la valoraci\u00f3 arxiv\u00edstica, la [&hellip;]<\/p>\n","protected":false},"author":3028,"featured_media":0,"parent":0,"menu_order":0,"comment_status":"closed","ping_status":"closed","template":"","meta":{"footnotes":""},"class_list":["post-1016","page","type-page","status-publish","hentry"],"_links":{"self":[{"href":"https:\/\/webs.uab.cat\/jornadas-cau\/ca\/wp-json\/wp\/v2\/pages\/1016","targetHints":{"allow":["GET"]}}],"collection":[{"href":"https:\/\/webs.uab.cat\/jornadas-cau\/ca\/wp-json\/wp\/v2\/pages"}],"about":[{"href":"https:\/\/webs.uab.cat\/jornadas-cau\/ca\/wp-json\/wp\/v2\/types\/page"}],"author":[{"embeddable":true,"href":"https:\/\/webs.uab.cat\/jornadas-cau\/ca\/wp-json\/wp\/v2\/users\/3028"}],"replies":[{"embeddable":true,"href":"https:\/\/webs.uab.cat\/jornadas-cau\/ca\/wp-json\/wp\/v2\/comments?post=1016"}],"version-history":[{"count":0,"href":"https:\/\/webs.uab.cat\/jornadas-cau\/ca\/wp-json\/wp\/v2\/pages\/1016\/revisions"}],"wp:attachment":[{"href":"https:\/\/webs.uab.cat\/jornadas-cau\/ca\/wp-json\/wp\/v2\/media?parent=1016"}],"curies":[{"name":"wp","href":"https:\/\/api.w.org\/{rel}","templated":true}]}}