{"id":1022,"date":"2025-06-18T15:51:49","date_gmt":"2025-06-18T13:51:49","guid":{"rendered":"https:\/\/webs.uab.cat\/jornadas-cau\/?page_id=1022"},"modified":"2025-06-18T15:51:50","modified_gmt":"2025-06-18T13:51:50","slug":"ruth-e-bryan-2","status":"publish","type":"page","link":"https:\/\/webs.uab.cat\/jornadas-cau\/ca\/ruth-e-bryan-2\/","title":{"rendered":"Ruth E. Bryan"},"content":{"rendered":"\n<p><strong>Arxivera Universit\u00e0ria a les Biblioteques de la Universitat de Kentucky, al\u00a0<em>Special Collections Research Center<\/em>\u00a0de Lexington, KY, EUA<\/strong><\/p>\n\n\n\n<p>Ruth E. Bryan, arxivera certificada, \u00e9s l\u2019Arxivera Universit\u00e0ria a les Biblioteques de la Universitat de Kentucky, al\u00a0<em>Special Collections Research Center<\/em>\u00a0de Lexington, KY, EUA. Lidera les relacions amb donants, la valoraci\u00f3 arxiv\u00edstica, la gesti\u00f3 de col\u00b7leccions i els serveis p\u00fablics i de divulgaci\u00f3 relacionats amb els registres de la Universitat de Kentucky i les col\u00b7leccions associades.<\/p>\n","protected":false},"excerpt":{"rendered":"<p>Arxivera Universit\u00e0ria a les Biblioteques de la Universitat de Kentucky, al\u00a0Special Collections Research Center\u00a0de Lexington, KY, EUA Ruth E. Bryan, arxivera certificada, \u00e9s l\u2019Arxivera Universit\u00e0ria a les Biblioteques de la Universitat de Kentucky, al\u00a0Special Collections Research Center\u00a0de Lexington, KY, EUA. Lidera les relacions amb donants, la valoraci\u00f3 arxiv\u00edstica, la gesti\u00f3 de col\u00b7leccions i els serveis [&hellip;]<\/p>\n","protected":false},"author":3028,"featured_media":0,"parent":0,"menu_order":0,"comment_status":"closed","ping_status":"closed","template":"","meta":{"footnotes":""},"class_list":["post-1022","page","type-page","status-publish","hentry"],"_links":{"self":[{"href":"https:\/\/webs.uab.cat\/jornadas-cau\/ca\/wp-json\/wp\/v2\/pages\/1022","targetHints":{"allow":["GET"]}}],"collection":[{"href":"https:\/\/webs.uab.cat\/jornadas-cau\/ca\/wp-json\/wp\/v2\/pages"}],"about":[{"href":"https:\/\/webs.uab.cat\/jornadas-cau\/ca\/wp-json\/wp\/v2\/types\/page"}],"author":[{"embeddable":true,"href":"https:\/\/webs.uab.cat\/jornadas-cau\/ca\/wp-json\/wp\/v2\/users\/3028"}],"replies":[{"embeddable":true,"href":"https:\/\/webs.uab.cat\/jornadas-cau\/ca\/wp-json\/wp\/v2\/comments?post=1022"}],"version-history":[{"count":1,"href":"https:\/\/webs.uab.cat\/jornadas-cau\/ca\/wp-json\/wp\/v2\/pages\/1022\/revisions"}],"predecessor-version":[{"id":1023,"href":"https:\/\/webs.uab.cat\/jornadas-cau\/ca\/wp-json\/wp\/v2\/pages\/1022\/revisions\/1023"}],"wp:attachment":[{"href":"https:\/\/webs.uab.cat\/jornadas-cau\/ca\/wp-json\/wp\/v2\/media?parent=1022"}],"curies":[{"name":"wp","href":"https:\/\/api.w.org\/{rel}","templated":true}]}}