{"id":1394,"date":"2025-09-12T13:35:55","date_gmt":"2025-09-12T11:35:55","guid":{"rendered":"https:\/\/webs.uab.cat\/jornadas-cau\/lucia-yalla\/"},"modified":"2025-09-12T13:35:55","modified_gmt":"2025-09-12T11:35:55","slug":"lucia-yalla","status":"publish","type":"page","link":"https:\/\/webs.uab.cat\/jornadas-cau\/ca\/lucia-yalla\/","title":{"rendered":"Lucia Yalla"},"content":{"rendered":"\n<p><strong>Directora Interina de Biblioteca, Arxius i Exposicions al Centre Ellen Johnson Sirleaf per a la Dona i el Desenvolupament<\/strong><\/p>\n\n\n\n<p>Lucia Yalla \u00e9s la Directora Interina de Biblioteca, Arxius i Exposicions al Centre Ellen Johnson Sirleaf per a la Dona i el Desenvolupament, i \u00e9s responsable de supervisar el proc\u00e9s d\u2019adquisici\u00f3 d\u2019arxius al Centre per a la Dona i el Desenvolupament. La Lucia t\u00e9 un M\u00e0ster en Estudis de la Dona i de G\u00e8nere per Eastern Michigan University (EUA) i una Llicenciatura en Ci\u00e8ncies en Agricultura per la Universitat de Lib\u00e8ria. <\/p>\n","protected":false},"excerpt":{"rendered":"<p>Directora Interina de Biblioteca, Arxius i Exposicions al Centre Ellen Johnson Sirleaf per a la Dona i el Desenvolupament Lucia Yalla \u00e9s la Directora Interina de Biblioteca, Arxius i Exposicions al Centre Ellen Johnson Sirleaf per a la Dona i el Desenvolupament, i \u00e9s responsable de supervisar el proc\u00e9s d\u2019adquisici\u00f3 d\u2019arxius al Centre per a [&hellip;]<\/p>\n","protected":false},"author":3028,"featured_media":0,"parent":0,"menu_order":0,"comment_status":"closed","ping_status":"closed","template":"","meta":{"footnotes":""},"class_list":["post-1394","page","type-page","status-publish","hentry"],"_links":{"self":[{"href":"https:\/\/webs.uab.cat\/jornadas-cau\/ca\/wp-json\/wp\/v2\/pages\/1394","targetHints":{"allow":["GET"]}}],"collection":[{"href":"https:\/\/webs.uab.cat\/jornadas-cau\/ca\/wp-json\/wp\/v2\/pages"}],"about":[{"href":"https:\/\/webs.uab.cat\/jornadas-cau\/ca\/wp-json\/wp\/v2\/types\/page"}],"author":[{"embeddable":true,"href":"https:\/\/webs.uab.cat\/jornadas-cau\/ca\/wp-json\/wp\/v2\/users\/3028"}],"replies":[{"embeddable":true,"href":"https:\/\/webs.uab.cat\/jornadas-cau\/ca\/wp-json\/wp\/v2\/comments?post=1394"}],"version-history":[{"count":0,"href":"https:\/\/webs.uab.cat\/jornadas-cau\/ca\/wp-json\/wp\/v2\/pages\/1394\/revisions"}],"wp:attachment":[{"href":"https:\/\/webs.uab.cat\/jornadas-cau\/ca\/wp-json\/wp\/v2\/media?parent=1394"}],"curies":[{"name":"wp","href":"https:\/\/api.w.org\/{rel}","templated":true}]}}