{"id":391,"date":"2025-01-21T16:29:25","date_gmt":"2025-01-21T14:29:25","guid":{"rendered":"https:\/\/webs.uab.cat\/jornadas-cau\/programa\/"},"modified":"2025-10-24T08:27:56","modified_gmt":"2025-10-24T06:27:56","slug":"programa","status":"publish","type":"page","link":"https:\/\/webs.uab.cat\/jornadas-cau\/ca\/programa\/","title":{"rendered":"Programa"},"content":{"rendered":"\n<h2 class=\"wp-block-heading\"><strong>Dilluns, 27 d\u2019octubre<\/strong><\/h2>\n\n\n\n<p><strong>09:00-09:30 Acreditacions<\/strong><br><strong>09:30-09:45 Obertura \u2013 Benvinguda<\/strong><\/p>\n\n\n\n<p><strong>09:45-11:00 Primera sessi\u00f3: &#8220;Arxius Universitaris i els Objectius de Desenvolupament Sostenible: Arxius en l\u2019Educaci\u00f3 i l\u2019Ensenyament&#8221;<\/strong><\/p>\n\n\n\n<ul class=\"wp-block-list\">\n<li><strong><a href=\"https:\/\/webs.uab.cat\/jornadas-cau\/ca\/ines-irurita-hernandez\/\" data-type=\"link\" data-id=\"https:\/\/webs.uab.cat\/jornadas-cau\/ca\/ines-irurita-hernandez\/\" target=\"_blank\" rel=\"noreferrer noopener\">In\u00e9s Irurita Hern\u00e1ndez<\/a><\/strong>, Sotsdirectora de l&#8217;Arxiu General de la Universitat de Navarra, Espanya \u2013 <em>&#8220;<a href=\"https:\/\/webs.uab.cat\/jornadas-cau\/ca\/com-contribuir-a-la-formacio-de-ciutadans-des-dels-arxius-lexperiencia-de-larxiu-general-de-la-universitat-de-navarra\/\" data-type=\"link\" data-id=\"https:\/\/webs.uab.cat\/jornadas-cau\/ca\/com-contribuir-a-la-formacio-de-ciutadans-des-dels-arxius-lexperiencia-de-larxiu-general-de-la-universitat-de-navarra\/\" target=\"_blank\" rel=\"noreferrer noopener\">Com contribuir a la formaci\u00f3 de ciutadans des dels arxius: L\u2019experi\u00e8ncia de l&#8217;Arxiu General de la Universitat de Navarra<\/a>&#8220;<\/em><\/li>\n\n\n\n<li><strong><a href=\"https:\/\/webs.uab.cat\/jornadas-cau\/ca\/nada-abdelrahim\/\" data-type=\"link\" data-id=\"https:\/\/webs.uab.cat\/jornadas-cau\/ca\/nada-abdelrahim\/\" target=\"_blank\" rel=\"noreferrer noopener\">Nada Abdelrahim<\/a><\/strong>, Bibliotec\u00e0ria d\u2019Instrucci\u00f3 i Difusi\u00f3, i <strong><a href=\"https:\/\/webs.uab.cat\/jornadas-cau\/ca\/carrie-schwier\/\" data-type=\"link\" data-id=\"https:\/\/webs.uab.cat\/jornadas-cau\/ca\/carrie-schwier\/\" target=\"_blank\" rel=\"noreferrer noopener\">Carrie Schwier<\/a><\/strong>, Directora Associada i Cap de Col\u00b7leccions Especials, Universitat d\u2019Indiana, EUA \u2013 <em>&#8220;<a href=\"https:\/\/webs.uab.cat\/jornadas-cau\/ca\/equitat-educativa-i-fonts-primaries-una-activitat-dinstruccio-dacces-obert-en-arxius-universitaris\/\" data-type=\"link\" data-id=\"https:\/\/webs.uab.cat\/jornadas-cau\/ca\/equitat-educativa-i-fonts-primaries-una-activitat-dinstruccio-dacces-obert-en-arxius-universitaris\/\" target=\"_blank\" rel=\"noreferrer noopener\">Equitat Educativa i Fonts Prim\u00e0ries: Una Activitat d\u2019Acc\u00e9s Obert a l\u2019Ensenyament en Arxius Universitaris<\/a>&#8220;<\/em><\/li>\n\n\n\n<li><strong><a href=\"https:\/\/webs.uab.cat\/jornadas-cau\/ca\/anahi-casadesus-de-mingo\/\" target=\"_blank\" rel=\"noreferrer noopener\">Anah\u00ed Casades\u00fas de Mingo<\/a><\/strong>, Coordinadora de Titulaci\u00f3, i <a href=\"https:\/\/webs.uab.cat\/jornadas-cau\/ca\/ariadna-morente-pages\/\" data-type=\"link\" data-id=\"https:\/\/webs.uab.cat\/jornadas-cau\/ca\/ariadna-morente-pages\/\" target=\"_blank\" rel=\"noreferrer noopener\"><strong>Ariadna Morente Pag\u00e8s<\/strong>,<\/a> Coordinadora de Formaci\u00f3 Cont\u00ednua, Escola FUAB Formaci\u00f3 de la Universitat Aut\u00f2noma de Barcelona, Espanya \u2013 <em>&#8220;<a href=\"https:\/\/webs.uab.cat\/jornadas-cau\/ca\/cap-a-un-aprenentatge-de-larxivistica-des-del-servei-a-les-organitzacions\/\" data-type=\"link\" data-id=\"https:\/\/webs.uab.cat\/jornadas-cau\/ca\/cap-a-un-aprenentatge-de-larxivistica-des-del-servei-a-les-organitzacions\/\" target=\"_blank\" rel=\"noreferrer noopener\">Cap a un aprenentatge de l\u2019arxiv\u00edstica des del servei a les organitzacions<\/a>&#8220;<\/em><\/li>\n<\/ul>\n\n\n\n<p><strong>11:00-11:30 Descans<\/strong><\/p>\n\n\n\n<p><strong>11:30-13:00 Segona sessi\u00f3: &#8220;Arxius: Experi\u00e8ncies d\u2019Adaptaci\u00f3 i Innovaci\u00f3: l\u2019\u00fas d\u2019Eines Digitals&#8221;<\/strong><\/p>\n\n\n\n<ul class=\"wp-block-list\">\n<li><strong><a href=\"https:\/\/webs.uab.cat\/jornadas-cau\/ca\/virginia-hunt\/\" target=\"_blank\" rel=\"noreferrer noopener\">Virginia Hunt<\/a><\/strong>, arxivera universit\u00e0ria, Universitat de Harvard, <strong><a href=\"https:\/\/webs.uab.cat\/jornadas-cau\/ca\/jennifer-pelose\/\" target=\"_blank\" rel=\"noreferrer noopener\">Jennifer Pelose<\/a><\/strong>, Cap de Projectes Arxiv\u00edstics, Serveis T\u00e8cnics per a Arts, Arxius i Col\u00b7leccions Especials, Universitat de Harvard and <strong><a href=\"https:\/\/webs.uab.cat\/jornadas-cau\/ca\/riain-ross-hager\/\" target=\"_blank\" rel=\"noreferrer noopener\">Riain Ross-Hager<\/a><\/strong>, arxivera del Projecte Ellen Johnson Sirleaf, Universitat de Harvard, <strong><a href=\"https:\/\/webs.uab.cat\/jornadas-cau\/ca\/lucia-yalla\/\" target=\"_blank\" rel=\"noreferrer noopener\">Lucia Yalla<\/a><\/strong>, arxivera, Centre Presidencial Ellen Johnson Sirleaf per a la Dona i el Desenvolupament i<a href=\"https:\/\/webs.uab.cat\/jornadas-cau\/ca\/awesome-konneh\/\" data-type=\"link\" data-id=\"https:\/\/webs.uab.cat\/jornadas-cau\/ca\/awesome-konneh\/\" target=\"_blank\" rel=\"noreferrer noopener\"> <strong>Awesome Konneh<\/strong><\/a>, Membre de l\u2019Equip del Projecte, Centre Ellen Johnson Sirleaf per a la Dona i el Desenvolupament, Lib\u00e8ria \u2013 <em>&#8220;<a href=\"https:\/\/webs.uab.cat\/jornadas-cau\/ca\/promocionant-la-col%c2%b7laboracio-i-models-innovadors-de-gestio-per-millorar-laccessibilitat-i-la-recerca-global\/\" data-type=\"link\" data-id=\"https:\/\/webs.uab.cat\/jornadas-cau\/ca\/promocionant-la-col\u00b7laboracio-i-models-innovadors-de-gestio-per-millorar-laccessibilitat-i-la-recerca-global\/\" target=\"_blank\" rel=\"noreferrer noopener\">Fomentant la col\u00b7laboraci\u00f3 i models innovadors de gesti\u00f3 per millorar l\u2019accessibilitat i la recerca global<\/a>&#8220;<\/em><\/li>\n\n\n\n<li><strong><a href=\"https:\/\/webs.uab.cat\/jornadas-cau\/ca\/karen-j-trivette\/\" target=\"_blank\" rel=\"noreferrer noopener\">Karen J. Trivette<\/a><\/strong>, Professora Visitant, Paris-Sorbonne Universit\u00e9 Abu Dhabi, EUA \u2013 <em>&#8220;<a href=\"https:\/\/webs.uab.cat\/jornadas-cau\/ca\/alineacio-de-tecnologies-3d-realitat-augmentada-i-intel%c2%b7ligencia-artificial-amb-arxius-tradicionals-per-ampliar-labast-a-audiencies-mes-amplies-un-estudi-de-cas\/\" data-type=\"link\" data-id=\"https:\/\/webs.uab.cat\/jornadas-cau\/ca\/alineacio-de-tecnologies-3d-realitat-augmentada-i-intel\u00b7ligencia-artificial-amb-arxius-tradicionals-per-ampliar-labast-a-audiencies-mes-amplies-un-estudi-de-cas\/\" target=\"_blank\" rel=\"noreferrer noopener\">Alineaci\u00f3 de Tecnologies 3D, Realitat Augmentada i Intel\u00b7lig\u00e8ncia Artificial amb Arxius Tradicionals per Ampliar l\u2019Abast a Audi\u00e8ncies M\u00e9s Extenses: Un Estudi de Cas<\/a>&#8220;<\/em><\/li>\n\n\n\n<li><strong><a href=\"https:\/\/webs.uab.cat\/jornadas-cau\/ca\/maryna-chernyavska\/\" data-type=\"link\" data-id=\"https:\/\/webs.uab.cat\/jornadas-cau\/ca\/maryna-chernyavska\/\" target=\"_blank\" rel=\"noreferrer noopener\">Maryna Chernyavska<\/a><\/strong>, Arxivera Digital, Universitat d&#8217;Alberta, Canad\u00e0 \u2013 <em>&#8220;<a href=\"https:\/\/webs.uab.cat\/jornadas-cau\/ca\/descobrint-els-registres-indigenes-aprofitant-la-tecnologia-per-a-enfocaments-basats-en-la-reconciliacio-en-la-practica-arxivistica\/\" data-type=\"link\" data-id=\"https:\/\/webs.uab.cat\/jornadas-cau\/ca\/descobrint-els-registres-indigenes-aprofitant-la-tecnologia-per-a-enfocaments-basats-en-la-reconciliacio-en-la-practica-arxivistica\/\" target=\"_blank\" rel=\"noreferrer noopener\">Descobrint els Documents Ind\u00edgenes: Aprofitant la tecnologia per a enfocaments basats en la reconciliaci\u00f3 en la pr\u00e0ctica arxiv\u00edstica<\/a>&#8220;<\/em><\/li>\n<\/ul>\n\n\n\n<p><strong>13:00-14:30 Dinar<\/strong><\/p>\n\n\n\n<p><strong>14:30-15:45 Tercera sessi\u00f3: &#8220;Arxius: Experi\u00e8ncies d\u2019Adaptaci\u00f3 i Innovaci\u00f3 \u2013 Preservaci\u00f3 de Documents Digitals i Desenvolupament d\u2019Habilitats&#8221;<\/strong><\/p>\n\n\n\n<ul class=\"wp-block-list\">\n<li><strong><a href=\"https:\/\/webs.uab.cat\/jornadas-cau\/ca\/ruth-e-bryan-2\/\" data-type=\"link\" data-id=\"https:\/\/webs.uab.cat\/jornadas-cau\/ca\/ruth-e-bryan-2\/\" target=\"_blank\" rel=\"noreferrer noopener\">Ruth E. Bryan<\/a><\/strong>, Arxivera Universit\u00e0ria, <strong><a href=\"https:\/\/webs.uab.cat\/jornadas-cau\/ca\/andrew-mcdonnell\/\" data-type=\"link\" data-id=\"https:\/\/webs.uab.cat\/jornadas-cau\/ca\/andrew-mcdonnell\/\" target=\"_blank\" rel=\"noreferrer noopener\">Andrew McDonnell<\/a><\/strong>, Arxiver Digital \u2013 <em>&#8220;<a href=\"https:\/\/webs.uab.cat\/jornadas-cau\/ca\/crawlizar-es-mes-divertit-amb-amics-arxivat-web-actiu-a-les-universitats-mitjancant-la-col%c2%b7laboracio-entre-campus\/\" target=\"_blank\" rel=\"noreferrer noopener\">Fer crawling \u00e9s m\u00e9s divertit amb amics: Arxivat web actiu a les universitats mitjan\u00e7ant la col\u00b7laboraci\u00f3 intercampus<\/a>&#8220;<\/em><\/li>\n\n\n\n<li><strong><a href=\"https:\/\/webs.uab.cat\/jornadas-cau\/ca\/andrew-p-northey\/\" data-type=\"link\" data-id=\"https:\/\/webs.uab.cat\/jornadas-cau\/ca\/andrew-p-northey\/\" target=\"_blank\" rel=\"noreferrer noopener\">Andrew Northey<\/a><\/strong>, professional en gesti\u00f3 d\u2019arxius i registres, Toronto, Canad\u00e0 \u2013 <em>&#8220;<a href=\"https:\/\/webs.uab.cat\/jornadas-cau\/ca\/arxivar-zoom-com-les-reunions-virtuals-desafien-la-gestio-organitzacional-dels-registres\/\" data-type=\"link\" data-id=\"https:\/\/webs.uab.cat\/jornadas-cau\/ca\/arxivar-zoom-com-les-reunions-virtuals-desafien-la-gestio-organitzacional-dels-registres\/\" target=\"_blank\" rel=\"noreferrer noopener\">Arxivar Zoom: Com les reunions virtuals desafien la gesti\u00f3 documental  de les organitzacions<\/a>&#8220;<\/em><\/li>\n\n\n\n<li><strong><a href=\"https:\/\/webs.uab.cat\/jornadas-cau\/ca\/irina-schmid\/\" data-type=\"link\" data-id=\"https:\/\/webs.uab.cat\/jornadas-cau\/ca\/irina-schmid\/\" target=\"_blank\" rel=\"noreferrer noopener\">Irina Schmid<\/a><\/strong>, Responsable de Digitalitzaci\u00f3, Universitat Americana del Caire, Egipte \u2013 <em>&#8220;<a href=\"https:\/\/webs.uab.cat\/jornadas-cau\/ca\/transformacio-digital-en-una-universitat-de-lorient-mitja-impactes-en-els-arxius-i-la-gestio-de-documents\/\" data-type=\"link\" data-id=\"https:\/\/webs.uab.cat\/jornadas-cau\/ca\/transformacio-digital-en-una-universitat-de-lorient-mitja-impactes-en-els-arxius-i-la-gestio-de-documents\/\" target=\"_blank\" rel=\"noreferrer noopener\">Transformaci\u00f3 Digital en una Universitat de l\u2019Orient Mitj\u00e0: Impactes en els Arxius i la Gesti\u00f3 Documental<\/a>&#8220;<\/em><\/li>\n<\/ul>\n\n\n\n<p><strong><strong>15.45-16.15<\/strong> Pon\u00e8ncia de l\u2019empresa Iron Mountain, a c\u00e0rrec de Daniel Pastor \u2013 <\/strong><em>&#8220;Arxius Resilients: De la Sostenibilitat Clim\u00e0tica a la Governan\u00e7a de la Dada&#8221;<\/em><\/p>\n\n\n\n<p><strong>16:15-16:45 Descans<\/strong><\/p>\n\n\n\n<p><strong>16:45-17:30 Quarta sessi\u00f3: &#8220;Arxius Universitaris i els Objectius de Desenvolupament Sostenible: Arxius, Just\u00edcia, Comunitats i Igualtat&#8221;<\/strong><\/p>\n\n\n\n<ul class=\"wp-block-list\">\n<li><strong>[Debat] &#8220;<a href=\"https:\/\/webs.uab.cat\/jornadas-cau\/ca\/una-altra-manera-dactuar-limperatiu-etic-dexaminar-la-nostra-praxi-i-posicionament\/\" data-type=\"link\" data-id=\"https:\/\/webs.uab.cat\/jornadas-cau\/ca\/una-altra-manera-dactuar-limperatiu-etic-dexaminar-la-nostra-praxi-i-posicionament\/\" target=\"_blank\" rel=\"noreferrer noopener\">Una altra manera de fer: l\u2019imperatiu \u00e8tic d\u2019examinar la nostra praxi i posicionament<\/a>&#8220;<\/strong> \u2013 Moderat per <strong><a href=\"https:\/\/webs.uab.cat\/jornadas-cau\/ca\/jenifer-monger\/\" data-type=\"link\" data-id=\"https:\/\/webs.uab.cat\/jornadas-cau\/ca\/jenifer-monger\/\" target=\"_blank\" rel=\"noreferrer noopener\">Jenifer Monger<\/a><\/strong>, Gestora d\u2019Arxius de l\u2019Institut i Col\u00b7leccions Especials, Institut Polit\u00e8cnic Rensselaer, EUA.<\/li>\n<\/ul>\n\n\n\n<p><\/p>\n\n\n\n<p><strong>20:00 Sopar <\/strong><\/p>\n\n\n\n<hr class=\"wp-block-separator has-alpha-channel-opacity\" \/>\n\n\n\n<h2 class=\"wp-block-heading\"><strong>Dimarts, 28 d\u2019octubre<\/strong><\/h2>\n\n\n\n<p><strong>09:30-10:45 Primera sessi\u00f3: &#8220;Arxius: Experi\u00e8ncies d\u2019Adaptaci\u00f3 i Innovaci\u00f3 \u2013 Enfocaments Innovadors per a Sistemes Digitals&#8221;<\/strong><\/p>\n\n\n\n<ul class=\"wp-block-list\">\n<li><strong><a href=\"https:\/\/webs.uab.cat\/jornadas-cau\/ca\/ferran-abarca-peris\/\" data-type=\"link\" data-id=\"https:\/\/webs.uab.cat\/jornadas-cau\/ca\/ferran-abarca-peris\/\" target=\"_blank\" rel=\"noreferrer noopener\">Ferran Abarca Peris<\/a><\/strong>, Cap de l\u2019Oficina de Govern Electr\u00f2nic i Gesti\u00f3 Documental, i <strong><a href=\"https:\/\/webs.uab.cat\/jornadas-cau\/ca\/nuria-canellas-terradellas\/\" data-type=\"link\" data-id=\"https:\/\/webs.uab.cat\/jornadas-cau\/ca\/nuria-canellas-terradellas\/\" target=\"_blank\" rel=\"noreferrer noopener\">N\u00faria Ca\u00f1ellas Terradellas<\/a><\/strong>, Cap de l\u2019Oficina de l\u2019Arxiu Hist\u00f2ric i Patrimoni Documental, Universitat de Barcelona \u2013 <em>&#8220;<a href=\"https:\/\/webs.uab.cat\/jornadas-cau\/ca\/gestio-darxius-i-registres-digitals-a-la-universitat-de-barcelona-innovacio-i-eines-per-a-la-millora-del-sistema\/\" data-type=\"link\" data-id=\"https:\/\/webs.uab.cat\/jornadas-cau\/ca\/gestio-darxius-i-registres-digitals-a-la-universitat-de-barcelona-innovacio-i-eines-per-a-la-millora-del-sistema\/\" target=\"_blank\" rel=\"noreferrer noopener\">Gesti\u00f3 d\u2019arxius i documents digitals a la Universitat de Barcelona: Innovaci\u00f3 i eines per a la millora del sistema<\/a>&#8220;<\/em><\/li>\n\n\n\n<li><strong><a href=\"https:\/\/webs.uab.cat\/jornadas-cau\/ca\/susanna-kokkinen\/\" data-type=\"link\" data-id=\"https:\/\/webs.uab.cat\/jornadas-cau\/ca\/susanna-kokkinen\/\" target=\"_blank\" rel=\"noreferrer noopener\">Susanna Kokkinen<\/a><\/strong>, Cap de Gesti\u00f3 Documental, Universitat Aalto, Finl\u00e0ndia \u2013 <em>&#8220;<a href=\"https:\/\/webs.uab.cat\/jornadas-cau\/ca\/recollida-de-documents-i-dades-per-a-la-preservacio-mitjancant-integracions-a-la-universitat-aalto\/\" data-type=\"link\" data-id=\"https:\/\/webs.uab.cat\/jornadas-cau\/ca\/recollida-de-documents-i-dades-per-a-la-preservacio-mitjancant-integracions-a-la-universitat-aalto\/\" target=\"_blank\" rel=\"noreferrer noopener\">Recollida de documents i dades per a la preservaci\u00f3 mitjan\u00e7ant integracions a la Universitat Aalto&#8221;<\/a><\/em><\/li>\n\n\n\n<li><strong><a href=\"https:\/\/webs.uab.cat\/jornadas-cau\/ca\/elizabeth-day\/\" data-type=\"link\" data-id=\"https:\/\/webs.uab.cat\/jornadas-cau\/ca\/elizabeth-day\/\" target=\"_blank\" rel=\"noreferrer noopener\">Elizabeth Day<\/a><\/strong>, Arxivera Adjunta de Gesti\u00f3 Documental, Universitat Americana del Caire, Egipte \u2013 <em>&#8220;<a href=\"https:\/\/webs.uab.cat\/jornadas-cau\/ca\/un-lloc-a-la-taula-trobant-aliats-en-la-presa-de-decisions-sobre-documents-digitals\/\" data-type=\"link\" data-id=\"https:\/\/webs.uab.cat\/jornadas-cau\/ca\/un-lloc-a-la-taula-trobant-aliats-en-la-presa-de-decisions-sobre-documents-digitals\/\" target=\"_blank\" rel=\"noreferrer noopener\">Un lloc a la taula: Trobar aliats en la presa de decisions sobre documents digitals<\/a>&#8220;<\/em><\/li>\n<\/ul>\n\n\n\n<p><strong>10:45-11:15 Descans<\/strong><\/p>\n\n\n\n<p><strong>11:15-12:30 Segona sessi\u00f3: &#8220;Arxius davant l\u2019Emerg\u00e8ncia Clim\u00e0tica: Prevenci\u00f3 i Accions&#8221;<\/strong><\/p>\n\n\n\n<ul class=\"wp-block-list\">\n<li><strong><a href=\"https:\/\/webs.uab.cat\/jornadas-cau\/ca\/ana-margarida-dias-da-silva\/\" data-type=\"link\" data-id=\"https:\/\/webs.uab.cat\/jornadas-cau\/ca\/ana-margarida-dias-da-silva\/\" target=\"_blank\" rel=\"noreferrer noopener\">Ana Margarida Dias da Silva<\/a><\/strong>, Arxivera, Universitat de Coimbra, Portugal \u2013 <em>&#8220;<a href=\"https:\/\/webs.uab.cat\/jornadas-cau\/ca\/paper-per-aliments-larxiu-del-departament-de-ciencies-de-la-vida-de-la-universitat-de-coimbra-donant-suport-als-objectius-de-desenvolupament-sostenible\/\" data-type=\"link\" data-id=\"https:\/\/webs.uab.cat\/jornadas-cau\/ca\/paper-per-aliments-larxiu-del-departament-de-ciencies-de-la-vida-de-la-universitat-de-coimbra-donant-suport-als-objectius-de-desenvolupament-sostenible\/\" target=\"_blank\" rel=\"noreferrer noopener\">Paper per Aliments: L\u2019Arxiu del Departament de Ci\u00e8ncies de la Vida de la Universitat de Coimbra donant suport als Objectius de Desenvolupament Sostenible&#8221;<\/a><\/em><\/li>\n\n\n\n<li><strong><a href=\"https:\/\/webs.uab.cat\/jornadas-cau\/ca\/sirpa-kutilainen\/\" data-type=\"link\" data-id=\"https:\/\/webs.uab.cat\/jornadas-cau\/ca\/sirpa-kutilainen\/\" target=\"_blank\" rel=\"noreferrer noopener\">Sirpa Kutilainen<\/a><\/strong>, Coordinadora de Preservaci\u00f3 i Recursos Digitals, Arxius de Disseny de la Universitat de Brighton, Regne Unit \u2013 <em>&#8220;<a href=\"https:\/\/webs.uab.cat\/jornadas-cau\/ca\/apagar-per-encendre-apoderament-resolucio-de-problemes-i-omplint-un-buit\/\" data-type=\"link\" data-id=\"https:\/\/webs.uab.cat\/jornadas-cau\/ca\/apagar-per-encendre-apoderament-resolucio-de-problemes-i-omplint-un-buit\/\" target=\"_blank\" rel=\"noreferrer noopener\">Apagar per encendre: empoderament, resoluci\u00f3 de problemes i omplint un buit&#8221;<\/a><\/em><\/li>\n\n\n\n<li><strong><a href=\"https:\/\/webs.uab.cat\/jornadas-cau\/ca\/claudio-ogass-bilbao\/\" data-type=\"link\" data-id=\"https:\/\/webs.uab.cat\/jornadas-cau\/ca\/claudio-ogass-bilbao\/\" target=\"_blank\" rel=\"noreferrer noopener\">Claudio Ogass Bilbao<\/a><\/strong>, Estudiant d\u2019Arxiv\u00edstica, Universitat de Liverpool, Regne Unit;<a href=\"https:\/\/webs.uab.cat\/jornadas-cau\/ca\/mabel-tapia-ponce\/\" data-type=\"link\" data-id=\"https:\/\/webs.uab.cat\/jornadas-cau\/ca\/mabel-tapia-ponce\/\" target=\"_blank\" rel=\"noreferrer noopener\"> <strong>Mabel Tapia Ponce<\/strong><\/a>, Arxivera, Arxiu Regional d\u2019Atacama, Xile \u2013 <em>&#8220;<a href=\"https:\/\/webs.uab.cat\/jornadas-cau\/ca\/el-quadern-arxius-i-canvi-climatic-una-eina-educativa-per-a-la-resiliencia-i-la-sostenibilitat-en-arxius-universitaris\/\" data-type=\"link\" data-id=\"https:\/\/webs.uab.cat\/jornadas-cau\/ca\/el-quadern-arxius-i-canvi-climatic-una-eina-educativa-per-a-la-resiliencia-i-la-sostenibilitat-en-arxius-universitaris\/\" target=\"_blank\" rel=\"noreferrer noopener\">El Quadern \u2018Arxius i Canvi Clim\u00e0tic\u2019: Una eina educativa per a la resili\u00e8ncia i la sostenibilitat en arxius universitaris<\/a>&#8220;<\/em><\/li>\n<\/ul>\n\n\n\n<p><strong>12:30-13:20 Tercera sessi\u00f3: &#8220;Arxius davant l\u2019Emerg\u00e8ncia Clim\u00e0tica: Big Data, Dades de Recerca i Intel\u00b7lig\u00e8ncia Artificial&#8221;<\/strong><\/p>\n\n\n\n<ul class=\"wp-block-list\">\n<li><strong><a href=\"https:\/\/webs.uab.cat\/jornadas-cau\/ca\/aurele-nicolet\/\" data-type=\"link\" data-id=\"https:\/\/webs.uab.cat\/jornadas-cau\/ca\/aurele-nicolet\/\" target=\"_blank\" rel=\"noreferrer noopener\">Aur\u00e8le Nicolet<\/a><\/strong>, investigador, i <a href=\"https:\/\/webs.uab.cat\/jornadas-cau\/ca\/dra-basma-makhlouf-shabou\/\" data-type=\"link\" data-id=\"https:\/\/webs.uab.cat\/jornadas-cau\/ca\/dra-basma-makhlouf-shabou\/\" target=\"_blank\" rel=\"noreferrer noopener\"><strong>Basma Makhlouf Shabou<\/strong>,<\/a> professora associada, Escola de Gesti\u00f3 de Ginebra, Universitat de Ci\u00e8ncies Aplicades i Arts de Su\u00efssa Occidental \u2013 <em>&#8220;<a href=\"https:\/\/webs.uab.cat\/jornadas-cau\/ca\/reptes-i-questions-en-la-gestio-sostenible-de-dades-de-recerca\/\" data-type=\"link\" data-id=\"https:\/\/webs.uab.cat\/jornadas-cau\/ca\/reptes-i-questions-en-la-gestio-sostenible-de-dades-de-recerca\/\" target=\"_blank\" rel=\"noreferrer noopener\">Reptes i q\u00fcestions en la gesti\u00f3 sostenible de dades de recerca<\/a>&#8220;<\/em><\/li>\n\n\n\n<li><strong><a href=\"https:\/\/webs.uab.cat\/jornadas-cau\/ca\/matthew-golebiewski\/\" data-type=\"link\" data-id=\"https:\/\/webs.uab.cat\/jornadas-cau\/ca\/matthew-golebiewski\/\" target=\"_blank\" rel=\"noreferrer noopener\">Matthew Golebiewski<\/a><\/strong>, arxiver, i <strong><a href=\"https:\/\/webs.uab.cat\/jornadas-cau\/ca\/jenifer-monger\/\" data-type=\"link\" data-id=\"https:\/\/webs.uab.cat\/jornadas-cau\/ca\/jenifer-monger\/\" target=\"_blank\" rel=\"noreferrer noopener\">Jenifer Monger<\/a><\/strong>, responsable d&#8217;Arxius de l&#8217;Institut i Col\u00b7leccions Especials, Institut Polit\u00e8cnic Rensselaer, EUA \u2013 <em>&#8220;<a href=\"https:\/\/webs.uab.cat\/jornadas-cau\/ca\/enginyeria-amb-humanitat-arxius-i-intel%c2%b7ligencia-artificial\/\" data-type=\"link\" data-id=\"https:\/\/webs.uab.cat\/jornadas-cau\/ca\/enginyeria-amb-humanitat-arxius-i-intel\u00b7ligencia-artificial\/\" target=\"_blank\" rel=\"noreferrer noopener\">Enginyeria amb humanitat: Arxius i Intel\u00b7lig\u00e8ncia Artificial<\/a>&#8220;<\/em><\/li>\n<\/ul>\n\n\n\n<p><strong>13:20-13:45 Sessi\u00f3 de cloenda<\/strong><br><strong>13:45-14:45 Dinar<\/strong><\/p>\n\n\n\n<p><strong>15:00-17:00 Assemblea General de la CAU \/ Reuni\u00f3 Anual de l\u2019ICA-SUV <\/strong><\/p>\n\n\n\n<div class=\"wp-block-group\"><div class=\"wp-block-group__inner-container is-layout-constrained wp-block-group-is-layout-constrained\">\n<details class=\"wp-block-details is-layout-flow wp-block-details-is-layout-flow\"><summary>Programa en PDF.<\/summary>\n<div data-wp-interactive=\"core\/file\" class=\"wp-block-file\"><object data-wp-bind--hidden=\"!state.hasPdfPreview\" hidden class=\"wp-block-file__embed\" data=\"https:\/\/webs.uab.cat\/jornadas-cau\/wp-content\/uploads\/sites\/570\/2025\/10\/Programa-Catala-3-1.pdf\" type=\"application\/pdf\" style=\"width:100%;height:600px\" aria-label=\"Incrustaci\u00f3 del fitxer Programa Catala (3).\"><\/object><a id=\"wp-block-file--media-9e29d2d8-4fad-4220-9e12-6b06350a0706\" href=\"https:\/\/webs.uab.cat\/jornadas-cau\/wp-content\/uploads\/sites\/570\/2025\/10\/Programa-Catala-3-1.pdf\">Programa Catala (3)<\/a><a href=\"https:\/\/webs.uab.cat\/jornadas-cau\/wp-content\/uploads\/sites\/570\/2025\/10\/Programa-Catala-3-1.pdf\" class=\"wp-block-file__button wp-element-button\" download aria-describedby=\"wp-block-file--media-9e29d2d8-4fad-4220-9e12-6b06350a0706\">Descarga<\/a><\/div>\n<\/details>\n<\/div><\/div>\n\n\n\n<p><\/p>\n","protected":false},"excerpt":{"rendered":"<p>Dilluns, 27 d\u2019octubre 09:00-09:30 Acreditacions09:30-09:45 Obertura \u2013 Benvinguda 09:45-11:00 Primera sessi\u00f3: &#8220;Arxius Universitaris i els Objectius de Desenvolupament Sostenible: Arxius en l\u2019Educaci\u00f3 i l\u2019Ensenyament&#8221; 11:00-11:30 Descans 11:30-13:00 Segona sessi\u00f3: &#8220;Arxius: Experi\u00e8ncies d\u2019Adaptaci\u00f3 i Innovaci\u00f3: l\u2019\u00fas d\u2019Eines Digitals&#8221; 13:00-14:30 Dinar 14:30-15:45 Tercera sessi\u00f3: &#8220;Arxius: Experi\u00e8ncies d\u2019Adaptaci\u00f3 i Innovaci\u00f3 \u2013 Preservaci\u00f3 de Documents Digitals i Desenvolupament d\u2019Habilitats&#8221; [&hellip;]<\/p>\n","protected":false},"author":8,"featured_media":0,"parent":0,"menu_order":1,"comment_status":"closed","ping_status":"closed","template":"","meta":{"footnotes":""},"class_list":["post-391","page","type-page","status-publish","hentry"],"_links":{"self":[{"href":"https:\/\/webs.uab.cat\/jornadas-cau\/ca\/wp-json\/wp\/v2\/pages\/391","targetHints":{"allow":["GET"]}}],"collection":[{"href":"https:\/\/webs.uab.cat\/jornadas-cau\/ca\/wp-json\/wp\/v2\/pages"}],"about":[{"href":"https:\/\/webs.uab.cat\/jornadas-cau\/ca\/wp-json\/wp\/v2\/types\/page"}],"author":[{"embeddable":true,"href":"https:\/\/webs.uab.cat\/jornadas-cau\/ca\/wp-json\/wp\/v2\/users\/8"}],"replies":[{"embeddable":true,"href":"https:\/\/webs.uab.cat\/jornadas-cau\/ca\/wp-json\/wp\/v2\/comments?post=391"}],"version-history":[{"count":52,"href":"https:\/\/webs.uab.cat\/jornadas-cau\/ca\/wp-json\/wp\/v2\/pages\/391\/revisions"}],"predecessor-version":[{"id":1769,"href":"https:\/\/webs.uab.cat\/jornadas-cau\/ca\/wp-json\/wp\/v2\/pages\/391\/revisions\/1769"}],"wp:attachment":[{"href":"https:\/\/webs.uab.cat\/jornadas-cau\/ca\/wp-json\/wp\/v2\/media?parent=391"}],"curies":[{"name":"wp","href":"https:\/\/api.w.org\/{rel}","templated":true}]}}