{"id":394,"date":"2025-01-29T09:27:52","date_gmt":"2025-01-29T07:27:52","guid":{"rendered":"https:\/\/webs.uab.cat\/jornadas-cau\/patrocinadors\/"},"modified":"2025-04-08T09:43:22","modified_gmt":"2025-04-08T07:43:22","slug":"patrocinadors","status":"publish","type":"page","link":"https:\/\/webs.uab.cat\/jornadas-cau\/ca\/patrocinadors\/","title":{"rendered":"Patrocinadors"},"content":{"rendered":"\n<h1 class=\"wp-block-heading\">Converteix-te en protagonista d&#8217;un esdeveniment internacional d&#8217;arxius universitaris!<\/h1>\n\n\n\n<p>L\u2019<strong>Arxiu General de la Universitat Aut\u00f2noma de Barcelona<\/strong> t\u00e9 l\u2019honor de ser l\u2019amfitri\u00f3 de les <strong>XXX Jornades d\u2019Arxius Universitaris<\/strong>, que se celebraran els dies <strong>27 i 28 d\u2019octubre de 2025<\/strong> en un entorn \u00fanic: la <strong>Casa de la Convalesc\u00e8ncia de l\u2019Hospital de la Santa Creu i Sant Pau de Barcelona<\/strong>.<\/p>\n\n\n\n<p>Enguany, aquestes jornades, iniciativa de la <strong>Confer\u00e8ncia d\u2019Arxius Universitaris (CAU)<\/strong> de la <strong>Confer\u00e8ncia de Rectors de les Universitats Espanyoles (CRUE)<\/strong>, tindran una dimensi\u00f3 global gr\u00e0cies a la col\u00b7laboraci\u00f3 amb la <strong>Secci\u00f3 d\u2019Arxius d\u2019Universitats i Institucions de Recerca del Consell Internacional d\u2019Arxius (ICA\/SUV)<\/strong>. Aix\u00f2 garantir\u00e0 la pres\u00e8ncia d\u2019experts i representants d\u2019institucions universit\u00e0ries d\u2019arreu del m\u00f3n.<\/p>\n\n\n\n<h2 class=\"wp-block-heading\">\ud83c\udfaf Oportunitats de patrocini<\/h2>\n\n\n\n<p>Atesa la rellev\u00e0ncia de l\u2019esdeveniment, volem oferir a la teva empresa l\u2019oportunitat de formar part d\u2019aquesta trobada internacional a trav\u00e9s de diferents opcions de patrocini:<\/p>\n\n\n\n<p>\u2705 <strong>Patrocini principal:<\/strong> El teu logotip a la web oficial, material de difusi\u00f3, programa impr\u00e8s i cinta d&#8217;acreditaci\u00f3.<br>\u2615 <strong>Patrocini de pauses caf\u00e8 i\/o dinar:<\/strong> Visibilitat en moments clau de networking.<br>\ud83c\udfe2 <strong>Estand en zona exclusiva:<\/strong> Espai en una sala annexa a les jornades, on se celebraran les pauses caf\u00e8.<br>\ud83c\udf81 <strong>Publicitat a la bossa de l\u2019assistent:<\/strong> Inclou material promocional per a tots els participants.<\/p>\n\n\n\n<p>Si est\u00e0s interessat a participar i aprofitar aquesta oportunitat \u00fanica de visibilitat, no dubtis a contactar-nos per concretar els detalls.<\/p>\n\n\n\n<p>\ud83d\udce9 <strong>Per a m\u00e9s informaci\u00f3, tamb\u00e9 ens pots contactar per correu electr\u00f2nic:<\/strong> jornadas.cau.icasuv@uab.cat<\/p>\n","protected":false},"excerpt":{"rendered":"<p>Converteix-te en protagonista d&#8217;un esdeveniment internacional d&#8217;arxius universitaris! L\u2019Arxiu General de la Universitat Aut\u00f2noma de Barcelona t\u00e9 l\u2019honor de ser l\u2019amfitri\u00f3 de les XXX Jornades d\u2019Arxius Universitaris, que se celebraran els dies 27 i 28 d\u2019octubre de 2025 en un entorn \u00fanic: la Casa de la Convalesc\u00e8ncia de l\u2019Hospital de la Santa Creu i Sant [&hellip;]<\/p>\n","protected":false},"author":3028,"featured_media":0,"parent":0,"menu_order":8,"comment_status":"closed","ping_status":"closed","template":"","meta":{"footnotes":""},"class_list":["post-394","page","type-page","status-publish","hentry"],"_links":{"self":[{"href":"https:\/\/webs.uab.cat\/jornadas-cau\/ca\/wp-json\/wp\/v2\/pages\/394","targetHints":{"allow":["GET"]}}],"collection":[{"href":"https:\/\/webs.uab.cat\/jornadas-cau\/ca\/wp-json\/wp\/v2\/pages"}],"about":[{"href":"https:\/\/webs.uab.cat\/jornadas-cau\/ca\/wp-json\/wp\/v2\/types\/page"}],"author":[{"embeddable":true,"href":"https:\/\/webs.uab.cat\/jornadas-cau\/ca\/wp-json\/wp\/v2\/users\/3028"}],"replies":[{"embeddable":true,"href":"https:\/\/webs.uab.cat\/jornadas-cau\/ca\/wp-json\/wp\/v2\/comments?post=394"}],"version-history":[{"count":2,"href":"https:\/\/webs.uab.cat\/jornadas-cau\/ca\/wp-json\/wp\/v2\/pages\/394\/revisions"}],"predecessor-version":[{"id":558,"href":"https:\/\/webs.uab.cat\/jornadas-cau\/ca\/wp-json\/wp\/v2\/pages\/394\/revisions\/558"}],"wp:attachment":[{"href":"https:\/\/webs.uab.cat\/jornadas-cau\/ca\/wp-json\/wp\/v2\/media?parent=394"}],"curies":[{"name":"wp","href":"https:\/\/api.w.org\/{rel}","templated":true}]}}