{"id":399,"date":"2025-01-21T16:37:54","date_gmt":"2025-01-21T14:37:54","guid":{"rendered":"https:\/\/webs.uab.cat\/jornadas-cau\/presentacio\/"},"modified":"2025-10-13T14:20:27","modified_gmt":"2025-10-13T12:20:27","slug":"presentacio","status":"publish","type":"page","link":"https:\/\/webs.uab.cat\/jornadas-cau\/ca\/","title":{"rendered":"Presentaci\u00f3"},"content":{"rendered":"\n<div class=\"wp-block-columns is-layout-flex wp-container-core-columns-is-layout-9d6595d7 wp-block-columns-is-layout-flex\">\n<div class=\"wp-block-column is-layout-flow wp-block-column-is-layout-flow\">\n<p><\/p>\n\n\n\n<p>L&#8217;any 1994, es van celebrar a Valladolid les primeres <em>Jornades d&#8217;Arxius Universitaris<\/em>, organitzades per la <em>Confer\u00e8ncia d&#8217;Arxius de les Universitats Espanyoles (CAU)<\/em>. Aquest esdeveniment va n\u00e9ixer amb la finalitat de fomentar la col\u00b7laboraci\u00f3 entre els arxius universitaris. Amb un enfocament t\u00e8cnic, les jornades s&#8217;han consolidat com una eina essencial per al desenvolupament i la consolidaci\u00f3 dels arxius a les universitats espanyoles. A m\u00e9s, s&#8217;han convertit en un important punt de trobada per als professionals de l&#8217;\u00e0mbit dels arxius i la gesti\u00f3 documental, permetent compartir experi\u00e8ncies, inquietuds i projectes.<\/p>\n<\/div>\n\n\n\n<div class=\"wp-block-column is-layout-flow wp-block-column-is-layout-flow\">\n<figure class=\"wp-block-image size-full\"><img loading=\"lazy\" decoding=\"async\" width=\"683\" height=\"1024\" src=\"https:\/\/webs.uab.cat\/jornadas-cau\/wp-content\/uploads\/sites\/570\/2025\/01\/ColumnesBellaterra07_a2014.jpg\" alt=\"Columnes de la UAB\" class=\"wp-image-123\" srcset=\"https:\/\/webs.uab.cat\/jornadas-cau\/wp-content\/uploads\/sites\/570\/2025\/01\/ColumnesBellaterra07_a2014.jpg 683w, https:\/\/webs.uab.cat\/jornadas-cau\/wp-content\/uploads\/sites\/570\/2025\/01\/ColumnesBellaterra07_a2014-200x300.jpg 200w\" sizes=\"auto, (max-width: 683px) 100vw, 683px\" \/><\/figure>\n<\/div>\n<\/div>\n\n\n\n<p>Aquest any 2025, les <strong>XXX Jornades d&#8217;Arxius Universitaris<\/strong> (CAU CRUE) <strong>ICA\/SUV 2025 Annual International Conference<\/strong> tindran lloc els dies <strong>27 i 28 d&#8217;octubre<\/strong> a la ciutat de <strong>Barcelona<\/strong>. Aquesta ser\u00e0 una oportunitat professional perfecta per participar en ambd\u00f3s esdeveniments, dues cites fonamentals per a la nostra professi\u00f3.<\/p>\n\n\n\n<p>Les jornades han estat organitzades conjuntament per la <strong>Confer\u00e8ncia d&#8217;Arxius de les Universitats Espanyoles (CAU CRUE)<\/strong>, la <strong>Secci\u00f3 d&#8217;Arxius Universitaris del Consell Internacional d&#8217;Arxius (ICA\/SUV)<\/strong> i per la <strong>Universitat Aut\u00f2noma de Barcelona<\/strong>, i tindran la seva seu a la <strong>Casa de la Convalesc\u00e8ncia de l&#8217;Hospital de la Santa Creu i Sant Pau<\/strong>.<\/p>\n\n\n\n<p><strong>Sota el t\u00edtol<\/strong> <em>&#8220;Arxius d&#8217;Universitats i Recerca Innovadors. Reptes per a la Sostenibilitat&#8221;<\/em>, es tractaran els desafiaments i perspectives que afronten els arxius universitaris relacionats amb temes com el <strong>canvi clim\u00e0tic<\/strong> i la <strong>sostenibilitat.<\/strong> Aquests reptes poden generar canvis significatius tant en les infraestructures dels nostres centres com en les pr\u00e0ctiques arxiv\u00edstiques. Un exemple d&#8217;aix\u00f2 s\u00f3n les dificultats que afronten els arxius davant episodis clim\u00e0tics com onades de calor o inundacions. Aquests s\u00f3n temes d&#8217;actualitat que podrien implicar una revisi\u00f3 profunda d&#8217;aspectes com la <strong>preservaci\u00f3 i conservaci\u00f3 dels suports<\/strong> o fins i tot la <strong>ubicaci\u00f3 i condicions<\/strong> dels dip\u00f2sits d&#8217;arxiu, per tal d&#8217;afrontar aquestes dificultats.<\/p>\n\n\n\n<p>Tamb\u00e9 s&#8217;abordaran temes relacionats amb el <strong>creixent consum energ\u00e8tic<\/strong>, que, dins de l&#8217;administraci\u00f3 electr\u00f2nica, fa que l&#8217;avaluaci\u00f3 documental sigui encara m\u00e9s clau per avan\u00e7ar cap a la <strong>sostenibilitat <\/strong>de les administracions.<\/p>\n\n\n\n<p>Les confer\u00e8ncies seran en castell\u00e0 i angl\u00e8s i hi haur\u00e0 traducci\u00f3 simult\u00e0nia.<\/p>\n\n\n\n<p>Data: 27 i 28 d&#8217;octubre de 2025<\/p>\n\n\n\n<p>Lloc: Casa Convalesc\u00e8ncia (<a href=\"https:\/\/www.google.com\/maps\/place\/\/data=!4m2!3m1!1s0x12a4a2d105b682a3:0xf6aacc4955cd1d47?sa=X&amp;ved=1t:8290&amp;ictx=111\">Carrer de Sant Antoni Maria Claret, 171, Horta-Guinard\u00f3, 08041 Barcelona<\/a>)<\/p>\n\n\n\n<p><\/p>\n\n\n\n<p><strong>ORGANITZA: <\/strong><\/p>\n\n\n\n<div class=\"wp-block-group is-nowrap is-layout-flex wp-container-core-group-is-layout-ad2f72ca wp-block-group-is-layout-flex\">\n<figure class=\"wp-block-image size-full\"><img loading=\"lazy\" decoding=\"async\" width=\"1024\" height=\"576\" src=\"https:\/\/webs.uab.cat\/jornadas-cau\/wp-content\/uploads\/sites\/570\/2025\/10\/ica-1-1024x576-4.png\" alt=\"\" class=\"wp-image-1707\" srcset=\"https:\/\/webs.uab.cat\/jornadas-cau\/wp-content\/uploads\/sites\/570\/2025\/10\/ica-1-1024x576-4.png 1024w, https:\/\/webs.uab.cat\/jornadas-cau\/wp-content\/uploads\/sites\/570\/2025\/10\/ica-1-1024x576-4-300x169.png 300w, https:\/\/webs.uab.cat\/jornadas-cau\/wp-content\/uploads\/sites\/570\/2025\/10\/ica-1-1024x576-4-768x432.png 768w\" sizes=\"auto, (max-width: 1024px) 100vw, 1024px\" \/><\/figure>\n\n\n\n<figure class=\"wp-block-image size-large\"><img loading=\"lazy\" decoding=\"async\" width=\"1024\" height=\"384\" src=\"https:\/\/webs.uab.cat\/jornadas-cau\/wp-content\/uploads\/sites\/570\/2025\/09\/logotip-versio-1-principal-verd-7-1024x384.jpg\" alt=\"\" class=\"wp-image-1598\" srcset=\"https:\/\/webs.uab.cat\/jornadas-cau\/wp-content\/uploads\/sites\/570\/2025\/09\/logotip-versio-1-principal-verd-7-1024x384.jpg 1024w, https:\/\/webs.uab.cat\/jornadas-cau\/wp-content\/uploads\/sites\/570\/2025\/09\/logotip-versio-1-principal-verd-7-300x113.jpg 300w, https:\/\/webs.uab.cat\/jornadas-cau\/wp-content\/uploads\/sites\/570\/2025\/09\/logotip-versio-1-principal-verd-7-768x288.jpg 768w, https:\/\/webs.uab.cat\/jornadas-cau\/wp-content\/uploads\/sites\/570\/2025\/09\/logotip-versio-1-principal-verd-7-1536x577.jpg 1536w, https:\/\/webs.uab.cat\/jornadas-cau\/wp-content\/uploads\/sites\/570\/2025\/09\/logotip-versio-1-principal-verd-7-1200x450.jpg 1200w, https:\/\/webs.uab.cat\/jornadas-cau\/wp-content\/uploads\/sites\/570\/2025\/09\/logotip-versio-1-principal-verd-7.jpg 1881w\" sizes=\"auto, (max-width: 1024px) 100vw, 1024px\" \/><\/figure>\n<\/div>\n\n\n\n<div class=\"wp-block-columns is-layout-flex wp-container-core-columns-is-layout-9d6595d7 wp-block-columns-is-layout-flex\">\n<div class=\"wp-block-column is-layout-flow wp-block-column-is-layout-flow\">\n<div class=\"wp-block-group is-nowrap is-layout-flex wp-container-core-group-is-layout-ad2f72ca wp-block-group-is-layout-flex\">\n<figure class=\"wp-block-image size-large\"><img loading=\"lazy\" decoding=\"async\" width=\"1024\" height=\"410\" src=\"https:\/\/webs.uab.cat\/jornadas-cau\/wp-content\/uploads\/sites\/570\/2025\/10\/Secundario2_GT_Archivos_RGB-1024x410.jpg\" alt=\"\" class=\"wp-image-1698\" srcset=\"https:\/\/webs.uab.cat\/jornadas-cau\/wp-content\/uploads\/sites\/570\/2025\/10\/Secundario2_GT_Archivos_RGB-1024x410.jpg 1024w, https:\/\/webs.uab.cat\/jornadas-cau\/wp-content\/uploads\/sites\/570\/2025\/10\/Secundario2_GT_Archivos_RGB-300x120.jpg 300w, https:\/\/webs.uab.cat\/jornadas-cau\/wp-content\/uploads\/sites\/570\/2025\/10\/Secundario2_GT_Archivos_RGB-768x307.jpg 768w, https:\/\/webs.uab.cat\/jornadas-cau\/wp-content\/uploads\/sites\/570\/2025\/10\/Secundario2_GT_Archivos_RGB-1536x615.jpg 1536w, https:\/\/webs.uab.cat\/jornadas-cau\/wp-content\/uploads\/sites\/570\/2025\/10\/Secundario2_GT_Archivos_RGB-1200x480.jpg 1200w, https:\/\/webs.uab.cat\/jornadas-cau\/wp-content\/uploads\/sites\/570\/2025\/10\/Secundario2_GT_Archivos_RGB.jpg 1772w\" sizes=\"auto, (max-width: 1024px) 100vw, 1024px\" \/><\/figure>\n\n\n\n<figure class=\"wp-block-image size-large\"><img loading=\"lazy\" decoding=\"async\" width=\"1024\" height=\"236\" src=\"https:\/\/webs.uab.cat\/jornadas-cau\/wp-content\/uploads\/sites\/570\/2025\/10\/ministerio-cultura-sgae-1-1024x236.jpg\" alt=\"\" class=\"wp-image-1701\" srcset=\"https:\/\/webs.uab.cat\/jornadas-cau\/wp-content\/uploads\/sites\/570\/2025\/10\/ministerio-cultura-sgae-1-1024x236.jpg 1024w, https:\/\/webs.uab.cat\/jornadas-cau\/wp-content\/uploads\/sites\/570\/2025\/10\/ministerio-cultura-sgae-1-300x69.jpg 300w, https:\/\/webs.uab.cat\/jornadas-cau\/wp-content\/uploads\/sites\/570\/2025\/10\/ministerio-cultura-sgae-1-768x177.jpg 768w, https:\/\/webs.uab.cat\/jornadas-cau\/wp-content\/uploads\/sites\/570\/2025\/10\/ministerio-cultura-sgae-1-1536x354.jpg 1536w, https:\/\/webs.uab.cat\/jornadas-cau\/wp-content\/uploads\/sites\/570\/2025\/10\/ministerio-cultura-sgae-1-2048x472.jpg 2048w, https:\/\/webs.uab.cat\/jornadas-cau\/wp-content\/uploads\/sites\/570\/2025\/10\/ministerio-cultura-sgae-1-1200x277.jpg 1200w, https:\/\/webs.uab.cat\/jornadas-cau\/wp-content\/uploads\/sites\/570\/2025\/10\/ministerio-cultura-sgae-1-1980x456.jpg 1980w\" sizes=\"auto, (max-width: 1024px) 100vw, 1024px\" \/><\/figure>\n<\/div>\n<\/div>\n<\/div>\n\n\n\n<div class=\"wp-block-columns is-layout-flex wp-container-core-columns-is-layout-9d6595d7 wp-block-columns-is-layout-flex\"><\/div>\n\n\n\n<p><strong>PATROCINADORES: <\/strong><\/p>\n\n\n\n<div class=\"wp-block-group is-nowrap is-layout-flex wp-container-core-group-is-layout-ad2f72ca wp-block-group-is-layout-flex\">\n<figure class=\"wp-block-image size-medium\"><a href=\"https:\/\/www.ironmountain.com\/es-es?utm_campaign=2022_G_ESA_ES_ES_BRCoreMix_MerkleEMEA&amp;utm_keyword=iron+mountain&amp;utm_medium=paid_search&amp;utm_source=google&amp;gclsrc=aw.ds&amp;gad_source=1&amp;gad_campaignid=10024964811&amp;gbraid=0AAAAADgbu5WHlCTKVKLDkmyzTwFOXviSm&amp;gclid=Cj0KCQjw58PGBhCkARIsADbDilwiUQPxznTjo7n7oqUr5__JEwPCUbx3kbEwmds7N7AzHzi77r5KZbYaAvu_EALw_wcB\" target=\"_blank\" rel=\" noreferrer noopener\"><img loading=\"lazy\" decoding=\"async\" width=\"300\" height=\"78\" src=\"https:\/\/webs.uab.cat\/jornadas-cau\/wp-content\/uploads\/sites\/570\/2025\/09\/Iron-Mountain-2-300x78.jpg\" alt=\"\" class=\"wp-image-1474\" srcset=\"https:\/\/webs.uab.cat\/jornadas-cau\/wp-content\/uploads\/sites\/570\/2025\/09\/Iron-Mountain-2-300x78.jpg 300w, https:\/\/webs.uab.cat\/jornadas-cau\/wp-content\/uploads\/sites\/570\/2025\/09\/Iron-Mountain-2.jpg 420w\" sizes=\"auto, (max-width: 300px) 100vw, 300px\" \/><\/a><\/figure>\n\n\n\n<figure class=\"wp-block-image size-medium\"><a href=\"https:\/\/www.albadoc.com\/\" target=\"_blank\" rel=\" noreferrer noopener\"><img loading=\"lazy\" decoding=\"async\" width=\"300\" height=\"160\" src=\"https:\/\/webs.uab.cat\/jornadas-cau\/wp-content\/uploads\/sites\/570\/2025\/09\/Logo-albadoc-color-1-300x160.png\" alt=\"\" class=\"wp-image-1483\" srcset=\"https:\/\/webs.uab.cat\/jornadas-cau\/wp-content\/uploads\/sites\/570\/2025\/09\/Logo-albadoc-color-1-300x160.png 300w, https:\/\/webs.uab.cat\/jornadas-cau\/wp-content\/uploads\/sites\/570\/2025\/09\/Logo-albadoc-color-1-1024x547.png 1024w, https:\/\/webs.uab.cat\/jornadas-cau\/wp-content\/uploads\/sites\/570\/2025\/09\/Logo-albadoc-color-1-768x410.png 768w, https:\/\/webs.uab.cat\/jornadas-cau\/wp-content\/uploads\/sites\/570\/2025\/09\/Logo-albadoc-color-1-1536x820.png 1536w, https:\/\/webs.uab.cat\/jornadas-cau\/wp-content\/uploads\/sites\/570\/2025\/09\/Logo-albadoc-color-1-1200x641.png 1200w, https:\/\/webs.uab.cat\/jornadas-cau\/wp-content\/uploads\/sites\/570\/2025\/09\/Logo-albadoc-color-1.png 1772w\" sizes=\"auto, (max-width: 300px) 100vw, 300px\" \/><\/a><\/figure>\n\n\n\n<figure class=\"wp-block-image size-medium\"><a href=\"https:\/\/agtic.com\/contacte\/\" target=\"_blank\" rel=\" noreferrer noopener\"><img loading=\"lazy\" decoding=\"async\" width=\"300\" height=\"123\" src=\"https:\/\/webs.uab.cat\/jornadas-cau\/wp-content\/uploads\/sites\/570\/2025\/09\/Agtic_Logo_Blau-1-300x123.png\" alt=\"\" class=\"wp-image-1487\" srcset=\"https:\/\/webs.uab.cat\/jornadas-cau\/wp-content\/uploads\/sites\/570\/2025\/09\/Agtic_Logo_Blau-1-300x123.png 300w, https:\/\/webs.uab.cat\/jornadas-cau\/wp-content\/uploads\/sites\/570\/2025\/09\/Agtic_Logo_Blau-1-1024x421.png 1024w, https:\/\/webs.uab.cat\/jornadas-cau\/wp-content\/uploads\/sites\/570\/2025\/09\/Agtic_Logo_Blau-1-768x316.png 768w, https:\/\/webs.uab.cat\/jornadas-cau\/wp-content\/uploads\/sites\/570\/2025\/09\/Agtic_Logo_Blau-1-1536x631.png 1536w, https:\/\/webs.uab.cat\/jornadas-cau\/wp-content\/uploads\/sites\/570\/2025\/09\/Agtic_Logo_Blau-1-1200x493.png 1200w, https:\/\/webs.uab.cat\/jornadas-cau\/wp-content\/uploads\/sites\/570\/2025\/09\/Agtic_Logo_Blau-1.png 1845w\" sizes=\"auto, (max-width: 300px) 100vw, 300px\" \/><\/a><\/figure>\n<\/div>\n\n\n\n<div class=\"wp-block-group is-nowrap is-layout-flex wp-container-core-group-is-layout-ad2f72ca wp-block-group-is-layout-flex\">\n<figure class=\"wp-block-image size-full\"><a href=\"https:\/\/gircontrols.com\/\" target=\"_blank\" rel=\" noreferrer noopener\"><img loading=\"lazy\" decoding=\"async\" width=\"216\" height=\"118\" src=\"https:\/\/webs.uab.cat\/jornadas-cau\/wp-content\/uploads\/sites\/570\/2025\/09\/Captura-de-pantalla-2025-08-04-100203.jpg\" alt=\"\" class=\"wp-image-1490\" \/><\/a><\/figure>\n\n\n\n<figure class=\"wp-block-image size-medium\"><a href=\"https:\/\/www.universitasxxi.com\/\" target=\"_blank\" rel=\" noreferrer noopener\"><img loading=\"lazy\" decoding=\"async\" width=\"300\" height=\"150\" src=\"https:\/\/webs.uab.cat\/jornadas-cau\/wp-content\/uploads\/sites\/570\/2025\/09\/Logo-UNIVERSITAS-XXI-Vertical-Color-L-1-300x150.jpg\" alt=\"\" class=\"wp-image-1493\" srcset=\"https:\/\/webs.uab.cat\/jornadas-cau\/wp-content\/uploads\/sites\/570\/2025\/09\/Logo-UNIVERSITAS-XXI-Vertical-Color-L-1-300x150.jpg 300w, https:\/\/webs.uab.cat\/jornadas-cau\/wp-content\/uploads\/sites\/570\/2025\/09\/Logo-UNIVERSITAS-XXI-Vertical-Color-L-1-1024x513.jpg 1024w, https:\/\/webs.uab.cat\/jornadas-cau\/wp-content\/uploads\/sites\/570\/2025\/09\/Logo-UNIVERSITAS-XXI-Vertical-Color-L-1-768x384.jpg 768w, https:\/\/webs.uab.cat\/jornadas-cau\/wp-content\/uploads\/sites\/570\/2025\/09\/Logo-UNIVERSITAS-XXI-Vertical-Color-L-1-1536x769.jpg 1536w, https:\/\/webs.uab.cat\/jornadas-cau\/wp-content\/uploads\/sites\/570\/2025\/09\/Logo-UNIVERSITAS-XXI-Vertical-Color-L-1-2048x1025.jpg 2048w, https:\/\/webs.uab.cat\/jornadas-cau\/wp-content\/uploads\/sites\/570\/2025\/09\/Logo-UNIVERSITAS-XXI-Vertical-Color-L-1-1200x601.jpg 1200w, https:\/\/webs.uab.cat\/jornadas-cau\/wp-content\/uploads\/sites\/570\/2025\/09\/Logo-UNIVERSITAS-XXI-Vertical-Color-L-1-1980x991.jpg 1980w\" sizes=\"auto, (max-width: 300px) 100vw, 300px\" \/><\/a><\/figure>\n\n\n\n<figure class=\"wp-block-image size-medium wp-container-content-69bc4bdf\"><a href=\"https:\/\/www.guadaltel.com\/\" target=\"_blank\" rel=\" noreferrer noopener\"><img loading=\"lazy\" decoding=\"async\" width=\"300\" height=\"111\" src=\"https:\/\/webs.uab.cat\/jornadas-cau\/wp-content\/uploads\/sites\/570\/2025\/09\/Logo-horizontal-300x111.png\" alt=\"\" class=\"wp-image-1496\" srcset=\"https:\/\/webs.uab.cat\/jornadas-cau\/wp-content\/uploads\/sites\/570\/2025\/09\/Logo-horizontal-300x111.png 300w, https:\/\/webs.uab.cat\/jornadas-cau\/wp-content\/uploads\/sites\/570\/2025\/09\/Logo-horizontal.png 507w\" sizes=\"auto, (max-width: 300px) 100vw, 300px\" \/><\/a><\/figure>\n<\/div>\n\n\n\n<div class=\"wp-block-group is-nowrap is-layout-flex wp-container-core-group-is-layout-ad2f72ca wp-block-group-is-layout-flex\">\n<figure class=\"wp-block-image size-large\"><a href=\"https:\/\/www.nageru.com\/ca\/\" target=\"_blank\" rel=\" noreferrer noopener\"><img loading=\"lazy\" decoding=\"async\" width=\"1024\" height=\"724\" src=\"https:\/\/webs.uab.cat\/jornadas-cau\/wp-content\/uploads\/sites\/570\/2025\/09\/LogoNageru-azul-6-1024x724.png\" alt=\"\" class=\"wp-image-1499\" srcset=\"https:\/\/webs.uab.cat\/jornadas-cau\/wp-content\/uploads\/sites\/570\/2025\/09\/LogoNageru-azul-6-1024x724.png 1024w, https:\/\/webs.uab.cat\/jornadas-cau\/wp-content\/uploads\/sites\/570\/2025\/09\/LogoNageru-azul-6-300x212.png 300w, https:\/\/webs.uab.cat\/jornadas-cau\/wp-content\/uploads\/sites\/570\/2025\/09\/LogoNageru-azul-6-768x543.png 768w, https:\/\/webs.uab.cat\/jornadas-cau\/wp-content\/uploads\/sites\/570\/2025\/09\/LogoNageru-azul-6-1536x1086.png 1536w, https:\/\/webs.uab.cat\/jornadas-cau\/wp-content\/uploads\/sites\/570\/2025\/09\/LogoNageru-azul-6-1200x849.png 1200w, https:\/\/webs.uab.cat\/jornadas-cau\/wp-content\/uploads\/sites\/570\/2025\/09\/LogoNageru-azul-6.png 1653w\" sizes=\"auto, (max-width: 1024px) 100vw, 1024px\" \/><\/a><\/figure>\n\n\n\n<figure class=\"wp-block-image size-large\"><a href=\"https:\/\/eypar.com\/ca\/\" target=\"_blank\" rel=\" noreferrer noopener\"><img loading=\"lazy\" decoding=\"async\" width=\"1024\" height=\"576\" src=\"https:\/\/webs.uab.cat\/jornadas-cau\/wp-content\/uploads\/sites\/570\/2025\/09\/EYPAR-1024x576.jpg\" alt=\"\" class=\"wp-image-1502\" srcset=\"https:\/\/webs.uab.cat\/jornadas-cau\/wp-content\/uploads\/sites\/570\/2025\/09\/EYPAR-1024x576.jpg 1024w, https:\/\/webs.uab.cat\/jornadas-cau\/wp-content\/uploads\/sites\/570\/2025\/09\/EYPAR-300x169.jpg 300w, https:\/\/webs.uab.cat\/jornadas-cau\/wp-content\/uploads\/sites\/570\/2025\/09\/EYPAR-768x432.jpg 768w, https:\/\/webs.uab.cat\/jornadas-cau\/wp-content\/uploads\/sites\/570\/2025\/09\/EYPAR-1536x864.jpg 1536w, https:\/\/webs.uab.cat\/jornadas-cau\/wp-content\/uploads\/sites\/570\/2025\/09\/EYPAR-1200x675.jpg 1200w, https:\/\/webs.uab.cat\/jornadas-cau\/wp-content\/uploads\/sites\/570\/2025\/09\/EYPAR.jpg 1920w\" sizes=\"auto, (max-width: 1024px) 100vw, 1024px\" \/><\/a><\/figure>\n\n\n\n<figure class=\"wp-block-image size-large\"><a href=\"https:\/\/destruccioconfidencial.org\/\" target=\"_blank\" rel=\" noreferrer noopener\"><img loading=\"lazy\" decoding=\"async\" width=\"1024\" height=\"357\" src=\"https:\/\/webs.uab.cat\/jornadas-cau\/wp-content\/uploads\/sites\/570\/2025\/09\/Junan-1024x357.png\" alt=\"\" class=\"wp-image-1505\" srcset=\"https:\/\/webs.uab.cat\/jornadas-cau\/wp-content\/uploads\/sites\/570\/2025\/09\/Junan-1024x357.png 1024w, https:\/\/webs.uab.cat\/jornadas-cau\/wp-content\/uploads\/sites\/570\/2025\/09\/Junan-300x105.png 300w, https:\/\/webs.uab.cat\/jornadas-cau\/wp-content\/uploads\/sites\/570\/2025\/09\/Junan-768x268.png 768w, https:\/\/webs.uab.cat\/jornadas-cau\/wp-content\/uploads\/sites\/570\/2025\/09\/Junan-1536x536.png 1536w, https:\/\/webs.uab.cat\/jornadas-cau\/wp-content\/uploads\/sites\/570\/2025\/09\/Junan-1200x418.png 1200w, https:\/\/webs.uab.cat\/jornadas-cau\/wp-content\/uploads\/sites\/570\/2025\/09\/Junan.png 1764w\" sizes=\"auto, (max-width: 1024px) 100vw, 1024px\" \/><\/a><\/figure>\n<\/div>\n","protected":false},"excerpt":{"rendered":"<p>L&#8217;any 1994, es van celebrar a Valladolid les primeres Jornades d&#8217;Arxius Universitaris, organitzades per la Confer\u00e8ncia d&#8217;Arxius de les Universitats Espanyoles (CAU). Aquest esdeveniment va n\u00e9ixer amb la finalitat de fomentar la col\u00b7laboraci\u00f3 entre els arxius universitaris. Amb un enfocament t\u00e8cnic, les jornades s&#8217;han consolidat com una eina essencial per al desenvolupament i la consolidaci\u00f3 [&hellip;]<\/p>\n","protected":false},"author":8,"featured_media":0,"parent":0,"menu_order":1,"comment_status":"closed","ping_status":"closed","template":"","meta":{"footnotes":""},"class_list":["post-399","page","type-page","status-publish","hentry"],"_links":{"self":[{"href":"https:\/\/webs.uab.cat\/jornadas-cau\/ca\/wp-json\/wp\/v2\/pages\/399","targetHints":{"allow":["GET"]}}],"collection":[{"href":"https:\/\/webs.uab.cat\/jornadas-cau\/ca\/wp-json\/wp\/v2\/pages"}],"about":[{"href":"https:\/\/webs.uab.cat\/jornadas-cau\/ca\/wp-json\/wp\/v2\/types\/page"}],"author":[{"embeddable":true,"href":"https:\/\/webs.uab.cat\/jornadas-cau\/ca\/wp-json\/wp\/v2\/users\/8"}],"replies":[{"embeddable":true,"href":"https:\/\/webs.uab.cat\/jornadas-cau\/ca\/wp-json\/wp\/v2\/comments?post=399"}],"version-history":[{"count":28,"href":"https:\/\/webs.uab.cat\/jornadas-cau\/ca\/wp-json\/wp\/v2\/pages\/399\/revisions"}],"predecessor-version":[{"id":1713,"href":"https:\/\/webs.uab.cat\/jornadas-cau\/ca\/wp-json\/wp\/v2\/pages\/399\/revisions\/1713"}],"wp:attachment":[{"href":"https:\/\/webs.uab.cat\/jornadas-cau\/ca\/wp-json\/wp\/v2\/media?parent=399"}],"curies":[{"name":"wp","href":"https:\/\/api.w.org\/{rel}","templated":true}]}}