{"id":922,"date":"2025-06-18T10:12:01","date_gmt":"2025-06-18T08:12:01","guid":{"rendered":"https:\/\/webs.uab.cat\/jornadas-cau\/reptes-i-questions-en-la-gestio-sostenible-de-dades-de-recerca\/"},"modified":"2026-01-26T14:44:49","modified_gmt":"2026-01-26T12:44:49","slug":"reptes-i-questions-en-la-gestio-sostenible-de-dades-de-recerca","status":"publish","type":"page","link":"https:\/\/webs.uab.cat\/jornadas-cau\/ca\/reptes-i-questions-en-la-gestio-sostenible-de-dades-de-recerca\/","title":{"rendered":"Reptes i q\u00fcestions en la gesti\u00f3 sostenible de dades de recerca"},"content":{"rendered":"\n<p>Davant dels reptes del canvi clim\u00e0tic, la sostenibilitat s\u2019ha convertit en una q\u00fcesti\u00f3 social, i el m\u00f3n acad\u00e8mic no n\u2019\u00e9s una excepci\u00f3. Diversos estudis s\u2019han dedicat a avaluar l\u2019impacte ambiental de la recerca, per\u00f2 continuen sent relativament escassos (Mariette et al., 2022) i se centren principalment en avaluar l\u2019impacte de: congressos (Neugebauer et al., 2020; Tao et al., 2021; J\u00e4ckle, 2022; Cavallin Toscani et al., 2023), projectes de recerca (Liora et al., 2022; Papadogiannaki et al., 2023; Reyes-Garc\u00eda et al., 2022) o instituts de recerca (Mariette et al., 2022). <\/p>\n\n\n\n<p>Tanmateix, aquests estudis solen centrar-se en els despla\u00e7aments dels investigadors (per a congressos o trajectes diaris) i en el seu equipament inform\u00e0tic, per\u00f2 gaireb\u00e9 mai aborden activitats m\u00e9s espec\u00edfiques de la recerca, com ara la recollida de dades (al camp o mitjan\u00e7ant eines espec\u00edfiques) o l\u2019an\u00e0lisi de dades mitjan\u00e7ant Big Data, per exemple. A m\u00e9s, no es tracta la q\u00fcesti\u00f3 de la conservaci\u00f3 a llarg termini de les dades de recerca ni el seu impacte ambiental. D\u2019altra banda, la noci\u00f3 de sostenibilitat sovint es limita a l\u2019aspecte ecol\u00f2gic, deixant de banda els aspectes econ\u00f2mics i socials, que tamb\u00e9 formen part del concepte de sostenibilitat (Halla i Binder, 2020; Aytac et al., 2023).  <\/p>\n\n\n\n<p>L\u2019objectiu d\u2019aquesta pon\u00e8ncia \u00e9s exposar els principals reptes ambientals associats a la gesti\u00f3 de les dades de recerca, en particular els relacionats amb els repositoris de dades, aix\u00ed com mostrar com les dades de recerca poden contribuir als objectius de sostenibilitat establerts per l\u2019ONU en el marc de la seva Agenda 2030.<\/p>\n\n\n\n<figure class=\"wp-block-embed is-type-video is-provider-youtube wp-block-embed-youtube wp-embed-aspect-16-9 wp-has-aspect-ratio\"><div class=\"wp-block-embed__wrapper\">\n<iframe loading=\"lazy\" title=\"Confer\u00e8ncia de Basma Makhlouf (Univ. De Ci\u00e8ncies Aplicades i Arts de Su\u00efssa Occidental)\" width=\"580\" height=\"326\" src=\"https:\/\/www.youtube.com\/embed\/iq_ds-JT060?feature=oembed\" frameborder=\"0\" allow=\"accelerometer; autoplay; clipboard-write; encrypted-media; gyroscope; picture-in-picture; web-share\" referrerpolicy=\"strict-origin-when-cross-origin\" allowfullscreen><\/iframe>\n<\/div><\/figure>\n","protected":false},"excerpt":{"rendered":"<p>Davant dels reptes del canvi clim\u00e0tic, la sostenibilitat s\u2019ha convertit en una q\u00fcesti\u00f3 social, i el m\u00f3n acad\u00e8mic no n\u2019\u00e9s una excepci\u00f3. Diversos estudis s\u2019han dedicat a avaluar l\u2019impacte ambiental de la recerca, per\u00f2 continuen sent relativament escassos (Mariette et al., 2022) i se centren principalment en avaluar l\u2019impacte de: congressos (Neugebauer et al., 2020; [&hellip;]<\/p>\n","protected":false},"author":3028,"featured_media":0,"parent":0,"menu_order":0,"comment_status":"closed","ping_status":"closed","template":"","meta":{"footnotes":""},"class_list":["post-922","page","type-page","status-publish","hentry"],"_links":{"self":[{"href":"https:\/\/webs.uab.cat\/jornadas-cau\/ca\/wp-json\/wp\/v2\/pages\/922","targetHints":{"allow":["GET"]}}],"collection":[{"href":"https:\/\/webs.uab.cat\/jornadas-cau\/ca\/wp-json\/wp\/v2\/pages"}],"about":[{"href":"https:\/\/webs.uab.cat\/jornadas-cau\/ca\/wp-json\/wp\/v2\/types\/page"}],"author":[{"embeddable":true,"href":"https:\/\/webs.uab.cat\/jornadas-cau\/ca\/wp-json\/wp\/v2\/users\/3028"}],"replies":[{"embeddable":true,"href":"https:\/\/webs.uab.cat\/jornadas-cau\/ca\/wp-json\/wp\/v2\/comments?post=922"}],"version-history":[{"count":1,"href":"https:\/\/webs.uab.cat\/jornadas-cau\/ca\/wp-json\/wp\/v2\/pages\/922\/revisions"}],"predecessor-version":[{"id":2093,"href":"https:\/\/webs.uab.cat\/jornadas-cau\/ca\/wp-json\/wp\/v2\/pages\/922\/revisions\/2093"}],"wp:attachment":[{"href":"https:\/\/webs.uab.cat\/jornadas-cau\/ca\/wp-json\/wp\/v2\/media?parent=922"}],"curies":[{"name":"wp","href":"https:\/\/api.w.org\/{rel}","templated":true}]}}