{"id":952,"date":"2025-06-18T10:18:04","date_gmt":"2025-06-18T08:18:04","guid":{"rendered":"https:\/\/webs.uab.cat\/jornadas-cau\/mabel-tapia-ponce\/"},"modified":"2025-06-18T10:18:04","modified_gmt":"2025-06-18T08:18:04","slug":"mabel-tapia-ponce","status":"publish","type":"page","link":"https:\/\/webs.uab.cat\/jornadas-cau\/ca\/mabel-tapia-ponce\/","title":{"rendered":"Mabel Tapia Ponce"},"content":{"rendered":"\n<p>Arxivera, Arxiu Regional d&#8217;Atacama i Directora de la Fundaci\u00f3 Patrimoni del Barri, Xile<\/p>\n\n\n\n<p>Mabel Tapia Ponce \u00e9s una arxivera xilena, m\u00e0ster en Hist\u00f2ria i Patrimoni. \u00c9s arxivera de l&#8217;Arxiu Regional d&#8217;Atacama i directora de la Fundaci\u00f3 Patrimoni del Barri. <\/p>\n","protected":false},"excerpt":{"rendered":"<p>Arxivera, Arxiu Regional d&#8217;Atacama i Directora de la Fundaci\u00f3 Patrimoni del Barri, Xile Mabel Tapia Ponce \u00e9s una arxivera xilena, m\u00e0ster en Hist\u00f2ria i Patrimoni. \u00c9s arxivera de l&#8217;Arxiu Regional d&#8217;Atacama i directora de la Fundaci\u00f3 Patrimoni del Barri.<\/p>\n","protected":false},"author":3028,"featured_media":0,"parent":0,"menu_order":0,"comment_status":"closed","ping_status":"closed","template":"","meta":{"footnotes":""},"class_list":["post-952","page","type-page","status-publish","hentry"],"_links":{"self":[{"href":"https:\/\/webs.uab.cat\/jornadas-cau\/ca\/wp-json\/wp\/v2\/pages\/952","targetHints":{"allow":["GET"]}}],"collection":[{"href":"https:\/\/webs.uab.cat\/jornadas-cau\/ca\/wp-json\/wp\/v2\/pages"}],"about":[{"href":"https:\/\/webs.uab.cat\/jornadas-cau\/ca\/wp-json\/wp\/v2\/types\/page"}],"author":[{"embeddable":true,"href":"https:\/\/webs.uab.cat\/jornadas-cau\/ca\/wp-json\/wp\/v2\/users\/3028"}],"replies":[{"embeddable":true,"href":"https:\/\/webs.uab.cat\/jornadas-cau\/ca\/wp-json\/wp\/v2\/comments?post=952"}],"version-history":[{"count":0,"href":"https:\/\/webs.uab.cat\/jornadas-cau\/ca\/wp-json\/wp\/v2\/pages\/952\/revisions"}],"wp:attachment":[{"href":"https:\/\/webs.uab.cat\/jornadas-cau\/ca\/wp-json\/wp\/v2\/media?parent=952"}],"curies":[{"name":"wp","href":"https:\/\/api.w.org\/{rel}","templated":true}]}}