{"id":954,"date":"2025-06-18T09:15:07","date_gmt":"2025-06-18T07:15:07","guid":{"rendered":"https:\/\/webs.uab.cat\/jornadas-cau\/maryna-chernyavska\/"},"modified":"2025-06-18T09:15:07","modified_gmt":"2025-06-18T07:15:07","slug":"maryna-chernyavska","status":"publish","type":"page","link":"https:\/\/webs.uab.cat\/jornadas-cau\/ca\/maryna-chernyavska\/","title":{"rendered":"Maryna Chernyavska"},"content":{"rendered":"\n<p><strong>Arxivera Digital, Universitat d&#8217;Alberta, Canad\u00e0<\/strong><\/p>\n\n\n\n<p>Maryna Chernyavska \u00e9s Arxivera Digital als Arxius de la Universitat d&#8217;Alberta, on la seva responsabilitat principal \u00e9s la gesti\u00f3 dels registres digitals de la universitat. T\u00e9 un M\u00e0ster en Arts en Folklore i un M\u00e0ster en Biblioteconomia i Estudis de la Informaci\u00f3, ambd\u00f3s per la Universitat d&#8217;Alberta, i actualment cursa un doctorat interdisciplinari centrat en pr\u00e0ctiques arxiv\u00edstiques no convencionals. Els seus interessos de recerca inclouen la preservaci\u00f3 digital, els arxius de recerca, els arxius de tradici\u00f3, els arxius comunitaris, el coneixement tradicional i la mem\u00f2ria, aix\u00ed com les cultures i identitats de la di\u00e0spora. Va ser membre del Bur\u00f3 de l\u2019ICA-SUV entre 2016 i 2024, i actualment \u00e9s copresidenta del Grup de Treball sobre Arxius de la Societat Internacional d\u2019Etnologia i Folklore.   <\/p>\n\n\n\n<p><\/p>\n","protected":false},"excerpt":{"rendered":"<p>Arxivera Digital, Universitat d&#8217;Alberta, Canad\u00e0 Maryna Chernyavska \u00e9s Arxivera Digital als Arxius de la Universitat d&#8217;Alberta, on la seva responsabilitat principal \u00e9s la gesti\u00f3 dels registres digitals de la universitat. T\u00e9 un M\u00e0ster en Arts en Folklore i un M\u00e0ster en Biblioteconomia i Estudis de la Informaci\u00f3, ambd\u00f3s per la Universitat d&#8217;Alberta, i actualment cursa [&hellip;]<\/p>\n","protected":false},"author":3028,"featured_media":0,"parent":0,"menu_order":0,"comment_status":"closed","ping_status":"closed","template":"","meta":{"footnotes":""},"class_list":["post-954","page","type-page","status-publish","hentry"],"_links":{"self":[{"href":"https:\/\/webs.uab.cat\/jornadas-cau\/ca\/wp-json\/wp\/v2\/pages\/954","targetHints":{"allow":["GET"]}}],"collection":[{"href":"https:\/\/webs.uab.cat\/jornadas-cau\/ca\/wp-json\/wp\/v2\/pages"}],"about":[{"href":"https:\/\/webs.uab.cat\/jornadas-cau\/ca\/wp-json\/wp\/v2\/types\/page"}],"author":[{"embeddable":true,"href":"https:\/\/webs.uab.cat\/jornadas-cau\/ca\/wp-json\/wp\/v2\/users\/3028"}],"replies":[{"embeddable":true,"href":"https:\/\/webs.uab.cat\/jornadas-cau\/ca\/wp-json\/wp\/v2\/comments?post=954"}],"version-history":[{"count":0,"href":"https:\/\/webs.uab.cat\/jornadas-cau\/ca\/wp-json\/wp\/v2\/pages\/954\/revisions"}],"wp:attachment":[{"href":"https:\/\/webs.uab.cat\/jornadas-cau\/ca\/wp-json\/wp\/v2\/media?parent=954"}],"curies":[{"name":"wp","href":"https:\/\/api.w.org\/{rel}","templated":true}]}}