{"id":956,"date":"2025-06-18T10:13:49","date_gmt":"2025-06-18T08:13:49","guid":{"rendered":"https:\/\/webs.uab.cat\/jornadas-cau\/matthew-golebiewski\/"},"modified":"2025-06-18T10:13:49","modified_gmt":"2025-06-18T08:13:49","slug":"matthew-golebiewski","status":"publish","type":"page","link":"https:\/\/webs.uab.cat\/jornadas-cau\/ca\/matthew-golebiewski\/","title":{"rendered":"Matthew Golebiewski"},"content":{"rendered":"\n<p><strong>Arxiver als Arxius de l&#8217;Institut i Col\u00b7leccions Especials de l&#8217;Institut Polit\u00e8cnic Rensselaer<\/strong><\/p>\n\n\n\n<p>\u00c9s arxiver als Arxius de l&#8217;Institut i Col\u00b7leccions Especials de l&#8217;Institut Polit\u00e8cnic Rensselaer. \u00c9s arxiver certificat i especialista en arxius digitals. T\u00e9 un MLIS per la Universitat Estatal de Nova York a Buffalo.  <\/p>\n","protected":false},"excerpt":{"rendered":"<p>Arxiver als Arxius de l&#8217;Institut i Col\u00b7leccions Especials de l&#8217;Institut Polit\u00e8cnic Rensselaer \u00c9s arxiver als Arxius de l&#8217;Institut i Col\u00b7leccions Especials de l&#8217;Institut Polit\u00e8cnic Rensselaer. \u00c9s arxiver certificat i especialista en arxius digitals. T\u00e9 un MLIS per la Universitat Estatal de Nova York a Buffalo.<\/p>\n","protected":false},"author":3028,"featured_media":0,"parent":0,"menu_order":0,"comment_status":"closed","ping_status":"closed","template":"","meta":{"footnotes":""},"class_list":["post-956","page","type-page","status-publish","hentry"],"_links":{"self":[{"href":"https:\/\/webs.uab.cat\/jornadas-cau\/ca\/wp-json\/wp\/v2\/pages\/956","targetHints":{"allow":["GET"]}}],"collection":[{"href":"https:\/\/webs.uab.cat\/jornadas-cau\/ca\/wp-json\/wp\/v2\/pages"}],"about":[{"href":"https:\/\/webs.uab.cat\/jornadas-cau\/ca\/wp-json\/wp\/v2\/types\/page"}],"author":[{"embeddable":true,"href":"https:\/\/webs.uab.cat\/jornadas-cau\/ca\/wp-json\/wp\/v2\/users\/3028"}],"replies":[{"embeddable":true,"href":"https:\/\/webs.uab.cat\/jornadas-cau\/ca\/wp-json\/wp\/v2\/comments?post=956"}],"version-history":[{"count":0,"href":"https:\/\/webs.uab.cat\/jornadas-cau\/ca\/wp-json\/wp\/v2\/pages\/956\/revisions"}],"wp:attachment":[{"href":"https:\/\/webs.uab.cat\/jornadas-cau\/ca\/wp-json\/wp\/v2\/media?parent=956"}],"curies":[{"name":"wp","href":"https:\/\/api.w.org\/{rel}","templated":true}]}}