{"id":984,"date":"2025-06-18T10:23:48","date_gmt":"2025-06-18T08:23:48","guid":{"rendered":"https:\/\/webs.uab.cat\/jornadas-cau\/virginia-hunt\/"},"modified":"2025-06-18T10:23:48","modified_gmt":"2025-06-18T08:23:48","slug":"virginia-hunt","status":"publish","type":"page","link":"https:\/\/webs.uab.cat\/jornadas-cau\/ca\/virginia-hunt\/","title":{"rendered":"Virginia Hunt"},"content":{"rendered":"\n<p><strong>Arxivera de la Universitat de Harvard, EUA<\/strong><\/p>\n\n\n\n<p>Arxivera Universit\u00e0ria a la Universitat de Harvard, lidera el programa integrat d\u2019arxius i gesti\u00f3 documental dels registres institucionals i col\u00b7leccions hist\u00f2riques de la universitat. Amb 30 anys d\u2019experi\u00e8ncia en museus, arxius i institucions de patrimoni cultural, ha ocupat c\u00e0rrecs de lideratge en associacions nacionals i internacionals. Ha publicat i presentat \u00e0mpliament sobre temes relacionats amb el patrimoni cultural i les col\u00b7leccions hist\u00f2riques.  <\/p>\n","protected":false},"excerpt":{"rendered":"<p>Arxivera de la Universitat de Harvard, EUA Arxivera Universit\u00e0ria a la Universitat de Harvard, lidera el programa integrat d\u2019arxius i gesti\u00f3 documental dels registres institucionals i col\u00b7leccions hist\u00f2riques de la universitat. Amb 30 anys d\u2019experi\u00e8ncia en museus, arxius i institucions de patrimoni cultural, ha ocupat c\u00e0rrecs de lideratge en associacions nacionals i internacionals. Ha publicat [&hellip;]<\/p>\n","protected":false},"author":3028,"featured_media":0,"parent":0,"menu_order":0,"comment_status":"closed","ping_status":"closed","template":"","meta":{"footnotes":""},"class_list":["post-984","page","type-page","status-publish","hentry"],"_links":{"self":[{"href":"https:\/\/webs.uab.cat\/jornadas-cau\/ca\/wp-json\/wp\/v2\/pages\/984","targetHints":{"allow":["GET"]}}],"collection":[{"href":"https:\/\/webs.uab.cat\/jornadas-cau\/ca\/wp-json\/wp\/v2\/pages"}],"about":[{"href":"https:\/\/webs.uab.cat\/jornadas-cau\/ca\/wp-json\/wp\/v2\/types\/page"}],"author":[{"embeddable":true,"href":"https:\/\/webs.uab.cat\/jornadas-cau\/ca\/wp-json\/wp\/v2\/users\/3028"}],"replies":[{"embeddable":true,"href":"https:\/\/webs.uab.cat\/jornadas-cau\/ca\/wp-json\/wp\/v2\/comments?post=984"}],"version-history":[{"count":0,"href":"https:\/\/webs.uab.cat\/jornadas-cau\/ca\/wp-json\/wp\/v2\/pages\/984\/revisions"}],"wp:attachment":[{"href":"https:\/\/webs.uab.cat\/jornadas-cau\/ca\/wp-json\/wp\/v2\/media?parent=984"}],"curies":[{"name":"wp","href":"https:\/\/api.w.org\/{rel}","templated":true}]}}